{"id":449,"date":"2025-11-16T07:39:26","date_gmt":"2025-11-16T07:39:26","guid":{"rendered":"https:\/\/bestfitnessstore.com\/?post_type=product&#038;p=449"},"modified":"2025-11-16T07:39:26","modified_gmt":"2025-11-16T07:39:26","slug":"matrix-fitness-e50-elliptischer-trainer-mit-xer-konsole","status":"publish","type":"product","link":"http:\/\/bestfitnessstore.com\/de\/product\/matrix-fitness-e50-elliptical-trainer-with-xer-console\/","title":{"rendered":"Matrix Fitness E50 Ellipsentrainer mit XER-Konsole"},"content":{"rendered":"<div class=\"product-attribute-container-desktop desktop-only\">\n<div class=\"additional-attributes-wrapper table-wrapper\">\n<h4>PRODUKTINFORMATION<\/h4>\n<div class=\"attributes-container\">\n<ul class=\"product-attributes-container\">\n<li><span class=\"specification-title\">Gewicht der Verpackung (KG):\u00a0<\/span><span class=\"specification-data\">146.000000<\/span><\/li>\n<li><span class=\"specification-title\">Leistung Methode:\u00a0<\/span><span class=\"specification-data\">Elektrisches Netz<\/span><\/li>\n<li><span class=\"specification-title\">Tablet-Halterung:\u00a0<\/span><span class=\"specification-data\">Ja<\/span><\/li>\n<li><span class=\"specification-title\">Transport-R\u00e4der:\u00a0<\/span><span class=\"specification-data\">Ja<\/span><\/li>\n<li><span class=\"specification-title\">Maximale Benutzerh\u00f6he (cm):\u00a0<\/span><span class=\"specification-data\">201<\/span><\/li>\n<li><span class=\"specification-title\">Schrittl\u00e4nge:\u00a0<\/span><span class=\"specification-data\">51<\/span><\/li>\n<li><span class=\"specification-title\">\u00dcberwachung der Herzfrequenz:\u00a0<\/span><span class=\"specification-data\">Bluetooth, eingebaute Sensoren<\/span><\/li>\n<li><span class=\"specification-title\">Eingebaute Programme:\u00a0<\/span><span class=\"specification-data\">10 voreingestellte Workouts, darunter: Kalorien, Distanz, Fettverbrennung, Steigung, Intervalle (Steigung), Intervalle (Widerstand), Manuell, Rolling Hills, Geschwindigkeit, Sprint 8, Zeit<\/span><\/li>\n<\/ul>\n<ul class=\"product-attributes-container\">\n<li><span class=\"specification-title\">Produktgewicht (KG):\u00a0<\/span><span class=\"specification-data\">133<\/span><\/li>\n<li><span class=\"specification-title\">App-Integration:\u00a0<\/span><span class=\"specification-data\">ViewFit<\/span><\/li>\n<li><span class=\"specification-title\">Bluetooth:\u00a0<\/span><span class=\"specification-data\">Ja<\/span><\/li>\n<li><span class=\"specification-title\">Mindesth\u00f6he des Benutzers (cm):\u00a0<\/span><span class=\"specification-data\">147<\/span><\/li>\n<li><span class=\"specification-title\">Position des Schwungrads:\u00a0<\/span><span class=\"specification-data\">Vorderseite<\/span><\/li>\n<li><span class=\"specification-title\">Einstiegsh\u00f6he (CM):\u00a0<\/span><span class=\"specification-data\">23<\/span><\/li>\n<li><span class=\"specification-title\">Maximales Benutzergewicht (kg):\u00a0<\/span><span class=\"specification-data\">147.00 (Kg)<\/span><\/li>\n<li><span class=\"specification-title\">Produktabmessungen (LxBxH):\u00a0<\/span><span class=\"specification-data\">148 x 76 x 180 cm<\/span><\/li>\n<\/ul>\n<\/div>\n<\/div>\n<\/div>\n<div class=\"product-features\">\n<h4>ZUS\u00c4TZLICHE EIGENSCHAFTEN<\/h4>\n<div class=\"more-container\">\n<div class=\"unshow-text\">\n<ul class=\"product-features-container\">\n<li><span class=\"specification-title\">Rahmen:<\/span>\u00a0<span class=\"specification-data\">Suspension Elliptical Technologie<\/span><\/li>\n<li><span class=\"specification-title\">System des Widerstands:<\/span>\u00a0<span class=\"specification-data\">Exact Force Induktionsbremse<\/span><\/li>\n<li><span class=\"specification-title\">Widerstandsniveaus:<\/span>\u00a0<span class=\"specification-data\">30 Stufen, elektronisch<\/span><\/li>\n<li><span class=\"specification-title\">XER-Konsole:<\/span>\u00a0<span class=\"specification-data\">Touchscreen der 10-Zoll-Klasse mit Bluetooth-Konnektivit\u00e4t, USB-Anschluss, Konsolen-Apps, Leseleiste, Energiesparmodus, Viewfit-Konnektivit\u00e4t (Integration mit Fitness-Apps) und Passport\u2122 Ready<\/span><\/li>\n<li><span class=\"specification-title\">Pedale:<\/span>\u00a0<span class=\"specification-data\">\u00dcbergr\u00f6\u00dfe mit Gummieins\u00e4tzen<\/span><\/li>\n<li><span class=\"specification-title\">Abstand zwischen den Pedalen:<\/span>\u00a0<span class=\"specification-data\">6,5 cm \/ 2,6\u2033<\/span><\/li>\n<li><span class=\"specification-title\">Lenker Typ:<\/span>\u00a0<span class=\"specification-data\">Mehrere Positionen, doppelte Wirkung<\/span><\/li>\n<li><span class=\"specification-title\">Extras:<\/span>\u00a0<span class=\"specification-data\">Wasserflaschenhalterung, Zubeh\u00f6rfach, station\u00e4re Griffe mit Herzfrequenzgriffen und Widerstandsverschl\u00fcssen<\/span><\/li>\n<li><span class=\"specification-title\">Aktive Stellfl\u00e4che (LxBxH):<\/span>\u00a0<span class=\"specification-data\">173 x 76 x 180 cm \/ 68\u2033 x 30\u2033 x 71\u2033<\/span><\/li>\n<li><span class=\"specification-title\">Redner:<\/span>\u00a0<span class=\"specification-data\">3W<\/span><\/li>\n<li><span class=\"specification-title\">Polar HR-Armband im Lieferumfang enthalten:<\/span>\u00a0<span class=\"specification-data\">Ja<\/span><\/li>\n<li><span class=\"specification-title\">Bitte beachten:<\/span>\u00a0<span class=\"specification-data\">F\u00fcr dieses Produkt wird eine Lieferzeit von 2-4 Wochen veranschlagt.<\/span><\/li>\n<\/ul>\n<\/div>\n<\/div>\n<\/div>\n<div class=\"product-warranty\">\n<h4>GARANTIE<\/h4>\n<div class=\"text-container\"><strong>Verwendung zu Hause:<\/strong>\u00a0Lebenslanges Gestell, 3 Jahre Teile und Arbeit<\/div>\n<\/div>","protected":false},"excerpt":{"rendered":"<p>Der Matrix Fitness E50 Ellipsentrainer wurde speziell daf\u00fcr entwickelt, sich mit minimaler St\u00f6rung in Ihr Zuhause einzuf\u00fcgen. Die durchdachte Technik sorgt f\u00fcr reibungslose Leistung, nat\u00fcrliche Bewegung und ergonomischen Komfort. Das Exact Force Induction Brake-Widerstandssystem bietet sofortige, sanfte und pr\u00e4zise Widerstands\u00e4nderungen auf Knopfdruck, und da es keine beweglichen Teile gibt, ist es auch leiser und langlebiger. Mit 30 Widerstandsstufen ist das E50 flexibel genug, um Benutzer aller Fitness- und Erfahrungsstufen herauszufordern, und ist dank seiner Schrittl\u00e4nge von 51 cm und einer Einstiegsh\u00f6he von 23 cm leicht zug\u00e4nglich. Der E50 ist mit der exklusiven Suspension Elliptical Technology von Matrix ausgestattet und verf\u00fcgt \u00fcber ein rad- und schienenfreies Design, das Ger\u00e4usche und Reibung reduziert und so f\u00fcr eine lang anhaltende Qualit\u00e4t sorgt und gleichzeitig ein sanftes, gleichm\u00e4\u00dfiges Gef\u00fchl auf der Ellipse vermittelt. Die XER-Konsole verf\u00fcgt \u00fcber ein \u00fcbersichtliches 10-Zoll-Touchscreen-Display und einen intuitiven Startbildschirm, der einfachen Zugriff auf eine Vielzahl Ihrer Lieblingsunterhaltungs-Apps wie Netflix, Facebook und mehr bietet! Der Elliptical Trainer E50 mit XER-Konsole bietet 10 Programme, darunter Kalorien, Distanz, Fettverbrennung, Steigung, Intervalle (Steigung), Intervalle (Widerstand), Manuell, Rolling Hills, Geschwindigkeit, Sprint 8 und Zeit. Sprint 8 - Dieses wissenschaftlich validierte, hochintensive Intervalltrainingsprogramm verbrennt Fett und baut Muskeln in kurzen Trainingseinheiten auf, die jeder in seinen Zeitplan einbauen kann. ViewFit - Das integrierte ViewFit-Konnektivit\u00e4tssystem sendet Trainingsdaten an die Fitness-Apps und -Tools, die Sie bereits verwenden. Au\u00dferdem lassen sich die Daten ganz einfach in den von Ihnen gew\u00e4hlten sozialen Netzwerken teilen. Passport Ready - Dank der Passport-Kompatibilit\u00e4t k\u00f6nnen Sie das globale HD-Zielvideo des Virtual Active-Programms auf Ihrem gro\u00dfen Bildschirm erleben. Inklusive Bluetooth-Konnektivit\u00e4t.<\/p>\n<div class=\"product-attribute-container-desktop desktop-only\">\n<div class=\"additional-attributes-wrapper table-wrapper\"><\/div>\n<\/div>","protected":false},"featured_media":452,"comment_status":"open","ping_status":"closed","template":"","meta":{"site-sidebar-layout":"default","site-content-layout":"","ast-site-content-layout":"default","site-content-style":"default","site-sidebar-style":"default","ast-global-header-display":"","ast-banner-title-visibility":"","ast-main-header-display":"","ast-hfb-above-header-display":"","ast-hfb-below-header-display":"","ast-hfb-mobile-header-display":"","site-post-title":"","ast-breadcrumbs-content":"","ast-featured-img":"","footer-sml-layout":"","theme-transparent-header-meta":"default","adv-header-id-meta":"","stick-header-meta":"","header-above-stick-meta":"","header-main-stick-meta":"","header-below-stick-meta":"","astra-migrate-meta-layouts":"set","ast-page-background-enabled":"default","ast-page-background-meta":{"desktop":{"background-color":"var(--ast-global-color-5)","background-image":"","background-repeat":"repeat","background-position":"center center","background-size":"auto","background-attachment":"scroll","background-type":"","background-media":"","overlay-type":"","overlay-color":"","overlay-opacity":"","overlay-gradient":""},"tablet":{"background-color":"","background-image":"","background-repeat":"repeat","background-position":"center center","background-size":"auto","background-attachment":"scroll","background-type":"","background-media":"","overlay-type":"","overlay-color":"","overlay-opacity":"","overlay-gradient":""},"mobile":{"background-color":"","background-image":"","background-repeat":"repeat","background-position":"center center","background-size":"auto","background-attachment":"scroll","background-type":"","background-media":"","overlay-type":"","overlay-color":"","overlay-opacity":"","overlay-gradient":""}},"ast-content-background-meta":{"desktop":{"background-color":"var(--ast-global-color-4)","background-image":"","background-repeat":"repeat","background-position":"center center","background-size":"auto","background-attachment":"scroll","background-type":"","background-media":"","overlay-type":"","overlay-color":"","overlay-opacity":"","overlay-gradient":""},"tablet":{"background-color":"var(--ast-global-color-4)","background-image":"","background-repeat":"repeat","background-position":"center center","background-size":"auto","background-attachment":"scroll","background-type":"","background-media":"","overlay-type":"","overlay-color":"","overlay-opacity":"","overlay-gradient":""},"mobile":{"background-color":"var(--ast-global-color-4)","background-image":"","background-repeat":"repeat","background-position":"center center","background-size":"auto","background-attachment":"scroll","background-type":"","background-media":"","overlay-type":"","overlay-color":"","overlay-opacity":"","overlay-gradient":""}}},"product_brand":[],"product_cat":[18],"product_tag":[23],"class_list":{"0":"post-449","1":"product","2":"type-product","3":"status-publish","4":"has-post-thumbnail","6":"product_cat-cross-trainers","7":"product_tag-cross-trainers","8":"desktop-align-left","9":"tablet-align-left","10":"mobile-align-left","12":"first","13":"instock","14":"sale","15":"taxable","16":"shipping-taxable","17":"purchasable","18":"product-type-simple"},"_links":{"self":[{"href":"http:\/\/bestfitnessstore.com\/de\/wp-json\/wp\/v2\/product\/449","targetHints":{"allow":["GET"]}}],"collection":[{"href":"http:\/\/bestfitnessstore.com\/de\/wp-json\/wp\/v2\/product"}],"about":[{"href":"http:\/\/bestfitnessstore.com\/de\/wp-json\/wp\/v2\/types\/product"}],"replies":[{"embeddable":true,"href":"http:\/\/bestfitnessstore.com\/de\/wp-json\/wp\/v2\/comments?post=449"}],"wp:featuredmedia":[{"embeddable":true,"href":"http:\/\/bestfitnessstore.com\/de\/wp-json\/wp\/v2\/media\/452"}],"wp:attachment":[{"href":"http:\/\/bestfitnessstore.com\/de\/wp-json\/wp\/v2\/media?parent=449"}],"wp:term":[{"taxonomy":"product_brand","embeddable":true,"href":"http:\/\/bestfitnessstore.com\/de\/wp-json\/wp\/v2\/product_brand?post=449"},{"taxonomy":"product_cat","embeddable":true,"href":"http:\/\/bestfitnessstore.com\/de\/wp-json\/wp\/v2\/product_cat?post=449"},{"taxonomy":"product_tag","embeddable":true,"href":"http:\/\/bestfitnessstore.com\/de\/wp-json\/wp\/v2\/product_tag?post=449"}],"curies":[{"name":"wp","href":"https:\/\/api.w.org\/{rel}","templated":true}]}}