{"id":442,"date":"2025-11-16T07:27:55","date_gmt":"2025-11-16T07:27:55","guid":{"rendered":"https:\/\/bestfitnessstore.com\/?post_type=product&#038;p=442"},"modified":"2025-11-16T07:29:03","modified_gmt":"2025-11-16T07:29:03","slug":"matrix-fitness-e30-elliptischer-cross-trainer-mit-xer-konsole","status":"publish","type":"product","link":"http:\/\/bestfitnessstore.com\/de\/product\/matrix-fitness-e30-elliptical-cross-trainer-with-xer-console\/","title":{"rendered":"Matrix Fitness E30 Elliptischer Crosstrainer mit XER-Konsole"},"content":{"rendered":"<p><strong>PRODUKTINFORMATION<\/strong><br \/>\nVerpackungsgewicht (KG): 152.400000<br \/>\nStromart: Netzstrom<br \/>\nTablet-Halterung: Ja<br \/>\nMinimale Benutzerh\u00f6he (cm): 147<br \/>\nPosition des Schwungrads: Vorne<br \/>\nSchrittl\u00e4nge: 51<br \/>\n\u00dcberwachung der Herzfrequenz: Eingebaute Sensoren und Bluetooth<br \/>\nEingebaute Programme: Manuell, Rolling Hills, Intervalle, Zeitziel, Entfernungsziel, Kalorienziel, Zielherzfrequenz (Geschwindigkeit), Zielherzfrequenz (Steigung), Sprint 8, Benutzerdefiniert<br \/>\nProduktgewicht (KG): 126<br \/>\nApp-Integration: KinoMap, Zwift<br \/>\nBluetooth: Ja<br \/>\nMaximale Benutzerh\u00f6he (cm): 201<br \/>\nSchwungrad Gewicht (KG): 10.50<br \/>\nEinstiegsh\u00f6he (CM): 23<br \/>\nMaximales Benutzergewicht (kg): 147.00 (Kg)<br \/>\nProduktabmessungen (LxBxH): 148 x 73 x 166 cm<\/p>\n<p><strong>ZUS\u00c4TZLICHE EIGENSCHAFTEN<\/strong><br \/>\nSchrittl\u00e4nge: 51 cm \/ 20\u201d<br \/>\nWiderstands-System: ECB-Magnetbremssystem<br \/>\nAufsteigh\u00f6he: 23 cm \/ 9.1\u201d<br \/>\nWiderstandsbereich: 20 Stufen, elektronisch einstellbar<br \/>\nPedal-Typ: \u00dcberdimensioniert<br \/>\nAbstand der Pedale: 6,35 cm \/ 2,5\u201d<br \/>\nLenker-Design: Dual-Action, station\u00e4r mit Widerstands-Kippschalter und Herzfrequenz Griffe<br \/>\nXER-Konsole: Touchscreen der 10-Zoll-Klasse mit Bluetooth-Konnektivit\u00e4t, USB-Anschluss, Konsolen-Apps, Leseablage, Energiesparmodus, Viewfit-Konnektivit\u00e4t (Integration mit Fitness-Apps). WiFi f\u00fcr Apps und Software-Updates erforderlich.<br \/>\nTrainingsprogramme: 11 integrierte<br \/>\nKonsolen-Apps: Virtual Active, Sprint8, YouTube, Spotify, Netflix und mehr. Abonnements sind nicht enthalten.<br \/>\nZusammengebaute Abmessungen (LxBxH): 148 x 73 x 166 cm \/ 58\u201d x 29\u201d x 65\u201d<br \/>\nAktive Stellfl\u00e4che (LxBxH): 175 x 73 x 172 cm \/ 68,9\u201d x 29\u201d x 68\u201d<br \/>\nZusammengebautes Gewicht: 130,5 kg<br \/>\nSchwungrad Gewicht: 10,5 kg \/ 23.1 lbs<br \/>\nMax. Benutzergewicht: 147 kg \/ 325 lbs<\/p>\n<p><strong>GARANTIE<\/strong><br \/>\nHeimgebrauch: 3 Jahre P\/L<\/p>","protected":false},"excerpt":{"rendered":"<p>Der Matrix Fitness E30 Elliptical Cross Trainer ist der kompakteste Ellipsentrainer mit Federung in der Branche und passt problemlos in Ihr Zuhause. Die ideale Schrittl\u00e4nge und der optimierte Pedalbereich bieten allen Nutzern einen hohen Bewegungskomfort. Die niedrige Einstiegsh\u00f6he von nur 23 cm erm\u00f6glicht einen einfachen Zugang, die Dual-Action-Griffstangen liegen gut in der Hand und die \u00fcbergro\u00dfen Pedale machen auch lange Trainingseinheiten bequem. Der E30 profitiert von der Suspension Elliptical Technology von Matrix und verf\u00fcgt \u00fcber ein rad- und schienenfreies Design, das Ger\u00e4usche und Reibung f\u00fcr eine langlebige Qualit\u00e4t reduziert und gleichzeitig ein sanftes, gleichm\u00e4\u00dfiges Gef\u00fchl auf der Ellipse vermittelt. Ausgestattet mit der verbesserten XER-Konsole k\u00f6nnen Sie auf dem \u00fcbersichtlichen, intuitiv bedienbaren 10-Zoll-Touchscreen-Display alle Ihre Trainingsdaten ganz einfach ablesen. Es sind 11 Trainingsprogramme integriert, und Sie k\u00f6nnen Konsolen-Apps wie Sprint 8, Virtual Active, MyFitnessPal sowie Unterhaltungsangebote wie Netflix, Spotify, YouTube und mehr nutzen (Abonnements nicht enthalten). Verbinden Sie Ihre Konsole \u00fcber WiFi f\u00fcr Software-Updates, ViewFit-Konnektivit\u00e4t, Web-Browsing und Unterhaltungs-Apps. Mit den integrierten Kippschaltern am Lenker k\u00f6nnen Sie die Intensit\u00e4t Ihres Trainings erh\u00f6hen, indem Sie unterwegs zwischen 20 elektronischen Widerstandsstufen wechseln. Weitere Merkmale sind ein Wasserflaschenhalter und ein Zubeh\u00f6rfach.<\/p>\n<div class=\"product-attribute-container-desktop desktop-only\">\n<div class=\"additional-attributes-wrapper table-wrapper\"><\/div>\n<\/div>","protected":false},"featured_media":422,"comment_status":"open","ping_status":"closed","template":"","meta":{"site-sidebar-layout":"default","site-content-layout":"","ast-site-content-layout":"default","site-content-style":"default","site-sidebar-style":"default","ast-global-header-display":"","ast-banner-title-visibility":"","ast-main-header-display":"","ast-hfb-above-header-display":"","ast-hfb-below-header-display":"","ast-hfb-mobile-header-display":"","site-post-title":"","ast-breadcrumbs-content":"","ast-featured-img":"","footer-sml-layout":"","theme-transparent-header-meta":"default","adv-header-id-meta":"","stick-header-meta":"","header-above-stick-meta":"","header-main-stick-meta":"","header-below-stick-meta":"","astra-migrate-meta-layouts":"set","ast-page-background-enabled":"default","ast-page-background-meta":{"desktop":{"background-color":"var(--ast-global-color-5)","background-image":"","background-repeat":"repeat","background-position":"center center","background-size":"auto","background-attachment":"scroll","background-type":"","background-media":"","overlay-type":"","overlay-color":"","overlay-opacity":"","overlay-gradient":""},"tablet":{"background-color":"","background-image":"","background-repeat":"repeat","background-position":"center center","background-size":"auto","background-attachment":"scroll","background-type":"","background-media":"","overlay-type":"","overlay-color":"","overlay-opacity":"","overlay-gradient":""},"mobile":{"background-color":"","background-image":"","background-repeat":"repeat","background-position":"center center","background-size":"auto","background-attachment":"scroll","background-type":"","background-media":"","overlay-type":"","overlay-color":"","overlay-opacity":"","overlay-gradient":""}},"ast-content-background-meta":{"desktop":{"background-color":"var(--ast-global-color-4)","background-image":"","background-repeat":"repeat","background-position":"center center","background-size":"auto","background-attachment":"scroll","background-type":"","background-media":"","overlay-type":"","overlay-color":"","overlay-opacity":"","overlay-gradient":""},"tablet":{"background-color":"var(--ast-global-color-4)","background-image":"","background-repeat":"repeat","background-position":"center center","background-size":"auto","background-attachment":"scroll","background-type":"","background-media":"","overlay-type":"","overlay-color":"","overlay-opacity":"","overlay-gradient":""},"mobile":{"background-color":"var(--ast-global-color-4)","background-image":"","background-repeat":"repeat","background-position":"center center","background-size":"auto","background-attachment":"scroll","background-type":"","background-media":"","overlay-type":"","overlay-color":"","overlay-opacity":"","overlay-gradient":""}}},"product_brand":[],"product_cat":[18],"product_tag":[23],"class_list":{"0":"post-442","1":"product","2":"type-product","3":"status-publish","4":"has-post-thumbnail","6":"product_cat-cross-trainers","7":"product_tag-cross-trainers","8":"desktop-align-left","9":"tablet-align-left","10":"mobile-align-left","12":"first","13":"instock","14":"sale","15":"taxable","16":"shipping-taxable","17":"purchasable","18":"product-type-simple"},"_links":{"self":[{"href":"http:\/\/bestfitnessstore.com\/de\/wp-json\/wp\/v2\/product\/442","targetHints":{"allow":["GET"]}}],"collection":[{"href":"http:\/\/bestfitnessstore.com\/de\/wp-json\/wp\/v2\/product"}],"about":[{"href":"http:\/\/bestfitnessstore.com\/de\/wp-json\/wp\/v2\/types\/product"}],"replies":[{"embeddable":true,"href":"http:\/\/bestfitnessstore.com\/de\/wp-json\/wp\/v2\/comments?post=442"}],"wp:featuredmedia":[{"embeddable":true,"href":"http:\/\/bestfitnessstore.com\/de\/wp-json\/wp\/v2\/media\/422"}],"wp:attachment":[{"href":"http:\/\/bestfitnessstore.com\/de\/wp-json\/wp\/v2\/media?parent=442"}],"wp:term":[{"taxonomy":"product_brand","embeddable":true,"href":"http:\/\/bestfitnessstore.com\/de\/wp-json\/wp\/v2\/product_brand?post=442"},{"taxonomy":"product_cat","embeddable":true,"href":"http:\/\/bestfitnessstore.com\/de\/wp-json\/wp\/v2\/product_cat?post=442"},{"taxonomy":"product_tag","embeddable":true,"href":"http:\/\/bestfitnessstore.com\/de\/wp-json\/wp\/v2\/product_tag?post=442"}],"curies":[{"name":"wp","href":"https:\/\/api.w.org\/{rel}","templated":true}]}}