{"id":435,"date":"2025-11-16T01:40:20","date_gmt":"2025-11-16T01:40:20","guid":{"rendered":"https:\/\/bestfitnessstore.com\/?post_type=product&#038;p=435"},"modified":"2025-11-16T01:51:44","modified_gmt":"2025-11-16T01:51:44","slug":"matrix-fitness-commercial-lifestyle-suspension-elliptical-mit-premium-led-wifi-konsole","status":"publish","type":"product","link":"http:\/\/bestfitnessstore.com\/de\/product\/matrix-fitness-commercial-lifestyle-suspension-elliptical-with-premium-led-wifi-console\/","title":{"rendered":"Matrix Fitness Commercial Lifestyle Suspension Elliptical mit Premium LED WIFI Konsole"},"content":{"rendered":"<p><strong>PRODUKTINFORMATION<\/strong><br \/>\nVerpackungsgewicht (KG): 173.000000<br \/>\nStromart: Netzstrom<br \/>\nTablet-Halterung: Ja<br \/>\nTransport-R\u00e4der: Ja<br \/>\nMaximale Benutzerh\u00f6he (cm): 201<br \/>\nSchrittl\u00e4nge: 51<br \/>\n\u00dcberwachung der Herzfrequenz: Eingebaute Sensoren und Bluetooth<br \/>\nEingebaute Programme: Go, Manuell, Zielherzfrequenz, Intervalltraining, Fettverbrennung, Rolling Hills, Zieltraining, Fitness-Tests, Benutzerdefiniert<br \/>\nProduktgewicht (KG): 151<br \/>\nApp-Integration: KinoMap, Zwift<br \/>\nBluetooth: Ja<br \/>\nMinimale Benutzerh\u00f6he (cm): 147<br \/>\nPosition des Schwungrads: Vorne<br \/>\nEinstiegsh\u00f6he (CM): 23<br \/>\nMaximales Benutzergewicht (kg): 182.00 (Kg)<br \/>\nProduktabmessungen (LxBxH): 151 x 73 x 175,70 cm<\/p>\n<p><strong>ZUS\u00c4TZLICHE EIGENSCHAFTEN<\/strong><br \/>\nAbstand der Pedale: 6,4 cm \/ 2,5\u201d<br \/>\nSchrittl\u00e4nge: 51 cm \/ 20\u201d<br \/>\nWiderstands-System: B\u00fcrstenloser Generator<br \/>\nWiderstandslevels: 30<br \/>\nWatt-Bereich: 5 - 650 W<br \/>\nEinstiegsh\u00f6he: 23 cm \/ 9.1\u201d<br \/>\nKontakt und telemetrische Herzfrequenz: F\u00fcr eine genaue \u00dcberwachung der Herzfrequenz<br \/>\nKonsole: Hochwertige LED-Konsole<br \/>\nAnzeige: 8000-Pixel-Multifunktions-LED<br \/>\nWorkouts: Go, Manual, Sprint8, Landmarks, Zielherzfrequenz, Intervalltraining, Fettverbrennung, Rolling Hills, Constant Watts, Ges\u00e4\u00dftraining, 5k\/10k und Fitness-Tests<br \/>\nWIFI: Zugriff auf das mit Matrix verbundene L\u00f6sungsportfolio; automatische Software-Updates<br \/>\nSprachen: Englisch, Deutsch, Franz\u00f6sisch, Italienisch, Spanisch, Niederl\u00e4ndisch, Portugiesisch, Schwedisch, Finnisch, T\u00fcrkisch, D\u00e4nisch, Polnisch<br \/>\nMerkmale der Konsole: Optionale RFID-Anmeldung, USB-Anschluss, L\u00fcfter, Lesegestell<br \/>\nZusammengebautes Gewicht: 151 kg \/ 332.9 lbs.<br \/>\nVersandgewicht: 173 kg \/ 381.4 lbs.<br \/>\nMax. Benutzergewicht: 182 kg \/ 400 lbs<br \/>\nZusammengebaute Abmessungen:<\/p>\n<p><strong>GARANTIE<\/strong><br \/>\nHausgebrauch und leichte\/vollst\u00e4ndige kommerzielle Nutzung: 2 Jahre Teile und Arbeit<\/p>","protected":false},"excerpt":{"rendered":"<p>Der Matrix Fitness Commercial Lifestyle Suspension Elliptical verf\u00fcgt \u00fcber einen offenen hinteren Einstieg mit einer niedrigen Einstiegsh\u00f6he von 23 cm f\u00fcr leichten Zugang. Das patentierte Federungsdesign bietet eine konstante und gleichm\u00e4\u00dfige Beschleunigung und ist rad- und schienenfrei, um \u00fcberm\u00e4\u00dfige Ger\u00e4usche w\u00e4hrend des Trainings zu reduzieren. Eine Schrittl\u00e4nge von 51 cm sorgt f\u00fcr eine nat\u00fcrliche Ellipse, wobei der optimierte Pedalabstand den Komfort erh\u00f6ht. Das Widerstandssystem mit b\u00fcrstenlosem Generator bietet 30 Widerstandsstufen, die \u00fcber gro\u00dfe Bedienelemente an den statischen Griffen eingestellt werden k\u00f6nnen, die bei jeder Einstellung ein taktiles Feedback geben. Die Premium-LED-Konsole bietet Ihren Mitgliedern die Einfachheit der klassischen LED-Konsole, mit mehr ansprechenden Farben und Details als je zuvor. Ein gro\u00dfes 8000-Pixel-Display f\u00fcllt den Bildschirm aus und bietet klare, leicht lesbare R\u00fcckmeldungen in gro\u00dfen Zahlen und Buchstaben. Die Premium-LED-Konsole verf\u00fcgt \u00fcber praktische Funktionen wie ein optionales RFID-Login, einen L\u00fcfter zur K\u00fchlung, einen USB-Anschluss und eine Leseablage f\u00fcr pers\u00f6nliche Ger\u00e4te. Die Konsole ist WIFI-f\u00e4hig und arbeitet mit ausgew\u00e4hlten Produkten aus dem Matrix Connected Solutions-Portfolio zusammen. Die Software wird automatisch und kostenlos aktualisiert. Zu den Workouts geh\u00f6ren Go, Manual, Sprint8, Landmarks, Target Heart Rate, Interval Training, Fat Burn, Rolling Hills, Constant Watts, Glute Training, 5k\/10k und Fitness Tests* *Programme k\u00f6nnen sich \u00e4ndern. Kommerzielles Produkt, das auf Bestellung gefertigt wird - die durchschnittliche Vorlaufzeit betr\u00e4gt 2-14 Wochen, bitte kontaktieren Sie uns f\u00fcr weitere Details.<\/p>\n<div class=\"product-attribute-container-desktop desktop-only\">\n<div class=\"additional-attributes-wrapper table-wrapper\"><\/div>\n<\/div>","protected":false},"featured_media":434,"comment_status":"open","ping_status":"closed","template":"","meta":{"site-sidebar-layout":"default","site-content-layout":"","ast-site-content-layout":"default","site-content-style":"default","site-sidebar-style":"default","ast-global-header-display":"","ast-banner-title-visibility":"","ast-main-header-display":"","ast-hfb-above-header-display":"","ast-hfb-below-header-display":"","ast-hfb-mobile-header-display":"","site-post-title":"","ast-breadcrumbs-content":"","ast-featured-img":"","footer-sml-layout":"","theme-transparent-header-meta":"default","adv-header-id-meta":"","stick-header-meta":"","header-above-stick-meta":"","header-main-stick-meta":"","header-below-stick-meta":"","astra-migrate-meta-layouts":"set","ast-page-background-enabled":"default","ast-page-background-meta":{"desktop":{"background-color":"var(--ast-global-color-5)","background-image":"","background-repeat":"repeat","background-position":"center center","background-size":"auto","background-attachment":"scroll","background-type":"","background-media":"","overlay-type":"","overlay-color":"","overlay-opacity":"","overlay-gradient":""},"tablet":{"background-color":"","background-image":"","background-repeat":"repeat","background-position":"center center","background-size":"auto","background-attachment":"scroll","background-type":"","background-media":"","overlay-type":"","overlay-color":"","overlay-opacity":"","overlay-gradient":""},"mobile":{"background-color":"","background-image":"","background-repeat":"repeat","background-position":"center center","background-size":"auto","background-attachment":"scroll","background-type":"","background-media":"","overlay-type":"","overlay-color":"","overlay-opacity":"","overlay-gradient":""}},"ast-content-background-meta":{"desktop":{"background-color":"var(--ast-global-color-4)","background-image":"","background-repeat":"repeat","background-position":"center center","background-size":"auto","background-attachment":"scroll","background-type":"","background-media":"","overlay-type":"","overlay-color":"","overlay-opacity":"","overlay-gradient":""},"tablet":{"background-color":"var(--ast-global-color-4)","background-image":"","background-repeat":"repeat","background-position":"center center","background-size":"auto","background-attachment":"scroll","background-type":"","background-media":"","overlay-type":"","overlay-color":"","overlay-opacity":"","overlay-gradient":""},"mobile":{"background-color":"var(--ast-global-color-4)","background-image":"","background-repeat":"repeat","background-position":"center center","background-size":"auto","background-attachment":"scroll","background-type":"","background-media":"","overlay-type":"","overlay-color":"","overlay-opacity":"","overlay-gradient":""}}},"product_brand":[],"product_cat":[18],"product_tag":[23],"class_list":{"0":"post-435","1":"product","2":"type-product","3":"status-publish","4":"has-post-thumbnail","6":"product_cat-cross-trainers","7":"product_tag-cross-trainers","8":"desktop-align-left","9":"tablet-align-left","10":"mobile-align-left","12":"first","13":"instock","14":"sale","15":"taxable","16":"shipping-taxable","17":"purchasable","18":"product-type-simple"},"_links":{"self":[{"href":"http:\/\/bestfitnessstore.com\/de\/wp-json\/wp\/v2\/product\/435","targetHints":{"allow":["GET"]}}],"collection":[{"href":"http:\/\/bestfitnessstore.com\/de\/wp-json\/wp\/v2\/product"}],"about":[{"href":"http:\/\/bestfitnessstore.com\/de\/wp-json\/wp\/v2\/types\/product"}],"replies":[{"embeddable":true,"href":"http:\/\/bestfitnessstore.com\/de\/wp-json\/wp\/v2\/comments?post=435"}],"wp:featuredmedia":[{"embeddable":true,"href":"http:\/\/bestfitnessstore.com\/de\/wp-json\/wp\/v2\/media\/434"}],"wp:attachment":[{"href":"http:\/\/bestfitnessstore.com\/de\/wp-json\/wp\/v2\/media?parent=435"}],"wp:term":[{"taxonomy":"product_brand","embeddable":true,"href":"http:\/\/bestfitnessstore.com\/de\/wp-json\/wp\/v2\/product_brand?post=435"},{"taxonomy":"product_cat","embeddable":true,"href":"http:\/\/bestfitnessstore.com\/de\/wp-json\/wp\/v2\/product_cat?post=435"},{"taxonomy":"product_tag","embeddable":true,"href":"http:\/\/bestfitnessstore.com\/de\/wp-json\/wp\/v2\/product_tag?post=435"}],"curies":[{"name":"wp","href":"https:\/\/api.w.org\/{rel}","templated":true}]}}