{"id":419,"date":"2025-11-16T01:18:08","date_gmt":"2025-11-16T01:18:08","guid":{"rendered":"https:\/\/bestfitnessstore.com\/?post_type=product&#038;p=419"},"modified":"2025-11-16T01:18:08","modified_gmt":"2025-11-16T01:18:08","slug":"matrix-fitness-a50-aufstiegstrainer-mit-xur-konsole","status":"publish","type":"product","link":"http:\/\/bestfitnessstore.com\/de\/product\/matrix-fitness-a50-ascent-trainer-with-xur-console\/","title":{"rendered":"Matrix Fitness A50 Ascent Trainer mit XUR-Konsole"},"content":{"rendered":"<p><strong>PRODUKTINFORMATION<\/strong><br \/>\nVerpackungsgewicht (KG): 182.000000<br \/>\nStromart: Netzstrom<br \/>\nTablet-Halterung: Ja<br \/>\nTransport-R\u00e4der: Ja<br \/>\nMaximale Benutzerh\u00f6he (cm): 201<br \/>\nSchrittl\u00e4nge: 61<br \/>\n\u00dcberwachung der Herzfrequenz: Eingebaute Sensoren und Bluetooth<br \/>\nEingebaute Programme: Manuell, H\u00fcgel, Intervalle, Zeitziel, Distanzziel, Kalorienziel, Zielherzfrequenz (Geschwindigkeit), Zielherzfrequenz (Steigung), Sprint 8, Benutzerdefiniert<br \/>\nProduktgewicht (KG): 144<br \/>\nApp-Integration: KinoMap, Zwift<br \/>\nBluetooth: Ja<br \/>\nMinimale Benutzerh\u00f6he (cm): 147<br \/>\nPosition des Schwungrads: Vorne<br \/>\nEinstiegsh\u00f6he (CM): 22<br \/>\nMaximales Benutzergewicht (kg): 159.00 (Kg)<br \/>\nProduktabmessungen (LxBxH): 191 x 86 x 174 cm<\/p>\n<p><strong>ZUS\u00c4TZLICHE EIGENSCHAFTEN<\/strong><br \/>\nVariable Schrittl\u00e4nge: 51 - 61 cm \/ 20\u201d - 24\u201d<br \/>\nLeistung Neigung: 24% - 54%<br \/>\nElliptische Federungstechnologie: Rad- und kettenfreies Design, das L\u00e4rm und Reibung reduziert<br \/>\nPerfectStride\u2122-Technologie: Kombiniert eine ideale Schrittbewegung und ergonomisch korrekte Fu\u00dfpositionierung mit der variablen Schrittl\u00e4nge f\u00fcr das ultimative nat\u00fcrliche Training<br \/>\nWiderstands-System: Exact Force Induktionsbremse<br \/>\nWiderstandsstufen: 30 Stufen, elektronisch<br \/>\nLenker-Typ: Multi-Griff, Dual-Action<br \/>\nExtras: Wasserflaschenhalter, Zubeh\u00f6rablage, station\u00e4re Griffe mit Herzfrequenzgriffen und Widerstands-\/Neigungskippschaltern<br \/>\nXUR-Konsole: 22\u201d heller HD-Touchscreen mit erweiterter Bluetooth-Konnektivit\u00e4t, USB-Anschluss, HDMI-Anschluss, Konsolen-Apps, Leseablage, Energiesparmodus, ViewFit-Konnektivit\u00e4t (Integration mit Fitness-Apps). WiFi f\u00fcr Apps und Software-Updates erforderlich.<br \/>\nTrainingsprogramme: 12<br \/>\nKonsolen-Apps: Virtual Active, Sprint8, YouTube, Spotify, Netflix und mehr. Abonnements nicht enthalten<br \/>\nPedale: \u00dcberdimensioniert mit Gummieins\u00e4tzen<br \/>\nAbmessungen (LxBxH): 191 x 86 x 174 cm \/ 75.2\u201d x 33.9\u201d x 68.5\u201d<br \/>\nZusammengebautes Gewicht: 159 kg<br \/>\nBenutzergewichtskapazit\u00e4t: 159 kg \/ 350 lbs<\/p>\n<p><strong>GARANTIE<\/strong><br \/>\nHeimgebrauch: 3 Jahre P\/L<\/p>","protected":false},"excerpt":{"rendered":"<p>Der Matrix Fitness A50 Ascent Trainer bietet dank seiner 24% - 54% Power-Neigungsfunktion das ultimative Trainingserlebnis beim Bergaufgehen. Die PerfectStride\u2122-Technologie kombiniert eine ideale Schrittbewegung und eine ergonomisch korrekte Fu\u00dfposition mit einer variablen Schrittl\u00e4nge (51 - 61 cm), und mit 30 elektronischen Widerstandsstufen ist eine Herausforderung f\u00fcr jedes Fitnessniveau garantiert. Der A50 profitiert von der Suspension Elliptical Technology von Matrix und verf\u00fcgt \u00fcber ein rad- und schienenloses Design, das Ger\u00e4usche und Reibung reduziert und so f\u00fcr eine lang anhaltende Qualit\u00e4t sorgt und gleichzeitig ein sanftes, gleichm\u00e4\u00dfiges Gef\u00fchl auf der Ellipse vermittelt. Mit der brandneuen, hochwertigen XUR-Konsole von Matrix k\u00f6nnen Sie den gr\u00f6\u00dften und hellsten 22-Zoll-HD-Touchscreen erleben, der Ihre virtuellen Fahrten, Filme und Videos zum Leben erweckt. Dank der fortschrittlichen Bluetooth- und ViewFit-Konnektivit\u00e4t k\u00f6nnen Sie sich mit den Apps, die Sie bereits nutzen, wie MyFitnessPal, Strava und mehr, synchronisieren oder Ihre Unterhaltungsfavoriten wie Netflix, Spotify und YouTube genie\u00dfen (Abonnements nicht inbegriffen). Schlie\u00dfen Sie Ihr Smartphone oder Tablet \u00fcber HDMI an, um Ihr Ger\u00e4t auf dem HD-Bildschirm zu spiegeln, im Internet zu surfen, Musik \u00fcber die integrierten 5-Watt-Lautsprecher zu h\u00f6ren und vieles mehr! Sorgen Sie f\u00fcr ein abwechslungsreiches und motivierendes Training mit 12 integrierten metrischen Trainingsprogrammen (einschlie\u00dflich des bekannten Sprint8-HIIT-Programms), erstellen Sie Ihre eigenen benutzerdefinierten Workouts, und wiederholen Sie die automatisch in Ihrem Trainingskalender gespeicherten Workouts. Mit der integrierten Polar Herzfrequenz-Technologie und dem im Lieferumfang des XUR enthaltenen Polar Herzfrequenz-Gurt erhalten Sie das genaueste Herzfrequenz-Feedback, das Fitnessger\u00e4te bieten k\u00f6nnen. Mit den Dual-Grip-Griffstangen und den station\u00e4ren Griffstangen k\u00f6nnen Sie den Schwerpunkt Ihrer Trainingseinheit schnell \u00e4ndern, und der integrierte Widerstands- und Steigungsregler erm\u00f6glicht eine spontane \u00c4nderung.<\/p>\n<div class=\"product-attribute-container-desktop desktop-only\">\n<div class=\"additional-attributes-wrapper table-wrapper\"><\/div>\n<\/div>","protected":false},"featured_media":422,"comment_status":"open","ping_status":"closed","template":"","meta":{"site-sidebar-layout":"default","site-content-layout":"","ast-site-content-layout":"default","site-content-style":"default","site-sidebar-style":"default","ast-global-header-display":"","ast-banner-title-visibility":"","ast-main-header-display":"","ast-hfb-above-header-display":"","ast-hfb-below-header-display":"","ast-hfb-mobile-header-display":"","site-post-title":"","ast-breadcrumbs-content":"","ast-featured-img":"","footer-sml-layout":"","theme-transparent-header-meta":"default","adv-header-id-meta":"","stick-header-meta":"","header-above-stick-meta":"","header-main-stick-meta":"","header-below-stick-meta":"","astra-migrate-meta-layouts":"set","ast-page-background-enabled":"default","ast-page-background-meta":{"desktop":{"background-color":"var(--ast-global-color-5)","background-image":"","background-repeat":"repeat","background-position":"center center","background-size":"auto","background-attachment":"scroll","background-type":"","background-media":"","overlay-type":"","overlay-color":"","overlay-opacity":"","overlay-gradient":""},"tablet":{"background-color":"","background-image":"","background-repeat":"repeat","background-position":"center center","background-size":"auto","background-attachment":"scroll","background-type":"","background-media":"","overlay-type":"","overlay-color":"","overlay-opacity":"","overlay-gradient":""},"mobile":{"background-color":"","background-image":"","background-repeat":"repeat","background-position":"center center","background-size":"auto","background-attachment":"scroll","background-type":"","background-media":"","overlay-type":"","overlay-color":"","overlay-opacity":"","overlay-gradient":""}},"ast-content-background-meta":{"desktop":{"background-color":"var(--ast-global-color-4)","background-image":"","background-repeat":"repeat","background-position":"center center","background-size":"auto","background-attachment":"scroll","background-type":"","background-media":"","overlay-type":"","overlay-color":"","overlay-opacity":"","overlay-gradient":""},"tablet":{"background-color":"var(--ast-global-color-4)","background-image":"","background-repeat":"repeat","background-position":"center center","background-size":"auto","background-attachment":"scroll","background-type":"","background-media":"","overlay-type":"","overlay-color":"","overlay-opacity":"","overlay-gradient":""},"mobile":{"background-color":"var(--ast-global-color-4)","background-image":"","background-repeat":"repeat","background-position":"center center","background-size":"auto","background-attachment":"scroll","background-type":"","background-media":"","overlay-type":"","overlay-color":"","overlay-opacity":"","overlay-gradient":""}}},"product_brand":[],"product_cat":[18],"product_tag":[23],"class_list":{"0":"post-419","1":"product","2":"type-product","3":"status-publish","4":"has-post-thumbnail","6":"product_cat-cross-trainers","7":"product_tag-cross-trainers","8":"desktop-align-left","9":"tablet-align-left","10":"mobile-align-left","12":"first","13":"instock","14":"sale","15":"taxable","16":"shipping-taxable","17":"purchasable","18":"product-type-simple"},"_links":{"self":[{"href":"http:\/\/bestfitnessstore.com\/de\/wp-json\/wp\/v2\/product\/419","targetHints":{"allow":["GET"]}}],"collection":[{"href":"http:\/\/bestfitnessstore.com\/de\/wp-json\/wp\/v2\/product"}],"about":[{"href":"http:\/\/bestfitnessstore.com\/de\/wp-json\/wp\/v2\/types\/product"}],"replies":[{"embeddable":true,"href":"http:\/\/bestfitnessstore.com\/de\/wp-json\/wp\/v2\/comments?post=419"}],"wp:featuredmedia":[{"embeddable":true,"href":"http:\/\/bestfitnessstore.com\/de\/wp-json\/wp\/v2\/media\/422"}],"wp:attachment":[{"href":"http:\/\/bestfitnessstore.com\/de\/wp-json\/wp\/v2\/media?parent=419"}],"wp:term":[{"taxonomy":"product_brand","embeddable":true,"href":"http:\/\/bestfitnessstore.com\/de\/wp-json\/wp\/v2\/product_brand?post=419"},{"taxonomy":"product_cat","embeddable":true,"href":"http:\/\/bestfitnessstore.com\/de\/wp-json\/wp\/v2\/product_cat?post=419"},{"taxonomy":"product_tag","embeddable":true,"href":"http:\/\/bestfitnessstore.com\/de\/wp-json\/wp\/v2\/product_tag?post=419"}],"curies":[{"name":"wp","href":"https:\/\/api.w.org\/{rel}","templated":true}]}}