{"id":394,"date":"2025-11-16T00:30:48","date_gmt":"2025-11-16T00:30:48","guid":{"rendered":"https:\/\/bestfitnessstore.com\/?post_type=product&#038;p=394"},"modified":"2025-11-16T00:30:48","modified_gmt":"2025-11-16T00:30:48","slug":"life-fitness-e5-elliptischer-cross-trainer-mit-go-konsole","status":"publish","type":"product","link":"http:\/\/bestfitnessstore.com\/de\/product\/life-fitness-e5-elliptical-cross-trainer-with-go-console\/","title":{"rendered":"Life Fitness E5 Elliptical Cross Trainer mit Go-Konsole"},"content":{"rendered":"<div class=\"product-attribute-container-desktop desktop-only\">\n<div class=\"additional-attributes-wrapper table-wrapper\">\n<h2>PRODUKTINFORMATION<\/h2>\n<div class=\"attributes-container\">\n<ul class=\"product-attributes-container\">\n<li><span class=\"specification-title\">Gewicht der Verpackung (KG):\u00a0<\/span><span class=\"specification-data\">136.500000<\/span><\/li>\n<li><span class=\"specification-title\">Leistung Methode:\u00a0<\/span><span class=\"specification-data\">Elektrisches Netz<\/span><\/li>\n<li><span class=\"specification-title\">Tablet-Halterung:\u00a0<\/span><span class=\"specification-data\">Ja<\/span><\/li>\n<li><span class=\"specification-title\">Transport-R\u00e4der:\u00a0<\/span><span class=\"specification-data\">Ja<\/span><\/li>\n<li><span class=\"specification-title\">Schrittl\u00e4nge:\u00a0<\/span><span class=\"specification-data\">61<\/span><\/li>\n<li><span class=\"specification-title\">\u00dcberwachung der Herzfrequenz:\u00a0<\/span><span class=\"specification-data\">Eingebaute Sensoren<\/span><\/li>\n<li><span class=\"specification-title\">Eingebaute Programme:\u00a0<\/span><span class=\"specification-data\">13 Voreinstellungen, darunter: Manual, Random, Hill, EZ Resistance, Sport Training, Fat Burn, Cardio, Heart Rate Hill\u2122, Heart Rate Interval, Extreme Heart Rate\u2122, Calorie, Distance, Target Heart Rate plus Quick Start, Race Mode, Cool Down\/Warm Up Modes<\/span><\/li>\n<\/ul>\n<ul class=\"product-attributes-container\">\n<li><span class=\"specification-title\">Produktgewicht (KG):\u00a0<\/span><span class=\"specification-data\">114<\/span><\/li>\n<li><span class=\"specification-title\">App-Integration:\u00a0<\/span><span class=\"specification-data\">Life Fitness verbinden<\/span><\/li>\n<li><span class=\"specification-title\">Bluetooth:\u00a0<\/span><span class=\"specification-data\">Ja<\/span><\/li>\n<li><span class=\"specification-title\">Position des Schwungrads:\u00a0<\/span><span class=\"specification-data\">R\u00fcckseite<\/span><\/li>\n<li><span class=\"specification-title\">Einstiegsh\u00f6he (CM):\u00a0<\/span><span class=\"specification-data\">25.50<\/span><\/li>\n<li><span class=\"specification-title\">Maximales Benutzergewicht (kg):\u00a0<\/span><span class=\"specification-data\">181.00 (Kg)<\/span><\/li>\n<li><span class=\"specification-title\">Produktabmessungen (LxBxH):\u00a0<\/span><span class=\"specification-data\">213 x 86 x 168 cm<\/span><\/li>\n<\/ul>\n<\/div>\n<\/div>\n<\/div>\n<div class=\"product-features\">\n<h2>ZUS\u00c4TZLICHE EIGENSCHAFTEN<\/h2>\n<div class=\"more-container\">\n<div class=\"unshow-text\">\n<ul class=\"product-features-container\">\n<li><span class=\"specification-title\">Design in Clubqualit\u00e4t:<\/span>\u00a0<span class=\"specification-data\">Langlebiger Stahlrahmen mit clubinspiriertem Titan-Finish<\/span><\/li>\n<li><span class=\"specification-title\">Einstellbare Schrittl\u00e4nge:<\/span>\u00a0<span class=\"specification-data\">46-61cm<\/span><\/li>\n<li><span class=\"specification-title\">WhisperStride\u2122-Technologie:<\/span>\u00a0<span class=\"specification-data\">Sorgt f\u00fcr einen ruhigen, fl\u00fcssigen Gang<\/span><\/li>\n<li><span class=\"specification-title\">Link6\u2122 elliptischer Antrieb:<\/span>\u00a0<span class=\"specification-data\">Nat\u00fcrlicher Schritt, der die menschliche Bewegung widerspiegelt<\/span><\/li>\n<li><span class=\"specification-title\">Widerstandsf\u00e4higkeit:<\/span>\u00a0<span class=\"specification-data\">20 Stufen<\/span><\/li>\n<li><span class=\"specification-title\">Anzeige:<\/span>\u00a0<span class=\"specification-data\">4 x 6\u2033 LCD-Display mit blauem Hintergrund und wei\u00dfer Schrift; Mitteilungszentrale mit Anweisungen, 2 Benutzerprofile<\/span><\/li>\n<li><span class=\"specification-title\">Konsole gehen:<\/span>\u00a0<span class=\"specification-data\">2 Benutzerprofile, 13 Trainingseinheiten, 1 benutzerdefinierte Trainingseinheit pro Benutzerprofil<\/span><\/li>\n<li><span class=\"specification-title\">Feedback zum Training:<\/span>\u00a0<span class=\"specification-data\">Kalorien, Entfernung, Geschwindigkeit (mph\/km\/h), Stufe, Tempo, Zeit, Herzfrequenz, Zielherzfrequenz, METs, animierte Symbole<\/span><\/li>\n<li><span class=\"specification-title\">Benutzerdefinierte Workouts:<\/span>\u00a0<span class=\"specification-data\">1 pro Benutzerprofil<\/span><\/li>\n<li><span class=\"specification-title\">ActivityZone\u2122:<\/span>\u00a0<span class=\"specification-data\">F\u00fchrt Sie durch das Training mit Leg Sculptor und Total Body Trainer<\/span><\/li>\n<li><span class=\"specification-title\">Herzfrequenz-Monitor:<\/span>\u00a0<span class=\"specification-data\">Kontaktgriffe an beiden Lenkers\u00e4tzen, Telemetrie\u00fcberwachung mit drahtloser Herzfrequenzmessung mit Brustgurt<\/span><\/li>\n<li><span class=\"specification-title\">Gepolsterte, \u00fcbergro\u00dfe, rutschfeste Pedale:<\/span>\u00a0<span class=\"specification-data\">Komfort, Unterst\u00fctzung und nat\u00fcrliche Bewegungsfreiheit<\/span><\/li>\n<li><span class=\"specification-title\">Bewegliche Griffstangen mit mehreren Griffen:<\/span>\u00a0<span class=\"specification-data\">Bietet Ganzk\u00f6rpertraining<\/span><\/li>\n<li><span class=\"specification-title\">ErgoGrip\u2122 station\u00e4rer Frontlenker:<\/span>\u00a0<span class=\"specification-data\">Bietet Stabilit\u00e4t bei \u00dcbungen f\u00fcr den unteren K\u00f6rperbereich<\/span><\/li>\n<li><span class=\"specification-title\">One-Touch-Steuerung von Widerstand und Schrittl\u00e4nge:<\/span>\u00a0<span class=\"specification-data\">Einfaches Einstellen durch Mehrfachgriffe<\/span><\/li>\n<li><span class=\"specification-title\">Zubeh\u00f6r:<\/span>\u00a0<span class=\"specification-data\">Zubeh\u00f6rfach, 2 Getr\u00e4nkehalter<\/span><\/li>\n<li><span class=\"specification-title\">Energiesparmodus:<\/span>\u00a0<span class=\"specification-data\">Reduziert den Energieverbrauch bei Nichtgebrauch<\/span><\/li>\n<\/ul>\n<\/div>\n<\/div>\n<\/div>\n<div class=\"product-warranty\">\n<h2>GARANTIE<\/h2>\n<div class=\"text-container\"><strong>Verwendung zu Hause:<\/strong>\u00a010 Jahre auf den Rahmen, 5 Jahre auf den Motor, 3 Jahre auf Teile und Arbeit, 3 Monate auf kosmetische Teile.<\/div>\n<\/div>\n<div class=\"product-next-day\">\n<h2>EILZUSTELLUNG<\/h2>\n<div class=\"text-container\">F\u00fcr viele unserer Produkte gibt es Express- und Wunschtermin-Lieferoptionen, d.h. Sie erhalten Ihr Produkt schon morgen oder zu einem von Ihnen gew\u00e4hlten Termin. Bitte pr\u00fcfen Sie die Lieferoptionen an der Kasse, um die Verf\u00fcgbarkeit f\u00fcr Ihren Warenkorb und Ihre Postleitzahl zu sehen. Es gelten die Lieferbedingungen.<\/div>\n<\/div>\n<div class=\"product-attribute-container-desktop desktop-only\">\n<div class=\"additional-attributes-wrapper table-wrapper\"><\/div>\n<\/div>","protected":false},"excerpt":{"rendered":"<p>Der Life Fitness E5 Elliptical Cross Trainer mit Go-Konsole geh\u00f6rt zur innovativen E-Serie und ist ein hochwertiges Ganzk\u00f6rpertrainingsger\u00e4t mit modernsten Funktionen. Mit seiner verstellbaren Schrittl\u00e4nge ist er f\u00fcr alle Benutzer geeignet und erm\u00f6glicht es Ihnen, Ihr Training auf verschiedene Zielbereiche auszurichten. Der leistungsstarke elliptische Antrieb und die WhisperStride\u2122-Technologie sorgen f\u00fcr eine au\u00dfergew\u00f6hnlich sanfte und leise Bewegung, w\u00e4hrend die fortschrittliche Konsole spannende virtuelle Trainingsoptionen bietet. Die Schrittl\u00e4nge l\u00e4sst sich per Knopfdruck von 46 cm auf 61 cm verstellen und ist damit ideal f\u00fcr alle Benutzer. Der leistungsstarke elliptische Antrieb ist unglaublich komfortabel und sorgt f\u00fcr einen sanften und nat\u00fcrlichen Bewegungsablauf, w\u00e4hrend die WhisperStride\u2122-Technologie f\u00fcr einen der leisesten Schritte auf dem Markt sorgt. Die gepolsterten, rutschfesten Pedale sorgen f\u00fcr sicheren Halt und Komfort, w\u00e4hrend zwei Lenkers\u00e4tze den Wechsel zwischen Ganzk\u00f6rpertraining und Training f\u00fcr den Unterk\u00f6rper erm\u00f6glichen. Die beweglichen Griffstangen mit mehreren Griffen sind mit praktischen Daumenwiderstands- und Schrittsteuerungen ausgestattet, mit denen sich das Training leicht anpassen l\u00e4sst. Die Go-Konsole verf\u00fcgt \u00fcber eine einfach zu bedienende LCD-Benutzeroberfl\u00e4che mit einer Reihe von 13 anspruchsvollen Trainingsprogrammen, die Sie beim Training inspirieren und Sie schneller ans Ziel bringen. Zu den Programmen, mit denen Sie Geschwindigkeit und Widerstand variieren k\u00f6nnen, geh\u00f6ren Fettverbrennung, Bergtraining und Sporttraining sowie die ansprechende Activity Zone\u2122 - ein Ganzk\u00f6rpertrainer mit Leg Sculptor\u2122 und mehr. Au\u00dferdem gibt es eine Reihe von herzfrequenzorientierten Trainingseinheiten. Mit den Herzfrequenzsensoren im station\u00e4ren Lenker k\u00f6nnen Sie Ihre Herzfrequenz ganz einfach verfolgen oder f\u00fcr optimale Ergebnisse den mitgelieferten Brustgurt verwenden. Auf dem LCD-Display werden auch alle anderen wichtigen Trainingsdaten angezeigt, sodass Sie Ihren Fortschritt ganz einfach verfolgen k\u00f6nnen. Mit seinem au\u00dfergew\u00f6hnlichen, von einem Club inspirierten Aussehen ist der E5 mit seinem attraktiven Titan-Finish eine auff\u00e4llige Erg\u00e4nzung f\u00fcr jede Wohnumgebung. Der E5 mit GO-Konsole verf\u00fcgt au\u00dferdem \u00fcber ein Zubeh\u00f6rfach, 2 Getr\u00e4nkehalter und einen Energiesparmodus.<\/p>\n<div class=\"product-attribute-container-desktop desktop-only\">\n<div class=\"additional-attributes-wrapper table-wrapper\"><\/div>\n<\/div>","protected":false},"featured_media":396,"comment_status":"open","ping_status":"closed","template":"","meta":{"site-sidebar-layout":"default","site-content-layout":"","ast-site-content-layout":"default","site-content-style":"default","site-sidebar-style":"default","ast-global-header-display":"","ast-banner-title-visibility":"","ast-main-header-display":"","ast-hfb-above-header-display":"","ast-hfb-below-header-display":"","ast-hfb-mobile-header-display":"","site-post-title":"","ast-breadcrumbs-content":"","ast-featured-img":"","footer-sml-layout":"","theme-transparent-header-meta":"default","adv-header-id-meta":"","stick-header-meta":"","header-above-stick-meta":"","header-main-stick-meta":"","header-below-stick-meta":"","astra-migrate-meta-layouts":"set","ast-page-background-enabled":"default","ast-page-background-meta":{"desktop":{"background-color":"var(--ast-global-color-5)","background-image":"","background-repeat":"repeat","background-position":"center center","background-size":"auto","background-attachment":"scroll","background-type":"","background-media":"","overlay-type":"","overlay-color":"","overlay-opacity":"","overlay-gradient":""},"tablet":{"background-color":"","background-image":"","background-repeat":"repeat","background-position":"center center","background-size":"auto","background-attachment":"scroll","background-type":"","background-media":"","overlay-type":"","overlay-color":"","overlay-opacity":"","overlay-gradient":""},"mobile":{"background-color":"","background-image":"","background-repeat":"repeat","background-position":"center center","background-size":"auto","background-attachment":"scroll","background-type":"","background-media":"","overlay-type":"","overlay-color":"","overlay-opacity":"","overlay-gradient":""}},"ast-content-background-meta":{"desktop":{"background-color":"var(--ast-global-color-4)","background-image":"","background-repeat":"repeat","background-position":"center center","background-size":"auto","background-attachment":"scroll","background-type":"","background-media":"","overlay-type":"","overlay-color":"","overlay-opacity":"","overlay-gradient":""},"tablet":{"background-color":"var(--ast-global-color-4)","background-image":"","background-repeat":"repeat","background-position":"center center","background-size":"auto","background-attachment":"scroll","background-type":"","background-media":"","overlay-type":"","overlay-color":"","overlay-opacity":"","overlay-gradient":""},"mobile":{"background-color":"var(--ast-global-color-4)","background-image":"","background-repeat":"repeat","background-position":"center center","background-size":"auto","background-attachment":"scroll","background-type":"","background-media":"","overlay-type":"","overlay-color":"","overlay-opacity":"","overlay-gradient":""}}},"product_brand":[],"product_cat":[18],"product_tag":[23],"class_list":{"0":"post-394","1":"product","2":"type-product","3":"status-publish","4":"has-post-thumbnail","6":"product_cat-cross-trainers","7":"product_tag-cross-trainers","8":"desktop-align-left","9":"tablet-align-left","10":"mobile-align-left","12":"first","13":"instock","14":"sale","15":"taxable","16":"shipping-taxable","17":"purchasable","18":"product-type-simple"},"_links":{"self":[{"href":"http:\/\/bestfitnessstore.com\/de\/wp-json\/wp\/v2\/product\/394","targetHints":{"allow":["GET"]}}],"collection":[{"href":"http:\/\/bestfitnessstore.com\/de\/wp-json\/wp\/v2\/product"}],"about":[{"href":"http:\/\/bestfitnessstore.com\/de\/wp-json\/wp\/v2\/types\/product"}],"replies":[{"embeddable":true,"href":"http:\/\/bestfitnessstore.com\/de\/wp-json\/wp\/v2\/comments?post=394"}],"wp:featuredmedia":[{"embeddable":true,"href":"http:\/\/bestfitnessstore.com\/de\/wp-json\/wp\/v2\/media\/396"}],"wp:attachment":[{"href":"http:\/\/bestfitnessstore.com\/de\/wp-json\/wp\/v2\/media?parent=394"}],"wp:term":[{"taxonomy":"product_brand","embeddable":true,"href":"http:\/\/bestfitnessstore.com\/de\/wp-json\/wp\/v2\/product_brand?post=394"},{"taxonomy":"product_cat","embeddable":true,"href":"http:\/\/bestfitnessstore.com\/de\/wp-json\/wp\/v2\/product_cat?post=394"},{"taxonomy":"product_tag","embeddable":true,"href":"http:\/\/bestfitnessstore.com\/de\/wp-json\/wp\/v2\/product_tag?post=394"}],"curies":[{"name":"wp","href":"https:\/\/api.w.org\/{rel}","templated":true}]}}