{"id":1486,"date":"2025-11-26T07:28:48","date_gmt":"2025-11-26T07:28:48","guid":{"rendered":"https:\/\/bestfitnessstore.com\/?post_type=product&#038;p=1486"},"modified":"2025-11-26T07:28:48","modified_gmt":"2025-11-26T07:28:48","slug":"spirit-xt485-klappbares-laufband","status":"publish","type":"product","link":"http:\/\/bestfitnessstore.com\/de\/product\/spirit-xt485-folding-treadmill\/","title":{"rendered":"Spirit XT485 Klappbares Laufband"},"content":{"rendered":"<div class=\"product-attribute-container-desktop desktop-only\">\n<div class=\"additional-attributes-wrapper table-wrapper\">\n<h4>PRODUKTINFORMATION<\/h4>\n<div class=\"attributes-container\">\n<ul class=\"product-attributes-container\">\n<li><span class=\"specification-title\">Gewicht der Verpackung (KG):\u00a0<\/span><span class=\"specification-data\">143.500000<\/span><\/li>\n<li><span class=\"specification-title\">Leistung Methode:\u00a0<\/span><span class=\"specification-data\">Elektrisches Netz<\/span><\/li>\n<li><span class=\"specification-title\">Tablet-Halterung:\u00a0<\/span><span class=\"specification-data\">Ja<\/span><\/li>\n<li><span class=\"specification-title\">Falten:\u00a0<\/span><span class=\"specification-data\">Ja<\/span><\/li>\n<li><span class=\"specification-title\">Maximales Benutzergewicht (kg):\u00a0<\/span><span class=\"specification-data\">150.00 (Kg)<\/span><\/li>\n<li><span class=\"specification-title\">Produktabmessungen (LxBxH):\u00a0<\/span><span class=\"specification-data\">206 x 92 x 175,50 cm<\/span><\/li>\n<\/ul>\n<ul class=\"product-attributes-container\">\n<li><span class=\"specification-title\">Produktgewicht (KG):\u00a0<\/span><span class=\"specification-data\">131<\/span><\/li>\n<li><span class=\"specification-title\">App-Integration:\u00a0<\/span><span class=\"specification-data\">KinoMap, SPIRIT+, Zwift<\/span><\/li>\n<li><span class=\"specification-title\">Bluetooth:\u00a0<\/span><span class=\"specification-data\">Ja<\/span><\/li>\n<li><span class=\"specification-title\">\u00dcberwachung der Herzfrequenz:\u00a0<\/span><span class=\"specification-data\">Eingebaute Sensoren und Bluetooth<\/span><\/li>\n<li><span class=\"specification-title\">Eingebaute Programme:\u00a0<\/span><span class=\"specification-data\">Manuell, H\u00fcgel, Fettverbrennung, Kardio, Kraft, H\u00fcgel, Fusion, 5K, 10K, Zeit, Entfernung, Kalorien, 2 Benutzer, 4 Herzfrequenz<\/span><\/li>\n<li><span class=\"specification-title\">Abmessungen der Box (LxBxH):\u00a0<\/span><span class=\"specification-data\">217 x 94 x 37,50 cm<\/span><\/li>\n<\/ul>\n<\/div>\n<\/div>\n<\/div>\n<div class=\"product-features\">\n<h4>ZUS\u00c4TZLICHE EIGENSCHAFTEN<\/h4>\n<div class=\"more-container\">\n<div class=\"unshow-text\">\n<ul class=\"product-features-container\">\n<li><span class=\"specification-title\">Konsole:<\/span>\u00a0<span class=\"specification-data\">9\u201d Multi-Color-LCD, Telefonleiste, neig- und schwenkbare Tablet-Halterung, Bluetooth-Lautsprecher, USB-Ladeanschluss, einstellbarer L\u00fcfter, Kindersicherung, Handlaufsperre<\/span><\/li>\n<li><span class=\"specification-title\">Herzfrequenz:<\/span>\u00a0<span class=\"specification-data\">Kontakt und Bluetooth (5kHz &amp; Bluetooth), Brustgurt nicht im Lieferumfang enthalten<\/span><\/li>\n<li><span class=\"specification-title\">Geschwindigkeit\/Neigung:<\/span>\u00a0<span class=\"specification-data\">1-20 km\/h \/ 15 Stufen<\/span><\/li>\n<li><span class=\"specification-title\">Bedienelemente am Lenker:<\/span>\u00a0<span class=\"specification-data\">Ja, Geschwindigkeit &amp; Neigung<\/span><\/li>\n<li><span class=\"specification-title\">Antriebsmotor:<\/span>\u00a0<span class=\"specification-data\">4,0 PS<\/span><\/li>\n<li><span class=\"specification-title\">Deck:<\/span>\u00a0<span class=\"specification-data\">25mm Phenol, silikongeschmiert<\/span><\/li>\n<li><span class=\"specification-title\">G\u00fcrtel:<\/span>\u00a0<span class=\"specification-data\">560 x 1525 mm<\/span><\/li>\n<li><span class=\"specification-title\">Walze:<\/span>\u00a0<span class=\"specification-data\">60 \/ 60<\/span><\/li>\n<li><span class=\"specification-title\">Rahmen:<\/span>\u00a0<span class=\"specification-data\">Zusammenklappbar, mit Hebehilfe und langsamer Entfaltung, langlebige Pulverbeschichtung<\/span><\/li>\n<li><span class=\"specification-title\">Bitte beachten:<\/span>\u00a0<span class=\"specification-data\">Tablette nicht enthalten<\/span><\/li>\n<\/ul>\n<\/div>\n<\/div>\n<\/div>\n<div class=\"product-warranty\">\n<h4>GARANTIE<\/h4>\n<div class=\"text-container\"><strong>Verwendung zu Hause:<\/strong>\u00a010 Jahre auf Motor, 3 Jahre auf Teile und 3 Jahre auf Arbeit. Das Produkt muss in einer geeigneten Umgebung verwendet\/gelagert werden (Orte mit feuchtem, unversiegeltem Beton oder Bereiche mit konstantem Luftstrom nach au\u00dfen gelten nicht als geeignet).<\/div>\n<\/div>","protected":false},"excerpt":{"rendered":"<p>Spirit XT485 Faltbares Laufband, die ger\u00e4umige 560 x 1525 mm gro\u00dfe Lauffl\u00e4che und der zuverl\u00e4ssige 4,0 PS PowerMax\u2122-Antriebsmotor bieten Ihnen den Platz und die Leistung, die Sie f\u00fcr ein komfortables und effektives Training ben\u00f6tigen. Mit den direkt zug\u00e4nglichen Geschwindigkeits- und Steigungstasten auf der Konsole und den neuen Schaltwippen k\u00f6nnen Sie die Geschwindigkeit auf bis zu 20 km\/h erh\u00f6hen und die Steigung in 15 Stufen bequem von unterwegs aus einstellen. Auf dem gro\u00dfen, hellen 9-Zoll-Multicolor-LCD-Display des Spirit XT485 k\u00f6nnen Sie die f\u00fcr Sie wichtigsten Messwerte verfolgen, einschlie\u00dflich einer neuen Herzfrequenz-Grafik, die Sie in der richtigen Zone h\u00e4lt (die Herzfrequenz wird \u00fcber Handpulssensoren oder einen Brustgurt gemessen - nicht im Lieferumfang enthalten). Weitere Messwerte sind Kalorien, Entfernung, Runden, Tempo und Zeit. Es gibt eine Vielzahl von integrierten Trainingsprogrammen zur Auswahl, darunter Manuell, Bergauf, Fettverbrennung, Cardio, Kraft, HIIT, Fusion, 5K, 10K, Zeit, Distanz, Kalorien, 2 Benutzer und 4 Herzfrequenz. Die XT485 ist auch mit einigen f\u00fchrenden Fitness-Apps wie Zwift und Kinomap sowie Map My Fitness, Apple Health Kit und mehr \u00fcber die Spirit+ App verbunden. Die Konsole ist komplett mit einem neig- und schwenkbaren Tablet-Halter, einer Leseleiste, integrierten Bluetooth-Lautsprechern, einer Telefonleiste, zwei Getr\u00e4nkehaltern, einem einstellbaren L\u00fcfter und Kindersicherungen. Der Klapprahmen des Spirit XT485 ist mit Lift Assist und Slow Deploy f\u00fcr sicheres Ein- und Ausklappen ausgestattet und mit einer haltbaren Pulverbeschichtung versehen.<\/p>\n<div class=\"product-attribute-container-desktop desktop-only\">\n<div class=\"additional-attributes-wrapper table-wrapper\"><\/div>\n<\/div>","protected":false},"featured_media":1491,"comment_status":"open","ping_status":"closed","template":"","meta":{"site-sidebar-layout":"default","site-content-layout":"","ast-site-content-layout":"default","site-content-style":"default","site-sidebar-style":"default","ast-global-header-display":"","ast-banner-title-visibility":"","ast-main-header-display":"","ast-hfb-above-header-display":"","ast-hfb-below-header-display":"","ast-hfb-mobile-header-display":"","site-post-title":"","ast-breadcrumbs-content":"","ast-featured-img":"","footer-sml-layout":"","theme-transparent-header-meta":"default","adv-header-id-meta":"","stick-header-meta":"","header-above-stick-meta":"","header-main-stick-meta":"","header-below-stick-meta":"","astra-migrate-meta-layouts":"set","ast-page-background-enabled":"default","ast-page-background-meta":{"desktop":{"background-color":"var(--ast-global-color-5)","background-image":"","background-repeat":"repeat","background-position":"center center","background-size":"auto","background-attachment":"scroll","background-type":"","background-media":"","overlay-type":"","overlay-color":"","overlay-opacity":"","overlay-gradient":""},"tablet":{"background-color":"","background-image":"","background-repeat":"repeat","background-position":"center center","background-size":"auto","background-attachment":"scroll","background-type":"","background-media":"","overlay-type":"","overlay-color":"","overlay-opacity":"","overlay-gradient":""},"mobile":{"background-color":"","background-image":"","background-repeat":"repeat","background-position":"center center","background-size":"auto","background-attachment":"scroll","background-type":"","background-media":"","overlay-type":"","overlay-color":"","overlay-opacity":"","overlay-gradient":""}},"ast-content-background-meta":{"desktop":{"background-color":"var(--ast-global-color-4)","background-image":"","background-repeat":"repeat","background-position":"center center","background-size":"auto","background-attachment":"scroll","background-type":"","background-media":"","overlay-type":"","overlay-color":"","overlay-opacity":"","overlay-gradient":""},"tablet":{"background-color":"var(--ast-global-color-4)","background-image":"","background-repeat":"repeat","background-position":"center center","background-size":"auto","background-attachment":"scroll","background-type":"","background-media":"","overlay-type":"","overlay-color":"","overlay-opacity":"","overlay-gradient":""},"mobile":{"background-color":"var(--ast-global-color-4)","background-image":"","background-repeat":"repeat","background-position":"center center","background-size":"auto","background-attachment":"scroll","background-type":"","background-media":"","overlay-type":"","overlay-color":"","overlay-opacity":"","overlay-gradient":""}}},"product_brand":[],"product_cat":[21],"product_tag":[25],"class_list":{"0":"post-1486","1":"product","2":"type-product","3":"status-publish","4":"has-post-thumbnail","6":"product_cat-treadmills","7":"product_tag-treadmills","8":"desktop-align-left","9":"tablet-align-left","10":"mobile-align-left","12":"first","13":"instock","14":"sale","15":"taxable","16":"shipping-taxable","17":"purchasable","18":"product-type-simple"},"_links":{"self":[{"href":"http:\/\/bestfitnessstore.com\/de\/wp-json\/wp\/v2\/product\/1486","targetHints":{"allow":["GET"]}}],"collection":[{"href":"http:\/\/bestfitnessstore.com\/de\/wp-json\/wp\/v2\/product"}],"about":[{"href":"http:\/\/bestfitnessstore.com\/de\/wp-json\/wp\/v2\/types\/product"}],"replies":[{"embeddable":true,"href":"http:\/\/bestfitnessstore.com\/de\/wp-json\/wp\/v2\/comments?post=1486"}],"wp:featuredmedia":[{"embeddable":true,"href":"http:\/\/bestfitnessstore.com\/de\/wp-json\/wp\/v2\/media\/1491"}],"wp:attachment":[{"href":"http:\/\/bestfitnessstore.com\/de\/wp-json\/wp\/v2\/media?parent=1486"}],"wp:term":[{"taxonomy":"product_brand","embeddable":true,"href":"http:\/\/bestfitnessstore.com\/de\/wp-json\/wp\/v2\/product_brand?post=1486"},{"taxonomy":"product_cat","embeddable":true,"href":"http:\/\/bestfitnessstore.com\/de\/wp-json\/wp\/v2\/product_cat?post=1486"},{"taxonomy":"product_tag","embeddable":true,"href":"http:\/\/bestfitnessstore.com\/de\/wp-json\/wp\/v2\/product_tag?post=1486"}],"curies":[{"name":"wp","href":"https:\/\/api.w.org\/{rel}","templated":true}]}}