{"id":1403,"date":"2025-11-26T06:04:32","date_gmt":"2025-11-26T06:04:32","guid":{"rendered":"https:\/\/bestfitnessstore.com\/?post_type=product&#038;p=1403"},"modified":"2025-11-26T06:05:06","modified_gmt":"2025-11-26T06:05:06","slug":"shua-x5-t6500s-laufband","status":"publish","type":"product","link":"http:\/\/bestfitnessstore.com\/de\/product\/shua-x5-t6500s-treadmill\/","title":{"rendered":"SHUA X5 T6500S Laufband"},"content":{"rendered":"<div class=\"product-attribute-container-desktop desktop-only\">\n<div class=\"additional-attributes-wrapper table-wrapper\">\n<h4>PRODUKTINFORMATION<\/h4>\n<div class=\"attributes-container\">\n<ul class=\"product-attributes-container\">\n<li><span class=\"specification-title\">Gewicht der Verpackung (KG):\u00a0<\/span><span class=\"specification-data\">153.400000<\/span><\/li>\n<li><span class=\"specification-title\">Leistung Methode:\u00a0<\/span><span class=\"specification-data\">Elektrisches Netz<\/span><\/li>\n<li><span class=\"specification-title\">Maximales Benutzergewicht (kg):\u00a0<\/span><span class=\"specification-data\">146.00 (Kg)<\/span><\/li>\n<li><span class=\"specification-title\">Produktabmessungen (LxBxH):\u00a0<\/span><span class=\"specification-data\">196 x 85 x 152 cm<\/span><\/li>\n<\/ul>\n<ul class=\"product-attributes-container\">\n<li><span class=\"specification-title\">Produktgewicht (KG):\u00a0<\/span><span class=\"specification-data\">135<\/span><\/li>\n<li><span class=\"specification-title\">\u00dcberwachung der Herzfrequenz:\u00a0<\/span><span class=\"specification-data\">Brustgurt, eingebaute Sensoren<\/span><\/li>\n<li><span class=\"specification-title\">Eingebaute Programme:\u00a0<\/span><span class=\"specification-data\">7<\/span><\/li>\n<\/ul>\n<\/div>\n<\/div>\n<\/div>\n<div class=\"product-features\">\n<h4>ZUS\u00c4TZLICHE EIGENSCHAFTEN<\/h4>\n<div class=\"more-container\">\n<div class=\"unshow-text\">\n<ul class=\"product-features-container\">\n<li><span class=\"specification-title\">Motor:<\/span>\u00a0<span class=\"specification-data\">AC 2,5CHP<\/span><\/li>\n<li><span class=\"specification-title\">Macht:<\/span>\u00a0<span class=\"specification-data\">220 - 240V<\/span><\/li>\n<li><span class=\"specification-title\">Geschwindigkeit:<\/span>\u00a0<span class=\"specification-data\">1-20 km\/h<\/span><\/li>\n<li><span class=\"specification-title\">Steigung:<\/span>\u00a0<span class=\"specification-data\">0-15%<\/span><\/li>\n<li><span class=\"specification-title\">Laufende Oberfl\u00e4che:<\/span>\u00a0<span class=\"specification-data\">1450 x 520 mm<\/span><\/li>\n<li><span class=\"specification-title\">Anzeige:<\/span>\u00a0<span class=\"specification-data\">3-Fenster-LED-Wei\u00dflicht<\/span><\/li>\n<li><span class=\"specification-title\">Audio:<\/span>\u00a0<span class=\"specification-data\">Bluetooth Musik\/Lautsprecher<\/span><\/li>\n<\/ul>\n<\/div>\n<\/div>\n<\/div>\n<div class=\"product-warranty\">\n<h4>GARANTIE<\/h4>\n<div class=\"text-container\"><strong>Privater Gebrauch und leichte gewerbliche Nutzung:<\/strong>\u00a03 Jahre auf Teile und Arbeit f\u00fcr den Heimgebrauch, 1 Jahr f\u00fcr leichte gewerbliche Umgebungen. Die Garantie deckt keine Sch\u00e4den oder Ausf\u00e4lle ab, die auf einen unsachgem\u00e4\u00dfen Standort zur\u00fcckzuf\u00fchren sind, einschlie\u00dflich, aber nicht beschr\u00e4nkt auf feuchte, staubige oder Au\u00dfenumgebungen. Zum Beispiel: Garagen und Keller usw.<\/div>\n<\/div>","protected":false},"excerpt":{"rendered":"<div id=\"fullDescription\" class=\"full-description\">\n<div class=\"text-container\">Das Laufband SHUA X5 T6500S verf\u00fcgt \u00fcber einen AC-Motor mit 2,5 PS, der das Laufband zu einer H\u00f6chstgeschwindigkeit von 20 km\/h und einer Steigung von bis zu 15% antreibt. Beide Werte lassen sich w\u00e4hrend des Laufens mit den Tasten unter dem Display leicht einstellen. Die Konsole verf\u00fcgt au\u00dferdem \u00fcber Schnellwahltasten f\u00fcr Geschwindigkeit und Steigung, die eine schnellere Einstellung erm\u00f6glichen. Der Laufg\u00fcrtel misst 1450 x 520 mm - viel Platz f\u00fcr alle L\u00e4ufer. Er verf\u00fcgt \u00fcber ein komfortables R\u00fcckfedersystem, das jeden Schritt abfedert und Ger\u00e4usche reduziert. Die moderne Konsole des T6500S verf\u00fcgt \u00fcber strukturierte Silikontasten, die leicht zu bedienen und zu reinigen sind. Das wei\u00dfe 3-Fenster-LED-Display zeigt alle wichtigen Trainingsdaten an. Der Benutzer kann aus 7 voreingestellten Programmen w\u00e4hlen, darunter Zeit-Countdown, Distanz-Countdown, Kalorien-Countdown, Klettern, Fettverbrennung, Intervalltraining und Herz-Kreislauf-Training. Mit den integrierten Handpulssensoren an den vorderen Griffen oder mit einem Herzfrequenzgurt (nicht im Lieferumfang enthalten) kann der Benutzer auch seine Herzfrequenz messen. Zu den weiteren Merkmalen geh\u00f6ren ein gro\u00dfes Ablagefach f\u00fcr eine Wasserflasche und zus\u00e4tzliches Zubeh\u00f6r, eine 5-Minuten-Auto-Stopp-Sicherheitsfunktion, ein USB-Anschluss, Bluetooth-Musikwiedergabe und ein eingebauter Lautsprecher. SHUA X5 T6500S Laufband<\/div>\n<\/div>\n<div class=\"product-attribute-container-desktop desktop-only\">\n<div class=\"additional-attributes-wrapper table-wrapper\"><\/div>\n<\/div>","protected":false},"featured_media":1407,"comment_status":"open","ping_status":"closed","template":"","meta":{"site-sidebar-layout":"default","site-content-layout":"","ast-site-content-layout":"default","site-content-style":"default","site-sidebar-style":"default","ast-global-header-display":"","ast-banner-title-visibility":"","ast-main-header-display":"","ast-hfb-above-header-display":"","ast-hfb-below-header-display":"","ast-hfb-mobile-header-display":"","site-post-title":"","ast-breadcrumbs-content":"","ast-featured-img":"","footer-sml-layout":"","theme-transparent-header-meta":"default","adv-header-id-meta":"","stick-header-meta":"","header-above-stick-meta":"","header-main-stick-meta":"","header-below-stick-meta":"","astra-migrate-meta-layouts":"set","ast-page-background-enabled":"default","ast-page-background-meta":{"desktop":{"background-color":"var(--ast-global-color-5)","background-image":"","background-repeat":"repeat","background-position":"center center","background-size":"auto","background-attachment":"scroll","background-type":"","background-media":"","overlay-type":"","overlay-color":"","overlay-opacity":"","overlay-gradient":""},"tablet":{"background-color":"","background-image":"","background-repeat":"repeat","background-position":"center center","background-size":"auto","background-attachment":"scroll","background-type":"","background-media":"","overlay-type":"","overlay-color":"","overlay-opacity":"","overlay-gradient":""},"mobile":{"background-color":"","background-image":"","background-repeat":"repeat","background-position":"center center","background-size":"auto","background-attachment":"scroll","background-type":"","background-media":"","overlay-type":"","overlay-color":"","overlay-opacity":"","overlay-gradient":""}},"ast-content-background-meta":{"desktop":{"background-color":"var(--ast-global-color-4)","background-image":"","background-repeat":"repeat","background-position":"center center","background-size":"auto","background-attachment":"scroll","background-type":"","background-media":"","overlay-type":"","overlay-color":"","overlay-opacity":"","overlay-gradient":""},"tablet":{"background-color":"var(--ast-global-color-4)","background-image":"","background-repeat":"repeat","background-position":"center center","background-size":"auto","background-attachment":"scroll","background-type":"","background-media":"","overlay-type":"","overlay-color":"","overlay-opacity":"","overlay-gradient":""},"mobile":{"background-color":"var(--ast-global-color-4)","background-image":"","background-repeat":"repeat","background-position":"center center","background-size":"auto","background-attachment":"scroll","background-type":"","background-media":"","overlay-type":"","overlay-color":"","overlay-opacity":"","overlay-gradient":""}}},"product_brand":[],"product_cat":[21],"product_tag":[25],"class_list":{"0":"post-1403","1":"product","2":"type-product","3":"status-publish","4":"has-post-thumbnail","6":"product_cat-treadmills","7":"product_tag-treadmills","8":"desktop-align-left","9":"tablet-align-left","10":"mobile-align-left","12":"first","13":"instock","14":"sale","15":"taxable","16":"shipping-taxable","17":"purchasable","18":"product-type-simple"},"_links":{"self":[{"href":"http:\/\/bestfitnessstore.com\/de\/wp-json\/wp\/v2\/product\/1403","targetHints":{"allow":["GET"]}}],"collection":[{"href":"http:\/\/bestfitnessstore.com\/de\/wp-json\/wp\/v2\/product"}],"about":[{"href":"http:\/\/bestfitnessstore.com\/de\/wp-json\/wp\/v2\/types\/product"}],"replies":[{"embeddable":true,"href":"http:\/\/bestfitnessstore.com\/de\/wp-json\/wp\/v2\/comments?post=1403"}],"wp:featuredmedia":[{"embeddable":true,"href":"http:\/\/bestfitnessstore.com\/de\/wp-json\/wp\/v2\/media\/1407"}],"wp:attachment":[{"href":"http:\/\/bestfitnessstore.com\/de\/wp-json\/wp\/v2\/media?parent=1403"}],"wp:term":[{"taxonomy":"product_brand","embeddable":true,"href":"http:\/\/bestfitnessstore.com\/de\/wp-json\/wp\/v2\/product_brand?post=1403"},{"taxonomy":"product_cat","embeddable":true,"href":"http:\/\/bestfitnessstore.com\/de\/wp-json\/wp\/v2\/product_cat?post=1403"},{"taxonomy":"product_tag","embeddable":true,"href":"http:\/\/bestfitnessstore.com\/de\/wp-json\/wp\/v2\/product_tag?post=1403"}],"curies":[{"name":"wp","href":"https:\/\/api.w.org\/{rel}","templated":true}]}}