{"id":1304,"date":"2025-11-25T16:49:08","date_gmt":"2025-11-25T16:49:08","guid":{"rendered":"https:\/\/bestfitnessstore.com\/?post_type=product&#038;p=1304"},"modified":"2025-11-25T16:49:08","modified_gmt":"2025-11-25T16:49:08","slug":"nordictrack-t-5-5-s-klappbares-laufband","status":"publish","type":"product","link":"http:\/\/bestfitnessstore.com\/de\/product\/nordictrack-t-5-5-s-folding-treadmill\/","title":{"rendered":"NordicTrack Laufband T 5.5 S klappbar"},"content":{"rendered":"<div class=\"product-attribute-container-desktop desktop-only\">\n<div class=\"additional-attributes-wrapper table-wrapper\">\n<h4>PRODUKTINFORMATION<\/h4>\n<div class=\"attributes-container\">\n<ul class=\"product-attributes-container\">\n<li><span class=\"specification-title\">Gewicht der Verpackung (KG):\u00a0<\/span><span class=\"specification-data\">107.000000<\/span><\/li>\n<li><span class=\"specification-title\">App-Integration:\u00a0<\/span><span class=\"specification-data\">iFIT<\/span><\/li>\n<li><span class=\"specification-title\">Bluetooth:\u00a0<\/span><span class=\"specification-data\">Ja<\/span><\/li>\n<li><span class=\"specification-title\">Maximales Benutzergewicht (kg):\u00a0<\/span><span class=\"specification-data\">135.00 (Kg)<\/span><\/li>\n<li><span class=\"specification-title\">Produktabmessungen (LxBxH):\u00a0<\/span><span class=\"specification-data\">186 x 90 x 143 cm<\/span><\/li>\n<li><span class=\"specification-title\">Zusammengeklappt Abmessungen (LxBxH):\u00a0<\/span><span class=\"specification-data\">100 x 90 x 167 cm<\/span><\/li>\n<\/ul>\n<ul class=\"product-attributes-container\">\n<li><span class=\"specification-title\">Leistung Methode:\u00a0<\/span><span class=\"specification-data\">Elektrisches Netz<\/span><\/li>\n<li><span class=\"specification-title\">Tablet-Halterung:\u00a0<\/span><span class=\"specification-data\">Ja<\/span><\/li>\n<li><span class=\"specification-title\">Falten:\u00a0<\/span><span class=\"specification-data\">Ja<\/span><\/li>\n<li><span class=\"specification-title\">Transport-R\u00e4der:\u00a0<\/span><span class=\"specification-data\">Ja<\/span><\/li>\n<li><span class=\"specification-title\">Abmessungen der Box (LxBxH):\u00a0<\/span><span class=\"specification-data\">195 x 80 x 33 cm<\/span><\/li>\n<\/ul>\n<\/div>\n<\/div>\n<\/div>\n<div class=\"product-features\">\n<h4>ZUS\u00c4TZLICHE EIGENSCHAFTEN<\/h4>\n<div class=\"more-container\">\n<div class=\"unshow-text\">\n<ul class=\"product-features-container\">\n<li><span class=\"specification-title\">Antriebssystem:<\/span>\u00a0<span class=\"specification-data\">2,75 KWK<\/span><\/li>\n<li><span class=\"specification-title\">Digitale Schnellsteuerung der Neigung:<\/span>\u00a0<span class=\"specification-data\">+12%<\/span><\/li>\n<li><span class=\"specification-title\">Digitaler Schnellgangregler:<\/span>\u00a0<span class=\"specification-data\">0-19kph<\/span><\/li>\n<li><span class=\"specification-title\">Lauffl\u00e4cheng\u00fcrtel:<\/span>\u00a0<span class=\"specification-data\">51 x 140 cm<\/span><\/li>\n<li><span class=\"specification-title\">Flex Select\u2122-Polsterung:<\/span>\u00a0<span class=\"specification-data\">D\u00e4mpfen Sie den Aufprall oder stellen Sie ein echtes Stra\u00dfenlauferlebnis nach<\/span><\/li>\n<li><span class=\"specification-title\">Anzeige:<\/span>\u00a0<span class=\"specification-data\">5\u201d-Hochkontrast-Mehrfarbdisplay<\/span><\/li>\n<li><span class=\"specification-title\">IFIT\u2122 Aktiviert:<\/span>\u00a0<span class=\"specification-data\">30-t\u00e4gige iFIT-Testversion inbegriffen. Zur Aktivierung ist eine Kreditkarte erforderlich. Die iFIT-Mitgliedschaft verl\u00e4ngert sich automatisch, wenn sie nicht im Voraus gek\u00fcndigt wird. Die 30-t\u00e4gige Testphase gilt nur f\u00fcr neue Mitgliedschaften.<\/span><\/li>\n<li><span class=\"specification-title\">Audio:<\/span>\u00a0<span class=\"specification-data\">2-2\u201d-Lautsprecher, kompatibel mit Bluetooth-Kopfh\u00f6rern<\/span><\/li>\n<li><span class=\"specification-title\">Klappbarer Rahmen:<\/span>\u00a0<span class=\"specification-data\">Sparen Sie Platz mit der EasyLift\u2122-Unterst\u00fctzung<\/span><\/li>\n<li><span class=\"specification-title\">Autobreeze\u2122-Trainingsventilator:<\/span>\u00a0<span class=\"specification-data\">K\u00fchl bleiben beim Laufen<\/span><\/li>\n<\/ul>\n<\/div>\n<\/div>\n<\/div>\n<div class=\"product-warranty\">\n<h4>GARANTIE<\/h4>\n<div class=\"text-container\"><strong>Verwendung zu Hause:<\/strong>\u00a0Lebenslange Garantie auf den Rahmen, 10 Jahre auf den Motor, zwei Jahre auf Teile und Arbeit (Bedingungen gelten), sofern das Produkt innerhalb von 28 Tagen nach dem Kauf registriert wird. Die Standardgarantie betr\u00e4gt 12 Monate auf Teile und Arbeit. ICON ist der Hersteller von NordicTrack und Pro-Form. Ihre Garantiebestimmungen finden Sie unten. ICON Health and Fitness, Inc. (ICON) garantiert, dass dieses Produkt unter normalen Gebrauchs- und Servicebedingungen f\u00fcr einen Zeitraum von 12 Monaten ab dem Datum des urspr\u00fcnglichen Kaufs frei von Verarbeitungs- und Materialfehlern ist. Hinweis: Die Garantie kann f\u00fcr dieses Produkt verl\u00e4ngert werden, wenn Sie sich innerhalb von 28 Tagen nach dem Kauf bei Ihrem \u00f6rtlichen Kundendienstzentrum registrieren lassen. Um dieses Produkt zu registrieren und eine eventuelle Garantieverl\u00e4ngerung in Anspruch zu nehmen, f\u00fcllen Sie bitte die Garantieregistrierungskarte aus und senden Sie sie zusammen mit Ihrem Kaufnachweis an die auf der R\u00fcckseite dieser Brosch\u00fcre angegebene Adresse oder registrieren Sie sich online unter iconsupport.eu. Ausf\u00fchrliche Informationen \u00fcber Garantieverl\u00e4ngerungen und die ICON-Herstellergarantie erhalten Sie auf Anfrage bei Ihrem \u00f6rtlichen Kundendienst oder online unter iconsupport.eu. Bedingungen Diese Garantie gilt nur f\u00fcr den Erstk\u00e4ufer (Sie) und ist nicht \u00fcbertragbar. Die Garantie erstreckt sich nicht auf: 1. normale Abnutzung; 2. Anpassungen oder \u00c4nderungen, um das Produkt von seinem normalen Zweck, wie in der Bedienungsanleitung beschrieben, abzuweichen; 3. Sch\u00e4den infolge von: a) Transport; b) Missbrauch, Fehlgebrauch, Nichteinhaltung von Anweisungen oder unsachgem\u00e4\u00dfe oder abnormale Verwendung; c) Verwendung au\u00dferhalb des eigenen Hauses (einschlie\u00dflich, aber nicht beschr\u00e4nkt auf kommerzielle, professionelle oder Mietzwecke); d) Reparaturen, die nicht von einem von ICON autorisierten Serviceanbieter durchgef\u00fchrt wurden; e) Unf\u00e4lle, Blitzschlag, Wasser, Feuer oder andere Ursachen, die au\u00dferhalb der Kontrolle von ICON liegen; f) unsachgem\u00e4\u00dfer Standort, einschlie\u00dflich, aber nicht beschr\u00e4nkt auf feuchte, staubige oder Au\u00dfenumgebungen (Beispiele; Garagen, Keller) ICON ist nicht verantwortlich oder haftbar f\u00fcr indirekte, besondere oder Folgesch\u00e4den, die aus oder in Verbindung mit der Verwendung oder Leistung des Produkts entstehen, oder f\u00fcr Sch\u00e4den in Bezug auf wirtschaftliche Verluste, Eigentumsverluste, Einnahme- oder Gewinnverluste, Verlust von Freude oder Nutzung oder Kosten f\u00fcr den Ausbau oder die Installation. Diese Garantie gilt f\u00fcr Produkte, die innerhalb der Europ\u00e4ischen Union gekauft und verwendet werden; allerdings werden nicht alle Produkte in jedem Land vertrieben. Dies kann zu Verz\u00f6gerungen bei der Garantieabdeckung f\u00fchren, wenn Sie dieses Produkt in einem anderen Land gekauft haben und es in Ihrem Wohnsitzland nicht unterst\u00fctzt wird. Es kann notwendig sein, Reparaturen in einem von ICON autorisierten Reparaturzentrum durchzuf\u00fchren. ICON beh\u00e4lt sich das Recht vor, die Abdeckung zu erweitern oder zu erh\u00f6hen. Die Garantie gilt zus\u00e4tzlich zu Ihren gesetzlichen Rechten gem\u00e4\u00df den geltenden nationalen Gesetzen sowie zu Ihren Rechten gegen\u00fcber dem H\u00e4ndler, die sich aus dem Kaufvertrag ergeben, und beeintr\u00e4chtigt diese in keiner Weise.<\/div>\n<\/div>\n<div class=\"product-next-day\">\n<h4>EILZUSTELLUNG<\/h4>\n<div class=\"text-container\">F\u00fcr viele unserer Produkte gibt es Express- und Wunschtermin-Lieferoptionen, d.h. Sie erhalten Ihr Produkt schon morgen oder zu einem von Ihnen gew\u00e4hlten Termin. Bitte pr\u00fcfen Sie die Lieferoptionen an der Kasse, um die Verf\u00fcgbarkeit f\u00fcr Ihren Warenkorb und Ihre Postleitzahl zu sehen. Es gelten die Lieferbedingungen.<\/div>\n<\/div>","protected":false},"excerpt":{"rendered":"<p>Das Laufband des NordicTrack T 5.5 S Folding Treadmill misst 51 x 140 cm und erreicht mit einem 2,75-CHP-Antriebssystem Geschwindigkeiten von bis zu 19 km\/h und Steigungen von bis zu 12%, die beide w\u00e4hrend des Laufs mit digitalen Schnellreglern eingestellt werden k\u00f6nnen. Das Deck ist reaktionsfreudig und komfortabel und wird durch das NordicTrack Flex Select\u2122 D\u00e4mpfungssystem verbessert, das entweder den Aufprall auf Ihre Gelenke abfedert oder ein echtes Stra\u00dfenlauferlebnis nachbildet. Auf dem kontrastreichen, mehrfarbigen 5-Zoll-Display finden Sie alle wichtigen Trainingsdaten. Wenn Sie die iFIT-App auf Ihr Smartphone herunterladen (nicht im Lieferumfang enthalten), haben Sie Zugriff auf eine wachsende Bibliothek mit von Trainern gef\u00fchrten Workouts, k\u00f6nnen Ihren Fortschritt automatisch verfolgen, reale L\u00e4ufe mit Google Maps\u2122 nachbilden, sich mit Ihren Freunden messen und Ihr Training auf Ihre individuellen Ziele abstimmen (30-t\u00e4giges iFIT-Abonnement im Lieferumfang enthalten*). Der T5.5 S ist au\u00dferdem mit der ActivePulse\u2122-Technologie (SmartBeat-Armband erforderlich) ausgestattet, die Ihre Geschwindigkeit und Steigung automatisch anpasst, um Ihre Herzfrequenz im optimalen Bereich zu halten, sowie mit der SmartAdjust-Technologie, die diese Messwerte in die H\u00e4nde Ihrer iFIT-Trainer legt. H\u00f6ren Sie sich die motivierenden Anweisungen Ihres Trainers \u00fcber die integrierten Lautsprecher an, oder schlie\u00dfen Sie Ihre Bluetooth-Kopfh\u00f6rer an, um ganz in Ihren Lauf einzutauchen. Der eingebaute Autobreeze\u2122-Ventilator h\u00e4lt Sie k\u00fchl, und nach dem Training k\u00f6nnen Sie das Ger\u00e4t zusammenklappen, um Platz zu sparen. * 30-t\u00e4gige iFIT-Testversion inbegriffen. F\u00fcr die Aktivierung ist eine Kreditkarte erforderlich. Die iFIT-Mitgliedschaft verl\u00e4ngert sich automatisch, wenn sie nicht im Voraus gek\u00fcndigt wird. Die 30-Tage-Testversion gilt nur f\u00fcr neue Mitgliedschaften. NordicTrack T 5.5 S Klappbares Laufband<\/p>\n<div class=\"product-attribute-container-desktop desktop-only\">\n<div class=\"additional-attributes-wrapper table-wrapper\"><\/div>\n<\/div>","protected":false},"featured_media":1308,"comment_status":"open","ping_status":"closed","template":"","meta":{"site-sidebar-layout":"default","site-content-layout":"","ast-site-content-layout":"default","site-content-style":"default","site-sidebar-style":"default","ast-global-header-display":"","ast-banner-title-visibility":"","ast-main-header-display":"","ast-hfb-above-header-display":"","ast-hfb-below-header-display":"","ast-hfb-mobile-header-display":"","site-post-title":"","ast-breadcrumbs-content":"","ast-featured-img":"","footer-sml-layout":"","theme-transparent-header-meta":"default","adv-header-id-meta":"","stick-header-meta":"","header-above-stick-meta":"","header-main-stick-meta":"","header-below-stick-meta":"","astra-migrate-meta-layouts":"set","ast-page-background-enabled":"default","ast-page-background-meta":{"desktop":{"background-color":"var(--ast-global-color-5)","background-image":"","background-repeat":"repeat","background-position":"center center","background-size":"auto","background-attachment":"scroll","background-type":"","background-media":"","overlay-type":"","overlay-color":"","overlay-opacity":"","overlay-gradient":""},"tablet":{"background-color":"","background-image":"","background-repeat":"repeat","background-position":"center center","background-size":"auto","background-attachment":"scroll","background-type":"","background-media":"","overlay-type":"","overlay-color":"","overlay-opacity":"","overlay-gradient":""},"mobile":{"background-color":"","background-image":"","background-repeat":"repeat","background-position":"center center","background-size":"auto","background-attachment":"scroll","background-type":"","background-media":"","overlay-type":"","overlay-color":"","overlay-opacity":"","overlay-gradient":""}},"ast-content-background-meta":{"desktop":{"background-color":"var(--ast-global-color-4)","background-image":"","background-repeat":"repeat","background-position":"center center","background-size":"auto","background-attachment":"scroll","background-type":"","background-media":"","overlay-type":"","overlay-color":"","overlay-opacity":"","overlay-gradient":""},"tablet":{"background-color":"var(--ast-global-color-4)","background-image":"","background-repeat":"repeat","background-position":"center center","background-size":"auto","background-attachment":"scroll","background-type":"","background-media":"","overlay-type":"","overlay-color":"","overlay-opacity":"","overlay-gradient":""},"mobile":{"background-color":"var(--ast-global-color-4)","background-image":"","background-repeat":"repeat","background-position":"center center","background-size":"auto","background-attachment":"scroll","background-type":"","background-media":"","overlay-type":"","overlay-color":"","overlay-opacity":"","overlay-gradient":""}}},"product_brand":[],"product_cat":[21],"product_tag":[25],"class_list":{"0":"post-1304","1":"product","2":"type-product","3":"status-publish","4":"has-post-thumbnail","6":"product_cat-treadmills","7":"product_tag-treadmills","8":"desktop-align-left","9":"tablet-align-left","10":"mobile-align-left","12":"first","13":"instock","14":"sale","15":"taxable","16":"shipping-taxable","17":"purchasable","18":"product-type-simple"},"_links":{"self":[{"href":"http:\/\/bestfitnessstore.com\/de\/wp-json\/wp\/v2\/product\/1304","targetHints":{"allow":["GET"]}}],"collection":[{"href":"http:\/\/bestfitnessstore.com\/de\/wp-json\/wp\/v2\/product"}],"about":[{"href":"http:\/\/bestfitnessstore.com\/de\/wp-json\/wp\/v2\/types\/product"}],"replies":[{"embeddable":true,"href":"http:\/\/bestfitnessstore.com\/de\/wp-json\/wp\/v2\/comments?post=1304"}],"wp:featuredmedia":[{"embeddable":true,"href":"http:\/\/bestfitnessstore.com\/de\/wp-json\/wp\/v2\/media\/1308"}],"wp:attachment":[{"href":"http:\/\/bestfitnessstore.com\/de\/wp-json\/wp\/v2\/media?parent=1304"}],"wp:term":[{"taxonomy":"product_brand","embeddable":true,"href":"http:\/\/bestfitnessstore.com\/de\/wp-json\/wp\/v2\/product_brand?post=1304"},{"taxonomy":"product_cat","embeddable":true,"href":"http:\/\/bestfitnessstore.com\/de\/wp-json\/wp\/v2\/product_cat?post=1304"},{"taxonomy":"product_tag","embeddable":true,"href":"http:\/\/bestfitnessstore.com\/de\/wp-json\/wp\/v2\/product_tag?post=1304"}],"curies":[{"name":"wp","href":"https:\/\/api.w.org\/{rel}","templated":true}]}}