{"id":1294,"date":"2025-11-25T16:41:13","date_gmt":"2025-11-25T16:41:13","guid":{"rendered":"https:\/\/bestfitnessstore.com\/?post_type=product&#038;p=1294"},"modified":"2025-11-25T16:41:13","modified_gmt":"2025-11-25T16:41:13","slug":"nordictrack-commercial-le-klappbares-laufband","status":"publish","type":"product","link":"http:\/\/bestfitnessstore.com\/de\/product\/nordictrack-commercial-le-folding-treadmill\/","title":{"rendered":"NordicTrack Commercial LE Klappbares Laufband"},"content":{"rendered":"<div class=\"product-app-integration\">\n<h4>APP-KONNEKTIVIT\u00c4T<\/h4>\n<div class=\"app-integration-container\">\n<div data-content-type=\"row\" data-appearance=\"contained\" data-element=\"main\">\n<div data-enable-parallax=\"0\" data-parallax-speed=\"0.5\" data-background-images=\"{}\" data-background-type=\"image\" data-video-loop=\"true\" data-video-play-only-visible=\"true\" data-video-lazy-load=\"true\" data-video-fallback-src=\"\" data-element=\"inner\" data-pb-style=\"BI8RT7Q\">\n<div data-content-type=\"html\" data-appearance=\"default\" data-element=\"main\" data-decoded=\"true\">\n<div class=\"app\">\n<div class=\"app-logo\"><img decoding=\"async\" src=\"https:\/\/www.fitness-superstore.co.uk\/media\/wysiwyg\/app_connectivity\/ifit-square-logo-lg.png\" alt=\"Ifit Quadratisches Logo\" \/><\/div>\n<div class=\"app-content\">\n<p class=\"app-title\">IFIT<\/p>\n<p class=\"app-description\">Live- oder On-Demand-Studiokurse und globale Workouts nach Hause holen<\/p>\n<\/div>\n<\/div>\n<\/div>\n<\/div>\n<\/div>\n<\/div>\n<p>*Es k\u00f6nnen Abonnements erforderlich sein. \u00c4nderungen vorbehalten.<\/p>\n<\/div>\n<div class=\"product-attribute-container-desktop desktop-only\">\n<div class=\"additional-attributes-wrapper table-wrapper\">\n<h4>PRODUKTINFORMATION<\/h4>\n<div class=\"attributes-container\">\n<ul class=\"product-attributes-container\">\n<li><span class=\"specification-title\">Gewicht der Verpackung (KG):\u00a0<\/span><span class=\"specification-data\">140.000000<\/span><\/li>\n<li><span class=\"specification-title\">App-Integration:\u00a0<\/span><span class=\"specification-data\">iFIT<\/span><\/li>\n<li><span class=\"specification-title\">Falten:\u00a0<\/span><span class=\"specification-data\">Ja<\/span><\/li>\n<li><span class=\"specification-title\">Maximales Benutzergewicht (kg):\u00a0<\/span><span class=\"specification-data\">182.00 (Kg)<\/span><\/li>\n<li><span class=\"specification-title\">Produktabmessungen (LxBxH):\u00a0<\/span><span class=\"specification-data\">196 x 94 x 151 cm<\/span><\/li>\n<li><span class=\"specification-title\">Zusammengeklappt Abmessungen (LxBxH):\u00a0<\/span><span class=\"specification-data\">112 x 94 x 175 cm<\/span><\/li>\n<\/ul>\n<ul class=\"product-attributes-container\">\n<li><span class=\"specification-title\">Leistung Methode:\u00a0<\/span><span class=\"specification-data\">Elektrisches Netz<\/span><\/li>\n<li><span class=\"specification-title\">Bluetooth:\u00a0<\/span><span class=\"specification-data\">Ja<\/span><\/li>\n<li><span class=\"specification-title\">\u00dcberwachung der Herzfrequenz:\u00a0<\/span><span class=\"specification-data\">Bluetooth<\/span><\/li>\n<li><span class=\"specification-title\">Transport-R\u00e4der:\u00a0<\/span><span class=\"specification-data\">Ja<\/span><\/li>\n<li><span class=\"specification-title\">Abmessungen der Box (LxBxH):\u00a0<\/span><span class=\"specification-data\">214 x 90 x 37 cm<\/span><\/li>\n<\/ul>\n<\/div>\n<\/div>\n<\/div>\n<div class=\"product-features\">\n<h4>ZUS\u00c4TZLICHE EIGENSCHAFTEN<\/h4>\n<div class=\"more-container\">\n<div class=\"unshow-text\">\n<ul class=\"product-features-container\">\n<li><span class=\"specification-title\">Motor:<\/span>\u00a0<span class=\"specification-data\">3.6 KWK-Antriebssystem<\/span><\/li>\n<li><span class=\"specification-title\">Geschwindigkeit:<\/span>\u00a0<span class=\"specification-data\">0-20 km\/h<\/span><\/li>\n<li><span class=\"specification-title\">Gef\u00e4lle\/Neigung:<\/span>\u00a0<span class=\"specification-data\">-3 - 12%<\/span><\/li>\n<li><span class=\"specification-title\">Laufendes Gebiet:<\/span>\u00a0<span class=\"specification-data\">55 x 152 cm<\/span><\/li>\n<li><span class=\"specification-title\">Konsole:<\/span>\u00a0<span class=\"specification-data\">7\u201d kontrastreiches Multicolor-Display (neigbar)<\/span><\/li>\n<li><span class=\"specification-title\">Ablesungen:<\/span>\u00a0<span class=\"specification-data\">Steigung, Entfernung, Zeit, Tempo, Kalorien, H\u00f6hengewinn<\/span><\/li>\n<li><span class=\"specification-title\">IFIT:<\/span>\u00a0<span class=\"specification-data\">Zugang zu globalen Workouts und Stream-Sessions, die von Weltklasse-Trainern geleitet werden, die Sie weiterbringen, um Ihre Ergebnisse zu maximieren. 30 Tage iFIT Train Testversion inklusive<\/span><\/li>\n<li><span class=\"specification-title\">AutoBreeze\u2122-Trainingsventilator:<\/span>\u00a0<span class=\"specification-data\">K\u00fchl bleiben beim Laufen<\/span><\/li>\n<li><span class=\"specification-title\">RunFlex\u2122-D\u00e4mpfung:<\/span>\u00a0<span class=\"specification-data\">Einstellbare Einstellungen f\u00fcr Komfort und Sto\u00dfd\u00e4mpfung<\/span><\/li>\n<li><span class=\"specification-title\">SpaceSaver Design mit EasyLift Assist:<\/span>\u00a0<span class=\"specification-data\">F\u00fcr vertikale Lagerung und einfache Montage<\/span><\/li>\n<li><span class=\"specification-title\">IFIT-Versuch:<\/span>\u00a0<span class=\"specification-data\">30-t\u00e4gige iFIT-Testversion inbegriffen. Zur Aktivierung ist eine Kreditkarte erforderlich. Die iFIT-Mitgliedschaft verl\u00e4ngert sich automatisch, wenn sie nicht im Voraus gek\u00fcndigt wird. Die 30-t\u00e4gige Testphase gilt nur f\u00fcr neue Mitgliedschaften.<\/span><\/li>\n<\/ul>\n<\/div>\n<\/div>\n<\/div>\n<div class=\"product-warranty\">\n<h4>GARANTIE<\/h4>\n<div class=\"text-container\"><strong>Verwendung zu Hause:<\/strong>\u00a0Lebenslange Garantie auf den Rahmen, 10 Jahre auf den Motor, zwei Jahre auf Teile und Arbeit (Bedingungen gelten), sofern das Produkt innerhalb von 28 Tagen nach dem Kauf registriert wird. Die Standardgarantie betr\u00e4gt 12 Monate auf Teile und Arbeit. Diese Garantie gilt nur f\u00fcr den Erstk\u00e4ufer (Sie) und ist nicht \u00fcbertragbar. Die Garantie deckt nicht ab: 1. Normale Abnutzung und Verschlei\u00df (Beispiele f\u00fcr normale Verschlei\u00dfteile sind Lauf- und Antriebsriemen, Batterien, Bremsbel\u00e4ge und Sprungmatten). 2. Jegliche behelfsm\u00e4\u00dfigen Reparaturen, Anpassungen oder \u00c4nderungen, die dieses Produkt von seinem normalen Zweck und seiner normalen Funktion, wie in der Bedienungsanleitung beschrieben, ab\u00e4ndern. 3. Sch\u00e4den durch: a) Mutwillige oder b\u00f6swillige Handlungen. b) Transport. c) Unsachgem\u00e4\u00dfe Installation, Montage oder Anschluss, die nicht den ICON-Spezifikationen oder -Empfehlungen entsprechen. d) Missbrauch, Fehlgebrauch, Nichtbeachtung der Anweisungen oder unsachgem\u00e4\u00dfe oder abnormale Verwendung. e) Nichtbeachtung der Anweisungen in Ihrem Benutzerhandbuch (z. B. Verwendung anderer als der empfohlenen Reinigungs- und Pflegeprodukte, Nichtabschaltung des Produkts nach dem Gebrauch usw.). f) Nicht h\u00e4uslicher Gebrauch (einschlie\u00dflich, aber nicht beschr\u00e4nkt auf den Gebrauch in kommerziellen, professionellen, vermieteten oder institutionellen Umgebungen). g) Reparaturen, die nicht von einem von ICON autorisierten Dienstleister durchgef\u00fchrt wurden, oder die Verwendung von Teilen, die nicht von ICON geliefert oder autorisiert wurden. h) Unf\u00e4lle, St\u00f6\u00dfe, Stromschwankungen, Blitzschlag, St\u00fcrme, Wasser, Feuer, Tiere oder andere Ursachen, die au\u00dferhalb der Kontrolle von ICON liegen. i) Ungeeigneter Standort einschlie\u00dflich, aber nicht beschr\u00e4nkt auf feuchte, staubige oder Au\u00dfenumgebungen (Beispiele sind Garagen, Keller, Veranden und Terrassen).<\/div>\n<\/div>","protected":false},"excerpt":{"rendered":"<div id=\"fullDescription\" class=\"full-description\">\n<div class=\"text-container\">Das NordicTrack Commercial LE Klapp-Laufband wird von einem 3,6 CHP-Antriebssystem angetrieben und erreicht eine Geschwindigkeit von bis zu 20 km\/h. Es bietet einen Steigungs-\/Gef\u00e4lligkeitsbereich von 12% - -3%. Es verf\u00fcgt \u00fcber ein ger\u00e4umiges 55 x 152 cm gro\u00dfes Laufband, das durch die RunFlex\u2122-D\u00e4mpfung erg\u00e4nzt wird, die das Gef\u00fchl von Wandern, Gehen, Laufen und Joggen im Freien simuliert. Das kontrastreiche 7-Zoll-Multicolor-Display des Commercial LE zeigt alle wichtigen Trainingsdaten an, darunter Steigung, Distanz, Zeit, Tempo, Kalorien und H\u00f6henmeter. Laden Sie die iFIT-App auf Ihr Smartger\u00e4t herunter (*30 Tage iFIT Train-Testversion inbegriffen), um auf eine wachsende Bibliothek mit von Trainern geleiteten Workouts zuzugreifen, Ihre Fortschritte automatisch zu verfolgen, reale L\u00e4ufe mit Google Maps\u2122 nachzubilden, sich mit Ihren Freunden zu messen und Ihr Training auf Ihre spezifischen Ziele zuzuschneiden. Der Commercial LE ist au\u00dferdem mit der ActivePulse\u2122-Technologie ausgestattet (SmartBeat-Armband erforderlich), die Ihre Geschwindigkeit und Steigung automatisch anpasst, um Ihre Herzfrequenz in der optimalen Zone zu halten. H\u00f6ren Sie sich die motivierenden Anweisungen Ihres Trainers \u00fcber die integrierten Lautsprecher an, oder schlie\u00dfen Sie Ihre Bluetooth-Kopfh\u00f6rer an, um sich ganz in Ihren Lauf hineinzuversetzen. Wenn Sie Ihren Lauf beendet haben, l\u00e4sst sich das Deck des Commercial LE leicht anheben, um Platz in Ihrem Zimmer zu sparen. Zu den weiteren integrierten Funktionen geh\u00f6ren ein AutoBreeze\u2122-Ventilator und ein USB-C-Anschluss, \u00fcber den dein Smartphone w\u00e4hrend des Trainings vollst\u00e4ndig aufgeladen wird. *30-t\u00e4gige iFIT Train-Testversion inbegriffen. Zur Aktivierung ist eine Kreditkarte erforderlich. Die iFIT Train-Mitgliedschaft verl\u00e4ngert sich automatisch, wenn sie nicht im Voraus gek\u00fcndigt wird. Die 30-Tage-Testversion gilt nur f\u00fcr neue Mitgliedschaften.&nbsp;<\/p>\n<\/div>\n<\/div>\n<div class=\"product-app-integration\"><\/div>","protected":false},"featured_media":1295,"comment_status":"open","ping_status":"closed","template":"","meta":{"site-sidebar-layout":"default","site-content-layout":"","ast-site-content-layout":"default","site-content-style":"default","site-sidebar-style":"default","ast-global-header-display":"","ast-banner-title-visibility":"","ast-main-header-display":"","ast-hfb-above-header-display":"","ast-hfb-below-header-display":"","ast-hfb-mobile-header-display":"","site-post-title":"","ast-breadcrumbs-content":"","ast-featured-img":"","footer-sml-layout":"","theme-transparent-header-meta":"default","adv-header-id-meta":"","stick-header-meta":"","header-above-stick-meta":"","header-main-stick-meta":"","header-below-stick-meta":"","astra-migrate-meta-layouts":"set","ast-page-background-enabled":"default","ast-page-background-meta":{"desktop":{"background-color":"var(--ast-global-color-5)","background-image":"","background-repeat":"repeat","background-position":"center center","background-size":"auto","background-attachment":"scroll","background-type":"","background-media":"","overlay-type":"","overlay-color":"","overlay-opacity":"","overlay-gradient":""},"tablet":{"background-color":"","background-image":"","background-repeat":"repeat","background-position":"center center","background-size":"auto","background-attachment":"scroll","background-type":"","background-media":"","overlay-type":"","overlay-color":"","overlay-opacity":"","overlay-gradient":""},"mobile":{"background-color":"","background-image":"","background-repeat":"repeat","background-position":"center center","background-size":"auto","background-attachment":"scroll","background-type":"","background-media":"","overlay-type":"","overlay-color":"","overlay-opacity":"","overlay-gradient":""}},"ast-content-background-meta":{"desktop":{"background-color":"var(--ast-global-color-4)","background-image":"","background-repeat":"repeat","background-position":"center center","background-size":"auto","background-attachment":"scroll","background-type":"","background-media":"","overlay-type":"","overlay-color":"","overlay-opacity":"","overlay-gradient":""},"tablet":{"background-color":"var(--ast-global-color-4)","background-image":"","background-repeat":"repeat","background-position":"center center","background-size":"auto","background-attachment":"scroll","background-type":"","background-media":"","overlay-type":"","overlay-color":"","overlay-opacity":"","overlay-gradient":""},"mobile":{"background-color":"var(--ast-global-color-4)","background-image":"","background-repeat":"repeat","background-position":"center center","background-size":"auto","background-attachment":"scroll","background-type":"","background-media":"","overlay-type":"","overlay-color":"","overlay-opacity":"","overlay-gradient":""}}},"product_brand":[],"product_cat":[21],"product_tag":[25],"class_list":{"0":"post-1294","1":"product","2":"type-product","3":"status-publish","4":"has-post-thumbnail","6":"product_cat-treadmills","7":"product_tag-treadmills","8":"desktop-align-left","9":"tablet-align-left","10":"mobile-align-left","12":"first","13":"instock","14":"sale","15":"taxable","16":"shipping-taxable","17":"purchasable","18":"product-type-simple"},"_links":{"self":[{"href":"http:\/\/bestfitnessstore.com\/de\/wp-json\/wp\/v2\/product\/1294","targetHints":{"allow":["GET"]}}],"collection":[{"href":"http:\/\/bestfitnessstore.com\/de\/wp-json\/wp\/v2\/product"}],"about":[{"href":"http:\/\/bestfitnessstore.com\/de\/wp-json\/wp\/v2\/types\/product"}],"replies":[{"embeddable":true,"href":"http:\/\/bestfitnessstore.com\/de\/wp-json\/wp\/v2\/comments?post=1294"}],"wp:featuredmedia":[{"embeddable":true,"href":"http:\/\/bestfitnessstore.com\/de\/wp-json\/wp\/v2\/media\/1295"}],"wp:attachment":[{"href":"http:\/\/bestfitnessstore.com\/de\/wp-json\/wp\/v2\/media?parent=1294"}],"wp:term":[{"taxonomy":"product_brand","embeddable":true,"href":"http:\/\/bestfitnessstore.com\/de\/wp-json\/wp\/v2\/product_brand?post=1294"},{"taxonomy":"product_cat","embeddable":true,"href":"http:\/\/bestfitnessstore.com\/de\/wp-json\/wp\/v2\/product_cat?post=1294"},{"taxonomy":"product_tag","embeddable":true,"href":"http:\/\/bestfitnessstore.com\/de\/wp-json\/wp\/v2\/product_tag?post=1294"}],"curies":[{"name":"wp","href":"https:\/\/api.w.org\/{rel}","templated":true}]}}