{"id":1277,"date":"2025-11-25T16:13:34","date_gmt":"2025-11-25T16:13:34","guid":{"rendered":"https:\/\/bestfitnessstore.com\/?post_type=product&#038;p=1277"},"modified":"2025-11-25T16:13:34","modified_gmt":"2025-11-25T16:13:34","slug":"nordictrack-commercial-1250-klappbares-laufband","status":"publish","type":"product","link":"http:\/\/bestfitnessstore.com\/de\/product\/nordictrack-commercial-1250-folding-treadmill\/","title":{"rendered":"NordicTrack Commercial 1250 Klappbares Laufband"},"content":{"rendered":"<div class=\"product-attribute-container-desktop desktop-only\">\n<div class=\"additional-attributes-wrapper table-wrapper\">\n<h4>PRODUKTINFORMATION<\/h4>\n<div class=\"attributes-container\">\n<ul class=\"product-attributes-container\">\n<li><span class=\"specification-title\">Gewicht der Verpackung (KG):\u00a0<\/span><span class=\"specification-data\">140.000000<\/span><\/li>\n<li><span class=\"specification-title\">App-Integration:\u00a0<\/span><span class=\"specification-data\">iFIT<\/span><\/li>\n<li><span class=\"specification-title\">Falten:\u00a0<\/span><span class=\"specification-data\">Ja<\/span><\/li>\n<li><span class=\"specification-title\">Transport-R\u00e4der:\u00a0<\/span><span class=\"specification-data\">Ja<\/span><\/li>\n<li><span class=\"specification-title\">Abmessungen der Box (LxBxH):\u00a0<\/span><span class=\"specification-data\">214 x 90 x 37 cm<\/span><\/li>\n<\/ul>\n<ul class=\"product-attributes-container\">\n<li><span class=\"specification-title\">Leistung Methode:\u00a0<\/span><span class=\"specification-data\">Elektrisches Netz<\/span><\/li>\n<li><span class=\"specification-title\">Bluetooth:\u00a0<\/span><span class=\"specification-data\">Ja<\/span><\/li>\n<li><span class=\"specification-title\">Maximales Benutzergewicht (kg):\u00a0<\/span><span class=\"specification-data\">182.00 (Kg)<\/span><\/li>\n<li><span class=\"specification-title\">Produktabmessungen (LxBxH):\u00a0<\/span><span class=\"specification-data\">196 x 94 x 151 cm<\/span><\/li>\n<li><span class=\"specification-title\">Zusammengeklappt Abmessungen (LxBxH):\u00a0<\/span><span class=\"specification-data\">112 x 94 x 175 cm<\/span><\/li>\n<\/ul>\n<\/div>\n<\/div>\n<\/div>\n<div class=\"product-features\">\n<h4>ZUS\u00c4TZLICHE EIGENSCHAFTEN<\/h4>\n<div class=\"more-container\">\n<div class=\"unshow-text\">\n<ul class=\"product-features-container\">\n<li><span class=\"specification-title\">Motor:<\/span>\u00a0<span class=\"specification-data\">3.6 KWK-Antriebssystem<\/span><\/li>\n<li><span class=\"specification-title\">Geschwindigkeit:<\/span>\u00a0<span class=\"specification-data\">0-20 km\/h<\/span><\/li>\n<li><span class=\"specification-title\">Gef\u00e4lle\/Neigung:<\/span>\u00a0<span class=\"specification-data\">-3%-12%<\/span><\/li>\n<li><span class=\"specification-title\">Laufendes Gebiet:<\/span>\u00a0<span class=\"specification-data\">55 x 152 cm<\/span><\/li>\n<li><span class=\"specification-title\">Konsole:<\/span>\u00a0<span class=\"specification-data\">10\u201d tilting HD touchscreen<\/span><\/li>\n<li><span class=\"specification-title\">IFIT:<\/span>\u00a0<span class=\"specification-data\">Greifen Sie auf globale Workouts und Streaming-Sitzungen zu, die von Weltklasse-Trainern geleitet werden und die Sie weiter vorantreiben, um Ihre Ergebnisse zu maximieren. Synchronisierung mit Strava, Garmin, Google Fit und Apple Health. - iFIT Pro Mitgliedschaft erforderlich<\/span><\/li>\n<li><span class=\"specification-title\">AutoAdjust\u2122-Technologie:<\/span>\u00a0<span class=\"specification-data\">Die Trainer passen Ihre Geschwindigkeit und Steigung automatisch an<\/span><\/li>\n<li><span class=\"specification-title\">AutoBreeze\u2122-Trainingsventilator:<\/span>\u00a0<span class=\"specification-data\">K\u00fchl bleiben beim Laufen<\/span><\/li>\n<li><span class=\"specification-title\">RunFlex\u2122-D\u00e4mpfung:<\/span>\u00a0<span class=\"specification-data\">Einstellbare Einstellung f\u00fcr Komfort und Sto\u00dfd\u00e4mpfung<\/span><\/li>\n<li><span class=\"specification-title\">SpaceSaver Design mit EasyLift Shock Assist:<\/span>\u00a0<span class=\"specification-data\">F\u00fcr vertikale Lagerung und einfache Montage<\/span><\/li>\n<\/ul>\n<\/div>\n<\/div>\n<\/div>\n<div class=\"product-warranty\">\n<h4>GARANTIE<\/h4>\n<div class=\"text-container\"><strong>Verwendung zu Hause:<\/strong>\u00a0Lebenslange Garantie auf den Rahmen, 10 Jahre auf den Motor, zwei Jahre auf Teile und Arbeit (Bedingungen gelten), sofern das Produkt innerhalb von 28 Tagen nach dem Kauf registriert wird. Die Standardgarantie betr\u00e4gt 12 Monate auf Teile und Arbeit. Diese Garantie gilt nur f\u00fcr den Erstk\u00e4ufer (Sie) und ist nicht \u00fcbertragbar. Die Garantie deckt nicht ab: 1. Normale Abnutzung und Verschlei\u00df (Beispiele f\u00fcr normale Verschlei\u00dfteile sind Lauf- und Antriebsriemen, Batterien, Bremsbel\u00e4ge und Sprungmatten). 2. Jegliche behelfsm\u00e4\u00dfigen Reparaturen, Anpassungen oder \u00c4nderungen, die dieses Produkt von seinem normalen Zweck und seiner normalen Funktion, wie in der Bedienungsanleitung beschrieben, ab\u00e4ndern. 3. Sch\u00e4den durch: a) Mutwillige oder b\u00f6swillige Handlungen. b) Transport. c) Unsachgem\u00e4\u00dfe Installation, Montage oder Anschluss, die nicht den ICON-Spezifikationen oder -Empfehlungen entsprechen. d) Missbrauch, Fehlgebrauch, Nichtbeachtung der Anweisungen oder unsachgem\u00e4\u00dfe oder abnormale Verwendung. e) Nichtbeachtung der Anweisungen in Ihrem Benutzerhandbuch (z. B. Verwendung anderer als der empfohlenen Reinigungs- und Pflegeprodukte, Nichtabschaltung des Produkts nach dem Gebrauch usw.). f) Nicht h\u00e4uslicher Gebrauch (einschlie\u00dflich, aber nicht beschr\u00e4nkt auf den Gebrauch in kommerziellen, professionellen, vermieteten oder institutionellen Umgebungen). g) Reparaturen, die nicht von einem von ICON autorisierten Dienstleister durchgef\u00fchrt wurden, oder die Verwendung von Teilen, die nicht von ICON geliefert oder autorisiert wurden. h) Unf\u00e4lle, St\u00f6\u00dfe, Stromschwankungen, Blitzschlag, St\u00fcrme, Wasser, Feuer, Tiere oder andere Ursachen, die au\u00dferhalb der Kontrolle von ICON liegen. i) Ungeeigneter Standort einschlie\u00dflich, aber nicht beschr\u00e4nkt auf feuchte, staubige oder Au\u00dfenumgebungen (Beispiele sind Garagen, Keller, Veranden und Terrassen).<\/div>\n<\/div>","protected":false},"excerpt":{"rendered":"<p>Under the cover, the NordicTrack Commercial 1250 Folding Treadmill holds a 3.6 CHP drive system, enabling it to reach a decline\/incline range of -3 \u2013 12% and maximum speeds of 20 km\/h \u2013 this means you can run up to a 5-minute mile (3:07-minute kilometre) pace right on your treadmill. The Commercial 1250 Folding Treadmill has a 55 x 152 cm tread bel, with RunFlex\u2122 cushioning that\u2019s designed to absorb impact and provide stability so you can go the extra mile. Together with iFIT, the NordicTrack Commercial 1250 Folding Treadmill creates a workout experience unlike any other that keeps you coming back for more. Sign in to your iFIT Pro account (membership not included) directly on the Commercial 1250\u2019s tilting 10\u201d HD touchscreen display and your home page will show you the next workout in your personalised plan. As you work out, iFIT tracks your performance and automatically changes the 12% incline to -3% decline range, and 0-20 km\/h speed range to exactly what you need, so every workout is hands-free and personalised to you. Add your own Bluetooth\u00ae -enabled heart rate monitor, and iFIT can automatically change your workout intensity to keep you in a target zone with ActivePulse\u2122. Your iFIT Trainers are professional athletes and fitness experts\u2014they know how to help you get the lasting results you\u2019re after. iFIT features over 10,000 workouts and is the world\u2019s largest outdoor workout library. When your workout is finished, it\u2019s easy to fold and roll away the treadmill to maximise your floor space. Other features include an integrated AutoBreeze\u2122 fan and a built-in USB-C port to keep your phone fully-charged while you train.<\/p>\n<div class=\"product-attribute-container-desktop desktop-only\">\n<div class=\"additional-attributes-wrapper table-wrapper\"><\/div>\n<\/div>","protected":false},"featured_media":1280,"comment_status":"open","ping_status":"closed","template":"","meta":{"site-sidebar-layout":"default","site-content-layout":"","ast-site-content-layout":"default","site-content-style":"default","site-sidebar-style":"default","ast-global-header-display":"","ast-banner-title-visibility":"","ast-main-header-display":"","ast-hfb-above-header-display":"","ast-hfb-below-header-display":"","ast-hfb-mobile-header-display":"","site-post-title":"","ast-breadcrumbs-content":"","ast-featured-img":"","footer-sml-layout":"","theme-transparent-header-meta":"default","adv-header-id-meta":"","stick-header-meta":"","header-above-stick-meta":"","header-main-stick-meta":"","header-below-stick-meta":"","astra-migrate-meta-layouts":"set","ast-page-background-enabled":"default","ast-page-background-meta":{"desktop":{"background-color":"var(--ast-global-color-5)","background-image":"","background-repeat":"repeat","background-position":"center center","background-size":"auto","background-attachment":"scroll","background-type":"","background-media":"","overlay-type":"","overlay-color":"","overlay-opacity":"","overlay-gradient":""},"tablet":{"background-color":"","background-image":"","background-repeat":"repeat","background-position":"center center","background-size":"auto","background-attachment":"scroll","background-type":"","background-media":"","overlay-type":"","overlay-color":"","overlay-opacity":"","overlay-gradient":""},"mobile":{"background-color":"","background-image":"","background-repeat":"repeat","background-position":"center center","background-size":"auto","background-attachment":"scroll","background-type":"","background-media":"","overlay-type":"","overlay-color":"","overlay-opacity":"","overlay-gradient":""}},"ast-content-background-meta":{"desktop":{"background-color":"var(--ast-global-color-4)","background-image":"","background-repeat":"repeat","background-position":"center center","background-size":"auto","background-attachment":"scroll","background-type":"","background-media":"","overlay-type":"","overlay-color":"","overlay-opacity":"","overlay-gradient":""},"tablet":{"background-color":"var(--ast-global-color-4)","background-image":"","background-repeat":"repeat","background-position":"center center","background-size":"auto","background-attachment":"scroll","background-type":"","background-media":"","overlay-type":"","overlay-color":"","overlay-opacity":"","overlay-gradient":""},"mobile":{"background-color":"var(--ast-global-color-4)","background-image":"","background-repeat":"repeat","background-position":"center center","background-size":"auto","background-attachment":"scroll","background-type":"","background-media":"","overlay-type":"","overlay-color":"","overlay-opacity":"","overlay-gradient":""}}},"product_brand":[],"product_cat":[21],"product_tag":[25],"class_list":{"0":"post-1277","1":"product","2":"type-product","3":"status-publish","4":"has-post-thumbnail","6":"product_cat-treadmills","7":"product_tag-treadmills","8":"desktop-align-left","9":"tablet-align-left","10":"mobile-align-left","12":"first","13":"instock","14":"sale","15":"taxable","16":"shipping-taxable","17":"purchasable","18":"product-type-simple"},"_links":{"self":[{"href":"http:\/\/bestfitnessstore.com\/de\/wp-json\/wp\/v2\/product\/1277","targetHints":{"allow":["GET"]}}],"collection":[{"href":"http:\/\/bestfitnessstore.com\/de\/wp-json\/wp\/v2\/product"}],"about":[{"href":"http:\/\/bestfitnessstore.com\/de\/wp-json\/wp\/v2\/types\/product"}],"replies":[{"embeddable":true,"href":"http:\/\/bestfitnessstore.com\/de\/wp-json\/wp\/v2\/comments?post=1277"}],"wp:featuredmedia":[{"embeddable":true,"href":"http:\/\/bestfitnessstore.com\/de\/wp-json\/wp\/v2\/media\/1280"}],"wp:attachment":[{"href":"http:\/\/bestfitnessstore.com\/de\/wp-json\/wp\/v2\/media?parent=1277"}],"wp:term":[{"taxonomy":"product_brand","embeddable":true,"href":"http:\/\/bestfitnessstore.com\/de\/wp-json\/wp\/v2\/product_brand?post=1277"},{"taxonomy":"product_cat","embeddable":true,"href":"http:\/\/bestfitnessstore.com\/de\/wp-json\/wp\/v2\/product_cat?post=1277"},{"taxonomy":"product_tag","embeddable":true,"href":"http:\/\/bestfitnessstore.com\/de\/wp-json\/wp\/v2\/product_tag?post=1277"}],"curies":[{"name":"wp","href":"https:\/\/api.w.org\/{rel}","templated":true}]}}