{"id":1252,"date":"2025-11-25T16:01:30","date_gmt":"2025-11-25T16:01:30","guid":{"rendered":"https:\/\/bestfitnessstore.com\/?post_type=product&#038;p=1252"},"modified":"2025-11-25T16:01:30","modified_gmt":"2025-11-25T16:01:30","slug":"matrix-fitness-tf30-klappbares-laufband-mit-xir-konsole","status":"publish","type":"product","link":"http:\/\/bestfitnessstore.com\/de\/product\/matrix-fitness-tf30-folding-treadmill-with-xir-console\/","title":{"rendered":"Matrix Fitness TF30 Klappbares Laufband mit XIR-Konsole"},"content":{"rendered":"<div class=\"product-attribute-container-desktop desktop-only\">\n<div class=\"additional-attributes-wrapper table-wrapper\">\n<h4>PRODUKTINFORMATION<\/h4>\n<div class=\"attributes-container\">\n<ul class=\"product-attributes-container\">\n<li><span class=\"specification-title\">Gewicht der Verpackung (KG):\u00a0<\/span><span class=\"specification-data\">150.400000<\/span><\/li>\n<li><span class=\"specification-title\">Tablet-Halterung:\u00a0<\/span><span class=\"specification-data\">Ja<\/span><\/li>\n<li><span class=\"specification-title\">Falten:\u00a0<\/span><span class=\"specification-data\">Ja<\/span><\/li>\n<li><span class=\"specification-title\">Maximales Benutzergewicht (kg):\u00a0<\/span><span class=\"specification-data\">159.00 (Kg)<\/span><\/li>\n<li><span class=\"specification-title\">Transport-R\u00e4der:\u00a0<\/span><span class=\"specification-data\">Ja<\/span><\/li>\n<li><span class=\"specification-title\">Zusammengeklappt Abmessungen (LxBxH):\u00a0<\/span><span class=\"specification-data\">106 x 90 x 181 cm<\/span><\/li>\n<\/ul>\n<ul class=\"product-attributes-container\">\n<li><span class=\"specification-title\">App-Integration:\u00a0<\/span><span class=\"specification-data\">KinoMap, Zwift<\/span><\/li>\n<li><span class=\"specification-title\">Bluetooth:\u00a0<\/span><span class=\"specification-data\">Ja<\/span><\/li>\n<li><span class=\"specification-title\">\u00dcberwachung der Herzfrequenz:\u00a0<\/span><span class=\"specification-data\">Eingebaute Sensoren und Bluetooth<\/span><\/li>\n<li><span class=\"specification-title\">Eingebaute Programme:\u00a0<\/span><span class=\"specification-data\">Manuell, Rolling Hills, Intervalle, Zeitziel, Entfernungsziel, Kalorienziel, Zielherzfrequenz (Geschwindigkeit), Zielherzfrequenz (Steigung), Sprint 8, Benutzerdefiniert<\/span><\/li>\n<li><span class=\"specification-title\">Produktabmessungen (LxBxH):\u00a0<\/span><span class=\"specification-data\">195 x 90 x 157 cm<\/span><\/li>\n<\/ul>\n<\/div>\n<\/div>\n<\/div>\n<div class=\"product-features\">\n<h4>ZUS\u00c4TZLICHE EIGENSCHAFTEN<\/h4>\n<div class=\"more-container\">\n<div class=\"unshow-text\">\n<ul class=\"product-features-container\">\n<li><span class=\"specification-title\">Motor:<\/span>\u00a0<span class=\"specification-data\">Johnson-Antriebssystem mit 3,25 PS Dauerleistung<\/span><\/li>\n<li><span class=\"specification-title\">Geschwindigkeit:<\/span>\u00a0<span class=\"specification-data\">0,8 - 20 km\/h<\/span><\/li>\n<li><span class=\"specification-title\">Steigung:<\/span>\u00a0<span class=\"specification-data\">0-15%<\/span><\/li>\n<li><span class=\"specification-title\">Laufendes Gebiet:<\/span>\u00a0<span class=\"specification-data\">51 x 140 cm<\/span><\/li>\n<li><span class=\"specification-title\">G\u00fcrtel\/Deckst\u00e4rke:<\/span>\u00a0<span class=\"specification-data\">2-lagig, 1,6 mm \/ 25,4 mm<\/span><\/li>\n<li><span class=\"specification-title\">XIR-Konsole:<\/span>\u00a0<span class=\"specification-data\">HD-Touchscreen der 16-Zoll-Klasse mit erweiterter Bluetooth-Konnektivit\u00e4t, USB-Anschluss, HDMI-Anschluss, Konsolen-Apps, Leseablage, Energiesparmodus, ViewFit-Konnektivit\u00e4t (Integration mit Fitness-Apps). WiFi f\u00fcr Apps und Software-Updates erforderlich.<\/span><\/li>\n<li><span class=\"specification-title\">Trainingsprogramme:<\/span>\u00a0<span class=\"specification-data\">12<\/span><\/li>\n<li><span class=\"specification-title\">Konsolenanwendungen:<\/span>\u00a0<span class=\"specification-data\">Virtual Active, Sprint8, YouTube, Spotify, Netflix und mehr. Abonnements sind nicht enthalten.<\/span><\/li>\n<li><span class=\"specification-title\">Ultimatives Decksystem:<\/span>\u00a0<span class=\"specification-data\">Strapazierf\u00e4higer Rahmen, extradickes Deck und industrietaugliche Polsterung<\/span><\/li>\n<li><span class=\"specification-title\">Zubeh\u00f6r:<\/span>\u00a0<span class=\"specification-data\">Water bottle holders, device rack, transport wheels, USB port, 5w speakers<\/span><\/li>\n<li><span class=\"specification-title\">Maximales Benutzergewicht:<\/span>\u00a0<span class=\"specification-data\">159 kg \/ ca. 25st.<\/span><\/li>\n<li><span class=\"specification-title\">Abmessungen (LxBxH):<\/span>\u00a0<span class=\"specification-data\">195 x 90 x 157 cm \/ 77\u201d x 35\u201d x 62\u201d<\/span><\/li>\n<li><span class=\"specification-title\">Zusammengeklappt Abmessungen (LxBxH):<\/span>\u00a0<span class=\"specification-data\">106 x 90 x 181 cm \/ 42\u201d x 35\u201d x 71\u201d<\/span><\/li>\n<\/ul>\n<\/div>\n<\/div>\n<\/div>\n<div class=\"product-warranty\">\n<h4>GARANTIE<\/h4>\n<div class=\"text-container\"><strong>Verwendung zu Hause:<\/strong>\u00a0Haus- 10 Jahre Motor, 3 Jahre P\/L,<\/div>\n<\/div>","protected":false},"excerpt":{"rendered":"<p>Das klappbare Laufband TF30 von Matrix Fitness bietet die fortschrittlichste Kombination aus Rahmen und Lauffl\u00e4che, die eine zuverl\u00e4ssige Plattform f\u00fcr Ihr Heimtraining darstellt. Mit dem 3,25 PS Johnson Drive System bleiben Sie in perfektem Rhythmus, da sich das System bei jedem Schritt neu kalibriert. Der TF30 ist mit dem exklusiven Ultimate Desk System von Matrix ausgestattet, das einen hochbelastbaren Rahmen, ein extra dickes Deck und industrietaugliche Polster umfasst, die f\u00fcr dauerhafte Leistung sorgen. Auf der ger\u00e4umigen 51 x 140 cm gro\u00dfen Lauffl\u00e4che erreichen Sie Spitzengeschwindigkeiten von 20 km\/h und Steigungen von bis zu 15%. Mit der fortschrittlichen XIR-Konsole ist es ein Leichtes, jedes Training mit 12 metrischen Cardioprogrammen wie Sprint 8 frisch zu halten. \u00dcber die ViewFit-Konnektivit\u00e4t k\u00f6nnen Sie sich mit den von Ihnen bereits genutzten Apps wie MyFitnessPal, Strava, Fitbit und anderen synchronisieren und Unterhaltungsangebote wie Netflix, Spotify und YouTube genie\u00dfen (Abonnements nicht inbegriffen). Verbinden Sie Ihre Konsole \u00fcber WiFi f\u00fcr Software-Updates, ViewFit, Web-Browsing und Unterhaltungs-Apps. Mit der integrierten Polar Herzfrequenz-Technologie erhalten Sie das genaueste Herzfrequenz-Feedback, das ein Fitnessger\u00e4t bieten kann. Ein Polar Herzfrequenz-Gurt ist im Lieferumfang des XIR enthalten. Das klappbare Laufband TF30 verf\u00fcgt \u00fcber ein praktisches, platzsparendes Design, das es Ihnen erm\u00f6glicht, das Ger\u00e4t in einer vertikalen Position zu verstauen, wenn es nicht benutzt wird. Au\u00dferdem verf\u00fcgt es \u00fcber Wasserflaschenhalter, eine Ger\u00e4teablage, einen USB-Anschluss, einen HDMI-Anschluss f\u00fcr die Telefonspiegelung, 5-Watt-Lautsprecher und Transportrollen.<\/p>\n<div class=\"product-attribute-container-desktop desktop-only\">\n<div class=\"additional-attributes-wrapper table-wrapper\"><\/div>\n<\/div>","protected":false},"featured_media":1256,"comment_status":"open","ping_status":"closed","template":"","meta":{"site-sidebar-layout":"default","site-content-layout":"","ast-site-content-layout":"default","site-content-style":"default","site-sidebar-style":"default","ast-global-header-display":"","ast-banner-title-visibility":"","ast-main-header-display":"","ast-hfb-above-header-display":"","ast-hfb-below-header-display":"","ast-hfb-mobile-header-display":"","site-post-title":"","ast-breadcrumbs-content":"","ast-featured-img":"","footer-sml-layout":"","theme-transparent-header-meta":"default","adv-header-id-meta":"","stick-header-meta":"","header-above-stick-meta":"","header-main-stick-meta":"","header-below-stick-meta":"","astra-migrate-meta-layouts":"set","ast-page-background-enabled":"default","ast-page-background-meta":{"desktop":{"background-color":"var(--ast-global-color-5)","background-image":"","background-repeat":"repeat","background-position":"center center","background-size":"auto","background-attachment":"scroll","background-type":"","background-media":"","overlay-type":"","overlay-color":"","overlay-opacity":"","overlay-gradient":""},"tablet":{"background-color":"","background-image":"","background-repeat":"repeat","background-position":"center center","background-size":"auto","background-attachment":"scroll","background-type":"","background-media":"","overlay-type":"","overlay-color":"","overlay-opacity":"","overlay-gradient":""},"mobile":{"background-color":"","background-image":"","background-repeat":"repeat","background-position":"center center","background-size":"auto","background-attachment":"scroll","background-type":"","background-media":"","overlay-type":"","overlay-color":"","overlay-opacity":"","overlay-gradient":""}},"ast-content-background-meta":{"desktop":{"background-color":"var(--ast-global-color-4)","background-image":"","background-repeat":"repeat","background-position":"center center","background-size":"auto","background-attachment":"scroll","background-type":"","background-media":"","overlay-type":"","overlay-color":"","overlay-opacity":"","overlay-gradient":""},"tablet":{"background-color":"var(--ast-global-color-4)","background-image":"","background-repeat":"repeat","background-position":"center center","background-size":"auto","background-attachment":"scroll","background-type":"","background-media":"","overlay-type":"","overlay-color":"","overlay-opacity":"","overlay-gradient":""},"mobile":{"background-color":"var(--ast-global-color-4)","background-image":"","background-repeat":"repeat","background-position":"center center","background-size":"auto","background-attachment":"scroll","background-type":"","background-media":"","overlay-type":"","overlay-color":"","overlay-opacity":"","overlay-gradient":""}}},"product_brand":[],"product_cat":[21],"product_tag":[25],"class_list":{"0":"post-1252","1":"product","2":"type-product","3":"status-publish","4":"has-post-thumbnail","6":"product_cat-treadmills","7":"product_tag-treadmills","8":"desktop-align-left","9":"tablet-align-left","10":"mobile-align-left","12":"first","13":"instock","14":"sale","15":"taxable","16":"shipping-taxable","17":"purchasable","18":"product-type-simple"},"_links":{"self":[{"href":"http:\/\/bestfitnessstore.com\/de\/wp-json\/wp\/v2\/product\/1252","targetHints":{"allow":["GET"]}}],"collection":[{"href":"http:\/\/bestfitnessstore.com\/de\/wp-json\/wp\/v2\/product"}],"about":[{"href":"http:\/\/bestfitnessstore.com\/de\/wp-json\/wp\/v2\/types\/product"}],"replies":[{"embeddable":true,"href":"http:\/\/bestfitnessstore.com\/de\/wp-json\/wp\/v2\/comments?post=1252"}],"wp:featuredmedia":[{"embeddable":true,"href":"http:\/\/bestfitnessstore.com\/de\/wp-json\/wp\/v2\/media\/1256"}],"wp:attachment":[{"href":"http:\/\/bestfitnessstore.com\/de\/wp-json\/wp\/v2\/media?parent=1252"}],"wp:term":[{"taxonomy":"product_brand","embeddable":true,"href":"http:\/\/bestfitnessstore.com\/de\/wp-json\/wp\/v2\/product_brand?post=1252"},{"taxonomy":"product_cat","embeddable":true,"href":"http:\/\/bestfitnessstore.com\/de\/wp-json\/wp\/v2\/product_cat?post=1252"},{"taxonomy":"product_tag","embeddable":true,"href":"http:\/\/bestfitnessstore.com\/de\/wp-json\/wp\/v2\/product_tag?post=1252"}],"curies":[{"name":"wp","href":"https:\/\/api.w.org\/{rel}","templated":true}]}}