{"id":1221,"date":"2025-11-25T14:11:53","date_gmt":"2025-11-25T14:11:53","guid":{"rendered":"https:\/\/bestfitnessstore.com\/?post_type=product&#038;p=1221"},"modified":"2025-11-25T14:22:15","modified_gmt":"2025-11-25T14:22:15","slug":"life-fitness-t5-laufband-mit-track-connect-2-0-konsole","status":"publish","type":"product","link":"http:\/\/bestfitnessstore.com\/de\/product\/life-fitness-t5-treadmill-with-track-connect-2-0-console\/","title":{"rendered":"Life Fitness T5-Laufband mit Track Connect 2.0-Konsole"},"content":{"rendered":"<div class=\"product-attribute-container-desktop desktop-only\">\n<div class=\"additional-attributes-wrapper table-wrapper\">\n<h4>PRODUKTINFORMATION<\/h4>\n<div class=\"attributes-container\">\n<ul class=\"product-attributes-container\">\n<li><span class=\"specification-title\">Gewicht der Verpackung (KG):\u00a0<\/span><span class=\"specification-data\">202.040000<\/span><\/li>\n<li><span class=\"specification-title\">Leistung Methode:\u00a0<\/span><span class=\"specification-data\">Elektrisches Netz<\/span><\/li>\n<li><span class=\"specification-title\">Tablet-Halterung:\u00a0<\/span><span class=\"specification-data\">Ja<\/span><\/li>\n<li><span class=\"specification-title\">Falten:\u00a0<\/span><span class=\"specification-data\">Nein<\/span><\/li>\n<li><span class=\"specification-title\">Maximales Benutzergewicht (kg):\u00a0<\/span><span class=\"specification-data\">181.00 (Kg)<\/span><\/li>\n<li><span class=\"specification-title\">Transport-R\u00e4der:\u00a0<\/span><span class=\"specification-data\">Ja<\/span><\/li>\n<\/ul>\n<ul class=\"product-attributes-container\">\n<li><span class=\"specification-title\">Produktgewicht (KG):\u00a0<\/span><span class=\"specification-data\">155<\/span><\/li>\n<li><span class=\"specification-title\">App-Integration:\u00a0<\/span><span class=\"specification-data\">KinoMap, Life Fitness Connect, Rouvy, Zwift<\/span><\/li>\n<li><span class=\"specification-title\">Bluetooth:\u00a0<\/span><span class=\"specification-data\">Ja<\/span><\/li>\n<li><span class=\"specification-title\">\u00dcberwachung der Herzfrequenz:\u00a0<\/span><span class=\"specification-data\">Brustgurt, eingebaute Sensoren und Bluetooth<\/span><\/li>\n<li><span class=\"specification-title\">Eingebaute Programme:\u00a0<\/span><span class=\"specification-data\">15<\/span><\/li>\n<li><span class=\"specification-title\">Produktabmessungen (LxBxH):\u00a0<\/span><span class=\"specification-data\">203 x 81 x 152 cm<\/span><\/li>\n<\/ul>\n<\/div>\n<\/div>\n<\/div>\n<div class=\"product-features\">\n<h4>ZUS\u00c4TZLICHE EIGENSCHAFTEN<\/h4>\n<div class=\"more-container\">\n<div class=\"unshow-text\">\n<ul class=\"product-features-container\">\n<li><span class=\"specification-title\">Rahmen:<\/span>\u00a0<span class=\"specification-data\">Robotisch geschwei\u00dfter Stahlrahmen<\/span><\/li>\n<li><span class=\"specification-title\">Motorisches System:<\/span>\u00a0<span class=\"specification-data\">3,0-PS-Motorsystem mit kontinuierlicher Leistung<\/span><\/li>\n<li><span class=\"specification-title\">Motorsteuerung:<\/span>\u00a0<span class=\"specification-data\">Der von Life Fitness entwickelte mikroprozessorgesteuerte PWM-Controller<\/span><\/li>\n<li><span class=\"specification-title\">Geschwindigkeit:<\/span>\u00a0<span class=\"specification-data\">0,5 - 12 mph (0,8 - 19,3 kph)<\/span><\/li>\n<li><span class=\"specification-title\">Steigung:<\/span>\u00a0<span class=\"specification-data\">0 - 15%<\/span><\/li>\n<li><span class=\"specification-title\">GoSystem\u2122 Unteres Steuerkissen:<\/span>\u00a0<span class=\"specification-data\">Schnellstart per Knopfdruck, 3 anpassbare Geschwindigkeitsvoreinstellungen, 3 anpassbare Steigungsvoreinstellungen<\/span><\/li>\n<li><span class=\"specification-title\">Deck:<\/span>\u00a0<span class=\"specification-data\">3\/4\u201d-Handelsklasse-Isocyanid-Deck<\/span><\/li>\n<li><span class=\"specification-title\">Deck-Sto\u00dfd\u00e4mpfung:<\/span>\u00a0<span class=\"specification-data\">FlexDeck\u00ae Select Shock Absorption System mit 3 H\u00e4rtegraden<\/span><\/li>\n<li><span class=\"specification-title\">Handl\u00e4ufe:<\/span>\u00a0<span class=\"specification-data\">Seitliche Handl\u00e4ufe und vorderer Ergo\u2122-B\u00fcgel<\/span><\/li>\n<li><span class=\"specification-title\">G\u00fcrtel:<\/span>\u00a0<span class=\"specification-data\">152 x 56 cm mehrlagig, vorgeschmiert (LxB)<\/span><\/li>\n<li><span class=\"specification-title\">Walzen:<\/span>\u00a0<span class=\"specification-data\">6cm Pr\u00e4zisionskrone<\/span><\/li>\n<li><span class=\"specification-title\">Track Connect 2.0-Konsole:<\/span>\u00a0<span class=\"specification-data\">Verbessertes Bluetooth\u00ae f\u00fcr die Verbindung mit Apple Watch\u00ae, Samsung Galaxy Watch\u00ae, Apple\u00ae und Android\u2122-Smartphones<\/span><\/li>\n<li><span class=\"specification-title\">18 cm gro\u00dfes wei\u00dfes LCD-Display:<\/span>\u00a0<span class=\"specification-data\">Mit p\u00e4dagogischer Nachrichtenzentrale<\/span><\/li>\n<li><span class=\"specification-title\">Benutzerdefinierte Workouts pro Benutzerprofil:<\/span>\u00a0<span class=\"specification-data\">3<\/span><\/li>\n<li><span class=\"specification-title\">Workout-Feedback:<\/span>\u00a0<span class=\"specification-data\">Stufe, Zeit, Geschwindigkeit (mph, km\/h, rpm), Tempo, Entfernung, Herzfrequenz, Zielherzfrequenz, Kalorien, animierte Symbole<\/span><\/li>\n<li><span class=\"specification-title\">Besondere Merkmale:<\/span>\u00a0<span class=\"specification-data\">Energiesparmodus, Schnellstart, Rennmodus, Aufw\u00e4rm- und Abk\u00fchlmodus, 4 Benutzerprofile, Kompressionsunterhaltungsst\u00e4nder<\/span><\/li>\n<li><span class=\"specification-title\">Zubeh\u00f6r:<\/span>\u00a0<span class=\"specification-data\">Abnehmbare, sp\u00fclmaschinenfeste Wasserflaschenhalter, Zubeh\u00f6rfach und Herzfrequenz-Brustgurt inklusive<\/span><\/li>\n<li><span class=\"specification-title\">LFconnect Zug\u00e4nglichkeit auf LFconnect.com:<\/span>\u00a0<span class=\"specification-data\">Extrem genaue Trainingsverfolgung, Life Fitness\u2122 On Demand-Kurse, adaptives Audio-Coaching, Workout-Erstellung und mehr (Download im Apple App Store\u2122 oder Google Play\u2122)<\/span><\/li>\n<li><span class=\"specification-title\">Kompatibilit\u00e4t<\/span>\u00a0<span class=\"specification-data\">Kompatibel mit Apps von Drittanbietern (eine Liste der kompatiblen Apps finden Sie unter LifeFitness.com\/More<\/span><\/li>\n<li><span class=\"specification-title\">Verbindung:<\/span>\u00a0<span class=\"specification-data\">Bluetooth\u00ae- und NFC-Verbindung<\/span><\/li>\n<li><span class=\"specification-title\">Sicherheit:<\/span>\u00a0<span class=\"specification-data\">CE, CSA, TUV, UL zertifiziert<\/span><\/li>\n<li><span class=\"specification-title\">Sprachen:<\/span>\u00a0<span class=\"specification-data\">Englisch, Russisch, Spanisch und Deutsch<\/span><\/li>\n<\/ul>\n<\/div>\n<\/div>\n<\/div>\n<div class=\"product-warranty\">\n<h4>GARANTIE<\/h4>\n<div class=\"text-container\"><strong>Verwendung zu Hause:<\/strong>\u00a010 Jahre auf den Rahmen, 10 Jahre auf den Motor, 3 Jahre auf Teile und Arbeit, 3 Monate auf kosmetische Teile.<\/div>\n<\/div>","protected":false},"excerpt":{"rendered":"<p>Mit einem robotergeschwei\u00dften Stahlrahmen, einem 3,0-PS-Dauermotorsystem und einem von Life Fitness entwickelten mikroprozessorgesteuerten PWM-Controller ist das Life Fitness-Laufband T5 ein unglaubliches Ger\u00e4t f\u00fcr den Heimgebrauch. Der Geschwindigkeitsbereich von 0,5 - 12 mph kann einfach \u00fcber das GoSystem\u2122 Lower Control Pad gesteuert werden, das einen Schnellstart per Knopfdruck, 3 anpassbare Geschwindigkeitsvoreinstellungen und 3 anpassbare Steigungsvoreinstellungen bietet. Mit den Rahmensensoren und dem mitgelieferten kabellosen Brustgurt ist auch die \u00dcberwachung der Herzfrequenz durch Kontakt und Telemetrie m\u00f6glich. Das 3\/4-Zoll-Isocyanid-Deck ist mit einem FlexDeck\u00ae Select-Sto\u00dfd\u00e4mpfungssystem mit 3 H\u00e4rtegradeinstellungen ausgestattet. Das Deck ist mit einem 152 x 56 cm gro\u00dfen, mehrlagigen, vorgeschmierten Riemen und 6 cm dicken, pr\u00e4zisionsgeb\u00f6rdelten Rollen ausgestattet. Au\u00dferdem gibt es seitliche Handl\u00e4ufe und eine vordere Ergo\u2122-Stange zur Unterst\u00fctzung. Das 18 cm gro\u00dfe wei\u00dfe LCD-Display der neuen Track Connect 2.0-Konsole verf\u00fcgt \u00fcber ein Informationszentrum und 3 benutzerdefinierte Workouts pro Benutzerprofil sowie 15 Trainingsoptionen: Klassische Workouts: Manual, Random, Hill Fortgeschrittene Workouts: EZ Resistance, Sport Training, Fit Test HeartSync\u2122 herzfrequenzgesteuerte Trainingseinheiten: Fettverbrennung, Cardio, Heart Rate Hill\u2122, Heart Rate Interval\u2122, Extreme Heart Rate\u2122 Zieltrainings: Kalorien, Distanz, Zielherzfrequenz-Workout. Der Track Connect 2.0 verf\u00fcgt \u00fcber ein verbessertes Bluetooth\u00ae, das die Kopplung mit einer Apple Watch\u00ae oder Samsung Galaxy Watch\u00ae sowie mit Apple\u00ae- oder Android\u2122-Smartphones erm\u00f6glicht. So k\u00f6nnen Sie sich nahtlos mit dem Laufband verbinden und erhalten extrem genaue Trainingsinformationen. Ein Zwei-Zonen-Design trennt die Unterhaltungs- und Trainingsbereiche. Zu den besonderen Merkmalen des T5 geh\u00f6ren: Energiesparmodus, Schnellstartmodus, Rennmodus, Aufw\u00e4rm- und Abk\u00fchlmodus, 4 Benutzerprofile und eine komprimierbare Unterhaltungsablage. Dar\u00fcber hinaus finden Sie abnehmbare, sp\u00fclmaschinenfeste Wasserflaschenhalter und ein Zubeh\u00f6rfach. Mit dem LFconnect-Zugang auf LFconnect.com haben Sie Zugang zu folgenden Vorteilen: unbegrenzte Anpassung, Workout-Tracking, USB-Anschluss (Software-Updates, Speichern von Trainingsprogrammen) und die LFconnect App (Download im iTunes\u00ae App Store oder Google Play\u2122). Der T5 ist mit Apps von Drittanbietern kompatibel (eine Liste der kompatiblen Apps finden Sie unter LifeFitness.com\/MoreApps), und Sie k\u00f6nnen sowohl eine Bluetooth\u00ae- als auch eine NFC-Verbindung herstellen.<\/p>\n<div class=\"product-attribute-container-desktop desktop-only\">\n<div class=\"additional-attributes-wrapper table-wrapper\"><\/div>\n<\/div>","protected":false},"featured_media":1220,"comment_status":"open","ping_status":"closed","template":"","meta":{"site-sidebar-layout":"default","site-content-layout":"","ast-site-content-layout":"default","site-content-style":"default","site-sidebar-style":"default","ast-global-header-display":"","ast-banner-title-visibility":"","ast-main-header-display":"","ast-hfb-above-header-display":"","ast-hfb-below-header-display":"","ast-hfb-mobile-header-display":"","site-post-title":"","ast-breadcrumbs-content":"","ast-featured-img":"","footer-sml-layout":"","theme-transparent-header-meta":"default","adv-header-id-meta":"","stick-header-meta":"","header-above-stick-meta":"","header-main-stick-meta":"","header-below-stick-meta":"","astra-migrate-meta-layouts":"set","ast-page-background-enabled":"default","ast-page-background-meta":{"desktop":{"background-color":"var(--ast-global-color-5)","background-image":"","background-repeat":"repeat","background-position":"center center","background-size":"auto","background-attachment":"scroll","background-type":"","background-media":"","overlay-type":"","overlay-color":"","overlay-opacity":"","overlay-gradient":""},"tablet":{"background-color":"","background-image":"","background-repeat":"repeat","background-position":"center center","background-size":"auto","background-attachment":"scroll","background-type":"","background-media":"","overlay-type":"","overlay-color":"","overlay-opacity":"","overlay-gradient":""},"mobile":{"background-color":"","background-image":"","background-repeat":"repeat","background-position":"center center","background-size":"auto","background-attachment":"scroll","background-type":"","background-media":"","overlay-type":"","overlay-color":"","overlay-opacity":"","overlay-gradient":""}},"ast-content-background-meta":{"desktop":{"background-color":"var(--ast-global-color-4)","background-image":"","background-repeat":"repeat","background-position":"center center","background-size":"auto","background-attachment":"scroll","background-type":"","background-media":"","overlay-type":"","overlay-color":"","overlay-opacity":"","overlay-gradient":""},"tablet":{"background-color":"var(--ast-global-color-4)","background-image":"","background-repeat":"repeat","background-position":"center center","background-size":"auto","background-attachment":"scroll","background-type":"","background-media":"","overlay-type":"","overlay-color":"","overlay-opacity":"","overlay-gradient":""},"mobile":{"background-color":"var(--ast-global-color-4)","background-image":"","background-repeat":"repeat","background-position":"center center","background-size":"auto","background-attachment":"scroll","background-type":"","background-media":"","overlay-type":"","overlay-color":"","overlay-opacity":"","overlay-gradient":""}}},"product_brand":[],"product_cat":[21],"product_tag":[25],"class_list":{"0":"post-1221","1":"product","2":"type-product","3":"status-publish","4":"has-post-thumbnail","6":"product_cat-treadmills","7":"product_tag-treadmills","8":"desktop-align-left","9":"tablet-align-left","10":"mobile-align-left","12":"first","13":"instock","14":"sale","15":"taxable","16":"shipping-taxable","17":"purchasable","18":"product-type-simple"},"_links":{"self":[{"href":"http:\/\/bestfitnessstore.com\/de\/wp-json\/wp\/v2\/product\/1221","targetHints":{"allow":["GET"]}}],"collection":[{"href":"http:\/\/bestfitnessstore.com\/de\/wp-json\/wp\/v2\/product"}],"about":[{"href":"http:\/\/bestfitnessstore.com\/de\/wp-json\/wp\/v2\/types\/product"}],"replies":[{"embeddable":true,"href":"http:\/\/bestfitnessstore.com\/de\/wp-json\/wp\/v2\/comments?post=1221"}],"wp:featuredmedia":[{"embeddable":true,"href":"http:\/\/bestfitnessstore.com\/de\/wp-json\/wp\/v2\/media\/1220"}],"wp:attachment":[{"href":"http:\/\/bestfitnessstore.com\/de\/wp-json\/wp\/v2\/media?parent=1221"}],"wp:term":[{"taxonomy":"product_brand","embeddable":true,"href":"http:\/\/bestfitnessstore.com\/de\/wp-json\/wp\/v2\/product_brand?post=1221"},{"taxonomy":"product_cat","embeddable":true,"href":"http:\/\/bestfitnessstore.com\/de\/wp-json\/wp\/v2\/product_cat?post=1221"},{"taxonomy":"product_tag","embeddable":true,"href":"http:\/\/bestfitnessstore.com\/de\/wp-json\/wp\/v2\/product_tag?post=1221"}],"curies":[{"name":"wp","href":"https:\/\/api.w.org\/{rel}","templated":true}]}}