{"id":1119,"date":"2025-11-25T09:59:20","date_gmt":"2025-11-25T09:59:20","guid":{"rendered":"https:\/\/bestfitnessstore.com\/?post_type=product&#038;p=1119"},"modified":"2025-11-25T09:59:20","modified_gmt":"2025-11-25T09:59:20","slug":"ergometer-fur-wasserwerfer","status":"publish","type":"product","link":"http:\/\/bestfitnessstore.com\/de\/product\/waterrower-performance-ergometer\/","title":{"rendered":"WaterRower Leistungs-Ergometer"},"content":{"rendered":"<div class=\"product-attribute-container-desktop desktop-only\">\n<h4>PRODUKTINFORMATION<\/h4>\n<p class=\"information-placeholder\">Bitte w\u00e4hlen Sie Ihre Produktoption(en) aus, um die Produktinformationen zu sehen.<\/p>\n<div class=\"attributes-container\"><\/div>\n<\/div>\n<div class=\"product-features\">\n<h4>ZUS\u00c4TZLICHE EIGENSCHAFTEN<\/h4>\n<div class=\"more-container\">\n<div class=\"unshow-text\">\n<ul class=\"product-features-container\">\n<li><span class=\"specification-title\">Monitor:<\/span>\u00a0<span class=\"specification-data\">SmartRow App (kompatibles iOS- oder Android-Ger\u00e4t erforderlich)<\/span><\/li>\n<li><span class=\"specification-title\">Materialien:<\/span>\u00a0<span class=\"specification-data\">Appalachian Hardwood (erh\u00e4ltlich in Eiche oder Walnuss)<\/span><\/li>\n<li><span class=\"specification-title\">Macht:<\/span>\u00a0<span class=\"specification-data\">3x AA-Batterien<\/span><\/li>\n<li><span class=\"specification-title\">Bluetooth-kompatibel:<\/span>\u00a0<span class=\"specification-data\">Ja (mit enthaltener SmartRow)<\/span><\/li>\n<li><span class=\"specification-title\">\u00dcberwachung der Herzfrequenz:<\/span>\u00a0<span class=\"specification-data\">Brustgurt nicht enthalten<\/span><\/li>\n<li><span class=\"specification-title\">Zusammengebaute Abmessungen (LxBxH):<\/span>\u00a0<span class=\"specification-data\">219 x 56 x 92(Tablettenarm oben)\/56(Tablettenarm eingeklappt) cm<\/span><\/li>\n<li><span class=\"specification-title\">Sitzh\u00f6he:<\/span>\u00a0<span class=\"specification-data\">30 cm<\/span><\/li>\n<li><span class=\"specification-title\">Gewicht (ohne Wasser):<\/span>\u00a0<span class=\"specification-data\">31,5 kg<\/span><\/li>\n<li><span class=\"specification-title\">Maximales Benutzergewicht:<\/span>\u00a0<span class=\"specification-data\">315 kg \/ 695 lb<\/span><\/li>\n<li><span class=\"specification-title\">Maximale Benutzerh\u00f6he:<\/span>\u00a0<span class=\"specification-data\">213 cm \/ 7 ft<\/span><\/li>\n<li><span class=\"specification-title\">Kompatibles Zubeh\u00f6r (separat erh\u00e4ltlich):<\/span>\u00a0<span class=\"specification-data\">Laptop-Halter<\/span><\/li>\n<\/ul>\n<\/div>\n<\/div>\n<\/div>\n<div class=\"product-warranty\">\n<h4>GARANTIE<\/h4>\n<div class=\"text-container\">\n<p class=\"warranty-details\">Bitte w\u00e4hlen Sie die gew\u00fcnschte(n) Produktoption(en) aus, um Details zur Garantie anzuzeigen.<\/p>\n<\/div>\n<\/div>\n<div class=\"product-next-day\">\n<h4>EILZUSTELLUNG<\/h4>\n<div class=\"text-container\">F\u00fcr viele unserer Produkte gibt es Express- und Wunschtermin-Lieferoptionen, d.h. Sie erhalten Ihr Produkt schon morgen oder zu einem von Ihnen gew\u00e4hlten Termin. Bitte pr\u00fcfen Sie die Lieferoptionen an der Kasse, um die Verf\u00fcgbarkeit f\u00fcr Ihren Warenkorb und Ihre Postleitzahl zu sehen. Es gelten die Lieferbedingungen.<\/div>\n<\/div>","protected":false},"excerpt":{"rendered":"<p>Das in den USA handgefertigte WaterRower\u00ae Performance Ergometer wurde f\u00fcr Fitnessbegeisterte und Ruderer entwickelt, die detaillierte Trainingsdaten und -analysen ben\u00f6tigen. Das Performance Ergometer verf\u00fcgt \u00fcber die integrierte SmartRow-Technologie anstelle des S4 Performance Monitors der WaterRower\u00ae Original Series. SmartRow ist ein intelligenter Leistungsmesser, der hochpr\u00e4zise Messungen Ihrer WaterRower\u00ae-Leistung, einschlie\u00dflich Ihrer Leistungsabgabe, liefert. Der Leistungs-Ergometer umfasst eine klappbare Handy-\/Tablet-Halterung, wobei die Leistungsdaten drahtlos \u00fcber Bluetooth an die kostenlose SmartRow-App (iOS- und Android-kompatibel - Handy\/Tablet nicht enthalten) \u00fcbertragen werden. Sie k\u00f6nnen SmartRow so einstellen, dass die Messwerte angezeigt werden, die f\u00fcr Sie am wichtigsten sind, einschlie\u00dflich Leistung (W), Arbeit (J), Energie (kCal), Schlagl\u00e4nge (CM), Durchschnittsgeschwindigkeit (\/500m) und vieles mehr. Mit SmartRow k\u00f6nnen Sie live an Wettk\u00e4mpfen teilnehmen und sich mit anderen WaterRower\u00ae Performance Ergometer-Benutzern aus der ganzen Welt messen. Au\u00dferdem l\u00e4sst sich das Ger\u00e4t mit Fitness-Tracking-Apps wie Strava und Apple Health integrieren. Sie k\u00f6nnen sogar aus voreingestellten Anf\u00e4nger-, Mittelstufen- oder Fortgeschrittenen-Trainingseinheiten w\u00e4hlen, um ein gef\u00fchrtes Training zu absolvieren! Das Ruderger\u00e4t selbst wird in Handarbeit aus Eichen- oder Walnussholz gefertigt, das Sie ausw\u00e4hlen k\u00f6nnen. Der gro\u00dfe Wassertank mit dem patentierten WaterFlywheel vermittelt das Gef\u00fchl, in einem echten Boot zu rudern, und beansprucht bei jedem Schlag bis zu 84% Ihrer Muskelmasse. Sie m\u00fcssen sich nicht darum k\u00fcmmern, den Widerstand manuell einzustellen - je h\u00e4rter und schneller Sie rudern, desto mehr Widerstand sp\u00fcren Sie. Wenn Sie Ihr Training beendet haben, klappen Sie einfach den Telefon-\/Tablet-Arm weg und heben das Performance Ergometer an seinem Ende an, um es vertikal und platzsparend zu verstauen. Zu den weiteren Merkmalen geh\u00f6ren ein herzf\u00f6rmiges kommerzielles Trittbrett und ein breiterer, leicht zu greifender Griff. WaterRower\u00ae ist ein eingetragenes Warenzeichen von WaterRower (UK) Ltd und seinen Tochtergesellschaften.<\/p>\n<div class=\"product-attribute-container-desktop desktop-only\"><\/div>","protected":false},"featured_media":1123,"comment_status":"open","ping_status":"closed","template":"","meta":{"site-sidebar-layout":"default","site-content-layout":"","ast-site-content-layout":"default","site-content-style":"default","site-sidebar-style":"default","ast-global-header-display":"","ast-banner-title-visibility":"","ast-main-header-display":"","ast-hfb-above-header-display":"","ast-hfb-below-header-display":"","ast-hfb-mobile-header-display":"","site-post-title":"","ast-breadcrumbs-content":"","ast-featured-img":"","footer-sml-layout":"","theme-transparent-header-meta":"default","adv-header-id-meta":"","stick-header-meta":"","header-above-stick-meta":"","header-main-stick-meta":"","header-below-stick-meta":"","astra-migrate-meta-layouts":"set","ast-page-background-enabled":"default","ast-page-background-meta":{"desktop":{"background-color":"var(--ast-global-color-5)","background-image":"","background-repeat":"repeat","background-position":"center center","background-size":"auto","background-attachment":"scroll","background-type":"","background-media":"","overlay-type":"","overlay-color":"","overlay-opacity":"","overlay-gradient":""},"tablet":{"background-color":"","background-image":"","background-repeat":"repeat","background-position":"center center","background-size":"auto","background-attachment":"scroll","background-type":"","background-media":"","overlay-type":"","overlay-color":"","overlay-opacity":"","overlay-gradient":""},"mobile":{"background-color":"","background-image":"","background-repeat":"repeat","background-position":"center center","background-size":"auto","background-attachment":"scroll","background-type":"","background-media":"","overlay-type":"","overlay-color":"","overlay-opacity":"","overlay-gradient":""}},"ast-content-background-meta":{"desktop":{"background-color":"var(--ast-global-color-4)","background-image":"","background-repeat":"repeat","background-position":"center center","background-size":"auto","background-attachment":"scroll","background-type":"","background-media":"","overlay-type":"","overlay-color":"","overlay-opacity":"","overlay-gradient":""},"tablet":{"background-color":"var(--ast-global-color-4)","background-image":"","background-repeat":"repeat","background-position":"center center","background-size":"auto","background-attachment":"scroll","background-type":"","background-media":"","overlay-type":"","overlay-color":"","overlay-opacity":"","overlay-gradient":""},"mobile":{"background-color":"var(--ast-global-color-4)","background-image":"","background-repeat":"repeat","background-position":"center center","background-size":"auto","background-attachment":"scroll","background-type":"","background-media":"","overlay-type":"","overlay-color":"","overlay-opacity":"","overlay-gradient":""}}},"product_brand":[],"product_cat":[20],"product_tag":[24],"class_list":{"0":"post-1119","1":"product","2":"type-product","3":"status-publish","4":"has-post-thumbnail","6":"product_cat-rowing-machine","7":"product_tag-rowing-machines","8":"desktop-align-left","9":"tablet-align-left","10":"mobile-align-left","12":"first","13":"instock","14":"sale","15":"taxable","16":"shipping-taxable","17":"purchasable","18":"product-type-simple"},"_links":{"self":[{"href":"http:\/\/bestfitnessstore.com\/de\/wp-json\/wp\/v2\/product\/1119","targetHints":{"allow":["GET"]}}],"collection":[{"href":"http:\/\/bestfitnessstore.com\/de\/wp-json\/wp\/v2\/product"}],"about":[{"href":"http:\/\/bestfitnessstore.com\/de\/wp-json\/wp\/v2\/types\/product"}],"replies":[{"embeddable":true,"href":"http:\/\/bestfitnessstore.com\/de\/wp-json\/wp\/v2\/comments?post=1119"}],"wp:featuredmedia":[{"embeddable":true,"href":"http:\/\/bestfitnessstore.com\/de\/wp-json\/wp\/v2\/media\/1123"}],"wp:attachment":[{"href":"http:\/\/bestfitnessstore.com\/de\/wp-json\/wp\/v2\/media?parent=1119"}],"wp:term":[{"taxonomy":"product_brand","embeddable":true,"href":"http:\/\/bestfitnessstore.com\/de\/wp-json\/wp\/v2\/product_brand?post=1119"},{"taxonomy":"product_cat","embeddable":true,"href":"http:\/\/bestfitnessstore.com\/de\/wp-json\/wp\/v2\/product_cat?post=1119"},{"taxonomy":"product_tag","embeddable":true,"href":"http:\/\/bestfitnessstore.com\/de\/wp-json\/wp\/v2\/product_tag?post=1119"}],"curies":[{"name":"wp","href":"https:\/\/api.w.org\/{rel}","templated":true}]}}