{"id":1105,"date":"2025-11-25T09:49:42","date_gmt":"2025-11-25T09:49:42","guid":{"rendered":"https:\/\/bestfitnessstore.com\/?post_type=product&#038;p=1105"},"modified":"2025-11-25T09:49:42","modified_gmt":"2025-11-25T09:49:42","slug":"rudergerat-der-serie-a1-von-waterrower","status":"publish","type":"product","link":"http:\/\/bestfitnessstore.com\/de\/product\/waterrower-a1-series-rowing-machine\/","title":{"rendered":"WaterRower A1 Serie Ruderger\u00e4t"},"content":{"rendered":"<div class=\"product-attribute-container-desktop desktop-only\">\n<div class=\"additional-attributes-wrapper table-wrapper\">\n<h4>PRODUKTINFORMATION<\/h4>\n<div class=\"attributes-container\">\n<ul class=\"product-attributes-container\">\n<li><span class=\"specification-title\">Gewicht der Verpackung (KG):\u00a0<\/span><span class=\"specification-data\">36.500000<\/span><\/li>\n<li><span class=\"specification-title\">Leistung Methode:\u00a0<\/span><span class=\"specification-data\">Eigenstromversorgung<\/span><\/li>\n<li><span class=\"specification-title\">Transport-R\u00e4der:\u00a0<\/span><span class=\"specification-data\">Ja<\/span><\/li>\n<li><span class=\"specification-title\">Maximales Benutzergewicht (kg):\u00a0<\/span><span class=\"specification-data\">150.00 (Kg)<\/span><\/li>\n<\/ul>\n<ul class=\"product-attributes-container\">\n<li><span class=\"specification-title\">Produktgewicht (KG):\u00a0<\/span><span class=\"specification-data\">30.50<\/span><\/li>\n<li><span class=\"specification-title\">Ruderger\u00e4t Typ:\u00a0<\/span><span class=\"specification-data\">Wasser<\/span><\/li>\n<li><span class=\"specification-title\">Maximale Benutzerh\u00f6he (cm):\u00a0<\/span><span class=\"specification-data\">208<\/span><\/li>\n<li><span class=\"specification-title\">Produktabmessungen (LxBxH):\u00a0<\/span><span class=\"specification-data\">215 x 56 x 53 cm<\/span><\/li>\n<\/ul>\n<\/div>\n<\/div>\n<\/div>\n<div class=\"product-features\">\n<h4>ZUS\u00c4TZLICHE EIGENSCHAFTEN<\/h4>\n<div class=\"more-container\">\n<div class=\"unshow-text\">\n<ul class=\"product-features-container\">\n<li><span class=\"specification-title\">Monitor:<\/span>\u00a0<span class=\"specification-data\">A1 Quick-Start LCD-Monitor<\/span><\/li>\n<li><span class=\"specification-title\">Materialien:<\/span>\u00a0<span class=\"specification-data\">Holz, Aluminium<\/span><\/li>\n<li><span class=\"specification-title\">Schiene:<\/span>\u00a0<span class=\"specification-data\">Einschienenbahn aus Aluminium<\/span><\/li>\n<li><span class=\"specification-title\">Macht:<\/span>\u00a0<span class=\"specification-data\">2 x AA-Batterien<\/span><\/li>\n<li><span class=\"specification-title\">SmartRow-kompatibel:<\/span>\u00a0<span class=\"specification-data\">Ja<\/span><\/li>\n<li><span class=\"specification-title\">Zusammengebaute Abmessungen (LxBxH):<\/span>\u00a0<span class=\"specification-data\">215 x 56 x 53 cm<\/span><\/li>\n<li><span class=\"specification-title\">Sitzh\u00f6he:<\/span>\u00a0<span class=\"specification-data\">30 cm<\/span><\/li>\n<li><span class=\"specification-title\">Gewicht (ohne Wasser):<\/span>\u00a0<span class=\"specification-data\">30,5 kg<\/span><\/li>\n<li><span class=\"specification-title\">Maximales Benutzergewicht:<\/span>\u00a0<span class=\"specification-data\">150 kg \/ 330 lb<\/span><\/li>\n<li><span class=\"specification-title\">Maximale Benutzerh\u00f6he:<\/span>\u00a0<span class=\"specification-data\">208 cm \/ 6 ft 10 in<\/span><\/li>\n<\/ul>\n<\/div>\n<\/div>\n<\/div>\n<div class=\"product-warranty\">\n<h4>GARANTIE<\/h4>\n<div class=\"text-container\"><strong>Privathaushalt und leichte\/vollst\u00e4ndige gewerbliche Nutzung:<\/strong>\u00a05 Jahre Rahmen, 3 Jahre Teile<\/div>\n<\/div>\n<div class=\"product-next-day\">\n<h4>EILZUSTELLUNG<\/h4>\n<div class=\"text-container\">F\u00fcr viele unserer Produkte gibt es Express- und Wunschtermin-Lieferoptionen, d.h. Sie erhalten Ihr Produkt schon morgen oder zu einem von Ihnen gew\u00e4hlten Termin. Bitte pr\u00fcfen Sie die Lieferoptionen an der Kasse, um die Verf\u00fcgbarkeit f\u00fcr Ihren Warenkorb und Ihre Postleitzahl zu sehen. Es gelten die Lieferbedingungen.<\/div>\n<\/div>","protected":false},"excerpt":{"rendered":"<div id=\"fullDescription\" class=\"full-description\">\n<div class=\"text-container\">Das Einsteigermodell der WaterRower\u00ae-Reihe, der WaterRower A1, ist ein leichtes und tragbares Ruderger\u00e4t, das urspr\u00fcnglich f\u00fcr den Einsatz in Indoor-Rudergruppen konzipiert wurde. Der A1 ist handgefertigt und kombiniert die stilvolle \u00c4sthetik eines Hybridrahmens aus massiver Eiche und Aluminium mit einer kommerziellen Haltbarkeit. Es kann sogar vertikal gelagert werden, wenn es nicht in Gebrauch ist - drei A1 nehmen zusammen nur so viel Platz ein wie ein Standard-Indoor-Bike. Ausgestattet mit einem WaterFlywheel, ist der A1 einzigartig in seiner Nachbildung des Ruderns auf dem Wasser. Im Gegensatz zu herk\u00f6mmlichen Ruderger\u00e4ten mit Luft- oder Magnetantrieb hat der WaterRower\u00ae A1 einen gleichm\u00e4\u00dfigen Ruderschlag ohne tote Punkte, der die Gelenke und den unteren R\u00fccken minimal belastet. Die bequeme Positionierung und die Geometrie des A1 erleichtern das Rudern mit guter Form und beanspruchen alle gro\u00dfen Muskelgruppen f\u00fcr ein effektives Kardio-Training. Mit dem A1 Quick-Start LCD-Monitor k\u00f6nnen Sie Ihre Leistung w\u00e4hrend des Ruderns ganz einfach verfolgen. Der Monitor zeigt die grundlegenden Ruderdaten wie Distanz, 500-m-Zwischenzeit und Kalorien an und ist in das Trittbrett integriert, um einen ununterbrochenen Ruderschlag zu erm\u00f6glichen. Zu den weiteren integrierten Merkmalen geh\u00f6ren Transportr\u00e4der f\u00fcr einen einfachen Transport und verstellbare Fu\u00dfplatten. WaterRower\u00ae ist ein eingetragenes Warenzeichen der WaterRower (UK) Ltd und ihrer Tochtergesellschaften.&nbsp;<\/p>\n<\/div>\n<\/div>\n<div class=\"product-attribute-container-desktop desktop-only\">\n<div class=\"additional-attributes-wrapper table-wrapper\"><\/div>\n<\/div>","protected":false},"featured_media":1108,"comment_status":"open","ping_status":"closed","template":"","meta":{"site-sidebar-layout":"default","site-content-layout":"","ast-site-content-layout":"default","site-content-style":"default","site-sidebar-style":"default","ast-global-header-display":"","ast-banner-title-visibility":"","ast-main-header-display":"","ast-hfb-above-header-display":"","ast-hfb-below-header-display":"","ast-hfb-mobile-header-display":"","site-post-title":"","ast-breadcrumbs-content":"","ast-featured-img":"","footer-sml-layout":"","theme-transparent-header-meta":"default","adv-header-id-meta":"","stick-header-meta":"","header-above-stick-meta":"","header-main-stick-meta":"","header-below-stick-meta":"","astra-migrate-meta-layouts":"set","ast-page-background-enabled":"default","ast-page-background-meta":{"desktop":{"background-color":"var(--ast-global-color-5)","background-image":"","background-repeat":"repeat","background-position":"center center","background-size":"auto","background-attachment":"scroll","background-type":"","background-media":"","overlay-type":"","overlay-color":"","overlay-opacity":"","overlay-gradient":""},"tablet":{"background-color":"","background-image":"","background-repeat":"repeat","background-position":"center center","background-size":"auto","background-attachment":"scroll","background-type":"","background-media":"","overlay-type":"","overlay-color":"","overlay-opacity":"","overlay-gradient":""},"mobile":{"background-color":"","background-image":"","background-repeat":"repeat","background-position":"center center","background-size":"auto","background-attachment":"scroll","background-type":"","background-media":"","overlay-type":"","overlay-color":"","overlay-opacity":"","overlay-gradient":""}},"ast-content-background-meta":{"desktop":{"background-color":"var(--ast-global-color-4)","background-image":"","background-repeat":"repeat","background-position":"center center","background-size":"auto","background-attachment":"scroll","background-type":"","background-media":"","overlay-type":"","overlay-color":"","overlay-opacity":"","overlay-gradient":""},"tablet":{"background-color":"var(--ast-global-color-4)","background-image":"","background-repeat":"repeat","background-position":"center center","background-size":"auto","background-attachment":"scroll","background-type":"","background-media":"","overlay-type":"","overlay-color":"","overlay-opacity":"","overlay-gradient":""},"mobile":{"background-color":"var(--ast-global-color-4)","background-image":"","background-repeat":"repeat","background-position":"center center","background-size":"auto","background-attachment":"scroll","background-type":"","background-media":"","overlay-type":"","overlay-color":"","overlay-opacity":"","overlay-gradient":""}}},"product_brand":[],"product_cat":[20],"product_tag":[24],"class_list":{"0":"post-1105","1":"product","2":"type-product","3":"status-publish","4":"has-post-thumbnail","6":"product_cat-rowing-machine","7":"product_tag-rowing-machines","8":"desktop-align-left","9":"tablet-align-left","10":"mobile-align-left","12":"first","13":"instock","14":"sale","15":"taxable","16":"shipping-taxable","17":"purchasable","18":"product-type-simple"},"_links":{"self":[{"href":"http:\/\/bestfitnessstore.com\/de\/wp-json\/wp\/v2\/product\/1105","targetHints":{"allow":["GET"]}}],"collection":[{"href":"http:\/\/bestfitnessstore.com\/de\/wp-json\/wp\/v2\/product"}],"about":[{"href":"http:\/\/bestfitnessstore.com\/de\/wp-json\/wp\/v2\/types\/product"}],"replies":[{"embeddable":true,"href":"http:\/\/bestfitnessstore.com\/de\/wp-json\/wp\/v2\/comments?post=1105"}],"wp:featuredmedia":[{"embeddable":true,"href":"http:\/\/bestfitnessstore.com\/de\/wp-json\/wp\/v2\/media\/1108"}],"wp:attachment":[{"href":"http:\/\/bestfitnessstore.com\/de\/wp-json\/wp\/v2\/media?parent=1105"}],"wp:term":[{"taxonomy":"product_brand","embeddable":true,"href":"http:\/\/bestfitnessstore.com\/de\/wp-json\/wp\/v2\/product_brand?post=1105"},{"taxonomy":"product_cat","embeddable":true,"href":"http:\/\/bestfitnessstore.com\/de\/wp-json\/wp\/v2\/product_cat?post=1105"},{"taxonomy":"product_tag","embeddable":true,"href":"http:\/\/bestfitnessstore.com\/de\/wp-json\/wp\/v2\/product_tag?post=1105"}],"curies":[{"name":"wp","href":"https:\/\/api.w.org\/{rel}","templated":true}]}}