{"id":1085,"date":"2025-11-25T09:40:19","date_gmt":"2025-11-25T09:40:19","guid":{"rendered":"https:\/\/bestfitnessstore.com\/?post_type=product&#038;p=1085"},"modified":"2025-11-25T09:40:19","modified_gmt":"2025-11-25T09:40:19","slug":"nordictrack-rw900-rudergerat","status":"publish","type":"product","link":"http:\/\/bestfitnessstore.com\/de\/product\/nordictrack-rw900-rowing-machine\/","title":{"rendered":"NordicTrack RW900 Ruderger\u00e4t"},"content":{"rendered":"<p>&nbsp;<\/p>\n<div class=\"product-attribute-container-desktop desktop-only\">\n<div class=\"additional-attributes-wrapper table-wrapper\">\n<h5>PRODUKTINFORMATION<\/h5>\n<div class=\"attributes-container\">\n<ul class=\"product-attributes-container\">\n<li><span class=\"specification-title\">Gewicht der Verpackung (KG):\u00a0<\/span><span class=\"specification-data\">71.099998<\/span><\/li>\n<li><span class=\"specification-title\">Bluetooth:\u00a0<\/span><span class=\"specification-data\">Ja<\/span><\/li>\n<li><span class=\"specification-title\">Transport-R\u00e4der:\u00a0<\/span><span class=\"specification-data\">Ja<\/span><\/li>\n<li><span class=\"specification-title\">Produktabmessungen (LxBxH):\u00a0<\/span><span class=\"specification-data\">204 x 55 x 134 cm<\/span><\/li>\n<\/ul>\n<ul class=\"product-attributes-container\">\n<li><span class=\"specification-title\">App-Integration:\u00a0<\/span><span class=\"specification-data\">iFIT<\/span><\/li>\n<li><span class=\"specification-title\">Ruderger\u00e4t Typ:\u00a0<\/span><span class=\"specification-data\">Magnetisch<\/span><\/li>\n<li><span class=\"specification-title\">Maximales Benutzergewicht (kg):\u00a0<\/span><span class=\"specification-data\">136.00 (Kg)<\/span><\/li>\n<li><span class=\"specification-title\">Abmessungen der Box (LxBxH):\u00a0<\/span><span class=\"specification-data\">210,90 x 25,40 x 87,70 cm<\/span><\/li>\n<\/ul>\n<\/div>\n<\/div>\n<\/div>\n<div class=\"product-features\">\n<h4>ZUS\u00c4TZLICHE EIGENSCHAFTEN<\/h4>\n<div class=\"more-container\">\n<div class=\"unshow-text\">\n<ul class=\"product-features-container\">\n<li><span class=\"specification-title\">System des Widerstands:<\/span>\u00a0<span class=\"specification-data\">Silent Magnetic Resistance\u2122<\/span><\/li>\n<li><span class=\"specification-title\">Widerstandsniveaus:<\/span>\u00a0<span class=\"specification-data\">26<\/span><\/li>\n<li><span class=\"specification-title\">Pedale:<\/span>\u00a0<span class=\"specification-data\">\u00dcberdimensioniert und schwenkbar<\/span><\/li>\n<li><span class=\"specification-title\">Nylon-Fu\u00dfschlaufen:<\/span>\u00a0<span class=\"specification-data\">Halten Sie Ihre F\u00fc\u00dfe sicher an ihrem Platz<\/span><\/li>\n<li><span class=\"specification-title\">Anzeige:<\/span>\u00a0<span class=\"specification-data\">24\u201d schwenkbarer HD-Touchscreen<\/span><\/li>\n<li><span class=\"specification-title\">IFIT:<\/span>\u00a0<span class=\"specification-data\">Greifen Sie auf gobale Workouts und Streaming-Sitzungen zu, die von Weltklasse-Trainern geleitet werden und die Sie weiter vorantreiben, um Ihre Ergebnisse zu maximieren. Synchronisierung mit Strava, Garmin, Google Fit und Apple Health. - iFIT Pro Mitgliedschaft erforderlich<\/span><\/li>\n<\/ul>\n<\/div>\n<\/div>\n<\/div>\n<div class=\"product-warranty\">\n<h5>GARANTIE<\/h5>\n<div class=\"text-container\"><strong>Verwendung zu Hause:<\/strong>\u00a0Zwei Jahre Garantie auf Teile und Arbeit (es gelten die Bedingungen), sofern das Produkt innerhalb von 28 Tagen nach dem Kauf registriert wird. Die Standardgarantie betr\u00e4gt 12 Monate f\u00fcr Teile und Arbeit.<\/div>\n<\/div>","protected":false},"excerpt":{"rendered":"<p>Das NordicTrack RW900 Ruderger\u00e4t verf\u00fcgt \u00fcber 26 digitale Widerstandsstufen, um das richtige Training f\u00fcr Ihren K\u00f6rper zu bieten. Von Erholung bis zu hoher Intensit\u00e4t k\u00f6nnen Sie den digitalen Widerstand w\u00e4hlen, der Ihren Zielen entspricht. Das Silent Magnetic Resistance\u2122 System sorgt f\u00fcr ein sanftes und leises Rudererlebnis, das Ihre Ruderbewegung fl\u00fcssiger macht und ein nahtloses Ganzk\u00f6rpertraining erm\u00f6glicht. Holen Sie mit iFIT das Beste aus dem RW900 heraus (iFIT Pro-Mitgliedschaft nicht enthalten). Melden Sie sich direkt auf dem atemberaubenden 24-Zoll-HD-Touchscreen des RW900 bei Ihrem iFIT Pro-Konto an und legen Sie das n\u00e4chste Training in Ihrem pers\u00f6nlichen Trainingsplan fest. W\u00e4hrend Sie trainieren, verfolgt iFIT Ihre Leistung und \u00e4ndert automatisch die 26 Widerstandsstufen f\u00fcr Sie, so dass Sie sicher sein k\u00f6nnen, dass Sie genau so hart arbeiten, wie Sie es brauchen. Mit iFIT haben Sie Zugriff auf \u00fcber 10.000 Workouts, intelligente Funktionen und die Betreuung durch erfahrene iFIT-Trainer an engagierten Standorten weltweit. Der Bildschirm ist schwenkbar, sodass Sie die Konsole drehen k\u00f6nnen, um Ihrem Trainer bei Workouts au\u00dferhalb des Ruderger\u00e4ts zu folgen, z. B. bei Krafttraining, Yoga, HIIT und mehr. F\u00fchlen Sie sich sicher und stabil auf den bequemen, \u00fcbergro\u00dfen Pedalen, die schwenkbar sind und \u00fcber verstellbare Nylon-Fu\u00dfriemen verf\u00fcgen, die f\u00fcr die meisten Gr\u00f6\u00dfen passen. Ziehen Sie einfach am Riemen, um Ihren Fu\u00df am Ende des Trainings freizugeben oder um ein Cross-Training zu beginnen. Der RW900 verf\u00fcgt au\u00dferdem \u00fcber vorne montierte Transportr\u00e4der, mit denen er sich leicht auf dem Boden des Fitnessstudios bewegen l\u00e4sst.<\/p>\n<div class=\"product-attribute-container-desktop desktop-only\">\n<div class=\"additional-attributes-wrapper table-wrapper\"><\/div>\n<\/div>","protected":false},"featured_media":1088,"comment_status":"open","ping_status":"closed","template":"","meta":{"site-sidebar-layout":"default","site-content-layout":"","ast-site-content-layout":"default","site-content-style":"default","site-sidebar-style":"default","ast-global-header-display":"","ast-banner-title-visibility":"","ast-main-header-display":"","ast-hfb-above-header-display":"","ast-hfb-below-header-display":"","ast-hfb-mobile-header-display":"","site-post-title":"","ast-breadcrumbs-content":"","ast-featured-img":"","footer-sml-layout":"","theme-transparent-header-meta":"default","adv-header-id-meta":"","stick-header-meta":"","header-above-stick-meta":"","header-main-stick-meta":"","header-below-stick-meta":"","astra-migrate-meta-layouts":"set","ast-page-background-enabled":"default","ast-page-background-meta":{"desktop":{"background-color":"var(--ast-global-color-5)","background-image":"","background-repeat":"repeat","background-position":"center center","background-size":"auto","background-attachment":"scroll","background-type":"","background-media":"","overlay-type":"","overlay-color":"","overlay-opacity":"","overlay-gradient":""},"tablet":{"background-color":"","background-image":"","background-repeat":"repeat","background-position":"center center","background-size":"auto","background-attachment":"scroll","background-type":"","background-media":"","overlay-type":"","overlay-color":"","overlay-opacity":"","overlay-gradient":""},"mobile":{"background-color":"","background-image":"","background-repeat":"repeat","background-position":"center center","background-size":"auto","background-attachment":"scroll","background-type":"","background-media":"","overlay-type":"","overlay-color":"","overlay-opacity":"","overlay-gradient":""}},"ast-content-background-meta":{"desktop":{"background-color":"var(--ast-global-color-4)","background-image":"","background-repeat":"repeat","background-position":"center center","background-size":"auto","background-attachment":"scroll","background-type":"","background-media":"","overlay-type":"","overlay-color":"","overlay-opacity":"","overlay-gradient":""},"tablet":{"background-color":"var(--ast-global-color-4)","background-image":"","background-repeat":"repeat","background-position":"center center","background-size":"auto","background-attachment":"scroll","background-type":"","background-media":"","overlay-type":"","overlay-color":"","overlay-opacity":"","overlay-gradient":""},"mobile":{"background-color":"var(--ast-global-color-4)","background-image":"","background-repeat":"repeat","background-position":"center center","background-size":"auto","background-attachment":"scroll","background-type":"","background-media":"","overlay-type":"","overlay-color":"","overlay-opacity":"","overlay-gradient":""}}},"product_brand":[],"product_cat":[20],"product_tag":[24],"class_list":{"0":"post-1085","1":"product","2":"type-product","3":"status-publish","4":"has-post-thumbnail","6":"product_cat-rowing-machine","7":"product_tag-rowing-machines","8":"desktop-align-left","9":"tablet-align-left","10":"mobile-align-left","12":"first","13":"instock","14":"sale","15":"taxable","16":"shipping-taxable","17":"purchasable","18":"product-type-simple"},"_links":{"self":[{"href":"http:\/\/bestfitnessstore.com\/de\/wp-json\/wp\/v2\/product\/1085","targetHints":{"allow":["GET"]}}],"collection":[{"href":"http:\/\/bestfitnessstore.com\/de\/wp-json\/wp\/v2\/product"}],"about":[{"href":"http:\/\/bestfitnessstore.com\/de\/wp-json\/wp\/v2\/types\/product"}],"replies":[{"embeddable":true,"href":"http:\/\/bestfitnessstore.com\/de\/wp-json\/wp\/v2\/comments?post=1085"}],"wp:featuredmedia":[{"embeddable":true,"href":"http:\/\/bestfitnessstore.com\/de\/wp-json\/wp\/v2\/media\/1088"}],"wp:attachment":[{"href":"http:\/\/bestfitnessstore.com\/de\/wp-json\/wp\/v2\/media?parent=1085"}],"wp:term":[{"taxonomy":"product_brand","embeddable":true,"href":"http:\/\/bestfitnessstore.com\/de\/wp-json\/wp\/v2\/product_brand?post=1085"},{"taxonomy":"product_cat","embeddable":true,"href":"http:\/\/bestfitnessstore.com\/de\/wp-json\/wp\/v2\/product_cat?post=1085"},{"taxonomy":"product_tag","embeddable":true,"href":"http:\/\/bestfitnessstore.com\/de\/wp-json\/wp\/v2\/product_tag?post=1085"}],"curies":[{"name":"wp","href":"https:\/\/api.w.org\/{rel}","templated":true}]}}