{"id":960,"date":"2025-11-24T15:03:20","date_gmt":"2025-11-24T15:03:20","guid":{"rendered":"https:\/\/bestfitnessstore.com\/?post_type=product&#038;p=960"},"modified":"2025-11-24T15:03:20","modified_gmt":"2025-11-24T15:03:20","slug":"spirit-cu800-led-opretstaende-cykel-grafitgra","status":"publish","type":"product","link":"http:\/\/bestfitnessstore.com\/da\/product\/spirit-cu800-led-upright-bike-graphite-grey\/","title":{"rendered":"Spirit CU800+ LED st\u00e5ende cykel (grafitgr\u00e5)"},"content":{"rendered":"<div class=\"product-attribute-container-desktop desktop-only\">\n<div class=\"additional-attributes-wrapper table-wrapper\">\n<h4>PRODUKTINFORMATION<\/h4>\n<div class=\"attributes-container\">\n<ul class=\"product-attributes-container\">\n<li><span class=\"specification-title\">Pakkev\u00e6gt (KG):\u00a0<\/span><span class=\"specification-data\">57.400002<\/span><\/li>\n<li><span class=\"specification-title\">Effektmetode:\u00a0<\/span><span class=\"specification-data\">Selvforsynende<\/span><\/li>\n<li><span class=\"specification-title\">Holder til tablet:\u00a0<\/span><span class=\"specification-data\">Ja<\/span><\/li>\n<li><span class=\"specification-title\">Pedaler:\u00a0<\/span><span class=\"specification-data\">Standard, rem<\/span><\/li>\n<li><span class=\"specification-title\">Cykeltype:\u00a0<\/span><span class=\"specification-data\">Opretst\u00e5ende<\/span><\/li>\n<li><span class=\"specification-title\">Modstandssystem:\u00a0<\/span><span class=\"specification-data\">B\u00f8rstel\u00f8s generator<\/span><\/li>\n<li><span class=\"specification-title\">Maksimal brugerv\u00e6gt (kg):\u00a0<\/span><span class=\"specification-data\">205.00 (Kg)<\/span><\/li>\n<li><span class=\"specification-title\">Produktm\u00e5l (LxBxH):\u00a0<\/span><span class=\"specification-data\">123 x 65 x 146,50 cm<\/span><\/li>\n<\/ul>\n<ul class=\"product-attributes-container\">\n<li><span class=\"specification-title\">Produktets v\u00e6gt (KG):\u00a0<\/span><span class=\"specification-data\">57<\/span><\/li>\n<li><span class=\"specification-title\">App-integration:\u00a0<\/span><span class=\"specification-data\">KinoMap, Zwift<\/span><\/li>\n<li><span class=\"specification-title\">Bluetooth:\u00a0<\/span><span class=\"specification-data\">Ja<\/span><\/li>\n<li><span class=\"specification-title\">Justering af rammen:\u00a0<\/span><span class=\"specification-data\">Sadel fremad og bagud, sadel op og ned<\/span><\/li>\n<li><span class=\"specification-title\">Transporthjul:\u00a0<\/span><span class=\"specification-data\">Ja<\/span><\/li>\n<li><span class=\"specification-title\">Svinghjulets v\u00e6gt (KG):\u00a0<\/span><span class=\"specification-data\">14<\/span><\/li>\n<li><span class=\"specification-title\">Indbyggede programmer:\u00a0<\/span><span class=\"specification-data\">Manuel, bakke, fedtforbr\u00e6nding, cardio, HIIT, interval, 2 pulser, brugerdefineret, fit test, konstant effekt<\/span><\/li>\n<\/ul>\n<\/div>\n<\/div>\n<\/div>\n<div class=\"product-features\">\n<h4>YDERLIGERE FUNKTIONER<\/h4>\n<div class=\"more-container\">\n<div class=\"unshow-text\">\n<ul class=\"product-features-container\">\n<li><span class=\"specification-title\">Kraft:<\/span>\u00a0<span class=\"specification-data\">Generator<\/span><\/li>\n<li><span class=\"specification-title\">Konsol:<\/span>\u00a0<span class=\"specification-data\">Stor hvid LED m\/farvesektioner, sort bund, meddelelsesvindue med 18 tegn, niveauvinduer, RPM-vinduer<\/span><\/li>\n<li><span class=\"specification-title\">Bluetooth:<\/span>\u00a0<span class=\"specification-data\">Tilslut til brystb\u00e6lte\/app\/hovedtelefoner<\/span><\/li>\n<li><span class=\"specification-title\">USB-port:<\/span>\u00a0<span class=\"specification-data\">Til opladning af enheder<\/span><\/li>\n<li><span class=\"specification-title\">Fan:<\/span>\u00a0<span class=\"specification-data\">Hold dig afk\u00f8let under tr\u00e6ning<\/span><\/li>\n<li><span class=\"specification-title\">Svinghjul:<\/span>\u00a0<span class=\"specification-data\">14 kg \/ 30,87 lbs<\/span><\/li>\n<li><span class=\"specification-title\">Modstandsniveauer:<\/span>\u00a0<span class=\"specification-data\">1-40<\/span><\/li>\n<li><span class=\"specification-title\">K\u00f8ret\u00f8j:<\/span>\u00a0<span class=\"specification-data\">Poly-V-b\u00e6lte med selvsp\u00e6nder<\/span><\/li>\n<li><span class=\"specification-title\">S\u00e6de:<\/span>\u00a0<span class=\"specification-data\">Polstret med to fjedre<\/span><\/li>\n<li><span class=\"specification-title\">Overdimensionerede pedaler:<\/span>\u00a0<span class=\"specification-data\">Med hurtiglukningssystem<\/span><\/li>\n<\/ul>\n<\/div>\n<\/div>\n<\/div>\n<div class=\"product-warranty\">\n<h4>GARANTI<\/h4>\n<div class=\"text-container\"><strong>Hjem og let\/fuld kommerciel brug:<\/strong>\u00a03 \u00e5r p\u00e5 dele og arbejdskraft. Produktet skal bruges\/opbevares i et egnet milj\u00f8 (steder med fugtig, uforseglet beton eller omr\u00e5der med konstant luftstr\u00f8m til eksterne omr\u00e5der er ikke klassificeret som egnede).<\/div>\n<\/div>","protected":false},"excerpt":{"rendered":"<p>Spirit CU800+ LED Upright Bike har en kompakt ramme med et 14 kg svinghjul og en integreret generator, der giver en j\u00e6vn og ensartet cykling. Overdimensionerede fodpedaler med et hurtigt l\u00e5sesystem sikrer, at dine f\u00f8dder st\u00e5r sikkert, mens et polstret ergonomisk s\u00e6de med fuld justering giver ekstra komfort. 40 modstandsniveauer opfylder alle brugeres behov, fra begyndere til avancerede motionister. Kontakt- og tr\u00e5dl\u00f8s pulsm\u00e5ling giver brugerne mulighed for at holde styr p\u00e5, hvor h\u00e5rdt de arbejder, og hj\u00e6lper dem med at holde sig i deres effektive tr\u00e6ningszone. Spor din tr\u00e6ning (Manuel, Bakke, Fedtforbr\u00e6nding, Cardio, HIIT, Interval, 2 Puls, Brugerdefineret, Fit Test, Konstant effekt) p\u00e5 den lyse, hvide LED-konsol med flere vinduer, og skift brystb\u00e6lte\/app og hovedtelefoner. Konsollen har en USB-port til opladning af enheden, en tr\u00e6ningsventilator, der holder dig afk\u00f8let under tr\u00e6ningen, og Bluetooth til tilslutning af brystb\u00e6lte\/app og hovedtelefoner.<\/p>\n<div class=\"product-attribute-container-desktop desktop-only\">\n<div class=\"additional-attributes-wrapper table-wrapper\"><\/div>\n<\/div>","protected":false},"featured_media":963,"comment_status":"open","ping_status":"closed","template":"","meta":{"site-sidebar-layout":"default","site-content-layout":"","ast-site-content-layout":"default","site-content-style":"default","site-sidebar-style":"default","ast-global-header-display":"","ast-banner-title-visibility":"","ast-main-header-display":"","ast-hfb-above-header-display":"","ast-hfb-below-header-display":"","ast-hfb-mobile-header-display":"","site-post-title":"","ast-breadcrumbs-content":"","ast-featured-img":"","footer-sml-layout":"","theme-transparent-header-meta":"default","adv-header-id-meta":"","stick-header-meta":"","header-above-stick-meta":"","header-main-stick-meta":"","header-below-stick-meta":"","astra-migrate-meta-layouts":"set","ast-page-background-enabled":"default","ast-page-background-meta":{"desktop":{"background-color":"var(--ast-global-color-5)","background-image":"","background-repeat":"repeat","background-position":"center center","background-size":"auto","background-attachment":"scroll","background-type":"","background-media":"","overlay-type":"","overlay-color":"","overlay-opacity":"","overlay-gradient":""},"tablet":{"background-color":"","background-image":"","background-repeat":"repeat","background-position":"center center","background-size":"auto","background-attachment":"scroll","background-type":"","background-media":"","overlay-type":"","overlay-color":"","overlay-opacity":"","overlay-gradient":""},"mobile":{"background-color":"","background-image":"","background-repeat":"repeat","background-position":"center center","background-size":"auto","background-attachment":"scroll","background-type":"","background-media":"","overlay-type":"","overlay-color":"","overlay-opacity":"","overlay-gradient":""}},"ast-content-background-meta":{"desktop":{"background-color":"var(--ast-global-color-4)","background-image":"","background-repeat":"repeat","background-position":"center center","background-size":"auto","background-attachment":"scroll","background-type":"","background-media":"","overlay-type":"","overlay-color":"","overlay-opacity":"","overlay-gradient":""},"tablet":{"background-color":"var(--ast-global-color-4)","background-image":"","background-repeat":"repeat","background-position":"center center","background-size":"auto","background-attachment":"scroll","background-type":"","background-media":"","overlay-type":"","overlay-color":"","overlay-opacity":"","overlay-gradient":""},"mobile":{"background-color":"var(--ast-global-color-4)","background-image":"","background-repeat":"repeat","background-position":"center center","background-size":"auto","background-attachment":"scroll","background-type":"","background-media":"","overlay-type":"","overlay-color":"","overlay-opacity":"","overlay-gradient":""}}},"product_brand":[],"product_cat":[19],"product_tag":[22],"class_list":{"0":"post-960","1":"product","2":"type-product","3":"status-publish","4":"has-post-thumbnail","6":"product_cat-excise-bikes","7":"product_tag-exercise-bikes","8":"desktop-align-left","9":"tablet-align-left","10":"mobile-align-left","12":"first","13":"instock","14":"sale","15":"taxable","16":"shipping-taxable","17":"purchasable","18":"product-type-simple"},"_links":{"self":[{"href":"http:\/\/bestfitnessstore.com\/da\/wp-json\/wp\/v2\/product\/960","targetHints":{"allow":["GET"]}}],"collection":[{"href":"http:\/\/bestfitnessstore.com\/da\/wp-json\/wp\/v2\/product"}],"about":[{"href":"http:\/\/bestfitnessstore.com\/da\/wp-json\/wp\/v2\/types\/product"}],"replies":[{"embeddable":true,"href":"http:\/\/bestfitnessstore.com\/da\/wp-json\/wp\/v2\/comments?post=960"}],"wp:featuredmedia":[{"embeddable":true,"href":"http:\/\/bestfitnessstore.com\/da\/wp-json\/wp\/v2\/media\/963"}],"wp:attachment":[{"href":"http:\/\/bestfitnessstore.com\/da\/wp-json\/wp\/v2\/media?parent=960"}],"wp:term":[{"taxonomy":"product_brand","embeddable":true,"href":"http:\/\/bestfitnessstore.com\/da\/wp-json\/wp\/v2\/product_brand?post=960"},{"taxonomy":"product_cat","embeddable":true,"href":"http:\/\/bestfitnessstore.com\/da\/wp-json\/wp\/v2\/product_cat?post=960"},{"taxonomy":"product_tag","embeddable":true,"href":"http:\/\/bestfitnessstore.com\/da\/wp-json\/wp\/v2\/product_tag?post=960"}],"curies":[{"name":"wp","href":"https:\/\/api.w.org\/{rel}","templated":true}]}}