{"id":647,"date":"2025-11-22T14:53:48","date_gmt":"2025-11-22T14:53:48","guid":{"rendered":"https:\/\/bestfitnessstore.com\/?post_type=product&#038;p=647"},"modified":"2025-11-22T14:53:48","modified_gmt":"2025-11-22T14:53:48","slug":"life-fitness-ic3-indendors-cykel","status":"publish","type":"product","link":"http:\/\/bestfitnessstore.com\/da\/product\/life-fitness-ic3-indoor-cycle\/","title":{"rendered":"Life Fitness IC3 indend\u00f8rs cykel"},"content":{"rendered":"<div class=\"product-attribute-container-desktop desktop-only\">\n<div class=\"additional-attributes-wrapper table-wrapper\">\n<h4>PRODUKTINFORMATION<\/h4>\n<div class=\"attributes-container\">\n<ul class=\"product-attributes-container\">\n<li><span class=\"specification-title\">Pakkev\u00e6gt (KG):\u00a0<\/span><span class=\"specification-data\">50.230000<\/span><\/li>\n<li><span class=\"specification-title\">Effektmetode:\u00a0<\/span><span class=\"specification-data\">Elektricitet fra elnettet<\/span><\/li>\n<li><span class=\"specification-title\">Bluetooth:\u00a0<\/span><span class=\"specification-data\">Ja<\/span><\/li>\n<li><span class=\"specification-title\">Justering af rammen:\u00a0<\/span><span class=\"specification-data\">Styr op og ned, sadel frem og tilbage, sadel op og ned<\/span><\/li>\n<li><span class=\"specification-title\">Transporthjul:\u00a0<\/span><span class=\"specification-data\">Ja<\/span><\/li>\n<li><span class=\"specification-title\">Maksimal brugerv\u00e6gt (kg):\u00a0<\/span><span class=\"specification-data\">150.00 (kg)<\/span><\/li>\n<li><span class=\"specification-title\">M\u00e5l p\u00e5 kassen (LxBxH):\u00a0<\/span><span class=\"specification-data\">126 x 26 x 97 cm<\/span><\/li>\n<\/ul>\n<ul class=\"product-attributes-container\">\n<li><span class=\"specification-title\">Produktets v\u00e6gt (KG):\u00a0<\/span><span class=\"specification-data\">44<\/span><\/li>\n<li><span class=\"specification-title\">App-integration:\u00a0<\/span><span class=\"specification-data\">ICG, Zwift<\/span><\/li>\n<li><span class=\"specification-title\">Pedaler:\u00a0<\/span><span class=\"specification-data\">SPD-klip, t\u00e5bur<\/span><\/li>\n<li><span class=\"specification-title\">Cykeltype:\u00a0<\/span><span class=\"specification-data\">Racerk\u00f8rer<\/span><\/li>\n<li><span class=\"specification-title\">Modstandssystem:\u00a0<\/span><span class=\"specification-data\">Magnetisk<\/span><\/li>\n<li><span class=\"specification-title\">Produktm\u00e5l (LxBxH):\u00a0<\/span><span class=\"specification-data\">123 x 53 x 108 cm<\/span><\/li>\n<\/ul>\n<\/div>\n<\/div>\n<\/div>\n<div class=\"product-features\">\n<h4>YDERLIGERE FUNKTIONER<\/h4>\n<div class=\"more-container\">\n<div class=\"unshow-text\">\n<ul class=\"product-features-container\">\n<li><span class=\"specification-title\">Effektm\u00e5ling:<\/span>\u00a0<span class=\"specification-data\">WattRate\u00ae effektm\u00e5ler (EN ISO 20957-10)<\/span><\/li>\n<li><span class=\"specification-title\">Computer:<\/span>\u00a0<span class=\"specification-data\">WattRate\u00ae LCD-computer<\/span><\/li>\n<li><span class=\"specification-title\">Str\u00f8mforsyning til computer:<\/span>\u00a0<span class=\"specification-data\">To D-celle-batterier<\/span><\/li>\n<li><span class=\"specification-title\">Guide til tr\u00e6ningsintensitet:<\/span>\u00a0<span class=\"specification-data\">Coach By Color\u00ae (bruger)<\/span><\/li>\n<li><span class=\"specification-title\">Forbind teknologi:<\/span>\u00a0<span class=\"specification-data\">Bluetooth\u00ae og ANT+\u2122<\/span><\/li>\n<li><span class=\"specification-title\">Sporing af tr\u00e6ning:<\/span>\u00a0<span class=\"specification-data\">ICG\u00ae tr\u00e6ningsapp og Apple Watch<\/span><\/li>\n<li><span class=\"specification-title\">Overf\u00f8rsel af tr\u00e6ningsdata:<\/span>\u00a0<span class=\"specification-data\">Strava, Garmin via ICG\u00ae tr\u00e6ningsapp<\/span><\/li>\n<li><span class=\"specification-title\">Tilslutning af tredjepartsapps:<\/span>\u00a0<span class=\"specification-data\">Zwift<\/span><\/li>\n<li><span class=\"specification-title\">Modstandssystem:<\/span>\u00a0<span class=\"specification-data\">Magnetisk<\/span><\/li>\n<li><span class=\"specification-title\">N\u00f8dstop:<\/span>\u00a0<span class=\"specification-data\">Skub (EN ISO 20957-10)<\/span><\/li>\n<li><span class=\"specification-title\">Svinghjul:<\/span>\u00a0<span class=\"specification-data\">Front, aluminium, j\u00e6vnt v\u00e6gtet<\/span><\/li>\n<li><span class=\"specification-title\">Drivlinje:<\/span>\u00a0<span class=\"specification-data\">Poly-V b\u00e6lte<\/span><\/li>\n<li><span class=\"specification-title\">Drivlinje Gearudveksling:<\/span>\u00a0<span class=\"specification-data\">1;8<\/span><\/li>\n<li><span class=\"specification-title\">Rammefarve:<\/span>\u00a0<span class=\"specification-data\">Kulsort<\/span><\/li>\n<li><span class=\"specification-title\">Materiale til ramme:<\/span>\u00a0<span class=\"specification-data\">St\u00e5l<\/span><\/li>\n<li><span class=\"specification-title\">Afsk\u00e6rmning\/beskyttelse:<\/span>\u00a0<span class=\"specification-data\">Drivlinje og modstand<\/span><\/li>\n<li><span class=\"specification-title\">Design af ramme:<\/span>\u00a0<span class=\"specification-data\">Parallel<\/span><\/li>\n<li><span class=\"specification-title\">Justeringstype:<\/span>\u00a0<span class=\"specification-data\">Skiver og h\u00e5ndtag<\/span><\/li>\n<li><span class=\"specification-title\">Indl\u00e6g og skydere:<\/span>\u00a0<span class=\"specification-data\">Sort aluminium, pin-to-lock-justering<\/span><\/li>\n<li><span class=\"specification-title\">Q-faktor:<\/span>\u00a0<span class=\"specification-data\">178 mm \/ 7,0\u201d<\/span><\/li>\n<li><span class=\"specification-title\">Type krumtap:<\/span>\u00a0<span class=\"specification-data\">CrMo 170 mm \/ 6,7\u201d<\/span><\/li>\n<li><span class=\"specification-title\">Pedaltype:<\/span>\u00a0<span class=\"specification-data\">Dobbeltsidet SPD og t\u00e5bur<\/span><\/li>\n<li><span class=\"specification-title\">Styr:<\/span>\u00a0<span class=\"specification-data\">Ergo-formet, multi-position, bl\u00f8d PVC<\/span><\/li>\n<li><span class=\"specification-title\">Sadel:<\/span>\u00a0<span class=\"specification-data\">Unisex polstret sportssadel<\/span><\/li>\n<li><span class=\"specification-title\">Nivellerende f\u00f8dder:<\/span>\u00a0<span class=\"specification-data\">4<\/span><\/li>\n<\/ul>\n<\/div>\n<\/div>\n<\/div>\n<div class=\"product-warranty\">\n<h4>GARANTI<\/h4>\n<div class=\"text-container\"><strong>Hjem og let\/fuld kommerciel brug:<\/strong>\u00a05 \u00e5r p\u00e5 stel, 3 \u00e5r p\u00e5 dele og arbejdskraft, 6 m\u00e5neder p\u00e5 kosmetiske genstande<\/div>\n<\/div>\n<div class=\"product-next-day\">\n<h4>EKSPRESLEVERING<\/h4>\n<div class=\"text-container\">Mange af vores produkter har mulighed for ekspreslevering og levering p\u00e5 en bestemt dato, hvilket betyder, at du f\u00e5r dit produkt leveret allerede i morgen eller p\u00e5 en dato, der passer dig. Tjek venligst leveringsmulighederne ved kassen for at se tilg\u00e6ngeligheden for din kurv og dit postnummer. Leveringsbetingelserne g\u00e6lder.<\/div>\n<\/div>","protected":false},"excerpt":{"rendered":"<p>Life Fitness IC3 Indoor Cycle har stilistiske og funktionelle forbedringer i forhold til den tidligere model og er en ideel tilf\u00f8jelse til cykeltr\u00e6ning i grupper eller alene. WattRate\u00ae LCD-computeren har en fuldt integreret LCD-sk\u00e6rm med permanent baggrundsbelysning. En LED-indikator over LCD-displayet giver brugeren mulighed for at bruge Coach By Color\u00ae-funktionen. Med Coach By Color\u00ae skifter en indikator over sk\u00e6rmen farve, s\u00e5 tr\u00e6neren ved pr\u00e6cis, hvor h\u00e5rdt han eller hun arbejder. Sk\u00e6rmen viser et v\u00e6ld af v\u00e6rdifulde tr\u00e6ningsdata som watt, puls, omdrejninger, tr\u00e6ningsvarighed og modstandsniveau. Computeren bruger sin indbyggede teknologi til at sende cykeldata til eksterne enheder, programmer og ICG\u00ae Connect via Bluetooth\u2122 eller ANT+. Takket v\u00e6re den indbyggede WattRate\u00ae Power Meter viser IC3 en pr\u00e6cis m\u00e5ling af brugerens indsats i watt. Denne pr\u00e6cision opn\u00e5s ved hj\u00e6lp af den patenterede svinghjulsteknologi, og under k\u00f8rsel m\u00e5ler en positioneringssensor den modstand, der anvendes p\u00e5 magnetbremsesystemet. Modstanden justeres ved at dreje p\u00e5 en drejeknap, der er placeret foran rytteren. Det ergoformede, bl\u00f8de PVC-styr kan justeres i h\u00f8jden og har to vandflaskeholdere, mens den polstrede unisex-sportssadel kan justeres b\u00e5de lodret og vandret. Andre funktioner p\u00e5 IC3 omfatter en Poly-V-remtransmission med et gearforhold p\u00e5 1:8, en Q-faktor p\u00e5 178 mm \/ 7,0\u201d, en CrMo-krank p\u00e5 170 mm \/ 6,7\u201d, dobbeltsidede SPD- og toe-cage-pedaler og et stabilt st\u00e5lstel.<\/p>\n<div class=\"product-attribute-container-desktop desktop-only\">\n<div class=\"additional-attributes-wrapper table-wrapper\"><\/div>\n<\/div>","protected":false},"featured_media":648,"comment_status":"open","ping_status":"closed","template":"","meta":{"site-sidebar-layout":"default","site-content-layout":"","ast-site-content-layout":"default","site-content-style":"default","site-sidebar-style":"default","ast-global-header-display":"","ast-banner-title-visibility":"","ast-main-header-display":"","ast-hfb-above-header-display":"","ast-hfb-below-header-display":"","ast-hfb-mobile-header-display":"","site-post-title":"","ast-breadcrumbs-content":"","ast-featured-img":"","footer-sml-layout":"","theme-transparent-header-meta":"default","adv-header-id-meta":"","stick-header-meta":"","header-above-stick-meta":"","header-main-stick-meta":"","header-below-stick-meta":"","astra-migrate-meta-layouts":"set","ast-page-background-enabled":"default","ast-page-background-meta":{"desktop":{"background-color":"var(--ast-global-color-5)","background-image":"","background-repeat":"repeat","background-position":"center center","background-size":"auto","background-attachment":"scroll","background-type":"","background-media":"","overlay-type":"","overlay-color":"","overlay-opacity":"","overlay-gradient":""},"tablet":{"background-color":"","background-image":"","background-repeat":"repeat","background-position":"center center","background-size":"auto","background-attachment":"scroll","background-type":"","background-media":"","overlay-type":"","overlay-color":"","overlay-opacity":"","overlay-gradient":""},"mobile":{"background-color":"","background-image":"","background-repeat":"repeat","background-position":"center center","background-size":"auto","background-attachment":"scroll","background-type":"","background-media":"","overlay-type":"","overlay-color":"","overlay-opacity":"","overlay-gradient":""}},"ast-content-background-meta":{"desktop":{"background-color":"var(--ast-global-color-4)","background-image":"","background-repeat":"repeat","background-position":"center center","background-size":"auto","background-attachment":"scroll","background-type":"","background-media":"","overlay-type":"","overlay-color":"","overlay-opacity":"","overlay-gradient":""},"tablet":{"background-color":"var(--ast-global-color-4)","background-image":"","background-repeat":"repeat","background-position":"center center","background-size":"auto","background-attachment":"scroll","background-type":"","background-media":"","overlay-type":"","overlay-color":"","overlay-opacity":"","overlay-gradient":""},"mobile":{"background-color":"var(--ast-global-color-4)","background-image":"","background-repeat":"repeat","background-position":"center center","background-size":"auto","background-attachment":"scroll","background-type":"","background-media":"","overlay-type":"","overlay-color":"","overlay-opacity":"","overlay-gradient":""}}},"product_brand":[],"product_cat":[19],"product_tag":[22],"class_list":{"0":"post-647","1":"product","2":"type-product","3":"status-publish","4":"has-post-thumbnail","6":"product_cat-excise-bikes","7":"product_tag-exercise-bikes","8":"desktop-align-left","9":"tablet-align-left","10":"mobile-align-left","12":"first","13":"instock","14":"sale","15":"taxable","16":"shipping-taxable","17":"purchasable","18":"product-type-simple"},"_links":{"self":[{"href":"http:\/\/bestfitnessstore.com\/da\/wp-json\/wp\/v2\/product\/647","targetHints":{"allow":["GET"]}}],"collection":[{"href":"http:\/\/bestfitnessstore.com\/da\/wp-json\/wp\/v2\/product"}],"about":[{"href":"http:\/\/bestfitnessstore.com\/da\/wp-json\/wp\/v2\/types\/product"}],"replies":[{"embeddable":true,"href":"http:\/\/bestfitnessstore.com\/da\/wp-json\/wp\/v2\/comments?post=647"}],"wp:featuredmedia":[{"embeddable":true,"href":"http:\/\/bestfitnessstore.com\/da\/wp-json\/wp\/v2\/media\/648"}],"wp:attachment":[{"href":"http:\/\/bestfitnessstore.com\/da\/wp-json\/wp\/v2\/media?parent=647"}],"wp:term":[{"taxonomy":"product_brand","embeddable":true,"href":"http:\/\/bestfitnessstore.com\/da\/wp-json\/wp\/v2\/product_brand?post=647"},{"taxonomy":"product_cat","embeddable":true,"href":"http:\/\/bestfitnessstore.com\/da\/wp-json\/wp\/v2\/product_cat?post=647"},{"taxonomy":"product_tag","embeddable":true,"href":"http:\/\/bestfitnessstore.com\/da\/wp-json\/wp\/v2\/product_tag?post=647"}],"curies":[{"name":"wp","href":"https:\/\/api.w.org\/{rel}","templated":true}]}}