{"id":546,"date":"2025-11-17T05:55:55","date_gmt":"2025-11-17T05:55:55","guid":{"rendered":"https:\/\/bestfitnessstore.com\/?post_type=product&#038;p=546"},"modified":"2025-11-17T05:56:20","modified_gmt":"2025-11-17T05:56:20","slug":"spirit-xe395-ent-elliptisk-crosstrainer","status":"publish","type":"product","link":"http:\/\/bestfitnessstore.com\/da\/product\/spirit-xe395-ent-elliptical-cross-trainer\/","title":{"rendered":"Spirit XE395 ENT elliptisk crosstrainer"},"content":{"rendered":"<div class=\"product-attribute-container-desktop desktop-only\">\n<div class=\"additional-attributes-wrapper table-wrapper\">\n<h4>PRODUKTINFORMATION<\/h4>\n<div class=\"attributes-container\">\n<ul class=\"product-attributes-container\">\n<li><span class=\"specification-title\">Pakkev\u00e6gt (KG):\u00a0<\/span><span class=\"specification-data\">117.000000<\/span><\/li>\n<li><span class=\"specification-title\">Effektmetode:\u00a0<\/span><span class=\"specification-data\">Elektricitet fra elnettet<\/span><\/li>\n<li><span class=\"specification-title\">Holder til tablet:\u00a0<\/span><span class=\"specification-data\">Ja<\/span><\/li>\n<li><span class=\"specification-title\">Transporthjul:\u00a0<\/span><span class=\"specification-data\">Ja<\/span><\/li>\n<li><span class=\"specification-title\">Svinghjulets v\u00e6gt (KG):\u00a0<\/span><span class=\"specification-data\">14<\/span><\/li>\n<li><span class=\"specification-title\">Overv\u00e5gning af hjertefrekvens:\u00a0<\/span><span class=\"specification-data\">Indbyggede sensorer og Bluetooth<\/span><\/li>\n<li><span class=\"specification-title\">Indbyggede programmer:\u00a0<\/span><span class=\"specification-data\">Manuel, bakke, fedtforbr\u00e6nding, cardio, styrke, HIIT, fusion, 5 km, 10 km, m\u00e5l (tid, distance, kalorier), 12 brugerdefinerede, 4 HRC, fitnesstest (YMCA-protokol)<\/span><\/li>\n<li><span class=\"specification-title\">M\u00e5l p\u00e5 kassen (LxBxH):\u00a0<\/span><span class=\"specification-data\">168 x 58 x 86 cm<\/span><\/li>\n<\/ul>\n<ul class=\"product-attributes-container\">\n<li><span class=\"specification-title\">Produktets v\u00e6gt (KG):\u00a0<\/span><span class=\"specification-data\">110.40<\/span><\/li>\n<li><span class=\"specification-title\">App-integration:\u00a0<\/span><span class=\"specification-data\">SPIRIT+, Zwift<\/span><\/li>\n<li><span class=\"specification-title\">Bluetooth:\u00a0<\/span><span class=\"specification-data\">Ja<\/span><\/li>\n<li><span class=\"specification-title\">Svinghjulets position:\u00a0<\/span><span class=\"specification-data\">P\u00e5 forsiden<\/span><\/li>\n<li><span class=\"specification-title\">Skridtl\u00e6ngde:\u00a0<\/span><span class=\"specification-data\">50.80<\/span><\/li>\n<li><span class=\"specification-title\">Maksimal brugerv\u00e6gt (kg):\u00a0<\/span><span class=\"specification-data\">150.00 (kg)<\/span><\/li>\n<li><span class=\"specification-title\">Produktm\u00e5l (LxBxH):\u00a0<\/span><span class=\"specification-data\">191,50 x 75,20 x 179,50 cm<\/span><\/li>\n<\/ul>\n<\/div>\n<\/div>\n<\/div>\n<div class=\"product-features\">\n<h4>YDERLIGERE FUNKTIONER<\/h4>\n<div class=\"more-container\">\n<div class=\"unshow-text\">\n<ul class=\"product-features-container\">\n<li><span class=\"specification-title\">Konsol:<\/span>\u00a0<span class=\"specification-data\">10,1\u2033 ber\u00f8ringssk\u00e6rm, hjertekurve, vippe- og drejeholder til tablet, Bluetooth-h\u00f8jttalere, USB-opladningsport, justerbar ventilator, b\u00f8rnesikring, lydstik, 12 forudindl\u00e6ste apps<\/span><\/li>\n<li><span class=\"specification-title\">Hjertefrekvens:<\/span>\u00a0<span class=\"specification-data\">Kontakt og telemetrisk, brystb\u00e6lte medf\u00f8lger ikke<\/span><\/li>\n<li><span class=\"specification-title\">Modstand og h\u00e6ldning:<\/span>\u00a0<span class=\"specification-data\">20 niveauer<\/span><\/li>\n<li><span class=\"specification-title\">Sporsystem:<\/span>\u00a0<span class=\"specification-data\">Dobbelte aluminiumsskinner<\/span><\/li>\n<li><span class=\"specification-title\">Skridtl\u00e6ngde:<\/span>\u00a0<span class=\"specification-data\">508 mm<\/span><\/li>\n<li><span class=\"specification-title\">Svinghjul:<\/span>\u00a0<span class=\"specification-data\">14 kg<\/span><\/li>\n<li><span class=\"specification-title\">Styr:<\/span>\u00a0<span class=\"specification-data\">Multipositionsgreb - belagt<\/span><\/li>\n<li><span class=\"specification-title\">Fodpedaler:<\/span>\u00a0<span class=\"specification-data\">2\u201d pedalafstand (Q-Factor), 2-graders inversion, polstret<\/span><\/li>\n<li><span class=\"specification-title\">Bem\u00e6rk venligst:<\/span>\u00a0<span class=\"specification-data\">Tablet medf\u00f8lger ikke<\/span><\/li>\n<\/ul>\n<\/div>\n<\/div>\n<\/div>\n<div class=\"product-warranty\">\n<h4>GARANTI<\/h4>\n<div class=\"text-container\">\n<p><strong>Til hjemmebrug:<\/strong>\u00a010 \u00e5r p\u00e5 motor, 3 \u00e5r p\u00e5 dele og 3 \u00e5r p\u00e5 arbejdskraft. Produktet skal bruges\/opbevares i et egnet milj\u00f8 (steder med fugtig, uforseglet beton eller omr\u00e5der med konstant luftstr\u00f8m til eksterne omr\u00e5der er ikke klassificeret som egnede).<\/p>\n<\/div>\n<\/div>\n<div class=\"product-next-day\">\n<h4>EKSPRESLEVERING<\/h4>\n<div class=\"text-container\">Mange af vores produkter har mulighed for ekspreslevering og levering p\u00e5 en bestemt dato, hvilket betyder, at du f\u00e5r dit produkt leveret allerede i morgen eller p\u00e5 en dato, der passer dig. Tjek venligst leveringsmulighederne ved kassen for at se tilg\u00e6ngeligheden for din kurv og dit postnummer. Leveringsbetingelserne g\u00e6lder.<\/div>\n<\/div>","protected":false},"excerpt":{"rendered":"<p>Spirit XE395 ENT crosstrainer har et dobbelt skinnesystem i aluminium, der giver en j\u00e6vn tr\u00e6ning hver gang. De polstrede pedaler kan justeres til tre forskellige niveauer til forskellig muskelaktivering, har en afstand p\u00e5 2\u201d og kan indstilles til 2 graders inversion. Et 14 kg tungt svinghjul og en skridtl\u00e6ngde p\u00e5 508 mm forbedrer XE395ENT's naturlige bev\u00e6gelser yderligere. Opn\u00e5 overlegen overkropsengagement med de bev\u00e6gelige multi-positionsh\u00e5ndtag, komplet med integreret h\u00e6ldnings- og modstandskontrol (20 niveauer af begge), mens de statiske h\u00e5ndtag er udstyret med h\u00e5ndpulssensorer til n\u00f8jagtige pulsm\u00e5linger (kan ogs\u00e5 m\u00e5les via et brystb\u00e6lte - medf\u00f8lger ikke). Spirit XE395ENT's 1,01\u201d touchscreen-display har en intuitiv gr\u00e6nseflade, som g\u00f8r det nemt at navigere gennem forskellige tr\u00e6ningsprogrammer. Der er forudindl\u00e6ste apps som Netflix, CNN og meget mere samt indbygget sk\u00e6rmspejling og en USB-opladningsport til endel\u00f8s underholdning eller motivationsmuligheder. De forudindstillede tr\u00e6ningsprogrammer omfatter Manual, Hill, Fat Burn, Cardio, Strength, HIIT, Fusion, 5K, 10K, Target, (Time, Distance, Calories), 12 Custom, 4 HRC og Fitness Test (YMCA Protocol). Du kan ogs\u00e5 forbinde XE395ENT med nogle af de f\u00f8rende fitness-apps som Zwift, Map My Fitness, Apple Health Kit og meget mere via Spirit+-appen. Over konsollen er der en sikker tabletholder, og en l\u00e6sehylde, justerbar k\u00f8leventilator, USB-opladningsport og integrerede Bluetooth-h\u00f8jttalere fuldender ops\u00e6tningen.<\/p>\n<div class=\"product-attribute-container-desktop desktop-only\">\n<div class=\"additional-attributes-wrapper table-wrapper\"><\/div>\n<\/div>","protected":false},"featured_media":547,"comment_status":"open","ping_status":"closed","template":"","meta":{"site-sidebar-layout":"default","site-content-layout":"","ast-site-content-layout":"default","site-content-style":"default","site-sidebar-style":"default","ast-global-header-display":"","ast-banner-title-visibility":"","ast-main-header-display":"","ast-hfb-above-header-display":"","ast-hfb-below-header-display":"","ast-hfb-mobile-header-display":"","site-post-title":"","ast-breadcrumbs-content":"","ast-featured-img":"","footer-sml-layout":"","theme-transparent-header-meta":"default","adv-header-id-meta":"","stick-header-meta":"","header-above-stick-meta":"","header-main-stick-meta":"","header-below-stick-meta":"","astra-migrate-meta-layouts":"set","ast-page-background-enabled":"default","ast-page-background-meta":{"desktop":{"background-color":"var(--ast-global-color-5)","background-image":"","background-repeat":"repeat","background-position":"center center","background-size":"auto","background-attachment":"scroll","background-type":"","background-media":"","overlay-type":"","overlay-color":"","overlay-opacity":"","overlay-gradient":""},"tablet":{"background-color":"","background-image":"","background-repeat":"repeat","background-position":"center center","background-size":"auto","background-attachment":"scroll","background-type":"","background-media":"","overlay-type":"","overlay-color":"","overlay-opacity":"","overlay-gradient":""},"mobile":{"background-color":"","background-image":"","background-repeat":"repeat","background-position":"center center","background-size":"auto","background-attachment":"scroll","background-type":"","background-media":"","overlay-type":"","overlay-color":"","overlay-opacity":"","overlay-gradient":""}},"ast-content-background-meta":{"desktop":{"background-color":"var(--ast-global-color-4)","background-image":"","background-repeat":"repeat","background-position":"center center","background-size":"auto","background-attachment":"scroll","background-type":"","background-media":"","overlay-type":"","overlay-color":"","overlay-opacity":"","overlay-gradient":""},"tablet":{"background-color":"var(--ast-global-color-4)","background-image":"","background-repeat":"repeat","background-position":"center center","background-size":"auto","background-attachment":"scroll","background-type":"","background-media":"","overlay-type":"","overlay-color":"","overlay-opacity":"","overlay-gradient":""},"mobile":{"background-color":"var(--ast-global-color-4)","background-image":"","background-repeat":"repeat","background-position":"center center","background-size":"auto","background-attachment":"scroll","background-type":"","background-media":"","overlay-type":"","overlay-color":"","overlay-opacity":"","overlay-gradient":""}}},"product_brand":[],"product_cat":[18],"product_tag":[23],"class_list":{"0":"post-546","1":"product","2":"type-product","3":"status-publish","4":"has-post-thumbnail","6":"product_cat-cross-trainers","7":"product_tag-cross-trainers","8":"desktop-align-left","9":"tablet-align-left","10":"mobile-align-left","12":"first","13":"instock","14":"sale","15":"taxable","16":"shipping-taxable","17":"purchasable","18":"product-type-simple"},"_links":{"self":[{"href":"http:\/\/bestfitnessstore.com\/da\/wp-json\/wp\/v2\/product\/546","targetHints":{"allow":["GET"]}}],"collection":[{"href":"http:\/\/bestfitnessstore.com\/da\/wp-json\/wp\/v2\/product"}],"about":[{"href":"http:\/\/bestfitnessstore.com\/da\/wp-json\/wp\/v2\/types\/product"}],"replies":[{"embeddable":true,"href":"http:\/\/bestfitnessstore.com\/da\/wp-json\/wp\/v2\/comments?post=546"}],"wp:featuredmedia":[{"embeddable":true,"href":"http:\/\/bestfitnessstore.com\/da\/wp-json\/wp\/v2\/media\/547"}],"wp:attachment":[{"href":"http:\/\/bestfitnessstore.com\/da\/wp-json\/wp\/v2\/media?parent=546"}],"wp:term":[{"taxonomy":"product_brand","embeddable":true,"href":"http:\/\/bestfitnessstore.com\/da\/wp-json\/wp\/v2\/product_brand?post=546"},{"taxonomy":"product_cat","embeddable":true,"href":"http:\/\/bestfitnessstore.com\/da\/wp-json\/wp\/v2\/product_cat?post=546"},{"taxonomy":"product_tag","embeddable":true,"href":"http:\/\/bestfitnessstore.com\/da\/wp-json\/wp\/v2\/product_tag?post=546"}],"curies":[{"name":"wp","href":"https:\/\/api.w.org\/{rel}","templated":true}]}}