{"id":533,"date":"2025-11-17T05:28:21","date_gmt":"2025-11-17T05:28:21","guid":{"rendered":"https:\/\/bestfitnessstore.com\/?post_type=product&#038;p=533"},"modified":"2025-11-17T05:28:21","modified_gmt":"2025-11-17T05:28:21","slug":"sole-e98-let-kommerciel-elliptisk","status":"publish","type":"product","link":"http:\/\/bestfitnessstore.com\/da\/product\/sole-e98-light-commercial-elliptical\/","title":{"rendered":"Sole E98 Light Commercial Elliptical"},"content":{"rendered":"<div class=\"product-attribute-container-desktop desktop-only\">\n<div class=\"additional-attributes-wrapper table-wrapper\">\n<h4>PRODUKTINFORMATION<\/h4>\n<div class=\"attributes-container\">\n<ul class=\"product-attributes-container\">\n<li><span class=\"specification-title\">Pakkev\u00e6gt (KG):\u00a0<\/span><span class=\"specification-data\">125.000000<\/span><\/li>\n<li><span class=\"specification-title\">Effektmetode:\u00a0<\/span><span class=\"specification-data\">Elektricitet fra elnettet<\/span><\/li>\n<li><span class=\"specification-title\">Holder til tablet:\u00a0<\/span><span class=\"specification-data\">Ja<\/span><\/li>\n<li><span class=\"specification-title\">Transporthjul:\u00a0<\/span><span class=\"specification-data\">Ja<\/span><\/li>\n<li><span class=\"specification-title\">Svinghjulets v\u00e6gt (KG):\u00a0<\/span><span class=\"specification-data\">15<\/span><\/li>\n<li><span class=\"specification-title\">Maksimal brugerv\u00e6gt (kg):\u00a0<\/span><span class=\"specification-data\">180.00 (kg)<\/span><\/li>\n<li><span class=\"specification-title\">Produktm\u00e5l (LxBxH):\u00a0<\/span><span class=\"specification-data\">210 x 86 x 177 cm<\/span><\/li>\n<\/ul>\n<ul class=\"product-attributes-container\">\n<li><span class=\"specification-title\">Produktets v\u00e6gt (KG):\u00a0<\/span><span class=\"specification-data\">112<\/span><\/li>\n<li><span class=\"specification-title\">App-integration:\u00a0<\/span><span class=\"specification-data\">Sole+, Zwift<\/span><\/li>\n<li><span class=\"specification-title\">Bluetooth:\u00a0<\/span><span class=\"specification-data\">Ja<\/span><\/li>\n<li><span class=\"specification-title\">Svinghjulets position:\u00a0<\/span><span class=\"specification-data\">P\u00e5 forsiden<\/span><\/li>\n<li><span class=\"specification-title\">Overv\u00e5gning af hjertefrekvens:\u00a0<\/span><span class=\"specification-data\">Indbyggede sensorer og Bluetooth<\/span><\/li>\n<li><span class=\"specification-title\">Indbyggede programmer:\u00a0<\/span><span class=\"specification-data\">Manuel, 5 standardprogrammer, konditionstest, 2 HRC, brugerdefinerede programmer er tilg\u00e6ngelige og gemmes som skabelonprogrammer op til 12<\/span><\/li>\n<li><span class=\"specification-title\">M\u00e5l p\u00e5 kassen (LxBxH):\u00a0<\/span><span class=\"specification-data\">168 x 44,50 x 85,50 cm<\/span><\/li>\n<\/ul>\n<\/div>\n<\/div>\n<\/div>\n<div class=\"product-features\">\n<h4>YDERLIGERE FUNKTIONER<\/h4>\n<div class=\"more-container\">\n<div class=\"unshow-text\">\n<ul class=\"product-features-container\">\n<li><span class=\"specification-title\">Str\u00f8mkilde:<\/span>\u00a0<span class=\"specification-data\">AC120V\/60HZ ; AC230V\/50HZ<\/span><\/li>\n<li><span class=\"specification-title\">Drevsystem:<\/span>\u00a0<span class=\"specification-data\">Forreste drev<\/span><\/li>\n<li><span class=\"specification-title\">Modstandsniveauer:<\/span>\u00a0<span class=\"specification-data\">1-40<\/span><\/li>\n<li><span class=\"specification-title\">H\u00e6ldningsniveauer:<\/span>\u00a0<span class=\"specification-data\">1-20<\/span><\/li>\n<li><span class=\"specification-title\">Styr:<\/span>\u00a0<span class=\"specification-data\">Greb med flere positioner og kontrol af modstand og h\u00e6ldning<\/span><\/li>\n<li><span class=\"specification-title\">Pedaler:<\/span>\u00a0<span class=\"specification-data\">Standard fodpedaler<\/span><\/li>\n<li><span class=\"specification-title\">Spor:<\/span>\u00a0<span class=\"specification-data\">Dobbelt; langt spor<\/span><\/li>\n<li><span class=\"specification-title\">H\u00e5ndpuls:<\/span>\u00a0<span class=\"specification-data\">Sensorer indbygget i styret (Salutron)<\/span><\/li>\n<li><span class=\"specification-title\">Konsol:<\/span>\u00a0<span class=\"specification-data\">13,3\u201d ber\u00f8ringsf\u00f8lsom sk\u00e6rm<\/span><\/li>\n<li><span class=\"specification-title\">WiFi-forbindelse:<\/span>\u00a0<span class=\"specification-data\">Tilg\u00e6ngelig<\/span><\/li>\n<\/ul>\n<\/div>\n<\/div>\n<\/div>\n<div class=\"product-warranty\">\n<h4>GARANTI<\/h4>\n<div class=\"text-container\"><strong>Hjem og let kommerciel brug:<\/strong>\u00a0Home 10 \u00e5r motor, 5 \u00e5r dele, 3 \u00e5r arbejdskraft \/ Light Commercial 12 m\u00e5neder - gyldig i op til 3 timer om dagen i 12 m\u00e5neder. Op til 3 timers brug om dagen i et passende hjemligt\/let kommercielt milj\u00f8. Steder med fugtig, uforseglet beton eller omr\u00e5der med konstant luftstr\u00f8m til eksterne omr\u00e5der er ikke klassificeret som egnede. Der skal v\u00e6re tilstr\u00e6kkelig isolering og varmekilde, ellers bortfalder garantien.<\/div>\n<div><\/div>\n<\/div>\n<div class=\"product-next-day\">\n<h4>EKSPRESLEVERING<\/h4>\n<div class=\"text-container\">Mange af vores produkter har mulighed for ekspreslevering og levering p\u00e5 en bestemt dato, hvilket betyder, at du f\u00e5r dit produkt leveret allerede i morgen eller p\u00e5 en dato, der passer dig. Tjek venligst leveringsmulighederne ved kassen for at se tilg\u00e6ngeligheden for din kurv og dit postnummer. Leveringsbetingelserne g\u00e6lder.<\/div>\n<\/div>","protected":false},"excerpt":{"rendered":"<p>Den ultraj\u00e6vne ellipse fra SOLE E98 Elliptical Cross Trainer kommer fra de ergonomisk placerede leddelte fodpedaler, der er placeret med en unik 2-graders indadg\u00e5ende h\u00e6ldning for den ideelle holdning. Et frontdrevssystem, 50,8 cm \/ 20\u201d skridtl\u00e6ngde med dobbelt spor og 15 kg pr\u00e6cisionsafbalanceret svinghjul forbedrer yderligere den f\u00f8rsteklasses cardio-oplevelse. \u00d8g intensiteten i din tr\u00e6ning med integrerede kontroller p\u00e5 multih\u00e5ndtagene, s\u00e5 du kan justere modstanden (40 niveauer) og h\u00e6ldningen (20 niveauer), mens du g\u00e5r. Et separat s\u00e6t statiske h\u00e5ndtag indeholder pulssensorer til nem pulsm\u00e5ling, eller du kan bruge den indbyggede BLE- og 5KHz-modtager. Den store 13,3\u201d touchscreen-konsol i kommerciel kvalitet g\u00f8r det nemt at navigere gennem tr\u00e6ningsprogrammer og indbyggede apps. Konsollen har et integreret omr\u00e5de til tr\u00e5dl\u00f8s opladning samt en enhedsholder over sk\u00e6rmen, k\u00f8lebl\u00e6sere og Bluetooth\u00ae-h\u00f8jttalere. Med Bluetooth\u00ae 5.0 med FTMS-protokol kan du oprette forbindelse til f\u00f8rende apps som Zwift, plus Strava, Apple Health Kit og meget mere via SOLE+-appen.<\/p>\n<div class=\"product-attribute-container-desktop desktop-only\">\n<div class=\"additional-attributes-wrapper table-wrapper\"><\/div>\n<\/div>","protected":false},"featured_media":534,"comment_status":"open","ping_status":"closed","template":"","meta":{"site-sidebar-layout":"default","site-content-layout":"","ast-site-content-layout":"default","site-content-style":"default","site-sidebar-style":"default","ast-global-header-display":"","ast-banner-title-visibility":"","ast-main-header-display":"","ast-hfb-above-header-display":"","ast-hfb-below-header-display":"","ast-hfb-mobile-header-display":"","site-post-title":"","ast-breadcrumbs-content":"","ast-featured-img":"","footer-sml-layout":"","theme-transparent-header-meta":"default","adv-header-id-meta":"","stick-header-meta":"","header-above-stick-meta":"","header-main-stick-meta":"","header-below-stick-meta":"","astra-migrate-meta-layouts":"set","ast-page-background-enabled":"default","ast-page-background-meta":{"desktop":{"background-color":"var(--ast-global-color-5)","background-image":"","background-repeat":"repeat","background-position":"center center","background-size":"auto","background-attachment":"scroll","background-type":"","background-media":"","overlay-type":"","overlay-color":"","overlay-opacity":"","overlay-gradient":""},"tablet":{"background-color":"","background-image":"","background-repeat":"repeat","background-position":"center center","background-size":"auto","background-attachment":"scroll","background-type":"","background-media":"","overlay-type":"","overlay-color":"","overlay-opacity":"","overlay-gradient":""},"mobile":{"background-color":"","background-image":"","background-repeat":"repeat","background-position":"center center","background-size":"auto","background-attachment":"scroll","background-type":"","background-media":"","overlay-type":"","overlay-color":"","overlay-opacity":"","overlay-gradient":""}},"ast-content-background-meta":{"desktop":{"background-color":"var(--ast-global-color-4)","background-image":"","background-repeat":"repeat","background-position":"center center","background-size":"auto","background-attachment":"scroll","background-type":"","background-media":"","overlay-type":"","overlay-color":"","overlay-opacity":"","overlay-gradient":""},"tablet":{"background-color":"var(--ast-global-color-4)","background-image":"","background-repeat":"repeat","background-position":"center center","background-size":"auto","background-attachment":"scroll","background-type":"","background-media":"","overlay-type":"","overlay-color":"","overlay-opacity":"","overlay-gradient":""},"mobile":{"background-color":"var(--ast-global-color-4)","background-image":"","background-repeat":"repeat","background-position":"center center","background-size":"auto","background-attachment":"scroll","background-type":"","background-media":"","overlay-type":"","overlay-color":"","overlay-opacity":"","overlay-gradient":""}}},"product_brand":[],"product_cat":[18],"product_tag":[23],"class_list":{"0":"post-533","1":"product","2":"type-product","3":"status-publish","4":"has-post-thumbnail","6":"product_cat-cross-trainers","7":"product_tag-cross-trainers","8":"desktop-align-left","9":"tablet-align-left","10":"mobile-align-left","12":"first","13":"instock","14":"sale","15":"taxable","16":"shipping-taxable","17":"purchasable","18":"product-type-simple"},"_links":{"self":[{"href":"http:\/\/bestfitnessstore.com\/da\/wp-json\/wp\/v2\/product\/533","targetHints":{"allow":["GET"]}}],"collection":[{"href":"http:\/\/bestfitnessstore.com\/da\/wp-json\/wp\/v2\/product"}],"about":[{"href":"http:\/\/bestfitnessstore.com\/da\/wp-json\/wp\/v2\/types\/product"}],"replies":[{"embeddable":true,"href":"http:\/\/bestfitnessstore.com\/da\/wp-json\/wp\/v2\/comments?post=533"}],"wp:featuredmedia":[{"embeddable":true,"href":"http:\/\/bestfitnessstore.com\/da\/wp-json\/wp\/v2\/media\/534"}],"wp:attachment":[{"href":"http:\/\/bestfitnessstore.com\/da\/wp-json\/wp\/v2\/media?parent=533"}],"wp:term":[{"taxonomy":"product_brand","embeddable":true,"href":"http:\/\/bestfitnessstore.com\/da\/wp-json\/wp\/v2\/product_brand?post=533"},{"taxonomy":"product_cat","embeddable":true,"href":"http:\/\/bestfitnessstore.com\/da\/wp-json\/wp\/v2\/product_cat?post=533"},{"taxonomy":"product_tag","embeddable":true,"href":"http:\/\/bestfitnessstore.com\/da\/wp-json\/wp\/v2\/product_tag?post=533"}],"curies":[{"name":"wp","href":"https:\/\/api.w.org\/{rel}","templated":true}]}}