{"id":427,"date":"2025-11-16T01:26:37","date_gmt":"2025-11-16T01:26:37","guid":{"rendered":"https:\/\/bestfitnessstore.com\/?post_type=product&#038;p=427"},"modified":"2025-11-16T01:30:06","modified_gmt":"2025-11-16T01:30:06","slug":"matrix-fitness-commercial-endurance-suspension-elliptical-med-led-konsol","status":"publish","type":"product","link":"http:\/\/bestfitnessstore.com\/da\/product\/matrix-fitness-commercial-endurance-suspension-elliptical-with-led-console\/","title":{"rendered":"Matrix Fitness Commercial Endurance Suspension Elliptical med LED-konsol"},"content":{"rendered":"<p><strong>PRODUKTINFORMATION<\/strong><br \/>\nPakkev\u00e6gt (KG): 183.500000<br \/>\nStr\u00f8mforsyningsmetode: Elektricitet fra lysnettet<br \/>\nHolder til tablet: Ja<br \/>\nTransporthjul: Ja<br \/>\nMaksimal brugerh\u00f8jde (cm): 201<br \/>\nSkridtl\u00e6ngde: 53,30<br \/>\nOverv\u00e5gning af hjerterytme: Indbyggede sensorer og Bluetooth<br \/>\nIndbyggede programmer: Manual, Rolling Hills, Intervals, Time Goal, Distance Goal, Calorie Goal, Target Heart Rate (speed), Target Heart Rate (Incline), Sprint 8, Custom<br \/>\nProduktets v\u00e6gt (KG): 148<br \/>\nIntegration af apps: KinoMap, Zwift<br \/>\nBluetooth: Ja<br \/>\nMinimum brugerh\u00f8jde (cm): 147<br \/>\nSvinghjulets position: Foran<br \/>\nH\u00f8jde p\u00e5 trin (CM): 24<br \/>\nMaksimal brugerv\u00e6gt (kg): 183,50 (kg)<br \/>\nProduktm\u00e5l (LxBxH): 174,50 x 74 x 179 cm<\/p>\n<p><strong>YDERLIGERE FUNKTIONER<\/strong><br \/>\nAfstand mellem pedalerne: 6,4 cm \/ 2,5\u201d<br \/>\nModstandssystem: B\u00f8rstel\u00f8s generator<br \/>\nModstandsniveauer: 30<br \/>\nTrinh\u00f8jde: 24 cm \/ 9,5\u201d<br \/>\nSkridtl\u00e6ngde: 53,3 cm \/ 21\u201d<br \/>\nKontakt og telemetrisk puls: Til n\u00f8jagtig overv\u00e5gning af hjertefrekvensen<br \/>\nKonsol: LED-konsol<br \/>\nDisplay: LED med store tal og meddelelsescenter<br \/>\nTr\u00e6ningsprogrammer: Go, Manual, Interval Training, Fat Burn, Rolling Hills, Target Heart Rate, Glute Training* og Fitness Tests.<br \/>\nSprog: Engelsk, tysk, fransk, italiensk, spansk, hollandsk, portugisisk, svensk, finsk, tyrkisk, dansk, polsk<br \/>\nKonsolfunktioner: Valgfri RFID-login; hovedtelefonstik; USB-port; l\u00e6sestativ<br \/>\nSamlet v\u00e6gt: 148 kg \/ 326.3 lbs.<br \/>\nTransportv\u00e6gt: 183,5 kg \/ 404,5 lbs.<br \/>\nMaks. brugerv\u00e6gt: 182 kg \/ 400 lbs.<br \/>\nSamlede dimensioner: 174,5 x 74 x 179 cm \/ 68,7\u201d x 29,1\u201d x 70,5\u201d<br \/>\nLeveringstid: Bygges p\u00e5 bestilling - gennemsnitlig leveringstid 2-14 uger<\/p>\n<p><strong>GARANTI<\/strong><br \/>\nHjem og let\/fuld kommerciel brug: 2 \u00e5r p\u00e5 dele og arbejdskraft<\/p>","protected":false},"excerpt":{"rendered":"<p>Matrix Fitness Commercial Endurance Suspension Elliptical er udstyret med Matrix' patenterede affjedringsdesign, som minimerer st\u00f8j og friktion og forl\u00e6nger produktets levetid, selv i milj\u00f8er med h\u00f8j belastning. Hver ellipse f\u00f8les glat og naturlig takket v\u00e6re en konstant accelerationshastighed og raffineret ergonomi. En skridtl\u00e6ngde p\u00e5 53 cm, optimeret pedalafstand og overdimensionerede pedaler \u00f8ger komforten for alle brugere. Et modstandsomr\u00e5de p\u00e5 5-705 W er fordelt p\u00e5 30 modstandsniveauer, som kan justeres via store knapper p\u00e5 de statiske h\u00e5ndtag under displayet. LED-konsollens enkle navigation betyder, at stort set alle kan s\u00e6tte sig op p\u00e5 maskinen og komme i gang n\u00e6sten med det samme. Det store display med tal og meddelelsescenter giver klar og letl\u00e6selig tr\u00e6ningsfeedback, som holder medlemmerne p\u00e5 sporet af deres m\u00e5l. Hver tr\u00e6ning er en problemfri og smidig oplevelse med praktiske funktioner som et valgfrit RFID-login, et hovedtelefonstik, en USB-port og et l\u00e6sestativ til personlige enheder. Tr\u00e6ningsprogrammerne omfatter Go, Manual, Interval Training, Fat Burn, Rolling Hills, Target Heart Rate, Glute Training* og Fitness Tests. *Der tages forbehold for \u00e6ndringer i programmerne. Kommercielt produkt bygget p\u00e5 bestilling - gennemsnitlig leveringstid er 2-14 uger, kontakt os venligst for yderligere oplysninger.<\/p>\n<div class=\"product-attribute-container-desktop desktop-only\">\n<div class=\"additional-attributes-wrapper table-wrapper\"><\/div>\n<\/div>","protected":false},"featured_media":428,"comment_status":"open","ping_status":"closed","template":"","meta":{"site-sidebar-layout":"default","site-content-layout":"","ast-site-content-layout":"default","site-content-style":"default","site-sidebar-style":"default","ast-global-header-display":"","ast-banner-title-visibility":"","ast-main-header-display":"","ast-hfb-above-header-display":"","ast-hfb-below-header-display":"","ast-hfb-mobile-header-display":"","site-post-title":"","ast-breadcrumbs-content":"","ast-featured-img":"","footer-sml-layout":"","theme-transparent-header-meta":"default","adv-header-id-meta":"","stick-header-meta":"","header-above-stick-meta":"","header-main-stick-meta":"","header-below-stick-meta":"","astra-migrate-meta-layouts":"set","ast-page-background-enabled":"default","ast-page-background-meta":{"desktop":{"background-color":"var(--ast-global-color-5)","background-image":"","background-repeat":"repeat","background-position":"center center","background-size":"auto","background-attachment":"scroll","background-type":"","background-media":"","overlay-type":"","overlay-color":"","overlay-opacity":"","overlay-gradient":""},"tablet":{"background-color":"","background-image":"","background-repeat":"repeat","background-position":"center center","background-size":"auto","background-attachment":"scroll","background-type":"","background-media":"","overlay-type":"","overlay-color":"","overlay-opacity":"","overlay-gradient":""},"mobile":{"background-color":"","background-image":"","background-repeat":"repeat","background-position":"center center","background-size":"auto","background-attachment":"scroll","background-type":"","background-media":"","overlay-type":"","overlay-color":"","overlay-opacity":"","overlay-gradient":""}},"ast-content-background-meta":{"desktop":{"background-color":"var(--ast-global-color-4)","background-image":"","background-repeat":"repeat","background-position":"center center","background-size":"auto","background-attachment":"scroll","background-type":"","background-media":"","overlay-type":"","overlay-color":"","overlay-opacity":"","overlay-gradient":""},"tablet":{"background-color":"var(--ast-global-color-4)","background-image":"","background-repeat":"repeat","background-position":"center center","background-size":"auto","background-attachment":"scroll","background-type":"","background-media":"","overlay-type":"","overlay-color":"","overlay-opacity":"","overlay-gradient":""},"mobile":{"background-color":"var(--ast-global-color-4)","background-image":"","background-repeat":"repeat","background-position":"center center","background-size":"auto","background-attachment":"scroll","background-type":"","background-media":"","overlay-type":"","overlay-color":"","overlay-opacity":"","overlay-gradient":""}}},"product_brand":[],"product_cat":[18],"product_tag":[23],"class_list":{"0":"post-427","1":"product","2":"type-product","3":"status-publish","4":"has-post-thumbnail","6":"product_cat-cross-trainers","7":"product_tag-cross-trainers","8":"desktop-align-left","9":"tablet-align-left","10":"mobile-align-left","12":"first","13":"instock","14":"sale","15":"taxable","16":"shipping-taxable","17":"purchasable","18":"product-type-simple"},"_links":{"self":[{"href":"http:\/\/bestfitnessstore.com\/da\/wp-json\/wp\/v2\/product\/427","targetHints":{"allow":["GET"]}}],"collection":[{"href":"http:\/\/bestfitnessstore.com\/da\/wp-json\/wp\/v2\/product"}],"about":[{"href":"http:\/\/bestfitnessstore.com\/da\/wp-json\/wp\/v2\/types\/product"}],"replies":[{"embeddable":true,"href":"http:\/\/bestfitnessstore.com\/da\/wp-json\/wp\/v2\/comments?post=427"}],"wp:featuredmedia":[{"embeddable":true,"href":"http:\/\/bestfitnessstore.com\/da\/wp-json\/wp\/v2\/media\/428"}],"wp:attachment":[{"href":"http:\/\/bestfitnessstore.com\/da\/wp-json\/wp\/v2\/media?parent=427"}],"wp:term":[{"taxonomy":"product_brand","embeddable":true,"href":"http:\/\/bestfitnessstore.com\/da\/wp-json\/wp\/v2\/product_brand?post=427"},{"taxonomy":"product_cat","embeddable":true,"href":"http:\/\/bestfitnessstore.com\/da\/wp-json\/wp\/v2\/product_cat?post=427"},{"taxonomy":"product_tag","embeddable":true,"href":"http:\/\/bestfitnessstore.com\/da\/wp-json\/wp\/v2\/product_tag?post=427"}],"curies":[{"name":"wp","href":"https:\/\/api.w.org\/{rel}","templated":true}]}}