{"id":408,"date":"2025-11-16T00:50:56","date_gmt":"2025-11-16T00:50:56","guid":{"rendered":"https:\/\/bestfitnessstore.com\/?post_type=product&#038;p=408"},"modified":"2025-11-16T00:50:56","modified_gmt":"2025-11-16T00:50:56","slug":"matrix-fitness-a30-ascent-trainer-med-xir-konsol","status":"publish","type":"product","link":"http:\/\/bestfitnessstore.com\/da\/product\/matrix-fitness-a30-ascent-trainer-with-xir-console\/","title":{"rendered":"Matrix Fitness A30 Ascent Trainer med XIR-konsol"},"content":{"rendered":"<p><strong>PRODUKTINFORMATION<\/strong><br \/>\nPakkev\u00e6gt (KG): 172.400000<br \/>\nStr\u00f8mforsyningsmetode: Elektricitet fra lysnettet<br \/>\nHolder til tablet: Ja<br \/>\nTransporthjul: Ja<br \/>\nMaksimal brugerh\u00f8jde (cm): 201<br \/>\nSkridtl\u00e6ngde: 61<br \/>\nOverv\u00e5gning af hjerterytme: Indbyggede sensorer og Bluetooth<br \/>\nIndbyggede programmer: Manuel,Rullende bakker,Intervaller,Tidsm\u00e5l,Afstandsm\u00e5l,Kalorim\u00e5l,M\u00e5lpuls (hastighed),M\u00e5lpuls (h\u00e6ldning),Sprint 8,Brugerdefineret<br \/>\nProduktets v\u00e6gt (KG): 142<br \/>\nIntegration af apps: KinoMap, Zwift<br \/>\nBluetooth: Ja<br \/>\nMinimum brugerh\u00f8jde (cm): 147<br \/>\nSvinghjulets position: Foran<br \/>\nH\u00f8jde p\u00e5 trin (CM): 22<br \/>\nMaksimal brugerv\u00e6gt (kg): 159.00 (kg)<br \/>\nProduktm\u00e5l (LxBxH): 191 x 73 x 164 cm<\/p>\n<p><strong>YDERLIGERE FUNKTIONER<\/strong><br \/>\nVariabel skridtl\u00e6ngde: 51 - 61 cm \/ 20\u201d - 24\u201d<br \/>\nStep-on H\u00f8jde: 22 cm \/ 8.7\u201d<br \/>\nPower Incline: 24% - 54%<br \/>\nSvinghjul: 13,5 kg \/ 30 lbs.<br \/>\nElliptisk affjedringsteknologi: Hjul- og b\u00e6ltefrit design, der reducerer st\u00f8j og friktion<br \/>\nPerfectStride\u2122-teknologi: Kombinerer en ideel skridtbev\u00e6gelse og ergonomisk korrekt fodplacering med den variable skridtl\u00e6ngde for den ultimative naturlige tr\u00e6ning.<br \/>\nModstandssystem: ECB's magnetiske bremsesystem<br \/>\nModstandsniveauer: 20 niveauer, elektronisk<br \/>\nStyrtype: Dobbelt handling<br \/>\nEkstraudstyr: Vandflaskeholder, tilbeh\u00f8rsbakke, station\u00e6re h\u00e5ndtag med pulsgreb og modstands- og h\u00e6ldningsknapper<br \/>\nXIR-konsol: 16\u201d klasse HD-ber\u00f8ringssk\u00e6rm med udvidet Bluetooth-forbindelse, USB-port, HDMI-port, konsol-apps, l\u00e6sehylde, energisparetilstand, ViewFit-forbindelse (integreres med fitness-apps). WiFi kr\u00e6ves til apps og softwareopdateringer.<br \/>\nTr\u00e6ningsprogrammer: 12<br \/>\nKonsol-apps: Virtual Active, Sprint8, YouTube, Spotify, Netflix og meget mere. Abonnementer er ikke inkluderet.<br \/>\nPedaler: Overdimensioneret<br \/>\nM\u00e5l (LxBxH): 186 x 73 x 164 cm \/ 73\u201d x 29\u201d x 65\u201d<br \/>\nSamlet v\u00e6gt: 147,5 kg<br \/>\nBrugerens v\u00e6gtkapacitet: 159 kg \/ 350 lbs<\/p>\n<p><strong>GARANTI<\/strong><br \/>\nHjemmebrug: 3 \u00e5r P\/L<\/p>","protected":false},"excerpt":{"rendered":"<p>Med Matrix Fitness A30 Ascent Trainer kan du regne med, at det eksklusive og unikke rammedesign giver en us\u00e6dvanlig j\u00e6vn og ultrakomfortabel tr\u00e6ningsoplevelse, mens du justerer h\u00e6ldningen for at ramme de muskler, du \u00f8nsker at arbejde mest med. PerfectStride\u2122 Technology kombinerer en ideel skridtbev\u00e6gelse og ergonomisk korrekt fodpositionering med en variabel skridtl\u00e6ngde (51 - 61 cm) for den ultimative naturlige tr\u00e6ning. Takket v\u00e6re den kraftige h\u00e6ldning p\u00e5 24% - 54% kombineret med 20 elektroniske modstandsniveauer giver A30 en fleksibilitet, der kan udfordre alle fitness- og erfaringsniveauer, samtidig med at du forbr\u00e6nder flere kalorier. Med Matrix' Suspensions Elliptical Technology har A30 et hjul- og skinnefrit design, der reducerer st\u00f8j og friktion for langvarig kvalitet og samtidig giver en j\u00e6vn, ensartet fornemmelse gennem ellipsen. Komplet med den avancerede XIR-konsol er det nemt at holde hver tr\u00e6ning frisk med 12 metriske cardio-programmer som Sprint 8. Du kan synkronisere med de apps, du allerede bruger, som MyFitnessPal, Strava, Fitbit m.fl. via ViewFit-forbindelsen, og nyde underholdningsfavoritter som Netflix, Spotify og YouTube (abonnementer ikke inkluderet). Tilslut din konsol via WiFi til softwareopdateringer, ViewFit, webbrowsing og underholdningsapps. F\u00e5 den mest n\u00f8jagtige pulsfeedback, som fitnessudstyr kan give, med integreret Polar-pulsteknologi og en Polar-pulsrem, der f\u00f8lger med XIR. Dual action og station\u00e6re h\u00e5ndtag giver dig mulighed for hurtigt at skifte fokus i din session, med modstands-\/h\u00e6ldningsknapper integreret, der giver mulighed for \u00e6ndringer i farten.<\/p>\n<div class=\"product-attribute-container-desktop desktop-only\">\n<div class=\"additional-attributes-wrapper table-wrapper\"><\/div>\n<\/div>","protected":false},"featured_media":410,"comment_status":"open","ping_status":"closed","template":"","meta":{"site-sidebar-layout":"default","site-content-layout":"","ast-site-content-layout":"default","site-content-style":"default","site-sidebar-style":"default","ast-global-header-display":"","ast-banner-title-visibility":"","ast-main-header-display":"","ast-hfb-above-header-display":"","ast-hfb-below-header-display":"","ast-hfb-mobile-header-display":"","site-post-title":"","ast-breadcrumbs-content":"","ast-featured-img":"","footer-sml-layout":"","theme-transparent-header-meta":"default","adv-header-id-meta":"","stick-header-meta":"","header-above-stick-meta":"","header-main-stick-meta":"","header-below-stick-meta":"","astra-migrate-meta-layouts":"set","ast-page-background-enabled":"default","ast-page-background-meta":{"desktop":{"background-color":"var(--ast-global-color-5)","background-image":"","background-repeat":"repeat","background-position":"center center","background-size":"auto","background-attachment":"scroll","background-type":"","background-media":"","overlay-type":"","overlay-color":"","overlay-opacity":"","overlay-gradient":""},"tablet":{"background-color":"","background-image":"","background-repeat":"repeat","background-position":"center center","background-size":"auto","background-attachment":"scroll","background-type":"","background-media":"","overlay-type":"","overlay-color":"","overlay-opacity":"","overlay-gradient":""},"mobile":{"background-color":"","background-image":"","background-repeat":"repeat","background-position":"center center","background-size":"auto","background-attachment":"scroll","background-type":"","background-media":"","overlay-type":"","overlay-color":"","overlay-opacity":"","overlay-gradient":""}},"ast-content-background-meta":{"desktop":{"background-color":"var(--ast-global-color-4)","background-image":"","background-repeat":"repeat","background-position":"center center","background-size":"auto","background-attachment":"scroll","background-type":"","background-media":"","overlay-type":"","overlay-color":"","overlay-opacity":"","overlay-gradient":""},"tablet":{"background-color":"var(--ast-global-color-4)","background-image":"","background-repeat":"repeat","background-position":"center center","background-size":"auto","background-attachment":"scroll","background-type":"","background-media":"","overlay-type":"","overlay-color":"","overlay-opacity":"","overlay-gradient":""},"mobile":{"background-color":"var(--ast-global-color-4)","background-image":"","background-repeat":"repeat","background-position":"center center","background-size":"auto","background-attachment":"scroll","background-type":"","background-media":"","overlay-type":"","overlay-color":"","overlay-opacity":"","overlay-gradient":""}}},"product_brand":[],"product_cat":[18],"product_tag":[23],"class_list":{"0":"post-408","1":"product","2":"type-product","3":"status-publish","4":"has-post-thumbnail","6":"product_cat-cross-trainers","7":"product_tag-cross-trainers","8":"desktop-align-left","9":"tablet-align-left","10":"mobile-align-left","12":"first","13":"instock","14":"sale","15":"taxable","16":"shipping-taxable","17":"purchasable","18":"product-type-simple"},"_links":{"self":[{"href":"http:\/\/bestfitnessstore.com\/da\/wp-json\/wp\/v2\/product\/408","targetHints":{"allow":["GET"]}}],"collection":[{"href":"http:\/\/bestfitnessstore.com\/da\/wp-json\/wp\/v2\/product"}],"about":[{"href":"http:\/\/bestfitnessstore.com\/da\/wp-json\/wp\/v2\/types\/product"}],"replies":[{"embeddable":true,"href":"http:\/\/bestfitnessstore.com\/da\/wp-json\/wp\/v2\/comments?post=408"}],"wp:featuredmedia":[{"embeddable":true,"href":"http:\/\/bestfitnessstore.com\/da\/wp-json\/wp\/v2\/media\/410"}],"wp:attachment":[{"href":"http:\/\/bestfitnessstore.com\/da\/wp-json\/wp\/v2\/media?parent=408"}],"wp:term":[{"taxonomy":"product_brand","embeddable":true,"href":"http:\/\/bestfitnessstore.com\/da\/wp-json\/wp\/v2\/product_brand?post=408"},{"taxonomy":"product_cat","embeddable":true,"href":"http:\/\/bestfitnessstore.com\/da\/wp-json\/wp\/v2\/product_cat?post=408"},{"taxonomy":"product_tag","embeddable":true,"href":"http:\/\/bestfitnessstore.com\/da\/wp-json\/wp\/v2\/product_tag?post=408"}],"curies":[{"name":"wp","href":"https:\/\/api.w.org\/{rel}","templated":true}]}}