{"id":387,"date":"2025-11-16T00:19:18","date_gmt":"2025-11-16T00:19:18","guid":{"rendered":"https:\/\/bestfitnessstore.com\/?post_type=product&#038;p=387"},"modified":"2025-11-16T00:23:11","modified_gmt":"2025-11-16T00:23:11","slug":"life-fitness-e3-elliptisk-crosstrainer-med-go-konsol","status":"publish","type":"product","link":"http:\/\/bestfitnessstore.com\/da\/product\/life-fitness-e3-elliptical-cross-trainer-with-go-console\/","title":{"rendered":"Life Fitness E3 elliptisk crosstrainer med Go-konsol"},"content":{"rendered":"<div class=\"product-attribute-container-desktop desktop-only\">\n<div class=\"additional-attributes-wrapper table-wrapper\">\n<h2>PRODUKTINFORMATION<\/h2>\n<div class=\"attributes-container\">\n<ul class=\"product-attributes-container\">\n<li><span class=\"specification-title\">Pakkev\u00e6gt (KG):\u00a0<\/span><span class=\"specification-data\">107.000000<\/span><\/li>\n<li><span class=\"specification-title\">Effektmetode:\u00a0<\/span><span class=\"specification-data\">Elektricitet fra elnettet<\/span><\/li>\n<li><span class=\"specification-title\">Holder til tablet:\u00a0<\/span><span class=\"specification-data\">Ja<\/span><\/li>\n<li><span class=\"specification-title\">Transporthjul:\u00a0<\/span><span class=\"specification-data\">Ja<\/span><\/li>\n<li><span class=\"specification-title\">Skridtl\u00e6ngde:\u00a0<\/span><span class=\"specification-data\">51<\/span><\/li>\n<li><span class=\"specification-title\">Overv\u00e5gning af hjertefrekvens:\u00a0<\/span><span class=\"specification-data\">Indbyggede sensorer<\/span><\/li>\n<li><span class=\"specification-title\">Indbyggede programmer:\u00a0<\/span><span class=\"specification-data\">13 forudindstillinger, herunder: Manual, Random, Hill, EZ Resistance, Sport Training, Fat Burn, Cardio, Heart Rate Hill\u2122, Heart Rate Interval, Extreme Heart Rate\u2122, Calorie, Distance, Target Heart Rate plus Quick Start, Race Mode, Cool Down\/Warm Up Modes.<\/span><\/li>\n<\/ul>\n<ul class=\"product-attributes-container\">\n<li><span class=\"specification-title\">Produktets v\u00e6gt (KG):\u00a0<\/span><span class=\"specification-data\">101<\/span><\/li>\n<li><span class=\"specification-title\">App-integration:\u00a0<\/span><span class=\"specification-data\">Life Fitness Connect<\/span><\/li>\n<li><span class=\"specification-title\">Bluetooth:\u00a0<\/span><span class=\"specification-data\">Ja<\/span><\/li>\n<li><span class=\"specification-title\">Svinghjulets position:\u00a0<\/span><span class=\"specification-data\">Bagsiden<\/span><\/li>\n<li><span class=\"specification-title\">Trin p\u00e5 h\u00f8jde (CM):\u00a0<\/span><span class=\"specification-data\">15.50<\/span><\/li>\n<li><span class=\"specification-title\">Maksimal brugerv\u00e6gt (kg):\u00a0<\/span><span class=\"specification-data\">181.00 (kg)<\/span><\/li>\n<li><span class=\"specification-title\">Produktm\u00e5l (LxBxH):\u00a0<\/span><span class=\"specification-data\">208 x 86 x 155 cm<\/span><\/li>\n<\/ul>\n<\/div>\n<\/div>\n<\/div>\n<div class=\"product-features\">\n<h2>YDERLIGERE FUNKTIONER<\/h2>\n<div class=\"more-container\">\n<div class=\"unshow-text\">\n<ul class=\"product-features-container\">\n<li><span class=\"specification-title\">Design i klubkvalitet:<\/span>\u00a0<span class=\"specification-data\">Holdbar st\u00e5lramme med klub-inspireret titanium-finish<\/span><\/li>\n<li><span class=\"specification-title\">WhisperStride\u2122-teknologi:<\/span>\u00a0<span class=\"specification-data\">Giver rolige, flydende skridt<\/span><\/li>\n<li><span class=\"specification-title\">Link6\u2122 elliptisk drev:<\/span>\u00a0<span class=\"specification-data\">Naturligt skridt, der afspejler menneskelig bev\u00e6gelse<\/span><\/li>\n<li><span class=\"specification-title\">Modstandskraft:<\/span>\u00a0<span class=\"specification-data\">20 niveauer<\/span><\/li>\n<li><span class=\"specification-title\">Sk\u00e6rm:<\/span>\u00a0<span class=\"specification-data\">4 x 6\u2033 LCD med bl\u00e5 baggrund og hvide tegn<\/span><\/li>\n<li><span class=\"specification-title\">G\u00e5 til konsollen:<\/span>\u00a0<span class=\"specification-data\">2 brugerprofiler, 13 tr\u00e6ningspas, 1 brugerdefineret tr\u00e6ningspas pr. brugerprofil<\/span><\/li>\n<li><span class=\"specification-title\">Feedback p\u00e5 tr\u00e6ningen:<\/span>\u00a0<span class=\"specification-data\">Kalorier, distance, hastighed (mph\/km\/h), niveau, tempo, tid, puls, m\u00e5lpuls, METs, animerede symboler<\/span><\/li>\n<li><span class=\"specification-title\">Tilpassede tr\u00e6ningsprogrammer:<\/span>\u00a0<span class=\"specification-data\">1 pr. brugerprofil<\/span><\/li>\n<li><span class=\"specification-title\">CoachZone\u2122:<\/span>\u00a0<span class=\"specification-data\">Coacher dig gennem tr\u00e6ningsprogrammer, der retter sig mod forskellige muskelgrupper<\/span><\/li>\n<li><span class=\"specification-title\">Pulsm\u00e5ler:<\/span>\u00a0<span class=\"specification-data\">Kontaktgreb p\u00e5 begge s\u00e6t styr, telemetrioverv\u00e5gning med tr\u00e5dl\u00f8s puls med brystb\u00e6lte<\/span><\/li>\n<li><span class=\"specification-title\">Polstrede, overdimensionerede og skridsikre pedaler:<\/span>\u00a0<span class=\"specification-data\">Komfort, st\u00f8tte og naturlig bev\u00e6gelsesfrihed<\/span><\/li>\n<li><span class=\"specification-title\">Bev\u00e6geligt styr med flere greb:<\/span>\u00a0<span class=\"specification-data\">Giver tr\u00e6ning af hele kroppen<\/span><\/li>\n<li><span class=\"specification-title\">ErgoGrip\u2122 station\u00e6rt styr foran:<\/span>\u00a0<span class=\"specification-data\">Giver stabilitet under tr\u00e6ning af kun underkroppen<\/span><\/li>\n<li><span class=\"specification-title\">Modstandskontrol med \u00e9t tryk:<\/span>\u00a0<span class=\"specification-data\">Placeret p\u00e5 h\u00e5ndtag med flere greb for nemt at justere modstanden<\/span><\/li>\n<li><span class=\"specification-title\">Tilbeh\u00f8r:<\/span>\u00a0<span class=\"specification-data\">Bakke til tilbeh\u00f8r, holdere til vandflasker<\/span><\/li>\n<li><span class=\"specification-title\">Energibesparende tilstand:<\/span>\u00a0<span class=\"specification-data\">Reducerer energiforbruget, n\u00e5r det ikke er i brug<\/span><\/li>\n<\/ul>\n<\/div>\n<\/div>\n<\/div>\n<div class=\"product-warranty\">\n<h2>GARANTI<\/h2>\n<div class=\"text-container\"><strong>Til hjemmebrug:<\/strong>\u00a010 \u00e5r p\u00e5 stel, 5 \u00e5r p\u00e5 motor, 3 \u00e5r p\u00e5 dele og arbejdskraft, 3 m\u00e5neder p\u00e5 kosmetiske ting.<\/div>\n<\/div>\n<div class=\"product-next-day\">\n<h2>EKSPRESLEVERING<\/h2>\n<div class=\"text-container\">Mange af vores produkter har mulighed for ekspreslevering og levering p\u00e5 en bestemt dato, hvilket betyder, at du f\u00e5r dit produkt leveret allerede i morgen eller p\u00e5 en dato, der passer dig. Tjek venligst leveringsmulighederne ved kassen for at se tilg\u00e6ngeligheden for din kurv og dit postnummer. Leveringsbetingelserne g\u00e6lder.<\/div>\n<\/div>","protected":false},"excerpt":{"rendered":"<p>Life Fitness E3 crosstrainer med Go-konsol er inspireret af f\u00f8rsteklasses kvalitet og sundhedsklubdesign og kombinerer holdbarhed med engagerende funktioner, s\u00e5 du kan optimere din tr\u00e6ning i dit eget hjem. Drevet af et kraftigt elliptisk drev og WhisperStride\u2122-teknologi kan du nyde us\u00e6dvanligt j\u00e6vne, stille bev\u00e6gelser, mens GO-konsollen holder dig p\u00e5 sporet af dine m\u00e5l. E3 er ideel til alle brugere og har en gener\u00f8s 20\u201d skridtbane, som giver en utrolig naturlig bev\u00e6gelse. Med fokus p\u00e5 komfort sikrer polstrede, skridsikre pedaler sikkert fodf\u00e6ste og komfort, mens to s\u00e6t styr giver dig mulighed for at skifte fra synkroniseret tr\u00e6ning af over- og underkrop til m\u00e5lrettet tr\u00e6ning af underkroppen med praktiske kontaktpulssensorer i begge. Du kan ogs\u00e5 bruge det medf\u00f8lgende tr\u00e5dl\u00f8se brystb\u00e6lte. De bev\u00e6gelige h\u00e5ndtag med flere greb har ogs\u00e5 praktiske one-touch-modstandskontroller med tommelfingeren, som g\u00f8r det nemt at justere tr\u00e6ningen. Go Console har en brugervenlig LCD-gr\u00e6nseflade, komplet med en r\u00e6kke 13 udfordrende tr\u00e6ningsprogrammer, der hj\u00e6lper med at inspirere din tr\u00e6ning og n\u00e5 dine m\u00e5l hurtigere. Programmerne blander hastighed og modstand og omfatter fedtforbr\u00e6nding, bakketr\u00e6ning og sportstr\u00e6ning samt en r\u00e6kke pulsfokuserede tr\u00e6ningsprogrammer. Med kontaktpulssensorer i det station\u00e6re styr kan du nemt holde \u00f8je med din puls eller v\u00e6lge at bruge det medf\u00f8lgende brystb\u00e6lte for at opn\u00e5 optimale resultater. LCD-sk\u00e6rmen viser ogs\u00e5 alle dine andre vigtige tr\u00e6ningsdata, s\u00e5 det er nemt at f\u00f8lge dine fremskridt. Det klubinspirerede udseende g\u00f8r E3 til et attraktivt valg med et sofistikeret design, komplet med en sl\u00e5ende titaniumfinish. E3 med GO-konsol har ogs\u00e5 en tilbeh\u00f8rsbakke, 2 kopholdere og en energisparetilstand.<\/p>\n<div class=\"product-attribute-container-desktop desktop-only\">\n<div class=\"additional-attributes-wrapper table-wrapper\"><\/div>\n<\/div>","protected":false},"featured_media":393,"comment_status":"open","ping_status":"closed","template":"","meta":{"site-sidebar-layout":"default","site-content-layout":"","ast-site-content-layout":"default","site-content-style":"default","site-sidebar-style":"default","ast-global-header-display":"","ast-banner-title-visibility":"","ast-main-header-display":"","ast-hfb-above-header-display":"","ast-hfb-below-header-display":"","ast-hfb-mobile-header-display":"","site-post-title":"","ast-breadcrumbs-content":"","ast-featured-img":"","footer-sml-layout":"","theme-transparent-header-meta":"default","adv-header-id-meta":"","stick-header-meta":"","header-above-stick-meta":"","header-main-stick-meta":"","header-below-stick-meta":"","astra-migrate-meta-layouts":"set","ast-page-background-enabled":"default","ast-page-background-meta":{"desktop":{"background-color":"var(--ast-global-color-5)","background-image":"","background-repeat":"repeat","background-position":"center center","background-size":"auto","background-attachment":"scroll","background-type":"","background-media":"","overlay-type":"","overlay-color":"","overlay-opacity":"","overlay-gradient":""},"tablet":{"background-color":"","background-image":"","background-repeat":"repeat","background-position":"center center","background-size":"auto","background-attachment":"scroll","background-type":"","background-media":"","overlay-type":"","overlay-color":"","overlay-opacity":"","overlay-gradient":""},"mobile":{"background-color":"","background-image":"","background-repeat":"repeat","background-position":"center center","background-size":"auto","background-attachment":"scroll","background-type":"","background-media":"","overlay-type":"","overlay-color":"","overlay-opacity":"","overlay-gradient":""}},"ast-content-background-meta":{"desktop":{"background-color":"var(--ast-global-color-4)","background-image":"","background-repeat":"repeat","background-position":"center center","background-size":"auto","background-attachment":"scroll","background-type":"","background-media":"","overlay-type":"","overlay-color":"","overlay-opacity":"","overlay-gradient":""},"tablet":{"background-color":"var(--ast-global-color-4)","background-image":"","background-repeat":"repeat","background-position":"center center","background-size":"auto","background-attachment":"scroll","background-type":"","background-media":"","overlay-type":"","overlay-color":"","overlay-opacity":"","overlay-gradient":""},"mobile":{"background-color":"var(--ast-global-color-4)","background-image":"","background-repeat":"repeat","background-position":"center center","background-size":"auto","background-attachment":"scroll","background-type":"","background-media":"","overlay-type":"","overlay-color":"","overlay-opacity":"","overlay-gradient":""}}},"product_brand":[],"product_cat":[18],"product_tag":[23],"class_list":{"0":"post-387","1":"product","2":"type-product","3":"status-publish","4":"has-post-thumbnail","6":"product_cat-cross-trainers","7":"product_tag-cross-trainers","8":"desktop-align-left","9":"tablet-align-left","10":"mobile-align-left","12":"first","13":"instock","14":"sale","15":"taxable","16":"shipping-taxable","17":"purchasable","18":"product-type-simple"},"_links":{"self":[{"href":"http:\/\/bestfitnessstore.com\/da\/wp-json\/wp\/v2\/product\/387","targetHints":{"allow":["GET"]}}],"collection":[{"href":"http:\/\/bestfitnessstore.com\/da\/wp-json\/wp\/v2\/product"}],"about":[{"href":"http:\/\/bestfitnessstore.com\/da\/wp-json\/wp\/v2\/types\/product"}],"replies":[{"embeddable":true,"href":"http:\/\/bestfitnessstore.com\/da\/wp-json\/wp\/v2\/comments?post=387"}],"wp:featuredmedia":[{"embeddable":true,"href":"http:\/\/bestfitnessstore.com\/da\/wp-json\/wp\/v2\/media\/393"}],"wp:attachment":[{"href":"http:\/\/bestfitnessstore.com\/da\/wp-json\/wp\/v2\/media?parent=387"}],"wp:term":[{"taxonomy":"product_brand","embeddable":true,"href":"http:\/\/bestfitnessstore.com\/da\/wp-json\/wp\/v2\/product_brand?post=387"},{"taxonomy":"product_cat","embeddable":true,"href":"http:\/\/bestfitnessstore.com\/da\/wp-json\/wp\/v2\/product_cat?post=387"},{"taxonomy":"product_tag","embeddable":true,"href":"http:\/\/bestfitnessstore.com\/da\/wp-json\/wp\/v2\/product_tag?post=387"}],"curies":[{"name":"wp","href":"https:\/\/api.w.org\/{rel}","templated":true}]}}