{"id":1508,"date":"2025-11-26T07:40:08","date_gmt":"2025-11-26T07:40:08","guid":{"rendered":"https:\/\/bestfitnessstore.com\/?post_type=product&#038;p=1508"},"modified":"2025-11-26T07:40:08","modified_gmt":"2025-11-26T07:40:08","slug":"volta-vt30-sammenklappeligt-lobeband","status":"publish","type":"product","link":"http:\/\/bestfitnessstore.com\/da\/product\/volta-vt30-folding-treadmill\/","title":{"rendered":"Volta VT30 sammenklappeligt l\u00f8beb\u00e5nd"},"content":{"rendered":"<div class=\"product-attribute-container-desktop desktop-only\">\n<div class=\"additional-attributes-wrapper table-wrapper\">\n<h5>PRODUKTINFORMATION<\/h5>\n<div class=\"attributes-container\">\n<ul class=\"product-attributes-container\">\n<li><span class=\"specification-title\">Pakkev\u00e6gt (KG):\u00a0<\/span><span class=\"specification-data\">103.000000<\/span><\/li>\n<li><span class=\"specification-title\">App-integration:\u00a0<\/span><span class=\"specification-data\">FITSHOW, Zwift<\/span><\/li>\n<li><span class=\"specification-title\">Foldning:\u00a0<\/span><span class=\"specification-data\">Ja<\/span><\/li>\n<li><span class=\"specification-title\">Maksimal brugerv\u00e6gt (kg):\u00a0<\/span><span class=\"specification-data\">130,00 (kg)<\/span><\/li>\n<li><span class=\"specification-title\">Transporthjul:\u00a0<\/span><span class=\"specification-data\">Ja<\/span><\/li>\n<li><span class=\"specification-title\">M\u00e5l p\u00e5 kassen (LxBxH):\u00a0<\/span><span class=\"specification-data\">200 x 96 x 32 cm<\/span><\/li>\n<\/ul>\n<ul class=\"product-attributes-container\">\n<li><span class=\"specification-title\">Produktets v\u00e6gt (KG):\u00a0<\/span><span class=\"specification-data\">90<\/span><\/li>\n<li><span class=\"specification-title\">Bluetooth:\u00a0<\/span><span class=\"specification-data\">Ja<\/span><\/li>\n<li><span class=\"specification-title\">Overv\u00e5gning af hjertefrekvens:\u00a0<\/span><span class=\"specification-data\">Indbyggede sensorer<\/span><\/li>\n<li><span class=\"specification-title\">Indbyggede programmer:\u00a0<\/span><span class=\"specification-data\">24<\/span><\/li>\n<li><span class=\"specification-title\">Produktm\u00e5l (LxBxH):\u00a0<\/span><span class=\"specification-data\">189 x 89 x 151 cm<\/span><\/li>\n<\/ul>\n<\/div>\n<\/div>\n<\/div>\n<div class=\"product-features\">\n<h5>YDERLIGERE FUNKTIONER<\/h5>\n<div class=\"more-container\">\n<div class=\"unshow-text\">\n<ul class=\"product-features-container\">\n<li><span class=\"specification-title\">Motor:<\/span>\u00a0<span class=\"specification-data\">DC 3,0 HK<\/span><\/li>\n<li><span class=\"specification-title\">Hastighedsomr\u00e5de:<\/span>\u00a0<span class=\"specification-data\">0,8-20 km\/t<\/span><\/li>\n<li><span class=\"specification-title\">Hurtige valg af hastighed:<\/span>\u00a0<span class=\"specification-data\">4<\/span><\/li>\n<li><span class=\"specification-title\">H\u00e6ldningsomr\u00e5de:<\/span>\u00a0<span class=\"specification-data\">15 niveauer<\/span><\/li>\n<li><span class=\"specification-title\">Hurtige valg af h\u00e6ldning:<\/span>\u00a0<span class=\"specification-data\">4<\/span><\/li>\n<li><span class=\"specification-title\">L\u00f8bende omr\u00e5de:<\/span>\u00a0<span class=\"specification-data\">1400 x 510 mm<\/span><\/li>\n<li><span class=\"specification-title\">Sk\u00e6rm:<\/span>\u00a0<span class=\"specification-data\">4 store hvide LED-sk\u00e6rmvinduer; 1 superstort LCD-vindue<\/span><\/li>\n<li><span class=\"specification-title\">Displayafl\u00e6sninger:<\/span>\u00a0<span class=\"specification-data\">Tid, hastighed, h\u00e6ldning, distance, kalorier, puls, tempo, skridt<\/span><\/li>\n<li><span class=\"specification-title\">Genvejstaster til tr\u00e6ning:<\/span>\u00a0<span class=\"specification-data\">6<\/span><\/li>\n<li><span class=\"specification-title\">H\u00e5ndtagskontroller:<\/span>\u00a0<span class=\"specification-data\">Nem justering af hastighed og h\u00e6ldning<\/span><\/li>\n<li><span class=\"specification-title\">Overv\u00e5gning af puls:<\/span>\u00a0<span class=\"specification-data\">Integrerede pulssensorer p\u00e5 h\u00e5ndlisterne<\/span><\/li>\n<li><span class=\"specification-title\">Ekstramateriale:<\/span>\u00a0<span class=\"specification-data\">MP3-indgang; indbygget h\u00f8jttaler; USB-opladning; transportruller; sammenklappeligt design;<\/span><\/li>\n<\/ul>\n<\/div>\n<\/div>\n<\/div>\n<div class=\"product-warranty\">\n<h5>GARANTI<\/h5>\n<div class=\"text-container\"><strong>Til hjemmebrug:<\/strong>\u00a02 \u00e5r p\u00e5 dele og arbejdskraft. Garantien d\u00e6kker ikke skader eller nedbrud p\u00e5 grund af forkert placering, herunder, men ikke begr\u00e6nset til, fugtige, st\u00f8vede eller udend\u00f8rs milj\u00f8er. For eksempel garager og k\u00e6ldre osv.<\/div>\n<\/div>\n<div class=\"product-next-day\">\n<h5>EKSPRESLEVERING<\/h5>\n<div class=\"text-container\">Mange af vores produkter har mulighed for ekspreslevering og levering p\u00e5 en bestemt dato, hvilket betyder, at du f\u00e5r dit produkt leveret allerede i morgen eller p\u00e5 en dato, der passer dig. Tjek venligst leveringsmulighederne ved kassen for at se tilg\u00e6ngeligheden for din kurv og dit postnummer. Leveringsbetingelserne g\u00e6lder.<\/div>\n<\/div>","protected":false},"excerpt":{"rendered":"<p>Volta VT30 Folding Treadmill kan n\u00e5 en tophastighed p\u00e5 20 km\/t og 15 h\u00e6ldningsniveauer og er bygget til at levere effektive indend\u00f8rs tr\u00e6ningssessioner, hver gang du tr\u00e6der op p\u00e5 det. L\u00f8beb\u00e5ndet p\u00e5 1400x510 mm drives af en DC-motor p\u00e5 3,0 hk med hastigheds- og h\u00e6ldningskontroller lige ved h\u00e5nden, s\u00e5 du kan \u00f8ge intensiteten, mens du l\u00f8ber. Konsollen best\u00e5r af fire store hvide LED-displayvinduer plus et superstort LCD-vindue i midten, s\u00e5 du nemt kan afl\u00e6se tid, hastighed, h\u00e6ldning, distance, kalorier, puls, tempo og skridt. Der er pulsgreb p\u00e5 sideskinnerne, og konsollen har fire hurtige hastighedsvalg og fire hurtige h\u00e6ldningsvalg. VT30 er udstyret med i alt 24 forudindstillede tr\u00e6ningsprogrammer med seks genvejstaster, s\u00e5 man hurtigt kan v\u00e6lge de mest almindelige tr\u00e6ningsprogrammer. For at f\u00e5 endnu mere variation i tr\u00e6ningen kan Volta VT30 kobles til Zwift og FitShow og levere engagerende og natursk\u00f8nne guidede sessioner (abonnementer p\u00e5 smart-enheder og apps er ikke inkluderet). Lyt til din yndlingsmusik, mens du tr\u00e6ner, med MP3-indgang og indbyggede h\u00f8jttalere - der er endda en integreret USB-port til at holde din enhed fuldt opladet. Volta VT30\u2019s d\u00e6k har en sammenklappelig ramme og kan nemt foldes sammen for at frig\u00f8re gulvplads, n\u00e5r du ikke bruger den, og den har ogs\u00e5 transportruller, s\u00e5 den er nem at flytte.<\/p>\n<div class=\"product-attribute-container-desktop desktop-only\">\n<div class=\"additional-attributes-wrapper table-wrapper\"><\/div>\n<\/div>","protected":false},"featured_media":1512,"comment_status":"open","ping_status":"closed","template":"","meta":{"site-sidebar-layout":"default","site-content-layout":"","ast-site-content-layout":"default","site-content-style":"default","site-sidebar-style":"default","ast-global-header-display":"","ast-banner-title-visibility":"","ast-main-header-display":"","ast-hfb-above-header-display":"","ast-hfb-below-header-display":"","ast-hfb-mobile-header-display":"","site-post-title":"","ast-breadcrumbs-content":"","ast-featured-img":"","footer-sml-layout":"","theme-transparent-header-meta":"default","adv-header-id-meta":"","stick-header-meta":"","header-above-stick-meta":"","header-main-stick-meta":"","header-below-stick-meta":"","astra-migrate-meta-layouts":"set","ast-page-background-enabled":"default","ast-page-background-meta":{"desktop":{"background-color":"var(--ast-global-color-5)","background-image":"","background-repeat":"repeat","background-position":"center center","background-size":"auto","background-attachment":"scroll","background-type":"","background-media":"","overlay-type":"","overlay-color":"","overlay-opacity":"","overlay-gradient":""},"tablet":{"background-color":"","background-image":"","background-repeat":"repeat","background-position":"center center","background-size":"auto","background-attachment":"scroll","background-type":"","background-media":"","overlay-type":"","overlay-color":"","overlay-opacity":"","overlay-gradient":""},"mobile":{"background-color":"","background-image":"","background-repeat":"repeat","background-position":"center center","background-size":"auto","background-attachment":"scroll","background-type":"","background-media":"","overlay-type":"","overlay-color":"","overlay-opacity":"","overlay-gradient":""}},"ast-content-background-meta":{"desktop":{"background-color":"var(--ast-global-color-4)","background-image":"","background-repeat":"repeat","background-position":"center center","background-size":"auto","background-attachment":"scroll","background-type":"","background-media":"","overlay-type":"","overlay-color":"","overlay-opacity":"","overlay-gradient":""},"tablet":{"background-color":"var(--ast-global-color-4)","background-image":"","background-repeat":"repeat","background-position":"center center","background-size":"auto","background-attachment":"scroll","background-type":"","background-media":"","overlay-type":"","overlay-color":"","overlay-opacity":"","overlay-gradient":""},"mobile":{"background-color":"var(--ast-global-color-4)","background-image":"","background-repeat":"repeat","background-position":"center center","background-size":"auto","background-attachment":"scroll","background-type":"","background-media":"","overlay-type":"","overlay-color":"","overlay-opacity":"","overlay-gradient":""}}},"product_brand":[],"product_cat":[21],"product_tag":[25],"class_list":{"0":"post-1508","1":"product","2":"type-product","3":"status-publish","4":"has-post-thumbnail","6":"product_cat-treadmills","7":"product_tag-treadmills","8":"desktop-align-left","9":"tablet-align-left","10":"mobile-align-left","12":"first","13":"instock","14":"sale","15":"taxable","16":"shipping-taxable","17":"purchasable","18":"product-type-simple"},"_links":{"self":[{"href":"http:\/\/bestfitnessstore.com\/da\/wp-json\/wp\/v2\/product\/1508","targetHints":{"allow":["GET"]}}],"collection":[{"href":"http:\/\/bestfitnessstore.com\/da\/wp-json\/wp\/v2\/product"}],"about":[{"href":"http:\/\/bestfitnessstore.com\/da\/wp-json\/wp\/v2\/types\/product"}],"replies":[{"embeddable":true,"href":"http:\/\/bestfitnessstore.com\/da\/wp-json\/wp\/v2\/comments?post=1508"}],"wp:featuredmedia":[{"embeddable":true,"href":"http:\/\/bestfitnessstore.com\/da\/wp-json\/wp\/v2\/media\/1512"}],"wp:attachment":[{"href":"http:\/\/bestfitnessstore.com\/da\/wp-json\/wp\/v2\/media?parent=1508"}],"wp:term":[{"taxonomy":"product_brand","embeddable":true,"href":"http:\/\/bestfitnessstore.com\/da\/wp-json\/wp\/v2\/product_brand?post=1508"},{"taxonomy":"product_cat","embeddable":true,"href":"http:\/\/bestfitnessstore.com\/da\/wp-json\/wp\/v2\/product_cat?post=1508"},{"taxonomy":"product_tag","embeddable":true,"href":"http:\/\/bestfitnessstore.com\/da\/wp-json\/wp\/v2\/product_tag?post=1508"}],"curies":[{"name":"wp","href":"https:\/\/api.w.org\/{rel}","templated":true}]}}