{"id":1500,"date":"2025-11-26T07:33:34","date_gmt":"2025-11-26T07:33:34","guid":{"rendered":"https:\/\/bestfitnessstore.com\/?post_type=product&#038;p=1500"},"modified":"2025-11-26T07:35:18","modified_gmt":"2025-11-26T07:35:18","slug":"volta-vt10-sammenklappeligt-lobeband","status":"publish","type":"product","link":"http:\/\/bestfitnessstore.com\/da\/product\/volta-vt10-folding-treadmill\/","title":{"rendered":"Volta VT10 sammenklappeligt l\u00f8beb\u00e5nd"},"content":{"rendered":"<div class=\"product-attribute-container-desktop desktop-only\">\n<div class=\"additional-attributes-wrapper table-wrapper\">\n<h4>PRODUKTINFORMATION<\/h4>\n<div class=\"attributes-container\">\n<ul class=\"product-attributes-container\">\n<li><span class=\"specification-title\">Pakkev\u00e6gt (KG):\u00a0<\/span><span class=\"specification-data\">60.000000<\/span><\/li>\n<li><span class=\"specification-title\">Bluetooth:\u00a0<\/span><span class=\"specification-data\">Nej<\/span><\/li>\n<li><span class=\"specification-title\">Overv\u00e5gning af hjertefrekvens:\u00a0<\/span><span class=\"specification-data\">Indbyggede sensorer<\/span><\/li>\n<li><span class=\"specification-title\">Indbyggede programmer:\u00a0<\/span><span class=\"specification-data\">15<\/span><\/li>\n<li><span class=\"specification-title\">Produktm\u00e5l (LxBxH):\u00a0<\/span><span class=\"specification-data\">149 x 76 x 126 cm<\/span><\/li>\n<\/ul>\n<ul class=\"product-attributes-container\">\n<li><span class=\"specification-title\">Produktets v\u00e6gt (KG):\u00a0<\/span><span class=\"specification-data\">52<\/span><\/li>\n<li><span class=\"specification-title\">Foldning:\u00a0<\/span><span class=\"specification-data\">Ja<\/span><\/li>\n<li><span class=\"specification-title\">Maksimal brugerv\u00e6gt (kg):\u00a0<\/span><span class=\"specification-data\">100,00 (kg)<\/span><\/li>\n<li><span class=\"specification-title\">Transporthjul:\u00a0<\/span><span class=\"specification-data\">Ja<\/span><\/li>\n<li><span class=\"specification-title\">M\u00e5l p\u00e5 kassen (LxBxH):\u00a0<\/span><span class=\"specification-data\">158,50 x 76,50 x 29 cm<\/span><\/li>\n<\/ul>\n<\/div>\n<\/div>\n<\/div>\n<div class=\"product-features\">\n<h4>YDERLIGERE FUNKTIONER<\/h4>\n<div class=\"more-container\">\n<div class=\"unshow-text\">\n<ul class=\"product-features-container\">\n<li><span class=\"specification-title\">Motor:<\/span>\u00a0<span class=\"specification-data\">DC 1,5 HK<\/span><\/li>\n<li><span class=\"specification-title\">Hastighedsomr\u00e5de:<\/span>\u00a0<span class=\"specification-data\">0,8-12 km\/t<\/span><\/li>\n<li><span class=\"specification-title\">H\u00e6ldningsomr\u00e5de:<\/span>\u00a0<span class=\"specification-data\">15 niveauer<\/span><\/li>\n<li><span class=\"specification-title\">L\u00f8bende omr\u00e5de:<\/span>\u00a0<span class=\"specification-data\">1200 x 450 mm<\/span><\/li>\n<li><span class=\"specification-title\">Sk\u00e6rm:<\/span>\u00a0<span class=\"specification-data\">169 x 68 mm superstort baggrundsbelyst LCD<\/span><\/li>\n<li><span class=\"specification-title\">Displayafl\u00e6sninger:<\/span>\u00a0<span class=\"specification-data\">Tid, hastighed, distance, kalorier, puls, programtr\u00e6ningsgrafik, h\u00e6ldning<\/span><\/li>\n<li><span class=\"specification-title\">H\u00e5ndtagskontroller:<\/span>\u00a0<span class=\"specification-data\">Nem justering af hastighed og h\u00e6ldning<\/span><\/li>\n<li><span class=\"specification-title\">Overv\u00e5gning af puls:<\/span>\u00a0<span class=\"specification-data\">Integrerede pulssensorer p\u00e5 h\u00e5ndlisterne<\/span><\/li>\n<\/ul>\n<\/div>\n<\/div>\n<\/div>\n<div class=\"product-warranty\">\n<h4>GARANTI<\/h4>\n<div class=\"text-container\"><strong>Til hjemmebrug:<\/strong>\u00a02 \u00e5r p\u00e5 dele og arbejdskraft. Garantien d\u00e6kker ikke skader eller nedbrud p\u00e5 grund af forkert placering, herunder, men ikke begr\u00e6nset til, fugtige, st\u00f8vede eller udend\u00f8rs milj\u00f8er. For eksempel garager og k\u00e6ldre osv.<\/div>\n<\/div>\n<div class=\"product-next-day\">\n<h4>EKSPRESLEVERING<\/h4>\n<div class=\"text-container\">Mange af vores produkter har mulighed for ekspreslevering og levering p\u00e5 en bestemt dato, hvilket betyder, at du f\u00e5r dit produkt leveret allerede i morgen eller p\u00e5 en dato, der passer dig. Tjek venligst leveringsmulighederne ved kassen for at se tilg\u00e6ngeligheden for din kurv og dit postnummer. Leveringsbetingelserne g\u00e6lder.<\/div>\n<\/div>","protected":false},"excerpt":{"rendered":"<div id=\"fullDescription\" class=\"full-description\">\n<div class=\"text-container\">Volta VT10 Folding Treadmill har et l\u00f8beb\u00e5nd, der m\u00e5ler 1200x450 mm. Det drives af en motor p\u00e5 1,5 hk og har et hastighedsomr\u00e5de p\u00e5 0,8-12 km\/t og 15 h\u00e6ldningsniveauer - perfekt til g\u00e5ture med h\u00e6ldning og lette l\u00f8b\/joggeture i dit eget hjem. Med h\u00e5ndgrebene kan du justere hastighed og h\u00e6ldning p\u00e5 farten med hurtige knapper p\u00e5 konsollen, mens det superstore baggrundsbelyste LCD-display p\u00e5 169 x 68 mm viser alle dine vigtige tr\u00e6ningsdata, herunder tid, hastighed, distance, kalorier, puls, programtr\u00e6ningsgrafik og h\u00e6ldning. Pulsgrebene er integreret i h\u00e5ndlisterne, s\u00e5 du kan m\u00e5le din puls uden at forstyrre dine skridt. Er du ude efter en struktureret rutine? V\u00e6lg mellem 15 forudindstillede tr\u00e6ningsprogrammer for at f\u00e5 mest muligt ud af din tid p\u00e5 l\u00f8beb\u00e5ndet. Der er udsk\u00e6ringer p\u00e5 hver side af displayet til opbevaring af dine ejendele eller vandflasker. Under konsollen er der en sikkerhedsn\u00f8gle med n\u00f8dtr\u00e6k, som kan s\u00e6ttes fast p\u00e5 dit t\u00f8j og stoppe maskinen for dig, hvis du skulle falde for langt tilbage. Er du f\u00e6rdig med din tr\u00e6ning og har brug for gulvplads? D\u00e6kket p\u00e5 Volta VT10 er nemt at folde op og reducere maskinens fodaftryk, og der er ogs\u00e5 indbyggede transporthjul, s\u00e5 den er nem at flytte.&nbsp;<\/p>\n<\/div>\n<\/div>\n<div class=\"product-attribute-container-desktop desktop-only\">\n<div class=\"additional-attributes-wrapper table-wrapper\"><\/div>\n<\/div>","protected":false},"featured_media":1505,"comment_status":"open","ping_status":"closed","template":"","meta":{"site-sidebar-layout":"default","site-content-layout":"","ast-site-content-layout":"default","site-content-style":"default","site-sidebar-style":"default","ast-global-header-display":"","ast-banner-title-visibility":"","ast-main-header-display":"","ast-hfb-above-header-display":"","ast-hfb-below-header-display":"","ast-hfb-mobile-header-display":"","site-post-title":"","ast-breadcrumbs-content":"","ast-featured-img":"","footer-sml-layout":"","theme-transparent-header-meta":"default","adv-header-id-meta":"","stick-header-meta":"","header-above-stick-meta":"","header-main-stick-meta":"","header-below-stick-meta":"","astra-migrate-meta-layouts":"set","ast-page-background-enabled":"default","ast-page-background-meta":{"desktop":{"background-color":"var(--ast-global-color-5)","background-image":"","background-repeat":"repeat","background-position":"center center","background-size":"auto","background-attachment":"scroll","background-type":"","background-media":"","overlay-type":"","overlay-color":"","overlay-opacity":"","overlay-gradient":""},"tablet":{"background-color":"","background-image":"","background-repeat":"repeat","background-position":"center center","background-size":"auto","background-attachment":"scroll","background-type":"","background-media":"","overlay-type":"","overlay-color":"","overlay-opacity":"","overlay-gradient":""},"mobile":{"background-color":"","background-image":"","background-repeat":"repeat","background-position":"center center","background-size":"auto","background-attachment":"scroll","background-type":"","background-media":"","overlay-type":"","overlay-color":"","overlay-opacity":"","overlay-gradient":""}},"ast-content-background-meta":{"desktop":{"background-color":"var(--ast-global-color-4)","background-image":"","background-repeat":"repeat","background-position":"center center","background-size":"auto","background-attachment":"scroll","background-type":"","background-media":"","overlay-type":"","overlay-color":"","overlay-opacity":"","overlay-gradient":""},"tablet":{"background-color":"var(--ast-global-color-4)","background-image":"","background-repeat":"repeat","background-position":"center center","background-size":"auto","background-attachment":"scroll","background-type":"","background-media":"","overlay-type":"","overlay-color":"","overlay-opacity":"","overlay-gradient":""},"mobile":{"background-color":"var(--ast-global-color-4)","background-image":"","background-repeat":"repeat","background-position":"center center","background-size":"auto","background-attachment":"scroll","background-type":"","background-media":"","overlay-type":"","overlay-color":"","overlay-opacity":"","overlay-gradient":""}}},"product_brand":[],"product_cat":[21],"product_tag":[25],"class_list":{"0":"post-1500","1":"product","2":"type-product","3":"status-publish","4":"has-post-thumbnail","6":"product_cat-treadmills","7":"product_tag-treadmills","8":"desktop-align-left","9":"tablet-align-left","10":"mobile-align-left","12":"first","13":"instock","14":"sale","15":"taxable","16":"shipping-taxable","17":"purchasable","18":"product-type-simple"},"_links":{"self":[{"href":"http:\/\/bestfitnessstore.com\/da\/wp-json\/wp\/v2\/product\/1500","targetHints":{"allow":["GET"]}}],"collection":[{"href":"http:\/\/bestfitnessstore.com\/da\/wp-json\/wp\/v2\/product"}],"about":[{"href":"http:\/\/bestfitnessstore.com\/da\/wp-json\/wp\/v2\/types\/product"}],"replies":[{"embeddable":true,"href":"http:\/\/bestfitnessstore.com\/da\/wp-json\/wp\/v2\/comments?post=1500"}],"wp:featuredmedia":[{"embeddable":true,"href":"http:\/\/bestfitnessstore.com\/da\/wp-json\/wp\/v2\/media\/1505"}],"wp:attachment":[{"href":"http:\/\/bestfitnessstore.com\/da\/wp-json\/wp\/v2\/media?parent=1500"}],"wp:term":[{"taxonomy":"product_brand","embeddable":true,"href":"http:\/\/bestfitnessstore.com\/da\/wp-json\/wp\/v2\/product_brand?post=1500"},{"taxonomy":"product_cat","embeddable":true,"href":"http:\/\/bestfitnessstore.com\/da\/wp-json\/wp\/v2\/product_cat?post=1500"},{"taxonomy":"product_tag","embeddable":true,"href":"http:\/\/bestfitnessstore.com\/da\/wp-json\/wp\/v2\/product_tag?post=1500"}],"curies":[{"name":"wp","href":"https:\/\/api.w.org\/{rel}","templated":true}]}}