{"id":1471,"date":"2025-11-26T06:48:25","date_gmt":"2025-11-26T06:48:25","guid":{"rendered":"https:\/\/bestfitnessstore.com\/?post_type=product&#038;p=1471"},"modified":"2025-11-26T06:48:25","modified_gmt":"2025-11-26T06:48:25","slug":"spirit-xt185-sammenklappeligt-lobeband","status":"publish","type":"product","link":"http:\/\/bestfitnessstore.com\/da\/product\/spirit-xt185-folding-treadmill\/","title":{"rendered":"Spirit XT185 sammenklappeligt l\u00f8beb\u00e5nd"},"content":{"rendered":"<div class=\"product-attribute-container-desktop desktop-only\">\n<div class=\"additional-attributes-wrapper table-wrapper\">\n<h4>PRODUKTINFORMATION<\/h4>\n<div class=\"attributes-container\">\n<ul class=\"product-attributes-container\">\n<li><span class=\"specification-title\">Pakkev\u00e6gt (KG):\u00a0<\/span><span class=\"specification-data\">112.000000<\/span><\/li>\n<li><span class=\"specification-title\">Effektmetode:\u00a0<\/span><span class=\"specification-data\">Elektricitet fra elnettet<\/span><\/li>\n<li><span class=\"specification-title\">Holder til tablet:\u00a0<\/span><span class=\"specification-data\">Ja<\/span><\/li>\n<li><span class=\"specification-title\">Overv\u00e5gning af hjertefrekvens:\u00a0<\/span><span class=\"specification-data\">Indbyggede sensorer<\/span><\/li>\n<li><span class=\"specification-title\">Indbyggede programmer:\u00a0<\/span><span class=\"specification-data\">Manuel, bakke, fedtforbr\u00e6nding, cardio, styrke, HIIT, fusion, 5 km, 10 km, tid, distance, kalorier, 2 brugere<\/span><\/li>\n<li><span class=\"specification-title\">Produktm\u00e5l (LxBxH):\u00a0<\/span><span class=\"specification-data\">193 x 89 x 150 cm<\/span><\/li>\n<\/ul>\n<ul class=\"product-attributes-container\">\n<li><span class=\"specification-title\">Produktets v\u00e6gt (KG):\u00a0<\/span><span class=\"specification-data\">100.50<\/span><\/li>\n<li><span class=\"specification-title\">App-integration:\u00a0<\/span><span class=\"specification-data\">KinoMap, SPIRIT+, Zwift<\/span><\/li>\n<li><span class=\"specification-title\">Foldning:\u00a0<\/span><span class=\"specification-data\">Ja<\/span><\/li>\n<li><span class=\"specification-title\">Maksimal brugerv\u00e6gt (kg):\u00a0<\/span><span class=\"specification-data\">125,00 (kg)<\/span><\/li>\n<li><span class=\"specification-title\">Transporthjul:\u00a0<\/span><span class=\"specification-data\">Ja<\/span><\/li>\n<li><span class=\"specification-title\">M\u00e5l p\u00e5 kassen (LxBxH):\u00a0<\/span><span class=\"specification-data\">203,50 x 91 x 38 cm<\/span><\/li>\n<\/ul>\n<\/div>\n<\/div>\n<\/div>\n<div class=\"product-features\">\n<h4>YDERLIGERE FUNKTIONER<\/h4>\n<div class=\"more-container\">\n<div class=\"unshow-text\">\n<ul class=\"product-features-container\">\n<li><span class=\"specification-title\">Konsol:<\/span>\u00a0<span class=\"specification-data\">7,5\u201d bl\u00e5 baggrundsbelyst LCD, bordvenlig l\u00e6sehylde, justerbar ventilator, b\u00f8rnesikring<\/span><\/li>\n<li><span class=\"specification-title\">Hjertefrekvens:<\/span>\u00a0<span class=\"specification-data\">H\u00e5ndpulsgreb<\/span><\/li>\n<li><span class=\"specification-title\">Hastighed\/inklination:<\/span>\u00a0<span class=\"specification-data\">1-16 km\/t \/ 10 niveauer<\/span><\/li>\n<li><span class=\"specification-title\">Sikkerhedsn\u00f8gle:<\/span>\u00a0<span class=\"specification-data\">Inkluderet<\/span><\/li>\n<li><span class=\"specification-title\">Drivmotor:<\/span>\u00a0<span class=\"specification-data\">3,0 HK<\/span><\/li>\n<li><span class=\"specification-title\">D\u00e6k:<\/span>\u00a0<span class=\"specification-data\">18 mm fenol, smurt med silikone<\/span><\/li>\n<li><span class=\"specification-title\">B\u00e6lte:<\/span>\u00a0<span class=\"specification-data\">510 x 1400 mm<\/span><\/li>\n<li><span class=\"specification-title\">Rulle:<\/span>\u00a0<span class=\"specification-data\">60\/46 (kronet)<\/span><\/li>\n<li><span class=\"specification-title\">Ramme:<\/span>\u00a0<span class=\"specification-data\">Sammenklappelig, med l\u00f8ftehj\u00e6lp og langsom udfoldning, holdbar pulverlakering<\/span><\/li>\n<li><span class=\"specification-title\">Bem\u00e6rk venligst:<\/span>\u00a0<span class=\"specification-data\">Tablet medf\u00f8lger ikke<\/span><\/li>\n<\/ul>\n<\/div>\n<\/div>\n<\/div>\n<div class=\"product-warranty\">\n<h4>GARANTI<\/h4>\n<div class=\"text-container\"><strong>Til hjemmebrug:<\/strong>\u00a010 \u00e5r p\u00e5 motor, 3 \u00e5r p\u00e5 dele og 3 \u00e5r p\u00e5 arbejdskraft. Produktet skal bruges\/opbevares i et egnet milj\u00f8 (steder med fugtig, uforseglet beton eller omr\u00e5der med konstant luftstr\u00f8m til eksterne omr\u00e5der anses ikke for at v\u00e6re egnede). Garantien g\u00e6lder ikke uden for det britiske fastland og tilbydes ikke i Nordirland eller Irland.<\/div>\n<\/div>\n<div class=\"product-next-day\">\n<h4>EKSPRESLEVERING<\/h4>\n<div class=\"text-container\">Mange af vores produkter har mulighed for ekspreslevering og levering p\u00e5 en bestemt dato, hvilket betyder, at du f\u00e5r dit produkt leveret allerede i morgen eller p\u00e5 en dato, der passer dig. Tjek venligst leveringsmulighederne ved kassen for at se tilg\u00e6ngeligheden for din kurv og dit postnummer. Leveringsbetingelserne g\u00e6lder.<\/div>\n<\/div>","protected":false},"excerpt":{"rendered":"<p>Spirit XT185 foldel\u00f8beb\u00e5nd er bygget med en slank, koksgr\u00e5 metallisk st\u00e5lramme, der kan modst\u00e5 strabadserne ved konditionstr\u00e6ning i hjemmet. Det er udstyret med en p\u00e5lidelig PowerMax-motor p\u00e5 3,0 hk, som f\u00e5r XT185 til at n\u00e5 en tophastighed p\u00e5 16 km\/t og 10 h\u00e6ldningsniveauer. Den store l\u00f8beflade p\u00e5 510 x 1400 mm er forbedret med Lift Assist for nem opbevaring og Slow Deploy for sikker udfoldning. Spirit XT185\u2019s lyse 7,5\u201d bl\u00e5 baggrundsbelyste LCD-display viser tr\u00e6ningsm\u00e5linger som kalorier, distance, omgange, tempo, tid og puls (m\u00e5lt via de integrerede h\u00e5ndpulsgreb). Der er en r\u00e6kke indbyggede tr\u00e6ningsprogrammer at v\u00e6lge imellem, herunder Manual, Hill, Fat Burn, Cardio, Strength, HIIT, Fusion, 5K, 10K, Time, Distance, Calories og 2 User. XT185 har ogs\u00e5 forbindelse til nogle af de f\u00f8rende fitness-apps som Zwift og Kinomap samt Map My Fitness, Apple Health Kit og meget mere via Spirit+-appen. Konsollen har ogs\u00e5 integrerede Bluetooth-h\u00f8jttalere, en tabletvenlig l\u00e6sehylde, en telefonhylde, to kopholdere, en justerbar k\u00f8leventilator og b\u00f8rnesikring.<\/p>\n<div class=\"product-attribute-container-desktop desktop-only\">\n<div class=\"additional-attributes-wrapper table-wrapper\"><\/div>\n<\/div>","protected":false},"featured_media":1475,"comment_status":"open","ping_status":"closed","template":"","meta":{"site-sidebar-layout":"default","site-content-layout":"","ast-site-content-layout":"default","site-content-style":"default","site-sidebar-style":"default","ast-global-header-display":"","ast-banner-title-visibility":"","ast-main-header-display":"","ast-hfb-above-header-display":"","ast-hfb-below-header-display":"","ast-hfb-mobile-header-display":"","site-post-title":"","ast-breadcrumbs-content":"","ast-featured-img":"","footer-sml-layout":"","theme-transparent-header-meta":"default","adv-header-id-meta":"","stick-header-meta":"","header-above-stick-meta":"","header-main-stick-meta":"","header-below-stick-meta":"","astra-migrate-meta-layouts":"set","ast-page-background-enabled":"default","ast-page-background-meta":{"desktop":{"background-color":"var(--ast-global-color-5)","background-image":"","background-repeat":"repeat","background-position":"center center","background-size":"auto","background-attachment":"scroll","background-type":"","background-media":"","overlay-type":"","overlay-color":"","overlay-opacity":"","overlay-gradient":""},"tablet":{"background-color":"","background-image":"","background-repeat":"repeat","background-position":"center center","background-size":"auto","background-attachment":"scroll","background-type":"","background-media":"","overlay-type":"","overlay-color":"","overlay-opacity":"","overlay-gradient":""},"mobile":{"background-color":"","background-image":"","background-repeat":"repeat","background-position":"center center","background-size":"auto","background-attachment":"scroll","background-type":"","background-media":"","overlay-type":"","overlay-color":"","overlay-opacity":"","overlay-gradient":""}},"ast-content-background-meta":{"desktop":{"background-color":"var(--ast-global-color-4)","background-image":"","background-repeat":"repeat","background-position":"center center","background-size":"auto","background-attachment":"scroll","background-type":"","background-media":"","overlay-type":"","overlay-color":"","overlay-opacity":"","overlay-gradient":""},"tablet":{"background-color":"var(--ast-global-color-4)","background-image":"","background-repeat":"repeat","background-position":"center center","background-size":"auto","background-attachment":"scroll","background-type":"","background-media":"","overlay-type":"","overlay-color":"","overlay-opacity":"","overlay-gradient":""},"mobile":{"background-color":"var(--ast-global-color-4)","background-image":"","background-repeat":"repeat","background-position":"center center","background-size":"auto","background-attachment":"scroll","background-type":"","background-media":"","overlay-type":"","overlay-color":"","overlay-opacity":"","overlay-gradient":""}}},"product_brand":[],"product_cat":[21],"product_tag":[25],"class_list":{"0":"post-1471","1":"product","2":"type-product","3":"status-publish","4":"has-post-thumbnail","6":"product_cat-treadmills","7":"product_tag-treadmills","8":"desktop-align-left","9":"tablet-align-left","10":"mobile-align-left","12":"first","13":"instock","14":"sale","15":"taxable","16":"shipping-taxable","17":"purchasable","18":"product-type-simple"},"_links":{"self":[{"href":"http:\/\/bestfitnessstore.com\/da\/wp-json\/wp\/v2\/product\/1471","targetHints":{"allow":["GET"]}}],"collection":[{"href":"http:\/\/bestfitnessstore.com\/da\/wp-json\/wp\/v2\/product"}],"about":[{"href":"http:\/\/bestfitnessstore.com\/da\/wp-json\/wp\/v2\/types\/product"}],"replies":[{"embeddable":true,"href":"http:\/\/bestfitnessstore.com\/da\/wp-json\/wp\/v2\/comments?post=1471"}],"wp:featuredmedia":[{"embeddable":true,"href":"http:\/\/bestfitnessstore.com\/da\/wp-json\/wp\/v2\/media\/1475"}],"wp:attachment":[{"href":"http:\/\/bestfitnessstore.com\/da\/wp-json\/wp\/v2\/media?parent=1471"}],"wp:term":[{"taxonomy":"product_brand","embeddable":true,"href":"http:\/\/bestfitnessstore.com\/da\/wp-json\/wp\/v2\/product_brand?post=1471"},{"taxonomy":"product_cat","embeddable":true,"href":"http:\/\/bestfitnessstore.com\/da\/wp-json\/wp\/v2\/product_cat?post=1471"},{"taxonomy":"product_tag","embeddable":true,"href":"http:\/\/bestfitnessstore.com\/da\/wp-json\/wp\/v2\/product_tag?post=1471"}],"curies":[{"name":"wp","href":"https:\/\/api.w.org\/{rel}","templated":true}]}}