{"id":1467,"date":"2025-11-26T06:44:15","date_gmt":"2025-11-26T06:44:15","guid":{"rendered":"https:\/\/bestfitnessstore.com\/?post_type=product&#038;p=1467"},"modified":"2025-11-26T06:44:16","modified_gmt":"2025-11-26T06:44:16","slug":"spirit-ct900-led-lobeband-grafitgrat","status":"publish","type":"product","link":"http:\/\/bestfitnessstore.com\/da\/product\/spirit-ct900-led-treadmill-graphite-grey\/","title":{"rendered":"Spirit CT900 LED-l\u00f8beb\u00e5nd (grafitgr\u00e5)"},"content":{"rendered":"<div class=\"product-attribute-container-desktop desktop-only\">\n<div class=\"additional-attributes-wrapper table-wrapper\">\n<h4>PRODUKTINFORMATION<\/h4>\n<div class=\"attributes-container\">\n<ul class=\"product-attributes-container\">\n<li><span class=\"specification-title\">Pakkev\u00e6gt (KG):\u00a0<\/span><span class=\"specification-data\">0.000000<\/span><\/li>\n<li><span class=\"specification-title\">Effektmetode:\u00a0<\/span><span class=\"specification-data\">Elektricitet fra elnettet<\/span><\/li>\n<li><span class=\"specification-title\">Holder til tablet:\u00a0<\/span><span class=\"specification-data\">Ja<\/span><\/li>\n<li><span class=\"specification-title\">Foldning:\u00a0<\/span><span class=\"specification-data\">Nej<\/span><\/li>\n<li><span class=\"specification-title\">Maksimal brugerv\u00e6gt (kg):\u00a0<\/span><span class=\"specification-data\">150.00 (kg)<\/span><\/li>\n<li><span class=\"specification-title\">Produktm\u00e5l (LxBxH):\u00a0<\/span><span class=\"specification-data\">214 x 90,50 x 153 cm<\/span><\/li>\n<\/ul>\n<ul class=\"product-attributes-container\">\n<li><span class=\"specification-title\">Produktets v\u00e6gt (KG):\u00a0<\/span><span class=\"specification-data\">180<\/span><\/li>\n<li><span class=\"specification-title\">App-integration:\u00a0<\/span><span class=\"specification-data\">KinoMap, Spirit Fit, Zwift<\/span><\/li>\n<li><span class=\"specification-title\">Bluetooth:\u00a0<\/span><span class=\"specification-data\">Ja<\/span><\/li>\n<li><span class=\"specification-title\">Overv\u00e5gning af hjertefrekvens:\u00a0<\/span><span class=\"specification-data\">Analoge, indbyggede sensorer<\/span><\/li>\n<li><span class=\"specification-title\">Indbyggede programmer:\u00a0<\/span><span class=\"specification-data\">Forudindstillede tr\u00e6ningsprogrammer, herunder: Manuel, bakke, 5 km, puls, fedtforbr\u00e6nding, cardio, HIIT, interval, fitnesstest (Gerkin, WFI, Army PFT, Navy PRT, Air Force, Marine PRT, Physical Therapy PEB, Coast Guard, Chester).<\/span><\/li>\n<\/ul>\n<\/div>\n<\/div>\n<\/div>\n<div class=\"product-features\">\n<h4>YDERLIGERE FUNKTIONER<\/h4>\n<div class=\"more-container\">\n<div class=\"unshow-text\">\n<ul class=\"product-features-container\">\n<li><span class=\"specification-title\">Konsol:<\/span>\u00a0<span class=\"specification-data\">LED-sk\u00e6rm<\/span><\/li>\n<li><span class=\"specification-title\">Underholdning:<\/span>\u00a0<span class=\"specification-data\">TV-funktion (valgfri tilf\u00f8jelse), Bluetooth<\/span><\/li>\n<li><span class=\"specification-title\">Andre funktioner:<\/span>\u00a0<span class=\"specification-data\">C-Safe, USB-port, telemetrisk pulsmodtager, h\u00e5ndpuls og ventilator<\/span><\/li>\n<li><span class=\"specification-title\">Programmer:<\/span>\u00a0<span class=\"specification-data\">Manual, Hill, SK, HR, Fat Burn, Cardio, HIIT, Interval, Fitness Tests (Gerkin, WFI, Army PFT, Navy PFT, Air Force, Marine PRT, Physical Therapy PEB, Coast Guard Chester)<\/span><\/li>\n<li><span class=\"specification-title\">Ramme:<\/span>\u00a0<span class=\"specification-data\">Kraftigt h\u00f8jstyrkest\u00e5l med holdbar pulverlakering<\/span><\/li>\n<li><span class=\"specification-title\">Motor:<\/span>\u00a0<span class=\"specification-data\">Industrielt AC-drevsystem med 5,0 hestekr\u00e6fter<\/span><\/li>\n<li><span class=\"specification-title\">Hastighedsomr\u00e5de:<\/span>\u00a0<span class=\"specification-data\">0,5-15 MPH<\/span><\/li>\n<li><span class=\"specification-title\">H\u00e6ldningsmotorens r\u00e6kkevidde:<\/span>\u00a0<span class=\"specification-data\">0-15%<\/span><\/li>\n<li><span class=\"specification-title\">L\u00f8bende overflade (LxB):<\/span>\u00a0<span class=\"specification-data\">22\u201d x 62\u201d<\/span><\/li>\n<li><span class=\"specification-title\">D\u00e6kd\u00e6mpning:<\/span>\u00a0<span class=\"specification-data\">St\u00f8dd\u00e6mpere af polyurethan<\/span><\/li>\n<\/ul>\n<\/div>\n<\/div>\n<\/div>\n<div class=\"product-warranty\">\n<h4>GARANTI<\/h4>\n<div class=\"text-container\"><strong>Hjem og let\/fuld kommerciel brug:<\/strong>\u00a03 \u00e5r p\u00e5 dele og arbejdskraft. Produktet skal bruges\/opbevares i et egnet milj\u00f8 (steder med fugtig, uforseglet beton eller omr\u00e5der med konstant luftstr\u00f8m til eksterne omr\u00e5der er ikke klassificeret som egnede).<\/div>\n<\/div>","protected":false},"excerpt":{"rendered":"<p>Spirit CT900 LED-l\u00f8beb\u00e5ndets ultraklare LED-display, Bluetooth-forbindelse og tv-funktion (ekstraudstyr) g\u00f8r det muligt at opfylde brugernes underholdningsbehov, mens de tr\u00e6ner. Det giver ogs\u00e5 mulighed for \u00f8jeblikkelig feedback p\u00e5 din fitnesspr\u00e6station. H\u00e5ndsensorerne med glat greb giver dig mulighed for n\u00f8jagtigt at spore din puls, n\u00e5r du gennemf\u00f8rer et af de mange programmer, herunder milit\u00e6re fitnesstest. Med hensyn til design er l\u00f8beb\u00e5ndet bygget til at modst\u00e5 tidens tand. Det indeholder en industridrevet motor, der giver hastigheder p\u00e5 op til imponerende 15 MPH. Det er konstrueret med s\u00e6rligt udvalgte komponenter af kommerciel kvalitet. Specifikationerne for st\u00f8dd\u00e6mpere, ruller, b\u00e6lter og d\u00e6k er omhyggeligt udvalgt for at give brugerne en j\u00e6vn tr\u00e6ningsoplevelse og sikre maksimal komfort. Tryk p\u00e5 leddene minimeres via st\u00f8dabsorberende polyuretand\u00e6k og en rummelig tr\u00e6ningsoverflade. Det slanke pulverlakerede st\u00e5l i Graphite Grey og de voksbelagte d\u00e6k er ikke kun praktiske, men giver ogs\u00e5 en elegant og professionel tilf\u00f8jelse til ethvert fitnesscenter.<\/p>\n<div class=\"product-attribute-container-desktop desktop-only\">\n<div class=\"additional-attributes-wrapper table-wrapper\"><\/div>\n<\/div>","protected":false},"featured_media":1470,"comment_status":"open","ping_status":"closed","template":"","meta":{"site-sidebar-layout":"default","site-content-layout":"","ast-site-content-layout":"default","site-content-style":"default","site-sidebar-style":"default","ast-global-header-display":"","ast-banner-title-visibility":"","ast-main-header-display":"","ast-hfb-above-header-display":"","ast-hfb-below-header-display":"","ast-hfb-mobile-header-display":"","site-post-title":"","ast-breadcrumbs-content":"","ast-featured-img":"","footer-sml-layout":"","theme-transparent-header-meta":"default","adv-header-id-meta":"","stick-header-meta":"","header-above-stick-meta":"","header-main-stick-meta":"","header-below-stick-meta":"","astra-migrate-meta-layouts":"set","ast-page-background-enabled":"default","ast-page-background-meta":{"desktop":{"background-color":"var(--ast-global-color-5)","background-image":"","background-repeat":"repeat","background-position":"center center","background-size":"auto","background-attachment":"scroll","background-type":"","background-media":"","overlay-type":"","overlay-color":"","overlay-opacity":"","overlay-gradient":""},"tablet":{"background-color":"","background-image":"","background-repeat":"repeat","background-position":"center center","background-size":"auto","background-attachment":"scroll","background-type":"","background-media":"","overlay-type":"","overlay-color":"","overlay-opacity":"","overlay-gradient":""},"mobile":{"background-color":"","background-image":"","background-repeat":"repeat","background-position":"center center","background-size":"auto","background-attachment":"scroll","background-type":"","background-media":"","overlay-type":"","overlay-color":"","overlay-opacity":"","overlay-gradient":""}},"ast-content-background-meta":{"desktop":{"background-color":"var(--ast-global-color-4)","background-image":"","background-repeat":"repeat","background-position":"center center","background-size":"auto","background-attachment":"scroll","background-type":"","background-media":"","overlay-type":"","overlay-color":"","overlay-opacity":"","overlay-gradient":""},"tablet":{"background-color":"var(--ast-global-color-4)","background-image":"","background-repeat":"repeat","background-position":"center center","background-size":"auto","background-attachment":"scroll","background-type":"","background-media":"","overlay-type":"","overlay-color":"","overlay-opacity":"","overlay-gradient":""},"mobile":{"background-color":"var(--ast-global-color-4)","background-image":"","background-repeat":"repeat","background-position":"center center","background-size":"auto","background-attachment":"scroll","background-type":"","background-media":"","overlay-type":"","overlay-color":"","overlay-opacity":"","overlay-gradient":""}}},"product_brand":[],"product_cat":[21],"product_tag":[25],"class_list":{"0":"post-1467","1":"product","2":"type-product","3":"status-publish","4":"has-post-thumbnail","6":"product_cat-treadmills","7":"product_tag-treadmills","8":"desktop-align-left","9":"tablet-align-left","10":"mobile-align-left","12":"first","13":"instock","14":"sale","15":"taxable","16":"shipping-taxable","17":"purchasable","18":"product-type-simple"},"_links":{"self":[{"href":"http:\/\/bestfitnessstore.com\/da\/wp-json\/wp\/v2\/product\/1467","targetHints":{"allow":["GET"]}}],"collection":[{"href":"http:\/\/bestfitnessstore.com\/da\/wp-json\/wp\/v2\/product"}],"about":[{"href":"http:\/\/bestfitnessstore.com\/da\/wp-json\/wp\/v2\/types\/product"}],"replies":[{"embeddable":true,"href":"http:\/\/bestfitnessstore.com\/da\/wp-json\/wp\/v2\/comments?post=1467"}],"wp:featuredmedia":[{"embeddable":true,"href":"http:\/\/bestfitnessstore.com\/da\/wp-json\/wp\/v2\/media\/1470"}],"wp:attachment":[{"href":"http:\/\/bestfitnessstore.com\/da\/wp-json\/wp\/v2\/media?parent=1467"}],"wp:term":[{"taxonomy":"product_brand","embeddable":true,"href":"http:\/\/bestfitnessstore.com\/da\/wp-json\/wp\/v2\/product_brand?post=1467"},{"taxonomy":"product_cat","embeddable":true,"href":"http:\/\/bestfitnessstore.com\/da\/wp-json\/wp\/v2\/product_cat?post=1467"},{"taxonomy":"product_tag","embeddable":true,"href":"http:\/\/bestfitnessstore.com\/da\/wp-json\/wp\/v2\/product_tag?post=1467"}],"curies":[{"name":"wp","href":"https:\/\/api.w.org\/{rel}","templated":true}]}}