{"id":1304,"date":"2025-11-25T16:49:08","date_gmt":"2025-11-25T16:49:08","guid":{"rendered":"https:\/\/bestfitnessstore.com\/?post_type=product&#038;p=1304"},"modified":"2025-11-25T16:49:08","modified_gmt":"2025-11-25T16:49:08","slug":"nordictrack-t-5-5-s-sammenklappeligt-lobeband","status":"publish","type":"product","link":"http:\/\/bestfitnessstore.com\/da\/product\/nordictrack-t-5-5-s-folding-treadmill\/","title":{"rendered":"NordicTrack T 5.5 S sammenklappeligt l\u00f8beb\u00e5nd"},"content":{"rendered":"<div class=\"product-attribute-container-desktop desktop-only\">\n<div class=\"additional-attributes-wrapper table-wrapper\">\n<h4>PRODUKTINFORMATION<\/h4>\n<div class=\"attributes-container\">\n<ul class=\"product-attributes-container\">\n<li><span class=\"specification-title\">Pakkev\u00e6gt (KG):\u00a0<\/span><span class=\"specification-data\">107.000000<\/span><\/li>\n<li><span class=\"specification-title\">App-integration:\u00a0<\/span><span class=\"specification-data\">iFIT<\/span><\/li>\n<li><span class=\"specification-title\">Bluetooth:\u00a0<\/span><span class=\"specification-data\">Ja<\/span><\/li>\n<li><span class=\"specification-title\">Maksimal brugerv\u00e6gt (kg):\u00a0<\/span><span class=\"specification-data\">135,00 (kg)<\/span><\/li>\n<li><span class=\"specification-title\">Produktm\u00e5l (LxBxH):\u00a0<\/span><span class=\"specification-data\">186 x 90 x 143 cm<\/span><\/li>\n<li><span class=\"specification-title\">Foldet M\u00e5l (LxBxH):\u00a0<\/span><span class=\"specification-data\">100 x 90 x 167 cm<\/span><\/li>\n<\/ul>\n<ul class=\"product-attributes-container\">\n<li><span class=\"specification-title\">Effektmetode:\u00a0<\/span><span class=\"specification-data\">Elektricitet fra elnettet<\/span><\/li>\n<li><span class=\"specification-title\">Holder til tablet:\u00a0<\/span><span class=\"specification-data\">Ja<\/span><\/li>\n<li><span class=\"specification-title\">Foldning:\u00a0<\/span><span class=\"specification-data\">Ja<\/span><\/li>\n<li><span class=\"specification-title\">Transporthjul:\u00a0<\/span><span class=\"specification-data\">Ja<\/span><\/li>\n<li><span class=\"specification-title\">M\u00e5l p\u00e5 kassen (LxBxH):\u00a0<\/span><span class=\"specification-data\">195 x 80 x 33 cm<\/span><\/li>\n<\/ul>\n<\/div>\n<\/div>\n<\/div>\n<div class=\"product-features\">\n<h4>YDERLIGERE FUNKTIONER<\/h4>\n<div class=\"more-container\">\n<div class=\"unshow-text\">\n<ul class=\"product-features-container\">\n<li><span class=\"specification-title\">Drevsystem:<\/span>\u00a0<span class=\"specification-data\">2,75 CHP<\/span><\/li>\n<li><span class=\"specification-title\">Digital hurtig h\u00e6ldningskontrol:<\/span>\u00a0<span class=\"specification-data\">+12%<\/span><\/li>\n<li><span class=\"specification-title\">Digital hurtig hastighedskontrol:<\/span>\u00a0<span class=\"specification-data\">0-19 km\/t<\/span><\/li>\n<li><span class=\"specification-title\">B\u00e6lte p\u00e5 slidbanen:<\/span>\u00a0<span class=\"specification-data\">51 x 140 cm<\/span><\/li>\n<li><span class=\"specification-title\">Flex Select\u2122-st\u00f8dd\u00e6mpning:<\/span>\u00a0<span class=\"specification-data\">Bl\u00f8dg\u00f8r p\u00e5virkningen eller efterlign en \u00e6gte landevejsoplevelse<\/span><\/li>\n<li><span class=\"specification-title\">Sk\u00e6rm:<\/span>\u00a0<span class=\"specification-data\">5\u201d flerfarvet display med h\u00f8j kontrast<\/span><\/li>\n<li><span class=\"specification-title\">IFIT\u2122 aktiveret:<\/span>\u00a0<span class=\"specification-data\">30 dages iFIT-pr\u00f8veperiode inkluderet. Kreditkort kr\u00e6ves til aktivering. iFIT-medlemskab fornyes automatisk, medmindre det annulleres p\u00e5 forh\u00e5nd. 30 dages pr\u00f8veperiode g\u00e6lder kun for nye medlemskaber.<\/span><\/li>\n<li><span class=\"specification-title\">Lyd:<\/span>\u00a0<span class=\"specification-data\">2-2\u201d h\u00f8jttalere, kompatibel med Bluetooth-hovedtelefoner<\/span><\/li>\n<li><span class=\"specification-title\">Sammenklappelig ramme:<\/span>\u00a0<span class=\"specification-data\">Spar gulvplads med EasyLift\u2122-assistenten<\/span><\/li>\n<li><span class=\"specification-title\">Autobreeze\u2122 tr\u00e6ningsventilator:<\/span>\u00a0<span class=\"specification-data\">Hold dig afk\u00f8let, mens du l\u00f8ber<\/span><\/li>\n<\/ul>\n<\/div>\n<\/div>\n<\/div>\n<div class=\"product-warranty\">\n<h4>GARANTI<\/h4>\n<div class=\"text-container\"><strong>Til hjemmebrug:<\/strong>\u00a0Levetid p\u00e5 stel, 10 \u00e5r p\u00e5 motor, to \u00e5r p\u00e5 dele og arbejdskraft (betingelser g\u00e6lder), forudsat at produktet registreres inden for 28 dage efter k\u00f8bet. Standardgarantien er 12 m\u00e5neder p\u00e5 dele og arbejdskraft. ICON er producent af NordicTrack og Pro-Form. Du finder deres garantipolitik nedenfor. ICON Health and Fitness, Inc. (ICON) garanterer, at dette produkt er fri for fabrikations- og materialefejl under normale brugs- og serviceforhold i en periode p\u00e5 12 m\u00e5neder fra den oprindelige k\u00f8bsdato. Bem\u00e6rk: Garantiforl\u00e6ngelser kan g\u00e6lde for dette produkt, hvis det registreres hos dit lokale kundeservicecenter inden for 28 dage efter k\u00f8bet. For at registrere dette produkt og kvalificere dig til eventuelle garantiudvidelser skal du udfylde garantiregistreringskortet og sende det sammen med dit k\u00f8bsbevis til den adresse, der er angivet p\u00e5 bagsiden af dette h\u00e6fte, eller registrere dig online p\u00e5 iconsupport.eu. Fuldst\u00e6ndige oplysninger om garantiudvidelser og ICON-producentens garanti kan f\u00e5s ved henvendelse til dit lokale kundeservicecenter eller online p\u00e5 iconsupport.eu. Vilk\u00e5r Denne garanti g\u00e6lder kun for den oprindelige k\u00f8ber (dig) og kan ikke overdrages. Garantien d\u00e6kker ikke: 1. normal slitage; 2. enhver tilpasning eller \u00e6ndring for at opgradere dette produkt fra dets normale form\u00e5l som beskrevet i din brugervejledning; 3. skader som f\u00f8lge af: a) transport; b) misbrug, forkert brug, manglende overholdelse af instruktioner eller forkert eller unormal brug; c) brug uden for hjemmet (herunder, men ikke begr\u00e6nset til, kommercielle, professionelle eller udlejningsform\u00e5l); d) reparationer, der ikke er udf\u00f8rt af en ICON-autoriseret serviceudbyder; e) ulykker, lynnedslag, vand, brand eller andre \u00e5rsager, som ICON ikke har kontrol over; f) forkert placering, herunder, men ikke begr\u00e6nset til, fugtige, st\u00f8vede eller udend\u00f8rs milj\u00f8er (eksempler: garager, k\u00e6ldre) ICON er ikke ansvarlig for indirekte, s\u00e6rlige eller f\u00f8lgeskader, der opst\u00e5r som f\u00f8lge af eller i forbindelse med brugen eller ydeevnen af produktet eller skader med hensyn til \u00f8konomisk tab, tab af ejendom, tab af indt\u00e6gter eller fortjeneste, tab af nydelse eller brug eller omkostninger til fjernelse eller installation. Denne garanti d\u00e6kker produkter, der er k\u00f8bt og brugt inden for EU, men ikke alle produkter distribueres i alle lande. Dette kan resultere i forsinkelser i garantid\u00e6kningen, hvis du har k\u00f8bt dette produkt i et andet land, og det ikke underst\u00f8ttes i dit bop\u00e6lsland. Det kan v\u00e6re n\u00f8dvendigt at udf\u00f8re reparationer p\u00e5 et ICON-autoriseret reparationscenter. ICON forbeholder sig ret til at udvide eller \u00f8ge d\u00e6kningen. Garantien er et supplement til og p\u00e5virker ikke p\u00e5 nogen m\u00e5de dine lovbestemte rettigheder i henhold til g\u00e6ldende national lovgivning eller dine rettigheder over for forhandleren i henhold til salgs-\/k\u00f8bskontrakten.<\/div>\n<\/div>\n<div class=\"product-next-day\">\n<h4>EKSPRESLEVERING<\/h4>\n<div class=\"text-container\">Mange af vores produkter har mulighed for ekspreslevering og levering p\u00e5 en bestemt dato, hvilket betyder, at du f\u00e5r dit produkt leveret allerede i morgen eller p\u00e5 en dato, der passer dig. Tjek venligst leveringsmulighederne ved kassen for at se tilg\u00e6ngeligheden for din kurv og dit postnummer. Leveringsbetingelserne g\u00e6lder.<\/div>\n<\/div>","protected":false},"excerpt":{"rendered":"<p>L\u00f8beb\u00e5ndet p\u00e5 NordicTrack T 5.5 S Folding Treadmill m\u00e5ler 51 x 140 cm, og drevet af et 2,75 CHP-drivsystem er det i stand til at n\u00e5 hastigheder p\u00e5 op til 19 km\/t og stigninger p\u00e5 op til 12%, begge dele kan justeres midt i l\u00f8bet med digitale hurtigkontroller. D\u00e6kket er responsivt og komfortabelt, forbedret af NordicTracks Flex Select\u2122-d\u00e6mpningssystem, der enten kan afb\u00f8de p\u00e5virkningen af dine led eller genskabe en \u00e6gte landevejsl\u00f8bsoplevelse. Du kan finde alle dine vigtige tr\u00e6ningsm\u00e5linger p\u00e5 det 5\u201d store flerfarvede kontrastdisplay, og ved at downloade iFIT-appen til din smartenhed (medf\u00f8lger ikke) kan du f\u00e5 adgang til et voksende bibliotek af tr\u00e6nerstyrede tr\u00e6ningsprogrammer, automatisk spore dine fremskridt, genskabe virkelige l\u00f8beture med Google Maps\u2122, konkurrere med dine venner og skr\u00e6ddersy din tr\u00e6ning til dine specifikke m\u00e5l (30-dages iFIT-abonnement medf\u00f8lger*). T5.5 S er ogs\u00e5 udstyret med ActivePulse\u2122-teknologi (SmartBeat-armb\u00e5nd p\u00e5kr\u00e6vet), som automatisk justerer din hastighed og h\u00e6ldning for at holde din puls i den optimale zone, og SmartAdjust-teknologi, som l\u00e6gger disse m\u00e5linger i h\u00e6nderne p\u00e5 dine iFIT-tr\u00e6nere. Lyt til din tr\u00e6ners motiverende vejledning gennem de integrerede h\u00f8jttalere, eller tilslut dine Bluetooth-hovedtelefoner for at f\u00f8le dig helt opslugt af din l\u00f8betur. Der er endda en Autobreeze\u2122-tr\u00e6ningsventilator indbygget for at holde dig afk\u00f8let, og n\u00e5r du er f\u00e6rdig med din tr\u00e6ning, kan du folde d\u00e6kket sammen for at spare gulvplads. * 30-dages iFIT-pr\u00f8veperiode inkluderet. Kreditkort kr\u00e6ves til aktivering. iFIT-medlemskab fornyes automatisk, medmindre det annulleres p\u00e5 forh\u00e5nd. 30 dages pr\u00f8veperiode g\u00e6lder kun for nye medlemskaber. NordicTrack T 5.5 S sammenklappeligt l\u00f8beb\u00e5nd<\/p>\n<div class=\"product-attribute-container-desktop desktop-only\">\n<div class=\"additional-attributes-wrapper table-wrapper\"><\/div>\n<\/div>","protected":false},"featured_media":1308,"comment_status":"open","ping_status":"closed","template":"","meta":{"site-sidebar-layout":"default","site-content-layout":"","ast-site-content-layout":"default","site-content-style":"default","site-sidebar-style":"default","ast-global-header-display":"","ast-banner-title-visibility":"","ast-main-header-display":"","ast-hfb-above-header-display":"","ast-hfb-below-header-display":"","ast-hfb-mobile-header-display":"","site-post-title":"","ast-breadcrumbs-content":"","ast-featured-img":"","footer-sml-layout":"","theme-transparent-header-meta":"default","adv-header-id-meta":"","stick-header-meta":"","header-above-stick-meta":"","header-main-stick-meta":"","header-below-stick-meta":"","astra-migrate-meta-layouts":"set","ast-page-background-enabled":"default","ast-page-background-meta":{"desktop":{"background-color":"var(--ast-global-color-5)","background-image":"","background-repeat":"repeat","background-position":"center center","background-size":"auto","background-attachment":"scroll","background-type":"","background-media":"","overlay-type":"","overlay-color":"","overlay-opacity":"","overlay-gradient":""},"tablet":{"background-color":"","background-image":"","background-repeat":"repeat","background-position":"center center","background-size":"auto","background-attachment":"scroll","background-type":"","background-media":"","overlay-type":"","overlay-color":"","overlay-opacity":"","overlay-gradient":""},"mobile":{"background-color":"","background-image":"","background-repeat":"repeat","background-position":"center center","background-size":"auto","background-attachment":"scroll","background-type":"","background-media":"","overlay-type":"","overlay-color":"","overlay-opacity":"","overlay-gradient":""}},"ast-content-background-meta":{"desktop":{"background-color":"var(--ast-global-color-4)","background-image":"","background-repeat":"repeat","background-position":"center center","background-size":"auto","background-attachment":"scroll","background-type":"","background-media":"","overlay-type":"","overlay-color":"","overlay-opacity":"","overlay-gradient":""},"tablet":{"background-color":"var(--ast-global-color-4)","background-image":"","background-repeat":"repeat","background-position":"center center","background-size":"auto","background-attachment":"scroll","background-type":"","background-media":"","overlay-type":"","overlay-color":"","overlay-opacity":"","overlay-gradient":""},"mobile":{"background-color":"var(--ast-global-color-4)","background-image":"","background-repeat":"repeat","background-position":"center center","background-size":"auto","background-attachment":"scroll","background-type":"","background-media":"","overlay-type":"","overlay-color":"","overlay-opacity":"","overlay-gradient":""}}},"product_brand":[],"product_cat":[21],"product_tag":[25],"class_list":{"0":"post-1304","1":"product","2":"type-product","3":"status-publish","4":"has-post-thumbnail","6":"product_cat-treadmills","7":"product_tag-treadmills","8":"desktop-align-left","9":"tablet-align-left","10":"mobile-align-left","12":"first","13":"instock","14":"sale","15":"taxable","16":"shipping-taxable","17":"purchasable","18":"product-type-simple"},"_links":{"self":[{"href":"http:\/\/bestfitnessstore.com\/da\/wp-json\/wp\/v2\/product\/1304","targetHints":{"allow":["GET"]}}],"collection":[{"href":"http:\/\/bestfitnessstore.com\/da\/wp-json\/wp\/v2\/product"}],"about":[{"href":"http:\/\/bestfitnessstore.com\/da\/wp-json\/wp\/v2\/types\/product"}],"replies":[{"embeddable":true,"href":"http:\/\/bestfitnessstore.com\/da\/wp-json\/wp\/v2\/comments?post=1304"}],"wp:featuredmedia":[{"embeddable":true,"href":"http:\/\/bestfitnessstore.com\/da\/wp-json\/wp\/v2\/media\/1308"}],"wp:attachment":[{"href":"http:\/\/bestfitnessstore.com\/da\/wp-json\/wp\/v2\/media?parent=1304"}],"wp:term":[{"taxonomy":"product_brand","embeddable":true,"href":"http:\/\/bestfitnessstore.com\/da\/wp-json\/wp\/v2\/product_brand?post=1304"},{"taxonomy":"product_cat","embeddable":true,"href":"http:\/\/bestfitnessstore.com\/da\/wp-json\/wp\/v2\/product_cat?post=1304"},{"taxonomy":"product_tag","embeddable":true,"href":"http:\/\/bestfitnessstore.com\/da\/wp-json\/wp\/v2\/product_tag?post=1304"}],"curies":[{"name":"wp","href":"https:\/\/api.w.org\/{rel}","templated":true}]}}