{"id":1262,"date":"2025-11-25T16:05:47","date_gmt":"2025-11-25T16:05:47","guid":{"rendered":"https:\/\/bestfitnessstore.com\/?post_type=product&#038;p=1262"},"modified":"2025-11-25T16:05:47","modified_gmt":"2025-11-25T16:05:47","slug":"matrix-fitness-tf50-sammenklappeligt-lobeband-med-xer-konsol","status":"publish","type":"product","link":"http:\/\/bestfitnessstore.com\/da\/product\/matrix-fitness-tf50-folding-treadmill-with-xer-console\/","title":{"rendered":"Matrix Fitness TF50 sammenklappeligt l\u00f8beb\u00e5nd med XER-konsol"},"content":{"rendered":"<div class=\"product-attribute-container-desktop desktop-only\">\n<div class=\"additional-attributes-wrapper table-wrapper\">\n<h4>PRODUKTINFORMATION<\/h4>\n<div class=\"attributes-container\">\n<ul class=\"product-attributes-container\">\n<li><span class=\"specification-title\">Pakkev\u00e6gt (KG):\u00a0<\/span><span class=\"specification-data\">157.400000<\/span><\/li>\n<li><span class=\"specification-title\">Effektmetode:\u00a0<\/span><span class=\"specification-data\">Elektricitet fra elnettet<\/span><\/li>\n<li><span class=\"specification-title\">Holder til tablet:\u00a0<\/span><span class=\"specification-data\">Ja<\/span><\/li>\n<li><span class=\"specification-title\">Foldning:\u00a0<\/span><span class=\"specification-data\">Ja<\/span><\/li>\n<li><span class=\"specification-title\">Maksimal brugerv\u00e6gt (kg):\u00a0<\/span><span class=\"specification-data\">181.00 (kg)<\/span><\/li>\n<li><span class=\"specification-title\">Transporthjul:\u00a0<\/span><span class=\"specification-data\">Ja<\/span><\/li>\n<li><span class=\"specification-title\">Foldet M\u00e5l (LxBxH):\u00a0<\/span><span class=\"specification-data\">106 x 91 x 192 cm<\/span><\/li>\n<\/ul>\n<ul class=\"product-attributes-container\">\n<li><span class=\"specification-title\">Produktets v\u00e6gt (KG):\u00a0<\/span><span class=\"specification-data\">139.50<\/span><\/li>\n<li><span class=\"specification-title\">App-integration:\u00a0<\/span><span class=\"specification-data\">KinoMap, Zwift<\/span><\/li>\n<li><span class=\"specification-title\">Bluetooth:\u00a0<\/span><span class=\"specification-data\">Ja<\/span><\/li>\n<li><span class=\"specification-title\">Overv\u00e5gning af hjertefrekvens:\u00a0<\/span><span class=\"specification-data\">Indbyggede sensorer og Bluetooth<\/span><\/li>\n<li><span class=\"specification-title\">Indbyggede programmer:\u00a0<\/span><span class=\"specification-data\">Manuel, rullende bakker, intervaller, tidsm\u00e5l, afstandsm\u00e5l, kalorim\u00e5l, m\u00e5lpuls (hastighed), m\u00e5lpuls (h\u00e6ldning), sprint 8, brugerdefineret<\/span><\/li>\n<li><span class=\"specification-title\">Produktm\u00e5l (LxBxH):\u00a0<\/span><span class=\"specification-data\">206 x 91 x 158 cm<\/span><\/li>\n<\/ul>\n<\/div>\n<\/div>\n<\/div>\n<div class=\"product-features\">\n<h4>YDERLIGERE FUNKTIONER<\/h4>\n<div class=\"more-container\">\n<div class=\"unshow-text\">\n<ul class=\"product-features-container\">\n<li><span class=\"specification-title\">Motor:<\/span>\u00a0<span class=\"specification-data\">3,25 HK Johnson-drev med kontinuerlig drift<\/span><\/li>\n<li><span class=\"specification-title\">Hastighed:<\/span>\u00a0<span class=\"specification-data\">0,8 - 20 km\/t<\/span><\/li>\n<li><span class=\"specification-title\">H\u00e6ldning:<\/span>\u00a0<span class=\"specification-data\">0-15%<\/span><\/li>\n<li><span class=\"specification-title\">L\u00f8bende omr\u00e5de:<\/span>\u00a0<span class=\"specification-data\">51 x 152 cm<\/span><\/li>\n<li><span class=\"specification-title\">B\u00e6lte\/d\u00e6k tykkelse:<\/span>\u00a0<span class=\"specification-data\">2-lags, 2,2 mm \/ 25,4 mm<\/span><\/li>\n<li><span class=\"specification-title\">XER-konsol:<\/span>\u00a0<span class=\"specification-data\">Ber\u00f8ringssk\u00e6rm i 10\u201d-klassen med Bluetooth-forbindelse, USB-port, konsol-apps, l\u00e6sestativ, energisparetilstand, Viewfit-forbindelse (integreres med fitness-apps). WiFi kr\u00e6ves til apps og softwareopdateringer.<\/span><\/li>\n<li><span class=\"specification-title\">Tr\u00e6ningsprogrammer:<\/span>\u00a0<span class=\"specification-data\">11 indbygget<\/span><\/li>\n<li><span class=\"specification-title\">Konsol-apps:<\/span>\u00a0<span class=\"specification-data\">Virtual Active, Sprint8, YouTube, Spotify, Netflix og meget mere. Abonnementer er ikke inkluderet.<\/span><\/li>\n<li><span class=\"specification-title\">Overv\u00e5gning af hjertefrekvens:<\/span>\u00a0<span class=\"specification-data\">Tr\u00e5dl\u00f8s pulsm\u00e5ling med pulsgreb p\u00e5 sideskinnerne og Polar HR-rem medf\u00f8lger<\/span><\/li>\n<li><span class=\"specification-title\">Det ultimative d\u00e6ksystem:<\/span>\u00a0<span class=\"specification-data\">Kraftig ramme, ekstra tykt d\u00e6k og polstring i industrikvalitet<\/span><\/li>\n<li><span class=\"specification-title\">Tilbeh\u00f8r:<\/span>\u00a0<span class=\"specification-data\">Vandflaskeholdere, udstyrsholder, soft-touch-knapper, sideskinner i aluminium og et 4-hjuls transportsystem<\/span><\/li>\n<li><span class=\"specification-title\">Maksimal brugerv\u00e6gt:<\/span>\u00a0<span class=\"specification-data\">181 kg \/ 400 lbs<\/span><\/li>\n<li><span class=\"specification-title\">Produktm\u00e5l (LxBxH):<\/span>\u00a0<span class=\"specification-data\">206 x 90 x 158 cm \/ 81\u201d x 35\u201d x 62\u201d<\/span><\/li>\n<li><span class=\"specification-title\">Foldet M\u00e5l (LxBxH):<\/span>\u00a0<span class=\"specification-data\">106 x 90 x 192 cm \/ 42\u201d x 35\u201d x 76\u201d<\/span><\/li>\n<li><span class=\"specification-title\">Samlet v\u00e6gt:<\/span>\u00a0<span class=\"specification-data\">139,5 kg<\/span><\/li>\n<\/ul>\n<\/div>\n<\/div>\n<\/div>\n<div class=\"product-warranty\">\n<h4>GARANTI<\/h4>\n<div class=\"text-container\"><strong>Til hjemmebrug:<\/strong>\u00a0Hjem - 10 \u00e5rs motor, 3 \u00e5rs P\/L,<\/div>\n<\/div>","protected":false},"excerpt":{"rendered":"<p>Matrix TF50 foldel\u00f8beb\u00e5nd giver dig sofistikeret hjemmetr\u00e6ning, der holder dig motiveret og komfortabel. L\u00f8beb\u00e5ndet er komplet med et Ultimate Deck System og har en kraftig ramme, ekstra tykt d\u00e6k og d\u00e6mpning af industriel kvalitet for b\u00e5de st\u00f8tte og holdbarhed. Med et 3,25 HK Johnson Drive System forbliver du i perfekt rytme, da systemet rekalibrerer med hvert fodtrin, mens du skubber mod tophastigheden p\u00e5 20 km\/t og rammer h\u00e6ldninger p\u00e5 op til 15%. Alt dette sker p\u00e5 et rummeligt, forl\u00e6nget l\u00f8beb\u00e5nd p\u00e5 51 x 152 cm. Med den opgraderede XER-konsol kan du nemt se alle dine tr\u00e6ningsdata p\u00e5 den klare 10\u201d intuitive ber\u00f8ringssk\u00e6rm. Der er 11 indbyggede tr\u00e6ningsprogrammer, og du kan se konsol-apps som Sprint 8, Virtual Active, MyFitnessPal samt underholdningsfavoritter som Netflix, Spotify, YouTube og meget mere (abonnementer ikke inkluderet). Tilslut konsollen via WiFi for at f\u00e5 softwareopdateringer, ViewFit-forbindelse, webbrowsing og underholdningsapps. TF50 Folding Treadmill har et praktisk Space Saver-design, s\u00e5 du kan opbevare maskinen i lodret position, n\u00e5r den ikke er i brug. Det har ogs\u00e5 tr\u00e5dl\u00f8s pulsm\u00e5ling (via kontaktpulssensorer), vandflaskeholdere, holder til enheder, soft-touch-knapper, sideskinner i aluminium og et 4-hjuls transportsystem.<\/p>\n<div class=\"product-attribute-container-desktop desktop-only\">\n<div class=\"additional-attributes-wrapper table-wrapper\"><\/div>\n<\/div>","protected":false},"featured_media":1266,"comment_status":"open","ping_status":"closed","template":"","meta":{"site-sidebar-layout":"default","site-content-layout":"","ast-site-content-layout":"default","site-content-style":"default","site-sidebar-style":"default","ast-global-header-display":"","ast-banner-title-visibility":"","ast-main-header-display":"","ast-hfb-above-header-display":"","ast-hfb-below-header-display":"","ast-hfb-mobile-header-display":"","site-post-title":"","ast-breadcrumbs-content":"","ast-featured-img":"","footer-sml-layout":"","theme-transparent-header-meta":"default","adv-header-id-meta":"","stick-header-meta":"","header-above-stick-meta":"","header-main-stick-meta":"","header-below-stick-meta":"","astra-migrate-meta-layouts":"set","ast-page-background-enabled":"default","ast-page-background-meta":{"desktop":{"background-color":"var(--ast-global-color-5)","background-image":"","background-repeat":"repeat","background-position":"center center","background-size":"auto","background-attachment":"scroll","background-type":"","background-media":"","overlay-type":"","overlay-color":"","overlay-opacity":"","overlay-gradient":""},"tablet":{"background-color":"","background-image":"","background-repeat":"repeat","background-position":"center center","background-size":"auto","background-attachment":"scroll","background-type":"","background-media":"","overlay-type":"","overlay-color":"","overlay-opacity":"","overlay-gradient":""},"mobile":{"background-color":"","background-image":"","background-repeat":"repeat","background-position":"center center","background-size":"auto","background-attachment":"scroll","background-type":"","background-media":"","overlay-type":"","overlay-color":"","overlay-opacity":"","overlay-gradient":""}},"ast-content-background-meta":{"desktop":{"background-color":"var(--ast-global-color-4)","background-image":"","background-repeat":"repeat","background-position":"center center","background-size":"auto","background-attachment":"scroll","background-type":"","background-media":"","overlay-type":"","overlay-color":"","overlay-opacity":"","overlay-gradient":""},"tablet":{"background-color":"var(--ast-global-color-4)","background-image":"","background-repeat":"repeat","background-position":"center center","background-size":"auto","background-attachment":"scroll","background-type":"","background-media":"","overlay-type":"","overlay-color":"","overlay-opacity":"","overlay-gradient":""},"mobile":{"background-color":"var(--ast-global-color-4)","background-image":"","background-repeat":"repeat","background-position":"center center","background-size":"auto","background-attachment":"scroll","background-type":"","background-media":"","overlay-type":"","overlay-color":"","overlay-opacity":"","overlay-gradient":""}}},"product_brand":[],"product_cat":[21],"product_tag":[25],"class_list":{"0":"post-1262","1":"product","2":"type-product","3":"status-publish","4":"has-post-thumbnail","6":"product_cat-treadmills","7":"product_tag-treadmills","8":"desktop-align-left","9":"tablet-align-left","10":"mobile-align-left","12":"first","13":"instock","14":"sale","15":"taxable","16":"shipping-taxable","17":"purchasable","18":"product-type-simple"},"_links":{"self":[{"href":"http:\/\/bestfitnessstore.com\/da\/wp-json\/wp\/v2\/product\/1262","targetHints":{"allow":["GET"]}}],"collection":[{"href":"http:\/\/bestfitnessstore.com\/da\/wp-json\/wp\/v2\/product"}],"about":[{"href":"http:\/\/bestfitnessstore.com\/da\/wp-json\/wp\/v2\/types\/product"}],"replies":[{"embeddable":true,"href":"http:\/\/bestfitnessstore.com\/da\/wp-json\/wp\/v2\/comments?post=1262"}],"wp:featuredmedia":[{"embeddable":true,"href":"http:\/\/bestfitnessstore.com\/da\/wp-json\/wp\/v2\/media\/1266"}],"wp:attachment":[{"href":"http:\/\/bestfitnessstore.com\/da\/wp-json\/wp\/v2\/media?parent=1262"}],"wp:term":[{"taxonomy":"product_brand","embeddable":true,"href":"http:\/\/bestfitnessstore.com\/da\/wp-json\/wp\/v2\/product_brand?post=1262"},{"taxonomy":"product_cat","embeddable":true,"href":"http:\/\/bestfitnessstore.com\/da\/wp-json\/wp\/v2\/product_cat?post=1262"},{"taxonomy":"product_tag","embeddable":true,"href":"http:\/\/bestfitnessstore.com\/da\/wp-json\/wp\/v2\/product_tag?post=1262"}],"curies":[{"name":"wp","href":"https:\/\/api.w.org\/{rel}","templated":true}]}}