{"id":1206,"date":"2025-11-25T13:52:20","date_gmt":"2025-11-25T13:52:20","guid":{"rendered":"https:\/\/bestfitnessstore.com\/?post_type=product&#038;p=1206"},"modified":"2025-11-25T13:52:20","modified_gmt":"2025-11-25T13:52:20","slug":"life-fitness-f3-sammenklappeligt-lobeband-med-go-konsol","status":"publish","type":"product","link":"http:\/\/bestfitnessstore.com\/da\/product\/life-fitness-f3-folding-treadmill-with-go-console\/","title":{"rendered":"Life Fitness F3 foldbart l\u00f8beb\u00e5nd med Go-konsol"},"content":{"rendered":"<div class=\"product-attribute-container-desktop desktop-only\">\n<div class=\"additional-attributes-wrapper table-wrapper\">\n<h4>PRODUKTINFORMATION<\/h4>\n<div class=\"attributes-container\">\n<ul class=\"product-attributes-container\">\n<li><span class=\"specification-title\">Pakkev\u00e6gt (KG):\u00a0<\/span><span class=\"specification-data\">139.500000<\/span><\/li>\n<li><span class=\"specification-title\">Effektmetode:\u00a0<\/span><span class=\"specification-data\">Elektricitet fra elnettet<\/span><\/li>\n<li><span class=\"specification-title\">Holder til tablet:\u00a0<\/span><span class=\"specification-data\">Nej<\/span><\/li>\n<li><span class=\"specification-title\">Foldning:\u00a0<\/span><span class=\"specification-data\">Ja<\/span><\/li>\n<li><span class=\"specification-title\">Maksimal brugerv\u00e6gt (kg):\u00a0<\/span><span class=\"specification-data\">159,00 (kg)<\/span><\/li>\n<li><span class=\"specification-title\">Transporthjul:\u00a0<\/span><span class=\"specification-data\">Ja<\/span><\/li>\n<li><span class=\"specification-title\">Foldet M\u00e5l (LxBxH):\u00a0<\/span><span class=\"specification-data\">86 x 87 x 192 cm<\/span><\/li>\n<\/ul>\n<ul class=\"product-attributes-container\">\n<li><span class=\"specification-title\">Produktets v\u00e6gt (KG):\u00a0<\/span><span class=\"specification-data\">120<\/span><\/li>\n<li><span class=\"specification-title\">App-integration:\u00a0<\/span><span class=\"specification-data\">Life Fitness Connect<\/span><\/li>\n<li><span class=\"specification-title\">Bluetooth:\u00a0<\/span><span class=\"specification-data\">Nej<\/span><\/li>\n<li><span class=\"specification-title\">Overv\u00e5gning af hjertefrekvens:\u00a0<\/span><span class=\"specification-data\">Analoge, indbyggede sensorer<\/span><\/li>\n<li><span class=\"specification-title\">Indbyggede programmer:\u00a0<\/span><span class=\"specification-data\">12 forudindstillede tr\u00e6ningsprogrammer: Manual, Random, Hill, EZ Incline\/Resistance, Sport Training, Fat Burn, Cardio, Heart Rate Hill\u2122, Heart Rate Interval, Extreme Heart Rate\u2122, Calorie, Distance, Heart Rate Goal - plus Race Mode, Cool Down\/Warm Up Modes.<\/span><\/li>\n<li><span class=\"specification-title\">Produktm\u00e5l (LxBxH):\u00a0<\/span><span class=\"specification-data\">198,50 x 87 x 148 cm<\/span><\/li>\n<\/ul>\n<\/div>\n<\/div>\n<\/div>\n<div class=\"product-features\">\n<h4>YDERLIGERE FUNKTIONER<\/h4>\n<div class=\"more-container\">\n<div class=\"unshow-text\">\n<ul class=\"product-features-container\">\n<li><span class=\"specification-title\">Motor:<\/span>\u00a0<span class=\"specification-data\">3,0 hk j\u00e6vnstr\u00f8msmotor med MagnaDrive\u2122-motorstyring<\/span><\/li>\n<li><span class=\"specification-title\">D\u00e6k:<\/span>\u00a0<span class=\"specification-data\">1\u2033 fiberplade med medium densitet<\/span><\/li>\n<li><span class=\"specification-title\">FlexDeck\u00ae st\u00f8dabsorberingssystem:<\/span>\u00a0<span class=\"specification-data\">Reducerer p\u00e5virkningen med 30%<\/span><\/li>\n<li><span class=\"specification-title\">Hastighed:<\/span>\u00a0<span class=\"specification-data\">0,8-16 km\/t<\/span><\/li>\n<li><span class=\"specification-title\">H\u00e6ldning:<\/span>\u00a0<span class=\"specification-data\">0-12% (trin p\u00e5 0,5%)<\/span><\/li>\n<li><span class=\"specification-title\">L\u00f8bende omr\u00e5de:<\/span>\u00a0<span class=\"specification-data\">51 cm x 140 cm (20 x 55\u201d)<\/span><\/li>\n<li><span class=\"specification-title\">G\u00e5 til konsollen:<\/span>\u00a0<span class=\"specification-data\">2 brugerprofiler, 13 tr\u00e6ningspas, 2 brugerdefinerede tr\u00e6ningspas<\/span><\/li>\n<li><span class=\"specification-title\">Sk\u00e6rm:<\/span>\u00a0<span class=\"specification-data\">4 x 6\u2033 LCD med bl\u00e5 baggrund med Go System\u2122 Quick Start<\/span><\/li>\n<li><span class=\"specification-title\">Vis feedback:<\/span>\u00a0<span class=\"specification-data\">Kalorier, distance, hastighed (mph\/km\/h), h\u00e6ldning, tid, puls, m\u00e5lpuls, METs, tempo<\/span><\/li>\n<li><span class=\"specification-title\">Tilpassede tr\u00e6ningsprogrammer:<\/span>\u00a0<span class=\"specification-data\">1 pr. brugerprofil<\/span><\/li>\n<li><span class=\"specification-title\">H\u00e5ndlister:<\/span>\u00a0<span class=\"specification-data\">Sideskinner og ErgoGrip\u2122-styr foran giver stabilitet<\/span><\/li>\n<li><span class=\"specification-title\">Sikkerhedsfunktioner:<\/span>\u00a0<span class=\"specification-data\">B\u00f8rnesikret udl\u00f8serh\u00e5ndtag<\/span><\/li>\n<li><span class=\"specification-title\">Tilbeh\u00f8r:<\/span>\u00a0<span class=\"specification-data\">Dobbelte kopholdere i overst\u00f8rrelse, l\u00e6sehylde og tilbeh\u00f8rsbakke<\/span><\/li>\n<li><span class=\"specification-title\">Energibesparende tilstand:<\/span>\u00a0<span class=\"specification-data\">Reduceret energiforbrug<\/span><\/li>\n<\/ul>\n<\/div>\n<\/div>\n<\/div>\n<div class=\"product-warranty\">\n<h4>GARANTI<\/h4>\n<div class=\"text-container\"><strong>Til hjemmebrug:<\/strong>\u00a010 \u00e5r p\u00e5 stel, 10 \u00e5r p\u00e5 motor, 3 \u00e5r p\u00e5 dele og arbejdskraft, 3 m\u00e5neder p\u00e5 kosmetiske ting.<\/div>\n<\/div>\n<div class=\"product-next-day\">\n<h4>EKSPRESLEVERING<\/h4>\n<div class=\"text-container\">Mange af vores produkter har mulighed for ekspreslevering og levering p\u00e5 en bestemt dato, hvilket betyder, at du f\u00e5r dit produkt leveret allerede i morgen eller p\u00e5 en dato, der passer dig. Tjek venligst leveringsmulighederne ved kassen for at se tilg\u00e6ngeligheden for din kurv og dit postnummer. Leveringsbetingelserne g\u00e6lder.<\/div>\n<\/div>","protected":false},"excerpt":{"rendered":"<p>Life Fitness F3 Folding Treadmill er et sammenklappeligt l\u00f8beb\u00e5nd, der ikke g\u00e5r p\u00e5 kompromis med kvaliteten. Det er fyldt med komponenter af h\u00f8jeste kvalitet og komplet med et slankt design og en robust ramme, og du vil blive overrasket over, at det faktisk kan foldes sammen! Drevet af en kraftfuld og st\u00f8jsvag 3,0 HK MagnaDrive\u2122-motor kan du udfordre dine gr\u00e6nser uden at blive distraheret, selv n\u00e5r du rammer den maksimale hastighedsgr\u00e6nse p\u00e5 16 km\/t. F3 er designet til at give komfort og st\u00f8tte og leveres komplet med et patenteret FlexDeck\u00ae-st\u00f8dd\u00e6mpningssystem, som reducerer p\u00e5virkningen af dine led med n\u00e6sten 30%. ENKEL NAVIGATION Go-konsollen giver dig en meget brugervenlig gr\u00e6nseflade, som viser al din vigtige tr\u00e6ningsfeedback. For ekstra bekvemmelighed bringer den nederste kontrolpude knapperne t\u00e6ttere p\u00e5 dig, mens Go System\u2122 Quick Start husker dine foretrukne hastigheder og h\u00e6ldningspositioner. Det betyder, at du kan komme i gang med et enkelt tryk p\u00e5 en knap. Du kan ogs\u00e5 holde \u00f8je med din puls ved hj\u00e6lp af enten det tr\u00e5dl\u00f8se pulsm\u00e5lingssystem eller kontaktsensorer p\u00e5 styret. WORKOUTS Go-konsollen indeholder 13 tr\u00e6ningsprogrammer, hvilket er perfekt, hvis du vil have et forenklet udvalg af programmer at v\u00e6lge imellem. Du har ogs\u00e5 mulighed for at gemme op til 2 brugertilpassede profiler til mere skr\u00e6ddersyet tr\u00e6ning. F3 er nem at opbevare. Den er nem at folde lodret sammen og har ogs\u00e5 en b\u00f8rnesikret sikkerhedsl\u00e5s for ekstra sikkerhed. F\u00e5s ogs\u00e5 med en Track-konsol.<\/p>\n<div class=\"product-attribute-container-desktop desktop-only\">\n<div class=\"additional-attributes-wrapper table-wrapper\"><\/div>\n<\/div>","protected":false},"featured_media":1208,"comment_status":"open","ping_status":"closed","template":"","meta":{"site-sidebar-layout":"default","site-content-layout":"","ast-site-content-layout":"default","site-content-style":"default","site-sidebar-style":"default","ast-global-header-display":"","ast-banner-title-visibility":"","ast-main-header-display":"","ast-hfb-above-header-display":"","ast-hfb-below-header-display":"","ast-hfb-mobile-header-display":"","site-post-title":"","ast-breadcrumbs-content":"","ast-featured-img":"","footer-sml-layout":"","theme-transparent-header-meta":"default","adv-header-id-meta":"","stick-header-meta":"","header-above-stick-meta":"","header-main-stick-meta":"","header-below-stick-meta":"","astra-migrate-meta-layouts":"set","ast-page-background-enabled":"default","ast-page-background-meta":{"desktop":{"background-color":"var(--ast-global-color-5)","background-image":"","background-repeat":"repeat","background-position":"center center","background-size":"auto","background-attachment":"scroll","background-type":"","background-media":"","overlay-type":"","overlay-color":"","overlay-opacity":"","overlay-gradient":""},"tablet":{"background-color":"","background-image":"","background-repeat":"repeat","background-position":"center center","background-size":"auto","background-attachment":"scroll","background-type":"","background-media":"","overlay-type":"","overlay-color":"","overlay-opacity":"","overlay-gradient":""},"mobile":{"background-color":"","background-image":"","background-repeat":"repeat","background-position":"center center","background-size":"auto","background-attachment":"scroll","background-type":"","background-media":"","overlay-type":"","overlay-color":"","overlay-opacity":"","overlay-gradient":""}},"ast-content-background-meta":{"desktop":{"background-color":"var(--ast-global-color-4)","background-image":"","background-repeat":"repeat","background-position":"center center","background-size":"auto","background-attachment":"scroll","background-type":"","background-media":"","overlay-type":"","overlay-color":"","overlay-opacity":"","overlay-gradient":""},"tablet":{"background-color":"var(--ast-global-color-4)","background-image":"","background-repeat":"repeat","background-position":"center center","background-size":"auto","background-attachment":"scroll","background-type":"","background-media":"","overlay-type":"","overlay-color":"","overlay-opacity":"","overlay-gradient":""},"mobile":{"background-color":"var(--ast-global-color-4)","background-image":"","background-repeat":"repeat","background-position":"center center","background-size":"auto","background-attachment":"scroll","background-type":"","background-media":"","overlay-type":"","overlay-color":"","overlay-opacity":"","overlay-gradient":""}}},"product_brand":[],"product_cat":[21],"product_tag":[25],"class_list":{"0":"post-1206","1":"product","2":"type-product","3":"status-publish","4":"has-post-thumbnail","6":"product_cat-treadmills","7":"product_tag-treadmills","8":"desktop-align-left","9":"tablet-align-left","10":"mobile-align-left","12":"first","13":"instock","14":"sale","15":"taxable","16":"shipping-taxable","17":"purchasable","18":"product-type-simple"},"_links":{"self":[{"href":"http:\/\/bestfitnessstore.com\/da\/wp-json\/wp\/v2\/product\/1206","targetHints":{"allow":["GET"]}}],"collection":[{"href":"http:\/\/bestfitnessstore.com\/da\/wp-json\/wp\/v2\/product"}],"about":[{"href":"http:\/\/bestfitnessstore.com\/da\/wp-json\/wp\/v2\/types\/product"}],"replies":[{"embeddable":true,"href":"http:\/\/bestfitnessstore.com\/da\/wp-json\/wp\/v2\/comments?post=1206"}],"wp:featuredmedia":[{"embeddable":true,"href":"http:\/\/bestfitnessstore.com\/da\/wp-json\/wp\/v2\/media\/1208"}],"wp:attachment":[{"href":"http:\/\/bestfitnessstore.com\/da\/wp-json\/wp\/v2\/media?parent=1206"}],"wp:term":[{"taxonomy":"product_brand","embeddable":true,"href":"http:\/\/bestfitnessstore.com\/da\/wp-json\/wp\/v2\/product_brand?post=1206"},{"taxonomy":"product_cat","embeddable":true,"href":"http:\/\/bestfitnessstore.com\/da\/wp-json\/wp\/v2\/product_cat?post=1206"},{"taxonomy":"product_tag","embeddable":true,"href":"http:\/\/bestfitnessstore.com\/da\/wp-json\/wp\/v2\/product_tag?post=1206"}],"curies":[{"name":"wp","href":"https:\/\/api.w.org\/{rel}","templated":true}]}}