{"id":1124,"date":"2025-11-25T10:01:39","date_gmt":"2025-11-25T10:01:39","guid":{"rendered":"https:\/\/bestfitnessstore.com\/?post_type=product&#038;p=1124"},"modified":"2025-11-25T10:01:39","modified_gmt":"2025-11-25T10:01:39","slug":"waterrower-pure-vr3-romaskine","status":"publish","type":"product","link":"http:\/\/bestfitnessstore.com\/da\/product\/waterrower-pure-vr3-rowing-machine\/","title":{"rendered":"WaterRower Pure VR3 romaskine"},"content":{"rendered":"<div class=\"product-attribute-container-desktop desktop-only\">\n<div class=\"additional-attributes-wrapper table-wrapper\">\n<h5>PRODUKTINFORMATION<\/h5>\n<div class=\"attributes-container\">\n<ul class=\"product-attributes-container\">\n<li><span class=\"specification-title\">Pakkev\u00e6gt (KG):\u00a0<\/span><span class=\"specification-data\">35.000000<\/span><\/li>\n<li><span class=\"specification-title\">Effektmetode:\u00a0<\/span><span class=\"specification-data\">Selvforsynende<\/span><\/li>\n<li><span class=\"specification-title\">Rower Type:\u00a0<\/span><span class=\"specification-data\">Vand<\/span><\/li>\n<li><span class=\"specification-title\">Maksimal brugerh\u00f8jde (cm):\u00a0<\/span><span class=\"specification-data\">208<\/span><\/li>\n<li><span class=\"specification-title\">Maksimal brugerv\u00e6gt (kg):\u00a0<\/span><span class=\"specification-data\">130,00 (kg)<\/span><\/li>\n<\/ul>\n<ul class=\"product-attributes-container\">\n<li><span class=\"specification-title\">Produktets v\u00e6gt (KG):\u00a0<\/span><span class=\"specification-data\">25<\/span><\/li>\n<li><span class=\"specification-title\">App-integration:\u00a0<\/span><span class=\"specification-data\">asensei, CityRow, EXR, KinoMap<\/span><\/li>\n<li><span class=\"specification-title\">Transporthjul:\u00a0<\/span><span class=\"specification-data\">Ja<\/span><\/li>\n<li><span class=\"specification-title\">Foldning:\u00a0<\/span><span class=\"specification-data\">Nej<\/span><\/li>\n<li><span class=\"specification-title\">Produktm\u00e5l (LxBxH):\u00a0<\/span><span class=\"specification-data\">208 x 56 x 45 cm<\/span><\/li>\n<\/ul>\n<\/div>\n<\/div>\n<\/div>\n<div class=\"product-features\">\n<h5>YDERLIGERE FUNKTIONER<\/h5>\n<div class=\"more-container\">\n<div class=\"unshow-text\">\n<ul class=\"product-features-container\">\n<li><span class=\"specification-title\">Monitor:<\/span>\u00a0<span class=\"specification-data\">S4 Performance Monitor<\/span><\/li>\n<li><span class=\"specification-title\">Materiale til ramme:<\/span>\u00a0<span class=\"specification-data\">Egetr\u00e6<\/span><\/li>\n<li><span class=\"specification-title\">Kraft:<\/span>\u00a0<span class=\"specification-data\">4x AA-batterier<\/span><\/li>\n<li><span class=\"specification-title\">Kompatibel med Bluetooth:<\/span>\u00a0<span class=\"specification-data\">Ja (med ComModule - s\u00e6lges separat)<\/span><\/li>\n<li><span class=\"specification-title\">Samlede dimensioner (LxBxH):<\/span>\u00a0<span class=\"specification-data\">208 x 56 x 45 cm<\/span><\/li>\n<li><span class=\"specification-title\">V\u00e6gt (uden vand):<\/span>\u00a0<span class=\"specification-data\">25 kg<\/span><\/li>\n<li><span class=\"specification-title\">Maksimal brugerv\u00e6gt:<\/span>\u00a0<span class=\"specification-data\">130 kg \/ 20,5 sten<\/span><\/li>\n<li><span class=\"specification-title\">Maksimal brugerh\u00f8jde:<\/span>\u00a0<span class=\"specification-data\">208 cm \/ 6 fod 8in<\/span><\/li>\n<li><span class=\"specification-title\">Kompatibelt tilbeh\u00f8r (s\u00e6lges separat):<\/span>\u00a0<span class=\"specification-data\">ComModule<\/span><\/li>\n<\/ul>\n<\/div>\n<\/div>\n<\/div>\n<div class=\"product-warranty\">\n<h5>GARANTI<\/h5>\n<div class=\"text-container\"><strong>Til hjemmebrug:<\/strong>\u00a02 \u00e5r<\/div>\n<\/div>","protected":false},"excerpt":{"rendered":"<p>WaterRower\u00ae\u2019s udvalg af romaskiner giver en uovertruffen repr\u00e6sentation af realistisk roning p\u00e5 vandet, og WaterRower Pure VR3 romaskine er ikke anderledes. Det er et billigere alternativ til WaterRower\u00ae Original Series, som stadig indeholder nogle af WaterRower\u00aes patenterede funktioner, der f\u00e5r disse maskiner til at skille sig ud fra resten. VR3 er fremstillet i USA og har en solid egetr\u00e6sramme med slankere tr\u00e6sektioner sammenlignet med andre romaskiner i sortimentet. Den har WaterFlywheel, som n\u00f8jagtigt simulerer et-vands-roning som ingen anden. Vandtanken giver et j\u00e6vnt rotag, der belaster dine led og din l\u00e6nd mindre, og n\u00e5r du \u00f8ger tempoet, \u00f8ges modstanden naturligvis ogs\u00e5. Hver bev\u00e6gelse er j\u00e6vn, og VR3\u2019s konturerede s\u00e6de og dobbelte skinnesystem giver fremragende stabilitet. WaterRower\u00ae Pure VR3-romaskinen er udstyret med S4 Performance Monitor, der tilbyder avanceret funktionalitet i forhold til andre standard Quick-Start LCD-sk\u00e6rme. Den viser tid, distance, hastighed, intensitet og slagfrekvens og kan forbindes til en lang r\u00e6kke popul\u00e6re iOS- og Android-apps til indend\u00f8rs roning som Asensei, EXR, WRTV, CityRow m.m. (ComModule kr\u00e6ves til Bluetooth-forbindelse - s\u00e6lges separat). WaterRower\u00ae Pure VR3-romaskinen har integrerede transporthjul, som g\u00f8r den nem at flytte rundt p\u00e5 gulvet i fitnesscentret, og den kan opbevares lodret, n\u00e5r den ikke er i brug, for at spare gulvplads. WaterRower\u00ae er et registreret varem\u00e6rke tilh\u00f8rende WaterRower (UK) Ltd og dets datterselskaber.<\/p>\n<div class=\"product-attribute-container-desktop desktop-only\">\n<div class=\"additional-attributes-wrapper table-wrapper\"><\/div>\n<\/div>","protected":false},"featured_media":1126,"comment_status":"open","ping_status":"closed","template":"","meta":{"site-sidebar-layout":"default","site-content-layout":"","ast-site-content-layout":"default","site-content-style":"default","site-sidebar-style":"default","ast-global-header-display":"","ast-banner-title-visibility":"","ast-main-header-display":"","ast-hfb-above-header-display":"","ast-hfb-below-header-display":"","ast-hfb-mobile-header-display":"","site-post-title":"","ast-breadcrumbs-content":"","ast-featured-img":"","footer-sml-layout":"","theme-transparent-header-meta":"default","adv-header-id-meta":"","stick-header-meta":"","header-above-stick-meta":"","header-main-stick-meta":"","header-below-stick-meta":"","astra-migrate-meta-layouts":"set","ast-page-background-enabled":"default","ast-page-background-meta":{"desktop":{"background-color":"var(--ast-global-color-5)","background-image":"","background-repeat":"repeat","background-position":"center center","background-size":"auto","background-attachment":"scroll","background-type":"","background-media":"","overlay-type":"","overlay-color":"","overlay-opacity":"","overlay-gradient":""},"tablet":{"background-color":"","background-image":"","background-repeat":"repeat","background-position":"center center","background-size":"auto","background-attachment":"scroll","background-type":"","background-media":"","overlay-type":"","overlay-color":"","overlay-opacity":"","overlay-gradient":""},"mobile":{"background-color":"","background-image":"","background-repeat":"repeat","background-position":"center center","background-size":"auto","background-attachment":"scroll","background-type":"","background-media":"","overlay-type":"","overlay-color":"","overlay-opacity":"","overlay-gradient":""}},"ast-content-background-meta":{"desktop":{"background-color":"var(--ast-global-color-4)","background-image":"","background-repeat":"repeat","background-position":"center center","background-size":"auto","background-attachment":"scroll","background-type":"","background-media":"","overlay-type":"","overlay-color":"","overlay-opacity":"","overlay-gradient":""},"tablet":{"background-color":"var(--ast-global-color-4)","background-image":"","background-repeat":"repeat","background-position":"center center","background-size":"auto","background-attachment":"scroll","background-type":"","background-media":"","overlay-type":"","overlay-color":"","overlay-opacity":"","overlay-gradient":""},"mobile":{"background-color":"var(--ast-global-color-4)","background-image":"","background-repeat":"repeat","background-position":"center center","background-size":"auto","background-attachment":"scroll","background-type":"","background-media":"","overlay-type":"","overlay-color":"","overlay-opacity":"","overlay-gradient":""}}},"product_brand":[],"product_cat":[20],"product_tag":[24],"class_list":{"0":"post-1124","1":"product","2":"type-product","3":"status-publish","4":"has-post-thumbnail","6":"product_cat-rowing-machine","7":"product_tag-rowing-machines","8":"desktop-align-left","9":"tablet-align-left","10":"mobile-align-left","12":"first","13":"instock","14":"sale","15":"taxable","16":"shipping-taxable","17":"purchasable","18":"product-type-simple"},"_links":{"self":[{"href":"http:\/\/bestfitnessstore.com\/da\/wp-json\/wp\/v2\/product\/1124","targetHints":{"allow":["GET"]}}],"collection":[{"href":"http:\/\/bestfitnessstore.com\/da\/wp-json\/wp\/v2\/product"}],"about":[{"href":"http:\/\/bestfitnessstore.com\/da\/wp-json\/wp\/v2\/types\/product"}],"replies":[{"embeddable":true,"href":"http:\/\/bestfitnessstore.com\/da\/wp-json\/wp\/v2\/comments?post=1124"}],"wp:featuredmedia":[{"embeddable":true,"href":"http:\/\/bestfitnessstore.com\/da\/wp-json\/wp\/v2\/media\/1126"}],"wp:attachment":[{"href":"http:\/\/bestfitnessstore.com\/da\/wp-json\/wp\/v2\/media?parent=1124"}],"wp:term":[{"taxonomy":"product_brand","embeddable":true,"href":"http:\/\/bestfitnessstore.com\/da\/wp-json\/wp\/v2\/product_brand?post=1124"},{"taxonomy":"product_cat","embeddable":true,"href":"http:\/\/bestfitnessstore.com\/da\/wp-json\/wp\/v2\/product_cat?post=1124"},{"taxonomy":"product_tag","embeddable":true,"href":"http:\/\/bestfitnessstore.com\/da\/wp-json\/wp\/v2\/product_tag?post=1124"}],"curies":[{"name":"wp","href":"https:\/\/api.w.org\/{rel}","templated":true}]}}