{"id":1119,"date":"2025-11-25T09:59:20","date_gmt":"2025-11-25T09:59:20","guid":{"rendered":"https:\/\/bestfitnessstore.com\/?post_type=product&#038;p=1119"},"modified":"2025-11-25T09:59:20","modified_gmt":"2025-11-25T09:59:20","slug":"ergometer-til-vandplojning","status":"publish","type":"product","link":"http:\/\/bestfitnessstore.com\/da\/product\/waterrower-performance-ergometer\/","title":{"rendered":"WaterRower Performance Ergometer"},"content":{"rendered":"<div class=\"product-attribute-container-desktop desktop-only\">\n<h4>PRODUKTINFORMATION<\/h4>\n<p class=\"information-placeholder\">V\u00e6lg din(e) produktmulighed(er) for at se produktoplysningerne.<\/p>\n<div class=\"attributes-container\"><\/div>\n<\/div>\n<div class=\"product-features\">\n<h4>YDERLIGERE FUNKTIONER<\/h4>\n<div class=\"more-container\">\n<div class=\"unshow-text\">\n<ul class=\"product-features-container\">\n<li><span class=\"specification-title\">Monitor:<\/span>\u00a0<span class=\"specification-data\">SmartRow-app (kr\u00e6ver kompatibel iOS- eller Android-enhed)<\/span><\/li>\n<li><span class=\"specification-title\">Materialer:<\/span>\u00a0<span class=\"specification-data\">Appalachian Hardwood (f\u00e5s i eg eller valn\u00f8d)<\/span><\/li>\n<li><span class=\"specification-title\">Kraft:<\/span>\u00a0<span class=\"specification-data\">3x AA-batterier<\/span><\/li>\n<li><span class=\"specification-title\">Kompatibel med Bluetooth:<\/span>\u00a0<span class=\"specification-data\">Ja (med den medf\u00f8lgende SmartRow)<\/span><\/li>\n<li><span class=\"specification-title\">Overv\u00e5gning af hjertefrekvens:<\/span>\u00a0<span class=\"specification-data\">Brystb\u00e6lte medf\u00f8lger ikke<\/span><\/li>\n<li><span class=\"specification-title\">Samlede dimensioner (LxBxH):<\/span>\u00a0<span class=\"specification-data\">219 x 56 x 92(tabletarm oppe)\/56(tabletarm foldet) cm<\/span><\/li>\n<li><span class=\"specification-title\">S\u00e6deh\u00f8jde:<\/span>\u00a0<span class=\"specification-data\">30 cm<\/span><\/li>\n<li><span class=\"specification-title\">V\u00e6gt (uden vand):<\/span>\u00a0<span class=\"specification-data\">31,5 kg<\/span><\/li>\n<li><span class=\"specification-title\">Maksimal brugerv\u00e6gt:<\/span>\u00a0<span class=\"specification-data\">315 kg \/ 695 lb<\/span><\/li>\n<li><span class=\"specification-title\">Maksimal brugerh\u00f8jde:<\/span>\u00a0<span class=\"specification-data\">213 cm \/ 7 fod<\/span><\/li>\n<li><span class=\"specification-title\">Kompatibelt tilbeh\u00f8r (s\u00e6lges separat):<\/span>\u00a0<span class=\"specification-data\">Holder til b\u00e6rbar computer<\/span><\/li>\n<\/ul>\n<\/div>\n<\/div>\n<\/div>\n<div class=\"product-warranty\">\n<h4>GARANTI<\/h4>\n<div class=\"text-container\">\n<p class=\"warranty-details\">V\u00e6lg din(e) produktmulighed(er) for at se garantioplysninger.<\/p>\n<\/div>\n<\/div>\n<div class=\"product-next-day\">\n<h4>EKSPRESLEVERING<\/h4>\n<div class=\"text-container\">Mange af vores produkter har mulighed for ekspreslevering og levering p\u00e5 en bestemt dato, hvilket betyder, at du f\u00e5r dit produkt leveret allerede i morgen eller p\u00e5 en dato, der passer dig. Tjek venligst leveringsmulighederne ved kassen for at se tilg\u00e6ngeligheden for din kurv og dit postnummer. Leveringsbetingelserne g\u00e6lder.<\/div>\n<\/div>","protected":false},"excerpt":{"rendered":"<p>WaterRower\u00ae Performance Ergometer er h\u00e5ndlavet i USA og er designet til fitnessentusiaster og roere, der \u00f8nsker dybdeg\u00e5ende tr\u00e6ningsdata og -analyser. Performance Ergometer har indbygget SmartRow-teknologi i stedet for S4 Performance Monitor, som findes p\u00e5 WaterRower\u00ae Original Series. SmartRow er en intelligent effektm\u00e5ler, der giver meget pr\u00e6cise m\u00e5linger af din WaterRower\u00ae-pr\u00e6station, herunder din effekt. Performance Ergomoeter har en sammenklappelig holder til telefon\/tablet, hvor pr\u00e6stationsdata overf\u00f8res tr\u00e5dl\u00f8st via Bluetooth til den gratis SmartRow-app (kompatibel med iOS og Android - telefon\/tablet medf\u00f8lger ikke). Du kan indstille SmartRow til at vise de m\u00e5linger, der betyder mest for dig, herunder effekt (W), arbejde (J), energi (kCal), slagl\u00e6ngde (CM), gennemsnitshastighed (\/500 m) og meget mere. Med SmartRow kan du konkurrere live og blive rangeret mod andre WaterRower\u00ae Performance Ergometer-brugere fra hele verden og integrere med fitness-tracking-apps som Strava og Apple Health. Du kan endda v\u00e6lge mellem forudindstillede begynder-, mellem- eller avancerede tr\u00e6ningsprogrammer til guidet tr\u00e6ning! Selve romaskinen er h\u00e5ndlavet af egetr\u00e6 eller valn\u00f8ddetr\u00e6 efter eget valg. Den store vandtank med det patenterede WaterFlywheel gengiver n\u00f8jagtigt f\u00f8lelsen af at ro i en rigtig b\u00e5d og udnytter op til 84% af din muskelmasse i hvert rotag. Du beh\u00f8ver ikke at bekymre dig om at justere modstanden manuelt - jo h\u00e5rdere og hurtigere du ror, jo mere modstand vil du m\u00e6rke. N\u00e5r du er f\u00e6rdig med din tr\u00e6ning, skal du bare folde armen til telefonen\/tabletten v\u00e6k og l\u00f8fte Performance Ergometer op p\u00e5 enden, s\u00e5 den kan opbevares lodret og spare gulvplads. Andre funktioner omfatter et hjerteformet kommercielt fodbr\u00e6t og et bredere h\u00e5ndtag med let greb. WaterRower\u00ae er et registreret varem\u00e6rke tilh\u00f8rende WaterRower (UK) Ltd og dets datterselskaber.<\/p>\n<div class=\"product-attribute-container-desktop desktop-only\"><\/div>","protected":false},"featured_media":1123,"comment_status":"open","ping_status":"closed","template":"","meta":{"site-sidebar-layout":"default","site-content-layout":"","ast-site-content-layout":"default","site-content-style":"default","site-sidebar-style":"default","ast-global-header-display":"","ast-banner-title-visibility":"","ast-main-header-display":"","ast-hfb-above-header-display":"","ast-hfb-below-header-display":"","ast-hfb-mobile-header-display":"","site-post-title":"","ast-breadcrumbs-content":"","ast-featured-img":"","footer-sml-layout":"","theme-transparent-header-meta":"default","adv-header-id-meta":"","stick-header-meta":"","header-above-stick-meta":"","header-main-stick-meta":"","header-below-stick-meta":"","astra-migrate-meta-layouts":"set","ast-page-background-enabled":"default","ast-page-background-meta":{"desktop":{"background-color":"var(--ast-global-color-5)","background-image":"","background-repeat":"repeat","background-position":"center center","background-size":"auto","background-attachment":"scroll","background-type":"","background-media":"","overlay-type":"","overlay-color":"","overlay-opacity":"","overlay-gradient":""},"tablet":{"background-color":"","background-image":"","background-repeat":"repeat","background-position":"center center","background-size":"auto","background-attachment":"scroll","background-type":"","background-media":"","overlay-type":"","overlay-color":"","overlay-opacity":"","overlay-gradient":""},"mobile":{"background-color":"","background-image":"","background-repeat":"repeat","background-position":"center center","background-size":"auto","background-attachment":"scroll","background-type":"","background-media":"","overlay-type":"","overlay-color":"","overlay-opacity":"","overlay-gradient":""}},"ast-content-background-meta":{"desktop":{"background-color":"var(--ast-global-color-4)","background-image":"","background-repeat":"repeat","background-position":"center center","background-size":"auto","background-attachment":"scroll","background-type":"","background-media":"","overlay-type":"","overlay-color":"","overlay-opacity":"","overlay-gradient":""},"tablet":{"background-color":"var(--ast-global-color-4)","background-image":"","background-repeat":"repeat","background-position":"center center","background-size":"auto","background-attachment":"scroll","background-type":"","background-media":"","overlay-type":"","overlay-color":"","overlay-opacity":"","overlay-gradient":""},"mobile":{"background-color":"var(--ast-global-color-4)","background-image":"","background-repeat":"repeat","background-position":"center center","background-size":"auto","background-attachment":"scroll","background-type":"","background-media":"","overlay-type":"","overlay-color":"","overlay-opacity":"","overlay-gradient":""}}},"product_brand":[],"product_cat":[20],"product_tag":[24],"class_list":{"0":"post-1119","1":"product","2":"type-product","3":"status-publish","4":"has-post-thumbnail","6":"product_cat-rowing-machine","7":"product_tag-rowing-machines","8":"desktop-align-left","9":"tablet-align-left","10":"mobile-align-left","12":"first","13":"instock","14":"sale","15":"taxable","16":"shipping-taxable","17":"purchasable","18":"product-type-simple"},"_links":{"self":[{"href":"http:\/\/bestfitnessstore.com\/da\/wp-json\/wp\/v2\/product\/1119","targetHints":{"allow":["GET"]}}],"collection":[{"href":"http:\/\/bestfitnessstore.com\/da\/wp-json\/wp\/v2\/product"}],"about":[{"href":"http:\/\/bestfitnessstore.com\/da\/wp-json\/wp\/v2\/types\/product"}],"replies":[{"embeddable":true,"href":"http:\/\/bestfitnessstore.com\/da\/wp-json\/wp\/v2\/comments?post=1119"}],"wp:featuredmedia":[{"embeddable":true,"href":"http:\/\/bestfitnessstore.com\/da\/wp-json\/wp\/v2\/media\/1123"}],"wp:attachment":[{"href":"http:\/\/bestfitnessstore.com\/da\/wp-json\/wp\/v2\/media?parent=1119"}],"wp:term":[{"taxonomy":"product_brand","embeddable":true,"href":"http:\/\/bestfitnessstore.com\/da\/wp-json\/wp\/v2\/product_brand?post=1119"},{"taxonomy":"product_cat","embeddable":true,"href":"http:\/\/bestfitnessstore.com\/da\/wp-json\/wp\/v2\/product_cat?post=1119"},{"taxonomy":"product_tag","embeddable":true,"href":"http:\/\/bestfitnessstore.com\/da\/wp-json\/wp\/v2\/product_tag?post=1119"}],"curies":[{"name":"wp","href":"https:\/\/api.w.org\/{rel}","templated":true}]}}