{"id":1095,"date":"2025-11-25T09:45:03","date_gmt":"2025-11-25T09:45:03","guid":{"rendered":"https:\/\/bestfitnessstore.com\/?post_type=product&#038;p=1095"},"modified":"2025-11-25T09:45:03","modified_gmt":"2025-11-25T09:45:03","slug":"proform-750-r-romaskine","status":"publish","type":"product","link":"http:\/\/bestfitnessstore.com\/da\/product\/proform-750-r-rowing-machine\/","title":{"rendered":"ProForm 750 R romaskine"},"content":{"rendered":"<div class=\"product-attribute-container-desktop desktop-only\">\n<div class=\"additional-attributes-wrapper table-wrapper\">\n<h4>PRODUKTINFORMATION<\/h4>\n<div class=\"attributes-container\">\n<ul class=\"product-attributes-container\">\n<li><span class=\"specification-title\">Pakkev\u00e6gt (KG):\u00a0<\/span><span class=\"specification-data\">55.000000<\/span><\/li>\n<li><span class=\"specification-title\">App-integration:\u00a0<\/span><span class=\"specification-data\">iFIT<\/span><\/li>\n<li><span class=\"specification-title\">Rower Type:\u00a0<\/span><span class=\"specification-data\">Magnetisk<\/span><\/li>\n<li><span class=\"specification-title\">Foldning:\u00a0<\/span><span class=\"specification-data\">Ja<\/span><\/li>\n<li><span class=\"specification-title\">Maksimal brugerv\u00e6gt (kg):\u00a0<\/span><span class=\"specification-data\">115,00 (kg)<\/span><\/li>\n<li><span class=\"specification-title\">M\u00e5l p\u00e5 kassen (LxBxH):\u00a0<\/span><span class=\"specification-data\">118 x 58 x 65 cm<\/span><\/li>\n<\/ul>\n<ul class=\"product-attributes-container\">\n<li><span class=\"specification-title\">Effektmetode:\u00a0<\/span><span class=\"specification-data\">Elektricitet fra elnettet<\/span><\/li>\n<li><span class=\"specification-title\">Holder til tablet:\u00a0<\/span><span class=\"specification-data\">Ja<\/span><\/li>\n<li><span class=\"specification-title\">Transporthjul:\u00a0<\/span><span class=\"specification-data\">Ja<\/span><\/li>\n<li><span class=\"specification-title\">Overv\u00e5gning af hjertefrekvens:\u00a0<\/span><span class=\"specification-data\">Brystsp\u00e6nde<\/span><\/li>\n<li><span class=\"specification-title\">Produktm\u00e5l (LxBxH):\u00a0<\/span><span class=\"specification-data\">220 x 56 x 116 cm<\/span><\/li>\n<li><span class=\"specification-title\">Foldet M\u00e5l (LxBxH):\u00a0<\/span><span class=\"specification-data\">110 x 56 x 114 cm<\/span><\/li>\n<\/ul>\n<\/div>\n<\/div>\n<\/div>\n<div class=\"product-features\">\n<h4>YDERLIGERE FUNKTIONER<\/h4>\n<div class=\"more-container\">\n<div class=\"unshow-text\">\n<ul class=\"product-features-container\">\n<li><span class=\"specification-title\">SMR\u2122 Silent Magnetic Resistance:<\/span>\u00a0<span class=\"specification-data\">J\u00e6vne modstands\u00e6ndringer p\u00e5 farten<\/span><\/li>\n<li><span class=\"specification-title\">Modstandsniveauer:<\/span>\u00a0<span class=\"specification-data\">24<\/span><\/li>\n<li><span class=\"specification-title\">Ergonomisk s\u00e6de:<\/span>\u00a0<span class=\"specification-data\">Formst\u00f8bt for bedre pasform<\/span><\/li>\n<li><span class=\"specification-title\">Pedaler:<\/span>\u00a0<span class=\"specification-data\">Overdimensioneret og drejelig; justerbare nylonstropper<\/span><\/li>\n<li><span class=\"specification-title\">H\u00e5ndtag:<\/span>\u00a0<span class=\"specification-data\">Ergonomisk Soft Touch\u2122-h\u00e5ndtag<\/span><\/li>\n<li><span class=\"specification-title\">Sk\u00e6rm:<\/span>\u00a0<span class=\"specification-data\">5\u201d flerfarvet display med h\u00f8j kontrast; justerbar konsolvinkel<\/span><\/li>\n<li><span class=\"specification-title\">IFIT-kompatibel:<\/span>\u00a0<span class=\"specification-data\">Oplev individualiserede, virtuelle tr\u00e6ningsprogrammer ledet af verdens bedste tr\u00e6nere i dit eget hjem (30 dages iFIT-abonnement inkluderet).<\/span><\/li>\n<li><span class=\"specification-title\">Pladsbesparende design:<\/span>\u00a0<span class=\"specification-data\">Innovativ sammenklappelig ramme<\/span><\/li>\n<li><span class=\"specification-title\">ActivePulse\u2122-teknologi:<\/span>\u00a0<span class=\"specification-data\">Armb\u00e5nd medf\u00f8lger ikke<\/span><\/li>\n<li><span class=\"specification-title\">IFIT-fors\u00f8g:<\/span>\u00a0<span class=\"specification-data\">30-dages iFIT-pr\u00f8veperiode inkluderet. Kreditkort kr\u00e6ves til aktivering. iFIT-medlemskab fornyes automatisk, medmindre det annulleres p\u00e5 forh\u00e5nd. 30 dages pr\u00f8veperiode g\u00e6lder kun for nye medlemskaber.<\/span><\/li>\n<\/ul>\n<\/div>\n<\/div>\n<\/div>\n<div class=\"product-warranty\">\n<h4>GARANTI<\/h4>\n<div class=\"text-container\"><strong>Til hjemmebrug:<\/strong>\u00a0To \u00e5rs garanti p\u00e5 dele og arbejdskraft (betingelser g\u00e6lder), forudsat at produktet registreres inden for 28 dage efter k\u00f8bet. Standardgarantien er 12 m\u00e5neder p\u00e5 dele og arbejdskraft. ICON er producent af NordicTrack og Pro-Form. Du finder deres garantipolitik nedenfor. ICON Health and Fitness, Inc. (ICON) garanterer, at dette produkt er fri for fabrikations- og materialefejl under normale brugs- og serviceforhold i en periode p\u00e5 12 m\u00e5neder fra den oprindelige k\u00f8bsdato. Bem\u00e6rk: Garantiforl\u00e6ngelser kan g\u00e6lde for dette produkt, hvis det registreres hos dit lokale kundeservicecenter inden for 28 dage efter k\u00f8bet. For at registrere dette produkt og kvalificere dig til eventuelle garantiudvidelser skal du udfylde garantiregistreringskortet og sende det sammen med dit k\u00f8bsbevis til den adresse, der er angivet p\u00e5 bagsiden af dette h\u00e6fte, eller registrere dig online p\u00e5 iconsupport.eu. Fuldst\u00e6ndige oplysninger om garantiudvidelser og ICON's producentgaranti kan f\u00e5s ved henvendelse til dit lokale kundeservicecenter eller online p\u00e5 iconsupport.eu. Vilk\u00e5r Denne garanti g\u00e6lder kun for den oprindelige k\u00f8ber (dig) og kan ikke overdrages. Garantien d\u00e6kker ikke: 1. normal slitage; 2. enhver tilpasning eller \u00e6ndring for at opgradere dette produkt fra dets normale form\u00e5l som beskrevet i din brugervejledning; 3. skader som f\u00f8lge af: a) transport; b) misbrug, forkert brug, manglende overholdelse af instruktioner eller forkert eller unormal brug; c) brug uden for hjemmet (herunder, men ikke begr\u00e6nset til, kommercielle, professionelle eller udlejningsform\u00e5l); d) reparationer, der ikke er udf\u00f8rt af en ICON-autoriseret serviceudbyder; e) ulykker, lynnedslag, vand, brand eller andre \u00e5rsager, som ICON ikke har kontrol over; f) forkert placering, herunder, men ikke begr\u00e6nset til, fugtige, st\u00f8vede eller udend\u00f8rs milj\u00f8er (eksempler: garager, k\u00e6ldre) ICON er ikke ansvarlig for indirekte, s\u00e6rlige eller f\u00f8lgeskader, der opst\u00e5r som f\u00f8lge af eller i forbindelse med brugen eller ydeevnen af produktet eller skader med hensyn til \u00f8konomisk tab, tab af ejendom, tab af indt\u00e6gter eller fortjeneste, tab af nydelse eller brug eller omkostninger til fjernelse eller installation. Denne garanti d\u00e6kker produkter, der er k\u00f8bt og brugt i EU, men det er ikke alle produkter, der distribueres i alle lande. Dette kan resultere i forsinkelser i garantid\u00e6kningen, hvis du har k\u00f8bt dette produkt i et andet land, og det ikke underst\u00f8ttes i dit bop\u00e6lsland. Det kan v\u00e6re n\u00f8dvendigt at udf\u00f8re reparationer p\u00e5 et ICON-autoriseret reparationscenter. ICON forbeholder sig ret til at udvide eller \u00f8ge d\u00e6kningen. Garantien er et supplement til og p\u00e5virker ikke p\u00e5 nogen m\u00e5de dine lovbestemte rettigheder i henhold til g\u00e6ldende national lovgivning eller dine rettigheder over for forhandleren i henhold til salgs-\/k\u00f8bskontrakten.<\/div>\n<\/div>\n<div class=\"product-next-day\">\n<h4>EKSPRESLEVERING<\/h4>\n<div class=\"text-container\">Mange af vores produkter har mulighed for ekspreslevering og levering p\u00e5 en bestemt dato, hvilket betyder, at du f\u00e5r dit produkt leveret allerede i morgen eller p\u00e5 en dato, der passer dig. Tjek venligst leveringsmulighederne ved kassen for at se tilg\u00e6ngeligheden for din kurv og dit postnummer. Leveringsbetingelserne g\u00e6lder.<\/div>\n<\/div>","protected":false},"excerpt":{"rendered":"<p>Med en unik pladsbesparende ramme, der kan foldes sammen p\u00e5 midten for at maksimere gulvpladsen, er ProForm 750 R romaskine den ideelle l\u00f8sning til kompakte hjemmetr\u00e6ningscentre. 24 niveauer af digital modstand sikrer, at hvert rotag er lige s\u00e5 udfordrende, som du har brug for, og bruger ProForms SMR\u2122 Silent Magnetic Resistance-system til friktionsfri intensitets\u00e6ndringer. Alle ber\u00f8ringspunkter er overdimensionerede for at \u00f8ge komforten, inklusive de drejelige pedaler med justerbare fodstropper i nylon og s\u00e6deskinnen i aluminium. S\u00e6det er ergonomisk designet og formst\u00f8bt for bedre pasform, mens h\u00e5ndtaget er lavet af Soft Touch\u2122-materialer for et sikkert greb. Vip det 5\u201d store flerfarvede display med h\u00f8j kontrast for at finde den optimale vinkel til at holde styr p\u00e5 din statistik, og opbevar din tablet i den integrerede holder. Download iFIT-appen til din tablet eller smartenhed, tilslut den til 750 R romaskinen, og du kan nyde et n\u00e6sten ubegr\u00e6nset udvalg af individualiserede tr\u00e6ningsprogrammer fra verdens bedste tr\u00e6nere i dit eget hjem. F\u00e5 adgang til et tr\u00e6ningspas hver dag, f\u00f8lg automatisk dine fremskridt, nyd ruter i det virkelige liv med Google Maps\u2122, konkurrer med dine venner, skr\u00e6ddersy din tr\u00e6ning til dine specifikke m\u00e5l og meget mere (30-dages iFIT-abonnement inkluderet*). ProForm 750 R romaskine har ogs\u00e5 ActivePulse-teknologi (kr\u00e6ver SmartBeat-armb\u00e5nd - medf\u00f8lger ikke), som automatisk justerer din modstand for at sikre, at du forbliver i den ideelle pulszone, og SmartAdjust, som l\u00e6gger din modstand i h\u00e6nderne p\u00e5 dine iFIT-tr\u00e6nere. Afspil din musik eller tr\u00e6n h\u00f8jt med 2 x 2\u201d h\u00f8jttalere, eller tilslut dine hovedtelefoner via Bluetooth for en mere stille rooplevelse. * 30-dages iFIT-pr\u00f8veperiode inkluderet. Kreditkort kr\u00e6ves til aktivering. iFIT-medlemskab fornyes automatisk, medmindre det annulleres p\u00e5 forh\u00e5nd. 30 dages pr\u00f8veperiode g\u00e6lder kun for nye medlemskaber. Tablet vist p\u00e5 billeder er ikke inkluderet.<\/p>\n<div class=\"product-attribute-container-desktop desktop-only\">\n<div class=\"additional-attributes-wrapper table-wrapper\"><\/div>\n<\/div>","protected":false},"featured_media":1099,"comment_status":"open","ping_status":"closed","template":"","meta":{"site-sidebar-layout":"default","site-content-layout":"","ast-site-content-layout":"default","site-content-style":"default","site-sidebar-style":"default","ast-global-header-display":"","ast-banner-title-visibility":"","ast-main-header-display":"","ast-hfb-above-header-display":"","ast-hfb-below-header-display":"","ast-hfb-mobile-header-display":"","site-post-title":"","ast-breadcrumbs-content":"","ast-featured-img":"","footer-sml-layout":"","theme-transparent-header-meta":"default","adv-header-id-meta":"","stick-header-meta":"","header-above-stick-meta":"","header-main-stick-meta":"","header-below-stick-meta":"","astra-migrate-meta-layouts":"set","ast-page-background-enabled":"default","ast-page-background-meta":{"desktop":{"background-color":"var(--ast-global-color-5)","background-image":"","background-repeat":"repeat","background-position":"center center","background-size":"auto","background-attachment":"scroll","background-type":"","background-media":"","overlay-type":"","overlay-color":"","overlay-opacity":"","overlay-gradient":""},"tablet":{"background-color":"","background-image":"","background-repeat":"repeat","background-position":"center center","background-size":"auto","background-attachment":"scroll","background-type":"","background-media":"","overlay-type":"","overlay-color":"","overlay-opacity":"","overlay-gradient":""},"mobile":{"background-color":"","background-image":"","background-repeat":"repeat","background-position":"center center","background-size":"auto","background-attachment":"scroll","background-type":"","background-media":"","overlay-type":"","overlay-color":"","overlay-opacity":"","overlay-gradient":""}},"ast-content-background-meta":{"desktop":{"background-color":"var(--ast-global-color-4)","background-image":"","background-repeat":"repeat","background-position":"center center","background-size":"auto","background-attachment":"scroll","background-type":"","background-media":"","overlay-type":"","overlay-color":"","overlay-opacity":"","overlay-gradient":""},"tablet":{"background-color":"var(--ast-global-color-4)","background-image":"","background-repeat":"repeat","background-position":"center center","background-size":"auto","background-attachment":"scroll","background-type":"","background-media":"","overlay-type":"","overlay-color":"","overlay-opacity":"","overlay-gradient":""},"mobile":{"background-color":"var(--ast-global-color-4)","background-image":"","background-repeat":"repeat","background-position":"center center","background-size":"auto","background-attachment":"scroll","background-type":"","background-media":"","overlay-type":"","overlay-color":"","overlay-opacity":"","overlay-gradient":""}}},"product_brand":[],"product_cat":[20],"product_tag":[24],"class_list":{"0":"post-1095","1":"product","2":"type-product","3":"status-publish","4":"has-post-thumbnail","6":"product_cat-rowing-machine","7":"product_tag-rowing-machines","8":"desktop-align-left","9":"tablet-align-left","10":"mobile-align-left","12":"first","13":"instock","14":"sale","15":"taxable","16":"shipping-taxable","17":"purchasable","18":"product-type-simple"},"_links":{"self":[{"href":"http:\/\/bestfitnessstore.com\/da\/wp-json\/wp\/v2\/product\/1095","targetHints":{"allow":["GET"]}}],"collection":[{"href":"http:\/\/bestfitnessstore.com\/da\/wp-json\/wp\/v2\/product"}],"about":[{"href":"http:\/\/bestfitnessstore.com\/da\/wp-json\/wp\/v2\/types\/product"}],"replies":[{"embeddable":true,"href":"http:\/\/bestfitnessstore.com\/da\/wp-json\/wp\/v2\/comments?post=1095"}],"wp:featuredmedia":[{"embeddable":true,"href":"http:\/\/bestfitnessstore.com\/da\/wp-json\/wp\/v2\/media\/1099"}],"wp:attachment":[{"href":"http:\/\/bestfitnessstore.com\/da\/wp-json\/wp\/v2\/media?parent=1095"}],"wp:term":[{"taxonomy":"product_brand","embeddable":true,"href":"http:\/\/bestfitnessstore.com\/da\/wp-json\/wp\/v2\/product_brand?post=1095"},{"taxonomy":"product_cat","embeddable":true,"href":"http:\/\/bestfitnessstore.com\/da\/wp-json\/wp\/v2\/product_cat?post=1095"},{"taxonomy":"product_tag","embeddable":true,"href":"http:\/\/bestfitnessstore.com\/da\/wp-json\/wp\/v2\/product_tag?post=1095"}],"curies":[{"name":"wp","href":"https:\/\/api.w.org\/{rel}","templated":true}]}}