{"id":1090,"date":"2025-11-25T09:42:58","date_gmt":"2025-11-25T09:42:58","guid":{"rendered":"https:\/\/bestfitnessstore.com\/?post_type=product&#038;p=1090"},"modified":"2025-11-25T09:42:58","modified_gmt":"2025-11-25T09:42:58","slug":"proform-550-r-romaskine","status":"publish","type":"product","link":"http:\/\/bestfitnessstore.com\/da\/product\/proform-550-r-rowing-machine\/","title":{"rendered":"ProForm 550 R romaskine"},"content":{"rendered":"<div class=\"product-attribute-container-desktop desktop-only\">\n<div class=\"additional-attributes-wrapper table-wrapper\">\n<h5>PRODUKTINFORMATION<\/h5>\n<div class=\"attributes-container\">\n<ul class=\"product-attributes-container\">\n<li><span class=\"specification-title\">Pakkev\u00e6gt (KG):\u00a0<\/span><span class=\"specification-data\">34.000000<\/span><\/li>\n<li><span class=\"specification-title\">App-integration:\u00a0<\/span><span class=\"specification-data\">iFIT<\/span><\/li>\n<li><span class=\"specification-title\">Rower Type:\u00a0<\/span><span class=\"specification-data\">Magnetisk<\/span><\/li>\n<li><span class=\"specification-title\">Foldning:\u00a0<\/span><span class=\"specification-data\">Ja<\/span><\/li>\n<li><span class=\"specification-title\">Produktm\u00e5l (LxBxH):\u00a0<\/span><span class=\"specification-data\">182,10 x 58,10 x 67,50 cm<\/span><\/li>\n<\/ul>\n<ul class=\"product-attributes-container\">\n<li><span class=\"specification-title\">Effektmetode:\u00a0<\/span><span class=\"specification-data\">Elektricitet fra elnettet<\/span><\/li>\n<li><span class=\"specification-title\">Holder til tablet:\u00a0<\/span><span class=\"specification-data\">Ja<\/span><\/li>\n<li><span class=\"specification-title\">Transporthjul:\u00a0<\/span><span class=\"specification-data\">Ja<\/span><\/li>\n<li><span class=\"specification-title\">Maksimal brugerv\u00e6gt (kg):\u00a0<\/span><span class=\"specification-data\">114,00 (kg)<\/span><\/li>\n<li><span class=\"specification-title\">M\u00e5l p\u00e5 kassen (LxBxH):\u00a0<\/span><span class=\"specification-data\">125 x 28 x 62 cm<\/span><\/li>\n<\/ul>\n<\/div>\n<\/div>\n<\/div>\n<div class=\"product-features\">\n<h5>YDERLIGERE FUNKTIONER<\/h5>\n<div class=\"more-container\">\n<div class=\"unshow-text\">\n<ul class=\"product-features-container\">\n<li><span class=\"specification-title\">Lydl\u00f8s magnetisk modstand\u2122:<\/span>\u00a0<span class=\"specification-data\">J\u00e6vne modstands\u00e6ndringer p\u00e5 farten<\/span><\/li>\n<li><span class=\"specification-title\">Modstandsniveauer:<\/span>\u00a0<span class=\"specification-data\">8<\/span><\/li>\n<li><span class=\"specification-title\">Pedaler:<\/span>\u00a0<span class=\"specification-data\">Overdimensioneret og drejelig; justerbare nylonstropper<\/span><\/li>\n<li><span class=\"specification-title\">H\u00e5ndtag:<\/span>\u00a0<span class=\"specification-data\">Ergonomisk h\u00e5ndtag med bl\u00f8dt greb<\/span><\/li>\n<li><span class=\"specification-title\">Enhedshylde:<\/span>\u00a0<span class=\"specification-data\">Holder din mobiltelefon eller tablet (enhed medf\u00f8lger ikke)<\/span><\/li>\n<li><span class=\"specification-title\">IFIT-kompatibel:<\/span>\u00a0<span class=\"specification-data\">Oplev individualiseret, virtuel tr\u00e6ning ledet af verdens bedste tr\u00e6nere i dit eget hjem - kr\u00e6ver medlemskab af iFIT Train<\/span><\/li>\n<li><span class=\"specification-title\">Pladsbesparende design:<\/span>\u00a0<span class=\"specification-data\">Innovativ sammenklappelig ramme<\/span><\/li>\n<li><span class=\"specification-title\">IFIT-fors\u00f8g:<\/span>\u00a0<span class=\"specification-data\">30 dages iFIT Train-pr\u00f8veperiode inkluderet. Kreditkort kr\u00e6ves til aktivering. iFIT Train-medlemskab fornyes automatisk, medmindre det annulleres p\u00e5 forh\u00e5nd. 30-dages pr\u00f8veperiode g\u00e6lder kun for nye medlemskaber.<\/span><\/li>\n<\/ul>\n<\/div>\n<\/div>\n<\/div>\n<div class=\"product-warranty\">\n<h5>GARANTI<\/h5>\n<div class=\"text-container\"><strong>Til hjemmebrug:<\/strong>\u00a0To \u00e5rs garanti p\u00e5 dele og arbejdskraft (betingelser g\u00e6lder) under foruds\u00e6tning af, at produktet registreres inden for 28 dage efter k\u00f8bet. Standardgarantien er 12 m\u00e5neder p\u00e5 dele og arbejdskraft Vilk\u00e5r Denne garanti g\u00e6lder kun for den oprindelige k\u00f8ber (dig) og kan ikke overdrages. Garantien d\u00e6kker ikke: 1. Normal slitage (eksempler p\u00e5 normale sliddele omfatter gangremme, drivremme, batterier, bremseklodser og springm\u00e5tter). 2. Alle provisoriske reparationer, tilpasninger eller \u00e6ndringer, der \u00e6ndrer dette produkt i forhold til dets normale form\u00e5l og funktion som beskrevet i brugervejledningen. 3. Skader som f\u00f8lge af: a) Fors\u00e6tlige eller ondsindede handlinger. b) Transport. c) Forkert installation, samling eller tilslutning, der ikke er i overensstemmelse med ICON's specifikationer eller anbefalinger. d) Misbrug, forkert brug, manglende overholdelse af instruktioner eller forkert eller unormal brug. e) Manglende overholdelse af instruktionerne i din brugervejledning (s\u00e5som brug af andre reng\u00f8rings- og vedligeholdelsesprodukter end dem, der anbefales, manglende slukning af produktet efter brug osv.) f) Brug uden for hjemmet (herunder, men ikke begr\u00e6nset til, brug i kommercielle, professionelle, udlejnings- eller institutionsmilj\u00f8er). g) Reparationer, der ikke er udf\u00f8rt af en ICON-autoriseret serviceudbyder, eller brug af dele, der ikke er leveret eller godkendt af ICON. h) Ulykker, st\u00f8d, str\u00f8msvingninger, lyn, storme, vand, brand, dyr eller andre \u00e5rsager, som ICON ikke har kontrol over. i) Forkert placering, herunder, men ikke begr\u00e6nset til, fugtige, st\u00f8vede eller udend\u00f8rs milj\u00f8er (eksempler omfatter garager, k\u00e6ldre, verandaer og terrasser).<\/div>\n<\/div>","protected":false},"excerpt":{"rendered":"<p>ProForm 550 R romaskine har 8 niveauer af digital modstand, der giver den rigtige tr\u00e6ning, som din krop har brug for. Fra restitution til h\u00f8j intensitet kan du v\u00e6lge den digitale modstand, du har brug for, s\u00e5 den passer til dine m\u00e5l. Silent Magnetic Resistance\u2122-systemet giver en j\u00e6vn og st\u00f8jsvag rooplevelse, der er designet til at f\u00e5 din robev\u00e6gelse til at f\u00f8les mere flydende, s\u00e5 du f\u00e5r en problemfri tr\u00e6ning af hele kroppen. F\u00e5 mere ud af 550R romaskinen med iFIT. Log ind p\u00e5 din iFIT-konto* p\u00e5 din egen enhed (tablet\/smartphone medf\u00f8lger ikke), og tilslut den til 550R romaskinen for at starte det n\u00e6ste tr\u00e6ningspas i din personlige plan. Mens du tr\u00e6ner, sporer iFIT din pr\u00e6station og \u00e6ndrer automatisk de 8 modstandsniveauer til den intensitet, du har brug for. Med iFIT f\u00e5r du adgang til over 10.000 tr\u00e6ningsprogrammer, smarte funktioner og coaching af iFIT-eksperter p\u00e5 engagerende globale steder. Tr\u00e6nerne er der for at hj\u00e6lpe dig med formen, holde dig motiveret til at afslutte st\u00e6rkt og tilbyde indsigt i globale steder, s\u00e5 du kan holde dig engageret i b\u00e5de korte og lange sessioner. F\u00f8l dig sikker og stabil i komfortable, overdimensionerede pedaler, der kan drejes og har justerbare fodstropper i nylon, der passer til de fleste st\u00f8rrelser. Tr\u00e6k nemt i stroppen for at slippe foden, n\u00e5r tr\u00e6ningen er slut, eller n\u00e5r du skal i gang med crosstraining. 550R har ogs\u00e5 et behageligt h\u00e5ndtag med bl\u00f8dt greb, som f\u00f8les godt under hele tr\u00e6ningen. N\u00e5r du er f\u00e6rdig med at tr\u00e6ne, kan 550R foldes sammen p\u00e5 midten og er nem at rulle v\u00e6k for at spare gulvplads. * 30-dages iFIT Train Trial inkluderet. Kreditkort kr\u00e6ves til aktivering. iFIT Train-medlemskab fornyes automatisk, medmindre det annulleres p\u00e5 forh\u00e5nd. 30 dages pr\u00f8veperiode g\u00e6lder kun for nye medlemskaber.<\/p>\n<div class=\"product-attribute-container-desktop desktop-only\">\n<div class=\"additional-attributes-wrapper table-wrapper\"><\/div>\n<\/div>","protected":false},"featured_media":1094,"comment_status":"open","ping_status":"closed","template":"","meta":{"site-sidebar-layout":"default","site-content-layout":"","ast-site-content-layout":"default","site-content-style":"default","site-sidebar-style":"default","ast-global-header-display":"","ast-banner-title-visibility":"","ast-main-header-display":"","ast-hfb-above-header-display":"","ast-hfb-below-header-display":"","ast-hfb-mobile-header-display":"","site-post-title":"","ast-breadcrumbs-content":"","ast-featured-img":"","footer-sml-layout":"","theme-transparent-header-meta":"default","adv-header-id-meta":"","stick-header-meta":"","header-above-stick-meta":"","header-main-stick-meta":"","header-below-stick-meta":"","astra-migrate-meta-layouts":"set","ast-page-background-enabled":"default","ast-page-background-meta":{"desktop":{"background-color":"var(--ast-global-color-5)","background-image":"","background-repeat":"repeat","background-position":"center center","background-size":"auto","background-attachment":"scroll","background-type":"","background-media":"","overlay-type":"","overlay-color":"","overlay-opacity":"","overlay-gradient":""},"tablet":{"background-color":"","background-image":"","background-repeat":"repeat","background-position":"center center","background-size":"auto","background-attachment":"scroll","background-type":"","background-media":"","overlay-type":"","overlay-color":"","overlay-opacity":"","overlay-gradient":""},"mobile":{"background-color":"","background-image":"","background-repeat":"repeat","background-position":"center center","background-size":"auto","background-attachment":"scroll","background-type":"","background-media":"","overlay-type":"","overlay-color":"","overlay-opacity":"","overlay-gradient":""}},"ast-content-background-meta":{"desktop":{"background-color":"var(--ast-global-color-4)","background-image":"","background-repeat":"repeat","background-position":"center center","background-size":"auto","background-attachment":"scroll","background-type":"","background-media":"","overlay-type":"","overlay-color":"","overlay-opacity":"","overlay-gradient":""},"tablet":{"background-color":"var(--ast-global-color-4)","background-image":"","background-repeat":"repeat","background-position":"center center","background-size":"auto","background-attachment":"scroll","background-type":"","background-media":"","overlay-type":"","overlay-color":"","overlay-opacity":"","overlay-gradient":""},"mobile":{"background-color":"var(--ast-global-color-4)","background-image":"","background-repeat":"repeat","background-position":"center center","background-size":"auto","background-attachment":"scroll","background-type":"","background-media":"","overlay-type":"","overlay-color":"","overlay-opacity":"","overlay-gradient":""}}},"product_brand":[],"product_cat":[20],"product_tag":[24],"class_list":{"0":"post-1090","1":"product","2":"type-product","3":"status-publish","4":"has-post-thumbnail","6":"product_cat-rowing-machine","7":"product_tag-rowing-machines","8":"desktop-align-left","9":"tablet-align-left","10":"mobile-align-left","12":"first","13":"instock","14":"sale","15":"taxable","16":"shipping-taxable","17":"purchasable","18":"product-type-simple"},"_links":{"self":[{"href":"http:\/\/bestfitnessstore.com\/da\/wp-json\/wp\/v2\/product\/1090","targetHints":{"allow":["GET"]}}],"collection":[{"href":"http:\/\/bestfitnessstore.com\/da\/wp-json\/wp\/v2\/product"}],"about":[{"href":"http:\/\/bestfitnessstore.com\/da\/wp-json\/wp\/v2\/types\/product"}],"replies":[{"embeddable":true,"href":"http:\/\/bestfitnessstore.com\/da\/wp-json\/wp\/v2\/comments?post=1090"}],"wp:featuredmedia":[{"embeddable":true,"href":"http:\/\/bestfitnessstore.com\/da\/wp-json\/wp\/v2\/media\/1094"}],"wp:attachment":[{"href":"http:\/\/bestfitnessstore.com\/da\/wp-json\/wp\/v2\/media?parent=1090"}],"wp:term":[{"taxonomy":"product_brand","embeddable":true,"href":"http:\/\/bestfitnessstore.com\/da\/wp-json\/wp\/v2\/product_brand?post=1090"},{"taxonomy":"product_cat","embeddable":true,"href":"http:\/\/bestfitnessstore.com\/da\/wp-json\/wp\/v2\/product_cat?post=1090"},{"taxonomy":"product_tag","embeddable":true,"href":"http:\/\/bestfitnessstore.com\/da\/wp-json\/wp\/v2\/product_tag?post=1090"}],"curies":[{"name":"wp","href":"https:\/\/api.w.org\/{rel}","templated":true}]}}