{"id":42,"date":"2025-11-10T09:42:08","date_gmt":"2025-11-10T09:42:08","guid":{"rendered":"https:\/\/bestfitnessstore.com\/?page_id=42"},"modified":"2025-11-10T14:35:33","modified_gmt":"2025-11-10T14:35:33","slug":"om-os","status":"publish","type":"page","link":"http:\/\/bestfitnessstore.com\/da\/about-us\/","title":{"rendered":"Om os"},"content":{"rendered":"<div data-elementor-type=\"wp-page\" data-elementor-id=\"42\" class=\"elementor elementor-42\">\n\t\t\t\t<div class=\"elementor-element elementor-element-edce6ab e-flex e-con-boxed e-con e-parent\" data-id=\"edce6ab\" data-element_type=\"container\">\n\t\t\t\t\t<div class=\"e-con-inner\">\n\t\t\t\t<div class=\"elementor-element elementor-element-3849c16 elementor-widget elementor-widget-text-editor\" data-id=\"3849c16\" data-element_type=\"widget\" data-widget_type=\"text-editor.default\">\n\t\t\t\t\t\t\t\t\t<p data-start=\"32\" data-end=\"509\">Siden vores grundl\u00e6ggelse, <strong data-start=\"52\" data-end=\"74\">Bedste fitnessbutik<\/strong> har v\u00e6ret engageret i at revolutionere den m\u00e5de, folk tr\u00e6ner p\u00e5, ved at skabe innovativt fitnessudstyr i professionel kvalitet, der styrker b\u00e5de enkeltpersoner og fitnesscentre. Vores dedikation til fremskridt og velv\u00e6re har drevet os til l\u00f8bende at forbedre og omdefinere fitnessoplevelsen, og vi er banebrydende inden for <strong data-start=\"391\" data-end=\"507\">funktionel tr\u00e6ning, modstandssystemer, innovation til hjemmegymnastik, restitutionsredskaber og l\u00f8sninger til pr\u00e6stationsfitness.<\/strong><\/p>\n<p data-start=\"511\" data-end=\"809\">Som et betroet navn i branchen, <strong data-start=\"546\" data-end=\"568\">Bedste fitnessbutik<\/strong> tilbyder et komplet sortiment af produkter, der er designet til at st\u00f8tte enhver fitnessrejse. Vi mener, at fitness er personligt, og vores mission er at udstyre dig med de rigtige v\u00e6rkt\u00f8jer, viden og inspiration til at opn\u00e5 <strong data-start=\"778\" data-end=\"807\">livslang fitness-succes.<\/strong><\/p>\n<p data-start=\"811\" data-end=\"840\"><strong data-start=\"811\" data-end=\"838\">Kraften i innovation<\/strong><\/p>\n<p data-start=\"842\" data-end=\"1233\">P\u00e5 <strong data-start=\"845\" data-end=\"867\">Bedste fitnessbutik<\/strong>, Innovation er ikke bare en del af det, vi g\u00f8r, det er den, vi er. Hvert produkt, vi designer, er bygget med pr\u00e6cision, ydeevne og form\u00e5l, hvilket sikrer de h\u00f8jeste standarder for holdbarhed og funktionalitet. Vores utr\u00e6ttelige str\u00e6ben efter forbedringer har f\u00f8rt til kontinuerlige produktgennembrud og en samling af banebrydende designs, der adskiller os fra andre i fitnessbranchen.<\/p>\n<p data-start=\"1235\" data-end=\"1464\">Ud over at skabe fitnessudstyr i verdensklasse fokuserer vi ogs\u00e5 p\u00e5 at levere en <strong data-start=\"1312\" data-end=\"1344\">S\u00f8ml\u00f8s kundeoplevelse<\/strong>, med klar produktinformation, smart emballage og letforst\u00e5elig vejledning, der hj\u00e6lper dig med at tr\u00e6ffe sikre valg.<\/p>\n<p data-start=\"1466\" data-end=\"1700\">Ved at kombinere teknologi, ekspertise og en \u00e6gte passion for sundhed, <strong data-start=\"1536\" data-end=\"1558\">Bedste fitnessbutik<\/strong> forts\u00e6tter med at forme fremtidens fitness. Vi er stolte af at hj\u00e6lpe enkeltpersoner og fitnesscentre med at n\u00e5 nye niveauer af styrke, udholdenhed og velbefindende.<\/p>\n<p data-start=\"1702\" data-end=\"1808\" data-is-last-node=\"\" data-is-only-node=\"\">Kom og oplev, hvorfor <strong data-start=\"1727\" data-end=\"1749\">Bedste fitnessbutik<\/strong> omdefinerer fitness excellence, \u00e9n innovation ad gangen.<\/p>\t\t\t\t\t\t\t\t<\/div>\n\t\t\t\t\t<\/div>\n\t\t\t\t<\/div>\n\t\t\t\t<\/div>","protected":false},"excerpt":{"rendered":"<p>Since our founding, Best Fitness Store has been committed to revolutionizing the way people train by creating innovative, professional-grade fitness [&hellip;]<\/p>\n","protected":false},"author":1,"featured_media":0,"parent":0,"menu_order":0,"comment_status":"closed","ping_status":"closed","template":"","meta":{"site-sidebar-layout":"no-sidebar","site-content-layout":"","ast-site-content-layout":"full-width-container","site-content-style":"default","site-sidebar-style":"default","ast-global-header-display":"","ast-banner-title-visibility":"","ast-main-header-display":"","ast-hfb-above-header-display":"","ast-hfb-below-header-display":"","ast-hfb-mobile-header-display":"","site-post-title":"disabled","ast-breadcrumbs-content":"","ast-featured-img":"disabled","footer-sml-layout":"","theme-transparent-header-meta":"","adv-header-id-meta":"","stick-header-meta":"","header-above-stick-meta":"","header-main-stick-meta":"","header-below-stick-meta":"","astra-migrate-meta-layouts":"default","ast-page-background-enabled":"default","ast-page-background-meta":{"desktop":{"background-color":"var(--ast-global-color-5)","background-image":"","background-repeat":"repeat","background-position":"center center","background-size":"auto","background-attachment":"scroll","background-type":"","background-media":"","overlay-type":"","overlay-color":"","overlay-opacity":"","overlay-gradient":""},"tablet":{"background-color":"","background-image":"","background-repeat":"repeat","background-position":"center center","background-size":"auto","background-attachment":"scroll","background-type":"","background-media":"","overlay-type":"","overlay-color":"","overlay-opacity":"","overlay-gradient":""},"mobile":{"background-color":"","background-image":"","background-repeat":"repeat","background-position":"center center","background-size":"auto","background-attachment":"scroll","background-type":"","background-media":"","overlay-type":"","overlay-color":"","overlay-opacity":"","overlay-gradient":""}},"ast-content-background-meta":{"desktop":{"background-color":"var(--ast-global-color-4)","background-image":"","background-repeat":"repeat","background-position":"center center","background-size":"auto","background-attachment":"scroll","background-type":"","background-media":"","overlay-type":"","overlay-color":"","overlay-opacity":"","overlay-gradient":""},"tablet":{"background-color":"var(--ast-global-color-4)","background-image":"","background-repeat":"repeat","background-position":"center center","background-size":"auto","background-attachment":"scroll","background-type":"","background-media":"","overlay-type":"","overlay-color":"","overlay-opacity":"","overlay-gradient":""},"mobile":{"background-color":"var(--ast-global-color-4)","background-image":"","background-repeat":"repeat","background-position":"center center","background-size":"auto","background-attachment":"scroll","background-type":"","background-media":"","overlay-type":"","overlay-color":"","overlay-opacity":"","overlay-gradient":""}},"footnotes":""},"class_list":["post-42","page","type-page","status-publish","hentry"],"_links":{"self":[{"href":"http:\/\/bestfitnessstore.com\/da\/wp-json\/wp\/v2\/pages\/42","targetHints":{"allow":["GET"]}}],"collection":[{"href":"http:\/\/bestfitnessstore.com\/da\/wp-json\/wp\/v2\/pages"}],"about":[{"href":"http:\/\/bestfitnessstore.com\/da\/wp-json\/wp\/v2\/types\/page"}],"author":[{"embeddable":true,"href":"http:\/\/bestfitnessstore.com\/da\/wp-json\/wp\/v2\/users\/1"}],"replies":[{"embeddable":true,"href":"http:\/\/bestfitnessstore.com\/da\/wp-json\/wp\/v2\/comments?post=42"}],"version-history":[{"count":7,"href":"http:\/\/bestfitnessstore.com\/da\/wp-json\/wp\/v2\/pages\/42\/revisions"}],"predecessor-version":[{"id":226,"href":"http:\/\/bestfitnessstore.com\/da\/wp-json\/wp\/v2\/pages\/42\/revisions\/226"}],"wp:attachment":[{"href":"http:\/\/bestfitnessstore.com\/da\/wp-json\/wp\/v2\/media?parent=42"}],"curies":[{"name":"wp","href":"https:\/\/api.w.org\/{rel}","templated":true}]}}